{"id":20476,"date":"2024-11-25T16:47:24","date_gmt":"2024-11-25T08:47:24","guid":{"rendered":"https:\/\/www.vapeswholesaler.com\/?post_type=product&#038;p=20476"},"modified":"2026-04-16T14:03:46","modified_gmt":"2026-04-16T06:03:46","slug":"groshandel-razz-bar-30000-puffs-einweg-vape","status":"publish","type":"product","link":"https:\/\/www.vapeswholesaler.com\/de\/produkt\/groshandel-razz-bar-30000-puffs-einweg-vape","title":{"rendered":"Gro\u00dfhandel RAZZ BAR 30000 Puffs Einweg Vape"},"content":{"rendered":"<p><a href=\"https:\/\/www.vapeswholesaler.com\/de\/produkt_marke\/razzbar\/\">Razz Bar<\/a> 30000 Puff ist in einer Vielzahl von Geschmacksrichtungen erh\u00e4ltlich, von fruchtig \u00fcber minzig bis hin zu Dessert. Die gro\u00dfe E-Liquid-Kapazit\u00e4t des Ger\u00e4ts und das fortschrittliche Spulensystem sorgen f\u00fcr eine gleichbleibende Geschmacksintensit\u00e4t \u00fcber die gesamte Lebensdauer.<\/p>\n<p>Sie ist eine der langlebigsten Einweg-E-Zigaretten auf dem Markt. Ein Ger\u00e4t, das je nach Gebrauch wochenlang halten kann. Die 30000 puff vape gro\u00dfe Kapazit\u00e4t Einweg-E-Zigarette wurde entwickelt, um die Bed\u00fcrfnisse von Heavy Usern zu erf\u00fcllen, die ein Ger\u00e4t wollen, das sowohl langlebig als auch hochwertig ist. Bekannt f\u00fcr seine beeindruckende Lebensdauer von 30.000 Puffs, bietet das Ger\u00e4t ein l\u00e4ngeres Raucherlebnis ohne den \u00c4rger des h\u00e4ufigen Austauschs, was es von den typischen Einwegprodukten auf dem Markt unterscheidet.<\/p>\n<h2><strong><a href=\"https:\/\/www.facebook.com\/fred.luo.58\/\">Razz Bar<\/a> 30000 Puff Details:<\/strong><\/h2>\n<ul>\n<li>Salz Nikotin:2\/5%<\/li>\n<li>Puffs:30000 Puffs<\/li>\n<li>Kapazit\u00e4t:\u00d6l nachf\u00fcllbar<\/li>\n<li>200 St\u00fcck pro Karton<\/li>\n<li>16 Geschmacksrichtungen verf\u00fcgbar<\/li>\n<li>650mAh Wiederaufladbar<\/li>\n<li>Maschenspule<\/li>\n<li>Typ-c<\/li>\n<\/ul>\n<h2><strong>Auflistung der Geschm\u00e4cker:<\/strong><\/h2>\n<ol>\n<li>Dreifache Melone<\/li>\n<li>Erdbeereis<\/li>\n<li>Saurer Apfel<\/li>\n<li>Mango Pfirsich Wassermelone<\/li>\n<li>Erdbeere-Banane<\/li>\n<li>Blaubeereis<\/li>\n<li>Saftiges Pfirsicheis<\/li>\n<li>Erdbeer-Kiwi<\/li>\n<li>Wassermelone Eis<\/li>\n<li>Sommertraum<\/li>\n<li>Erdbeere Wassermelone<\/li>\n<li>Gemischte Beeren<\/li>\n<li>Blaues Razzeis<\/li>\n<li>Zitrone-Limette<\/li>\n<li>Cola-Eis<\/li>\n<li>Brombeereis<\/li>\n<\/ol>\n<h2><strong>Packliste:<\/strong><\/h2>\n<p>1St\u00fcck je kleine Schachtel<br \/>\n10St\u00fcck pro Displaykarton<br \/>\n200St\u00fcck pro Karton<\/p>\n<figure id=\"attachment_20470\" aria-describedby=\"caption-attachment-20470\" style=\"width: 800px\" class=\"wp-caption alignnone\"><img loading=\"lazy\" decoding=\"async\" class=\"wp-image-20470 size-full\" title=\"Gro\u00dfhandel RAZZ BAR 30000 Puffs Einweg Vape 6\" src=\"https:\/\/www.vapeswholesaler.com\/wp-content\/uploads\/2024\/11\/Wholesale-RAZZ-BAR-30000-Puffs-Disposable-Vape-6.webp\" alt=\"Gro\u00dfhandel RAZZ BAR 30000 Puffs Einweg Vape 6\" width=\"800\" height=\"800\" srcset=\"https:\/\/www.vapeswholesaler.com\/wp-content\/uploads\/2024\/11\/Wholesale-RAZZ-BAR-30000-Puffs-Disposable-Vape-6.webp 800w, https:\/\/www.vapeswholesaler.com\/wp-content\/uploads\/2024\/11\/Wholesale-RAZZ-BAR-30000-Puffs-Disposable-Vape-6-300x300.webp 300w, https:\/\/www.vapeswholesaler.com\/wp-content\/uploads\/2024\/11\/Wholesale-RAZZ-BAR-30000-Puffs-Disposable-Vape-6-150x150.webp 150w, https:\/\/www.vapeswholesaler.com\/wp-content\/uploads\/2024\/11\/Wholesale-RAZZ-BAR-30000-Puffs-Disposable-Vape-6-768x768.webp 768w, https:\/\/www.vapeswholesaler.com\/wp-content\/uploads\/2024\/11\/Wholesale-RAZZ-BAR-30000-Puffs-Disposable-Vape-6-12x12.webp 12w, https:\/\/www.vapeswholesaler.com\/wp-content\/uploads\/2024\/11\/Wholesale-RAZZ-BAR-30000-Puffs-Disposable-Vape-6-247x247.webp 247w, https:\/\/www.vapeswholesaler.com\/wp-content\/uploads\/2024\/11\/Wholesale-RAZZ-BAR-30000-Puffs-Disposable-Vape-6-510x510.webp 510w, https:\/\/www.vapeswholesaler.com\/wp-content\/uploads\/2024\/11\/Wholesale-RAZZ-BAR-30000-Puffs-Disposable-Vape-6-100x100.webp 100w\" sizes=\"auto, (max-width: 800px) 100vw, 800px\" \/><figcaption id=\"caption-attachment-20470\" class=\"wp-caption-text\">Gro\u00dfhandel RAZZ BAR 30000 Puffs Einweg Vape<\/figcaption><\/figure>\n<figure id=\"attachment_20467\" aria-describedby=\"caption-attachment-20467\" style=\"width: 800px\" class=\"wp-caption alignnone\"><img loading=\"lazy\" decoding=\"async\" class=\"wp-image-20467 size-full\" title=\"Gro\u00dfhandel RAZZ BAR 30000 Puffs Einweg Vape 3\" src=\"https:\/\/www.vapeswholesaler.com\/wp-content\/uploads\/2024\/11\/Wholesale-RAZZ-BAR-30000-Puffs-Disposable-Vape-3.webp\" alt=\"Gro\u00dfhandel RAZZ BAR 30000 Puffs Einweg Vape 3\" width=\"800\" height=\"800\" srcset=\"https:\/\/www.vapeswholesaler.com\/wp-content\/uploads\/2024\/11\/Wholesale-RAZZ-BAR-30000-Puffs-Disposable-Vape-3.webp 800w, https:\/\/www.vapeswholesaler.com\/wp-content\/uploads\/2024\/11\/Wholesale-RAZZ-BAR-30000-Puffs-Disposable-Vape-3-300x300.webp 300w, https:\/\/www.vapeswholesaler.com\/wp-content\/uploads\/2024\/11\/Wholesale-RAZZ-BAR-30000-Puffs-Disposable-Vape-3-150x150.webp 150w, https:\/\/www.vapeswholesaler.com\/wp-content\/uploads\/2024\/11\/Wholesale-RAZZ-BAR-30000-Puffs-Disposable-Vape-3-768x768.webp 768w, https:\/\/www.vapeswholesaler.com\/wp-content\/uploads\/2024\/11\/Wholesale-RAZZ-BAR-30000-Puffs-Disposable-Vape-3-12x12.webp 12w, https:\/\/www.vapeswholesaler.com\/wp-content\/uploads\/2024\/11\/Wholesale-RAZZ-BAR-30000-Puffs-Disposable-Vape-3-247x247.webp 247w, https:\/\/www.vapeswholesaler.com\/wp-content\/uploads\/2024\/11\/Wholesale-RAZZ-BAR-30000-Puffs-Disposable-Vape-3-510x510.webp 510w, https:\/\/www.vapeswholesaler.com\/wp-content\/uploads\/2024\/11\/Wholesale-RAZZ-BAR-30000-Puffs-Disposable-Vape-3-100x100.webp 100w\" sizes=\"auto, (max-width: 800px) 100vw, 800px\" \/><figcaption id=\"caption-attachment-20467\" class=\"wp-caption-text\">Gro\u00dfhandel RAZZ BAR 30000 Puffs Einweg Vape<\/figcaption><\/figure>","protected":false},"excerpt":{"rendered":"<p>Mindestbestellmenge: <strong>50<\/strong> PCS (Mix Flavors) \uff08<strong>2%,5%<\/strong>)<\/p>\n<p><strong>Kostenloser Versand<\/strong><\/p>\n<p><em><strong>Hinweis<\/strong><\/em>: Wir versenden aus europ\u00e4ischen Lagern, und die Versandzeit wird etwa sein <strong>5-6<\/strong> Tage. Die Produktgeb\u00fchr und die Versandgeb\u00fchr m\u00fcssen separat auf verschiedene Zahlungskonten bezahlt werden. Nachdem Sie die Bestellung abgeschickt haben, schicken Sie mir bitte eine Nachricht per WhatsApp und ich werde Ihnen sagen, wie Sie die Bestellung bezahlen k\u00f6nnen. Ich danke Ihnen.<\/p>","protected":false},"featured_media":20473,"comment_status":"open","ping_status":"closed","template":"","meta":[],"product_cat":[15],"product_tag":[373,374,384],"class_list":{"0":"post-20476","1":"product","2":"type-product","3":"status-publish","4":"has-post-thumbnail","6":"product_cat-disposable-vape","7":"product_tag-europe-warehouse","8":"product_tag-30000-puffs","9":"product_tag-razz-bar","10":"product_brand-razzbar","12":"first","13":"instock","14":"shipping-taxable","15":"purchasable","16":"product-type-variable","17":"has-default-attributes"},"aioseo_notices":[],"_links":{"self":[{"href":"https:\/\/www.vapeswholesaler.com\/de\/wp-json\/wp\/v2\/product\/20476","targetHints":{"allow":["GET"]}}],"collection":[{"href":"https:\/\/www.vapeswholesaler.com\/de\/wp-json\/wp\/v2\/product"}],"about":[{"href":"https:\/\/www.vapeswholesaler.com\/de\/wp-json\/wp\/v2\/types\/product"}],"replies":[{"embeddable":true,"href":"https:\/\/www.vapeswholesaler.com\/de\/wp-json\/wp\/v2\/comments?post=20476"}],"wp:featuredmedia":[{"embeddable":true,"href":"https:\/\/www.vapeswholesaler.com\/de\/wp-json\/wp\/v2\/media\/20473"}],"wp:attachment":[{"href":"https:\/\/www.vapeswholesaler.com\/de\/wp-json\/wp\/v2\/media?parent=20476"}],"wp:term":[{"taxonomy":"product_cat","embeddable":true,"href":"https:\/\/www.vapeswholesaler.com\/de\/wp-json\/wp\/v2\/product_cat?post=20476"},{"taxonomy":"product_tag","embeddable":true,"href":"https:\/\/www.vapeswholesaler.com\/de\/wp-json\/wp\/v2\/product_tag?post=20476"}],"curies":[{"name":"wp","href":"https:\/\/api.w.org\/{rel}","templated":true}]}}