{"id":20232,"date":"2024-11-11T11:47:36","date_gmt":"2024-11-11T03:47:36","guid":{"rendered":"https:\/\/www.vapeswholesaler.com\/?post_type=product&#038;p=20232"},"modified":"2025-11-30T09:55:26","modified_gmt":"2025-11-30T01:55:26","slug":"groshandel-arymi-hookalit-40000-zuge-shisha-einweg-vape","status":"publish","type":"product","link":"https:\/\/www.vapeswholesaler.com\/de\/produkt\/groshandel-arymi-hookalit-40000-zuge-shisha-einweg-vape","title":{"rendered":"Gro\u00dfhandel ARYMI Hookalit 40000 Puffs Shisha Einweg Vape"},"content":{"rendered":"<p>ARYMI Hookalit 40000 Puffs Shisha Einweg Vape Hookah kommt mit 40ml e-Saft mit 0,5% Nikotin St\u00e4rke und mehr Dekorationen f\u00fcr verschiedene Geschmacksrichtungen. Diese zylinder\u00e4hnliche Einweg-Vape ist sehr tragbar, perfekt f\u00fcr den t\u00e4glichen Gebrauch. Die geringere Nikotinst\u00e4rke erf\u00fcllt die Bed\u00fcrfnisse nach sanfteren Aromen. Arymi Hookalit unterst\u00fctzt sowohl MTL- als auch DL-Vapen. Sie k\u00f6nnen jederzeit in den DL-Modus umschalten und die Airflow-Einstellungen f\u00fcr mehr Dampfproduktion \u00e4ndern. Halten Sie in Arymi Hookalit 40000 Vape in der Hand und Sie k\u00f6nnen Shisha-Aromen jederzeit und \u00fcberall genie\u00dfen.<\/p>\n<h2><strong><a href=\"https:\/\/www.vapeswholesaler.com\/de\/produkt\/groshandel-kanger-subox-50000-puffs-einweg-vape-40ml\/\">ARYMI Hookalit 40000<\/a> Puffs Merkmale:<\/strong><\/h2>\n<ul>\n<li>40ml Gigantische E-Fl\u00fcssigkeit Kapazit\u00e4t<\/li>\n<li>Integrierte wiederaufladbare 1300mAh Batterie<\/li>\n<li>Anzahl der Puffs: Ungef\u00e4hr 40000 Puffs (MTL)\/20000 Puffs (DL)<\/li>\n<li>0.6ohm Lit Mesh Spule<\/li>\n<li>Strohhalmartige Tropfspitze<\/li>\n<li>Einfacher digitaler Bildschirm<\/li>\n<li>Einstellbare Luftstromsteuerung: MTL\/DL<\/li>\n<li>0.5%(5mg\/ml) Nikotinst\u00e4rke<\/li>\n<li>Authentische Shisha-Aromen: Perfekt f\u00fcr DTL<\/li>\n<li>USB-Typ-C-Laden (Kabel nicht im Lieferumfang enthalten)<\/li>\n<li>Zeichnungsaktiviert<\/li>\n<\/ul>\n<h2><strong>ARYMI Hookalit 40000 Puffs Geschmacksrichtungen:<\/strong><\/h2>\n<ol>\n<li>Erdbeer-Kiwi<\/li>\n<li>Traubeneis<\/li>\n<li>Mango Freeze<\/li>\n<li>\u00dcppiges Eis<\/li>\n<li>Wassermelone Erdbeere Melone<\/li>\n<li>Schwarzes Johannisbeereis<\/li>\n<li>Herr Blau<\/li>\n<li>Kirsche-Himbeere<\/li>\n<li>Zitronenminze<\/li>\n<li>Luzider Traum<\/li>\n<li>Kaugummi<\/li>\n<li>Liebe 66<\/li>\n<li>Passionsfrucht<\/li>\n<li>Lady Killer<\/li>\n<li>Pfirsich Mango Wassermelone<\/li>\n<li>Zwei Apfel Shisha<\/li>\n<li>Pfirsich-Eis<\/li>\n<li>Magische Liebe<\/li>\n<li>Gemischte Beeren<\/li>\n<li>Blue Razz Limonade<\/li>\n<\/ol>\n<h2><strong>Packliste:<\/strong><\/h2>\n<p>1St\u00fcck\/Packung<br \/>\njede Packung 210g<br \/>\n100St\u00fcck pro Karton<br \/>\n21kg\/Karton<\/p>\n<p>&nbsp;<\/p>\n<p>&nbsp;<\/p>\n<p><img loading=\"lazy\" decoding=\"async\" class=\"alignnone wp-image-20236 size-full\" title=\"Gro\u00dfhandel ARYMI Hookalit 40000 Puffs Shisha Einweg Vape 4\" src=\"https:\/\/www.vapeswholesaler.com\/wp-content\/uploads\/2024\/11\/Wholesale-ARYMI-Hookalit-40000-Puffs-Shisha-Disposable-Vape-4.webp\" alt=\"Gro\u00dfhandel ARYMI Hookalit 40000 Puffs Shisha Einweg Vape 4\" width=\"800\" height=\"800\" srcset=\"https:\/\/www.vapeswholesaler.com\/wp-content\/uploads\/2024\/11\/Wholesale-ARYMI-Hookalit-40000-Puffs-Shisha-Disposable-Vape-4.webp 800w, https:\/\/www.vapeswholesaler.com\/wp-content\/uploads\/2024\/11\/Wholesale-ARYMI-Hookalit-40000-Puffs-Shisha-Disposable-Vape-4-300x300.webp 300w, https:\/\/www.vapeswholesaler.com\/wp-content\/uploads\/2024\/11\/Wholesale-ARYMI-Hookalit-40000-Puffs-Shisha-Disposable-Vape-4-150x150.webp 150w, https:\/\/www.vapeswholesaler.com\/wp-content\/uploads\/2024\/11\/Wholesale-ARYMI-Hookalit-40000-Puffs-Shisha-Disposable-Vape-4-768x768.webp 768w, https:\/\/www.vapeswholesaler.com\/wp-content\/uploads\/2024\/11\/Wholesale-ARYMI-Hookalit-40000-Puffs-Shisha-Disposable-Vape-4-12x12.webp 12w, https:\/\/www.vapeswholesaler.com\/wp-content\/uploads\/2024\/11\/Wholesale-ARYMI-Hookalit-40000-Puffs-Shisha-Disposable-Vape-4-247x247.webp 247w, https:\/\/www.vapeswholesaler.com\/wp-content\/uploads\/2024\/11\/Wholesale-ARYMI-Hookalit-40000-Puffs-Shisha-Disposable-Vape-4-510x510.webp 510w, https:\/\/www.vapeswholesaler.com\/wp-content\/uploads\/2024\/11\/Wholesale-ARYMI-Hookalit-40000-Puffs-Shisha-Disposable-Vape-4-100x100.webp 100w\" sizes=\"auto, (max-width: 800px) 100vw, 800px\" \/> <img loading=\"lazy\" decoding=\"async\" class=\"alignnone wp-image-20237 size-full\" title=\"Gro\u00dfhandel ARYMI Hookalit 40000 Puffs Shisha Einweg Vape 5\" src=\"https:\/\/www.vapeswholesaler.com\/wp-content\/uploads\/2024\/11\/Wholesale-ARYMI-Hookalit-40000-Puffs-Shisha-Disposable-Vape-5.webp\" alt=\"Gro\u00dfhandel ARYMI Hookalit 40000 Puffs Shisha Einweg Vape 5\" width=\"800\" height=\"849\" srcset=\"https:\/\/www.vapeswholesaler.com\/wp-content\/uploads\/2024\/11\/Wholesale-ARYMI-Hookalit-40000-Puffs-Shisha-Disposable-Vape-5.webp 800w, https:\/\/www.vapeswholesaler.com\/wp-content\/uploads\/2024\/11\/Wholesale-ARYMI-Hookalit-40000-Puffs-Shisha-Disposable-Vape-5-283x300.webp 283w, https:\/\/www.vapeswholesaler.com\/wp-content\/uploads\/2024\/11\/Wholesale-ARYMI-Hookalit-40000-Puffs-Shisha-Disposable-Vape-5-768x815.webp 768w, https:\/\/www.vapeswholesaler.com\/wp-content\/uploads\/2024\/11\/Wholesale-ARYMI-Hookalit-40000-Puffs-Shisha-Disposable-Vape-5-11x12.webp 11w, https:\/\/www.vapeswholesaler.com\/wp-content\/uploads\/2024\/11\/Wholesale-ARYMI-Hookalit-40000-Puffs-Shisha-Disposable-Vape-5-510x541.webp 510w\" sizes=\"auto, (max-width: 800px) 100vw, 800px\" \/> <img loading=\"lazy\" decoding=\"async\" class=\"alignnone wp-image-20238 size-full\" title=\"Gro\u00dfhandel ARYMI Hookalit 40000 Puffs Shisha Einweg Vape 6\" src=\"https:\/\/www.vapeswholesaler.com\/wp-content\/uploads\/2024\/11\/Wholesale-ARYMI-Hookalit-40000-Puffs-Shisha-Disposable-Vape-6.webp\" alt=\"Gro\u00dfhandel ARYMI Hookalit 40000 Puffs Shisha Einweg Vape 6\" width=\"800\" height=\"800\" srcset=\"https:\/\/www.vapeswholesaler.com\/wp-content\/uploads\/2024\/11\/Wholesale-ARYMI-Hookalit-40000-Puffs-Shisha-Disposable-Vape-6.webp 800w, https:\/\/www.vapeswholesaler.com\/wp-content\/uploads\/2024\/11\/Wholesale-ARYMI-Hookalit-40000-Puffs-Shisha-Disposable-Vape-6-300x300.webp 300w, https:\/\/www.vapeswholesaler.com\/wp-content\/uploads\/2024\/11\/Wholesale-ARYMI-Hookalit-40000-Puffs-Shisha-Disposable-Vape-6-150x150.webp 150w, https:\/\/www.vapeswholesaler.com\/wp-content\/uploads\/2024\/11\/Wholesale-ARYMI-Hookalit-40000-Puffs-Shisha-Disposable-Vape-6-768x768.webp 768w, https:\/\/www.vapeswholesaler.com\/wp-content\/uploads\/2024\/11\/Wholesale-ARYMI-Hookalit-40000-Puffs-Shisha-Disposable-Vape-6-12x12.webp 12w, https:\/\/www.vapeswholesaler.com\/wp-content\/uploads\/2024\/11\/Wholesale-ARYMI-Hookalit-40000-Puffs-Shisha-Disposable-Vape-6-247x247.webp 247w, https:\/\/www.vapeswholesaler.com\/wp-content\/uploads\/2024\/11\/Wholesale-ARYMI-Hookalit-40000-Puffs-Shisha-Disposable-Vape-6-510x510.webp 510w, https:\/\/www.vapeswholesaler.com\/wp-content\/uploads\/2024\/11\/Wholesale-ARYMI-Hookalit-40000-Puffs-Shisha-Disposable-Vape-6-100x100.webp 100w\" sizes=\"auto, (max-width: 800px) 100vw, 800px\" \/> <img loading=\"lazy\" decoding=\"async\" class=\"alignnone wp-image-20239 size-full\" title=\"Gro\u00dfhandel ARYMI Hookalit 40000 Puffs Shisha Einweg Vape 7\" src=\"https:\/\/www.vapeswholesaler.com\/wp-content\/uploads\/2024\/11\/Wholesale-ARYMI-Hookalit-40000-Puffs-Shisha-Disposable-Vape-7.webp\" alt=\"Gro\u00dfhandel ARYMI Hookalit 40000 Puffs Shisha Einweg Vape 7\" width=\"800\" height=\"424\" srcset=\"https:\/\/www.vapeswholesaler.com\/wp-content\/uploads\/2024\/11\/Wholesale-ARYMI-Hookalit-40000-Puffs-Shisha-Disposable-Vape-7.webp 800w, https:\/\/www.vapeswholesaler.com\/wp-content\/uploads\/2024\/11\/Wholesale-ARYMI-Hookalit-40000-Puffs-Shisha-Disposable-Vape-7-300x159.webp 300w, https:\/\/www.vapeswholesaler.com\/wp-content\/uploads\/2024\/11\/Wholesale-ARYMI-Hookalit-40000-Puffs-Shisha-Disposable-Vape-7-768x407.webp 768w, https:\/\/www.vapeswholesaler.com\/wp-content\/uploads\/2024\/11\/Wholesale-ARYMI-Hookalit-40000-Puffs-Shisha-Disposable-Vape-7-18x10.webp 18w, https:\/\/www.vapeswholesaler.com\/wp-content\/uploads\/2024\/11\/Wholesale-ARYMI-Hookalit-40000-Puffs-Shisha-Disposable-Vape-7-510x270.webp 510w\" sizes=\"auto, (max-width: 800px) 100vw, 800px\" \/><\/p>","protected":false},"excerpt":{"rendered":"<p>Mindestbestellmenge: <strong>100 STCK.<\/strong> (Geschmacksrichtungen mischen)<\/p>\n<p>\uff08 5%\uff09<strong>Kostenloser Versand<\/strong><\/p>","protected":false},"featured_media":20210,"comment_status":"open","ping_status":"closed","template":"","meta":[],"product_cat":[15],"product_tag":[150,151,152,153],"class_list":{"0":"post-20232","1":"product","2":"type-product","3":"status-publish","4":"has-post-thumbnail","6":"product_cat-disposable-vape","7":"product_tag-arymi-hookalit-40000-puffs","8":"product_tag-arymi-40000-puffs","9":"product_tag-arymi-40000-puffs-disposable-vape","10":"product_tag-arymi-hookalit-40000-puffs-vapes","11":"product_brand-kanger-arymi","13":"first","14":"instock","15":"shipping-taxable","16":"purchasable","17":"product-type-variable","18":"has-default-attributes"},"aioseo_notices":[],"_links":{"self":[{"href":"https:\/\/www.vapeswholesaler.com\/de\/wp-json\/wp\/v2\/product\/20232","targetHints":{"allow":["GET"]}}],"collection":[{"href":"https:\/\/www.vapeswholesaler.com\/de\/wp-json\/wp\/v2\/product"}],"about":[{"href":"https:\/\/www.vapeswholesaler.com\/de\/wp-json\/wp\/v2\/types\/product"}],"replies":[{"embeddable":true,"href":"https:\/\/www.vapeswholesaler.com\/de\/wp-json\/wp\/v2\/comments?post=20232"}],"wp:featuredmedia":[{"embeddable":true,"href":"https:\/\/www.vapeswholesaler.com\/de\/wp-json\/wp\/v2\/media\/20210"}],"wp:attachment":[{"href":"https:\/\/www.vapeswholesaler.com\/de\/wp-json\/wp\/v2\/media?parent=20232"}],"wp:term":[{"taxonomy":"product_cat","embeddable":true,"href":"https:\/\/www.vapeswholesaler.com\/de\/wp-json\/wp\/v2\/product_cat?post=20232"},{"taxonomy":"product_tag","embeddable":true,"href":"https:\/\/www.vapeswholesaler.com\/de\/wp-json\/wp\/v2\/product_tag?post=20232"}],"curies":[{"name":"wp","href":"https:\/\/api.w.org\/{rel}","templated":true}]}}