{"id":19952,"date":"2024-10-27T16:11:34","date_gmt":"2024-10-27T08:11:34","guid":{"rendered":"https:\/\/www.vapeswholesaler.com\/?post_type=product&#038;p=19952"},"modified":"2025-03-18T12:13:21","modified_gmt":"2025-03-18T04:13:21","slug":"groshandel-knall-konig-30k-pro-30000-puffs-einweg-vape","status":"publish","type":"product","link":"https:\/\/www.vapeswholesaler.com\/de\/produkt\/groshandel-knall-konig-30k-pro-30000-puffs-einweg-vape","title":{"rendered":"Wholesle Bang King 30K Pro 30000 Puffs Einweg vape"},"content":{"rendered":"<p><a href=\"https:\/\/www.vapeswholesaler.com\/de\/produkt_marke\/bang\/\">Bang<\/a> King 30K Pro 30000 Puffs bietet bis zu 30.000 Z\u00fcge mit einer gro\u00dfen Kapazit\u00e4t von 36 ml E-Liquid, was ihn zu einem der langlebigsten Einwegdampfer auf dem Markt macht. W\u00e4hlen Sie zwischen den Nikotinst\u00e4rken 0%, 2%, 3% oder 5%, um Ihren Vorlieben gerecht zu werden und ein sanftes und befriedigendes Dampfen zu gew\u00e4hrleisten.<\/p>\n<p>Ausgestattet mit einem 850mAh-Akku und Typ-C-Ladung, ist dieses Ger\u00e4t f\u00fcr Langlebigkeit und Komfort ausgelegt und bietet zuverl\u00e4ssige Leistung w\u00e4hrend seines gesamten Lebenszyklus. Die 1.0\u03a9 Mesh-Spule verbessert die Geschmacksabgabe und erzeugt reichlich Dampf bei jedem Zug. Der Bang King 30000 Pro ist in 12 einzigartigen Geschmacksrichtungen erh\u00e4ltlich und eignet sich perfekt f\u00fcr Nutzer, die eine problemlose L\u00f6sung mit hoher Kapazit\u00e4t suchen. Jede Box enth\u00e4lt 10 Einwegeinheiten, so dass es eine ausgezeichnete Wahl f\u00fcr den pers\u00f6nlichen Gebrauch und Einzelhandel, Gro\u00dfhandel bei vapeswholesaler.<\/p>\n<h2><strong><a href=\"https:\/\/www.facebook.com\/fred.luo.58\/\">Bang<\/a> King 30K Pro 30000 Puffs Eigenschaften:<\/strong><\/h2>\n<ul>\n<li>Nicotine:0%\/2%\/3%\/5%<\/li>\n<li>Puffs\uff1a 30000 Puffs<\/li>\n<li>Akku: 850 mAh<\/li>\n<li>Fassungsverm\u00f6gen\uff1a36ML<\/li>\n<li>Widerstand\uff1a1,0 \u03a9 Netzspule<\/li>\n<li>Wiederaufladbar\uff1atype-C<\/li>\n<li>Einwegger\u00e4t<\/li>\n<\/ul>\n<h2><strong>Geschm\u00e4cker:<\/strong><\/h2>\n<ol>\n<li>Erdbeere Wassermelone<\/li>\n<li>Blaubeereis<\/li>\n<li>Frische Minze<\/li>\n<li>Erdbeere Traube<\/li>\n<li>Heidelbeere Cranberry Kirsche<\/li>\n<li>Wassermelone<\/li>\n<li>Erdbeer-Kiwi<\/li>\n<li>Minzblau Razz<\/li>\n<li>Dreifach-Beere<\/li>\n<li>Wassermelone Kirsche<\/li>\n<li>Himbeere Dark Sparkle<\/li>\n<li>Heidelbeere-Himbeere<\/li>\n<\/ol>\n<h2><strong>Packliste:<\/strong><\/h2>\n<p>1St\u00fcck pro Einzelkarton<br \/>\n10St\u00fcck pro Displaykarton<br \/>\n200St\u00fcck pro Karton<\/p>\n<figure id=\"attachment_19935\" aria-describedby=\"caption-attachment-19935\" style=\"width: 800px\" class=\"wp-caption alignnone\"><img loading=\"lazy\" decoding=\"async\" class=\"wp-image-19935 size-full\" title=\"Wholesle Bang King 30K Pro 30000 Puffs Einweg vape 1\" src=\"https:\/\/www.vapeswholesaler.com\/wp-content\/uploads\/2024\/10\/Wholesle-Bang-King-30K-Pro-30000-Puffs-Disposable-vape-1.webp\" alt=\"Wholesle Bang King 30K Pro 30000 Puffs Einweg vape 1\" width=\"800\" height=\"1200\" srcset=\"https:\/\/www.vapeswholesaler.com\/wp-content\/uploads\/2024\/10\/Wholesle-Bang-King-30K-Pro-30000-Puffs-Disposable-vape-1.webp 800w, https:\/\/www.vapeswholesaler.com\/wp-content\/uploads\/2024\/10\/Wholesle-Bang-King-30K-Pro-30000-Puffs-Disposable-vape-1-200x300.webp 200w, https:\/\/www.vapeswholesaler.com\/wp-content\/uploads\/2024\/10\/Wholesle-Bang-King-30K-Pro-30000-Puffs-Disposable-vape-1-683x1024.webp 683w, https:\/\/www.vapeswholesaler.com\/wp-content\/uploads\/2024\/10\/Wholesle-Bang-King-30K-Pro-30000-Puffs-Disposable-vape-1-768x1152.webp 768w, https:\/\/www.vapeswholesaler.com\/wp-content\/uploads\/2024\/10\/Wholesle-Bang-King-30K-Pro-30000-Puffs-Disposable-vape-1-8x12.webp 8w, https:\/\/www.vapeswholesaler.com\/wp-content\/uploads\/2024\/10\/Wholesle-Bang-King-30K-Pro-30000-Puffs-Disposable-vape-1-510x765.webp 510w\" sizes=\"auto, (max-width: 800px) 100vw, 800px\" \/><figcaption id=\"caption-attachment-19935\" class=\"wp-caption-text\">Wholesle Bang King 30K Pro 30000 Puffs Einweg vape<\/figcaption><\/figure>","protected":false},"excerpt":{"rendered":"<p>Mindestbestellmenge:\u00a0<strong>50St\u00fcck<\/strong>\u00a0(Geschmacksrichtungen mischen)\u00a0\u00a0<strong>Kostenloser Versand<\/strong><\/p>\n<p>(<strong>2%, 5% Nic<\/strong>)<\/p>","protected":false},"featured_media":19951,"comment_status":"open","ping_status":"closed","template":"","meta":[],"product_cat":[15],"product_tag":[368,374,388],"class_list":{"0":"post-19952","1":"product","2":"type-product","3":"status-publish","4":"has-post-thumbnail","6":"product_cat-disposable-vape","7":"product_tag-bang-king","8":"product_tag-30000-puffs","9":"product_tag-bang","10":"product_brand-bang","12":"first","13":"instock","14":"shipping-taxable","15":"purchasable","16":"product-type-variable","17":"has-default-attributes"},"aioseo_notices":[],"_links":{"self":[{"href":"https:\/\/www.vapeswholesaler.com\/de\/wp-json\/wp\/v2\/product\/19952","targetHints":{"allow":["GET"]}}],"collection":[{"href":"https:\/\/www.vapeswholesaler.com\/de\/wp-json\/wp\/v2\/product"}],"about":[{"href":"https:\/\/www.vapeswholesaler.com\/de\/wp-json\/wp\/v2\/types\/product"}],"replies":[{"embeddable":true,"href":"https:\/\/www.vapeswholesaler.com\/de\/wp-json\/wp\/v2\/comments?post=19952"}],"wp:featuredmedia":[{"embeddable":true,"href":"https:\/\/www.vapeswholesaler.com\/de\/wp-json\/wp\/v2\/media\/19951"}],"wp:attachment":[{"href":"https:\/\/www.vapeswholesaler.com\/de\/wp-json\/wp\/v2\/media?parent=19952"}],"wp:term":[{"taxonomy":"product_cat","embeddable":true,"href":"https:\/\/www.vapeswholesaler.com\/de\/wp-json\/wp\/v2\/product_cat?post=19952"},{"taxonomy":"product_tag","embeddable":true,"href":"https:\/\/www.vapeswholesaler.com\/de\/wp-json\/wp\/v2\/product_tag?post=19952"}],"curies":[{"name":"wp","href":"https:\/\/api.w.org\/{rel}","templated":true}]}}