{"id":19890,"date":"2024-10-23T16:08:51","date_gmt":"2024-10-23T08:08:51","guid":{"rendered":"https:\/\/www.vapeswholesaler.com\/?post_type=product&#038;p=19890"},"modified":"2025-03-18T12:15:56","modified_gmt":"2025-03-18T04:15:56","slug":"groshandel-bang-box-30000-puffs-einweg-vape","status":"publish","type":"product","link":"https:\/\/www.vapeswholesaler.com\/de\/produkt\/groshandel-bang-box-30000-puffs-einweg-vape","title":{"rendered":"Gro\u00dfhandel Bang Box 30000 Puffs Einweg Vape"},"content":{"rendered":"<p><a href=\"https:\/\/www.vapeswholesaler.com\/de\/produkt_marke\/bang\/\">Bang<\/a> Box 30000 Puffs boasts a remarkable 35ml e-liquid capacity paired with an impressive 850mAh rechargeable battery, ensuring you enjoy a longer-lasting vape without the need for constant refills. With its advanced dual mesh coil technology, this device delivers exceptional flavor and vapor production, providing a consistently smooth and rich vaping experience.<\/p>\n<p>Andererseits ist die Bang Box 30000 Puffs auf Komfort ausgelegt und verf\u00fcgt \u00fcber eine benutzerfreundliche \u00d6l- und Akkustandsanzeige. Dies erm\u00f6glicht es Ihnen, Ihren Verbrauch leicht zu \u00fcberwachen und aufladen zu Ihrer Bequemlichkeit mit dem modernen Typ-C-Ladeanschluss. die Bang Box bietet mehrere Nikotin Optionen, einschlie\u00dflich 0%, 2%, 3% und 5% Ebenen, so dass Sie die richtige Passform f\u00fcr Ihre Bed\u00fcrfnisse zu w\u00e4hlen.<\/p>\n<h2><strong><a href=\"https:\/\/www.facebook.com\/fred.luo.58\/\">Bang<\/a> Schachtel 30000 Puffs Merkmale:<\/strong><\/h2>\n<ul>\n<li>Puffs:30000 Puffs<\/li>\n<li>Fassungsverm\u00f6gen: 35ml<\/li>\n<li>Akku: 850mAh<\/li>\n<li>Nikotin:0% 2% 3% 5%<\/li>\n<li>12 Geschmacksrichtungen verf\u00fcgbar<\/li>\n<li>Dual Mesh Spule<\/li>\n<li>Smart Screen: E-Juice\/Leistungsanzeige<\/li>\n<\/ul>\n<h2><strong>Geschm\u00e4cker:<\/strong><\/h2>\n<ol>\n<li>Apfel Pfirsich<\/li>\n<li>Schwarzer Burst<\/li>\n<li>Blaubeereis<\/li>\n<li>Heidelbeere-Granatapfel<\/li>\n<li>Heidelbeer-Himbeer-Eis sauer<\/li>\n<li>Blue Burst<\/li>\n<li>Doppelte Traube<\/li>\n<li>Dschungel-Saft<\/li>\n<li>Erdbeer-Kiwi<\/li>\n<li>Wassermelone Eis<\/li>\n<li>Erdbeere Wassermelone<\/li>\n<li>Passionsfrucht<\/li>\n<\/ol>\n<h2><strong>Packliste:<\/strong><\/h2>\n<p>1St\u00fcck pro Einzelkarton<br \/>\n10 St\u00fcck pro Displany-Box<br \/>\n200St\u00fcck pro Karton<br \/>\njeder Karton\/21KG<\/p>\n<figure id=\"attachment_19870\" aria-describedby=\"caption-attachment-19870\" style=\"width: 1000px\" class=\"wp-caption alignnone\"><img loading=\"lazy\" decoding=\"async\" class=\"wp-image-19870 size-full\" title=\"Gro\u00dfhandel Bang Box 30000 Puffs Einweg Vape 5\" src=\"https:\/\/www.vapeswholesaler.com\/wp-content\/uploads\/2024\/10\/Wholesale-Bang-Box-30000-Puffs-Disposable-Vape-5.webp\" alt=\"Gro\u00dfhandel Bang Box 30000 Puffs Einweg Vape 5\" width=\"1000\" height=\"1642\" srcset=\"https:\/\/www.vapeswholesaler.com\/wp-content\/uploads\/2024\/10\/Wholesale-Bang-Box-30000-Puffs-Disposable-Vape-5.webp 1000w, https:\/\/www.vapeswholesaler.com\/wp-content\/uploads\/2024\/10\/Wholesale-Bang-Box-30000-Puffs-Disposable-Vape-5-183x300.webp 183w, https:\/\/www.vapeswholesaler.com\/wp-content\/uploads\/2024\/10\/Wholesale-Bang-Box-30000-Puffs-Disposable-Vape-5-624x1024.webp 624w, https:\/\/www.vapeswholesaler.com\/wp-content\/uploads\/2024\/10\/Wholesale-Bang-Box-30000-Puffs-Disposable-Vape-5-768x1261.webp 768w, https:\/\/www.vapeswholesaler.com\/wp-content\/uploads\/2024\/10\/Wholesale-Bang-Box-30000-Puffs-Disposable-Vape-5-935x1536.webp 935w, https:\/\/www.vapeswholesaler.com\/wp-content\/uploads\/2024\/10\/Wholesale-Bang-Box-30000-Puffs-Disposable-Vape-5-7x12.webp 7w, https:\/\/www.vapeswholesaler.com\/wp-content\/uploads\/2024\/10\/Wholesale-Bang-Box-30000-Puffs-Disposable-Vape-5-510x837.webp 510w\" sizes=\"auto, (max-width: 1000px) 100vw, 1000px\" \/><figcaption id=\"caption-attachment-19870\" class=\"wp-caption-text\">Gro\u00dfhandel Bang Box 30000 Puffs Einweg Vape<\/figcaption><\/figure>","protected":false},"excerpt":{"rendered":"<p>Mindestbestellmenge:\u00a0<strong>50St\u00fcck<\/strong>\u00a0(Geschmacksrichtungen mischen)\u00a0\u00a0<strong>Kostenloser Versand<\/strong><\/p>\n<p>(<strong>2%, 5% Nic<\/strong>)<\/p>","protected":false},"featured_media":19866,"comment_status":"open","ping_status":"closed","template":"","meta":[],"product_cat":[15],"product_tag":[368,374,388],"class_list":{"0":"post-19890","1":"product","2":"type-product","3":"status-publish","4":"has-post-thumbnail","6":"product_cat-disposable-vape","7":"product_tag-bang-king","8":"product_tag-30000-puffs","9":"product_tag-bang","10":"product_brand-bang","12":"first","13":"instock","14":"shipping-taxable","15":"purchasable","16":"product-type-variable","17":"has-default-attributes"},"aioseo_notices":[],"_links":{"self":[{"href":"https:\/\/www.vapeswholesaler.com\/de\/wp-json\/wp\/v2\/product\/19890","targetHints":{"allow":["GET"]}}],"collection":[{"href":"https:\/\/www.vapeswholesaler.com\/de\/wp-json\/wp\/v2\/product"}],"about":[{"href":"https:\/\/www.vapeswholesaler.com\/de\/wp-json\/wp\/v2\/types\/product"}],"replies":[{"embeddable":true,"href":"https:\/\/www.vapeswholesaler.com\/de\/wp-json\/wp\/v2\/comments?post=19890"}],"wp:featuredmedia":[{"embeddable":true,"href":"https:\/\/www.vapeswholesaler.com\/de\/wp-json\/wp\/v2\/media\/19866"}],"wp:attachment":[{"href":"https:\/\/www.vapeswholesaler.com\/de\/wp-json\/wp\/v2\/media?parent=19890"}],"wp:term":[{"taxonomy":"product_cat","embeddable":true,"href":"https:\/\/www.vapeswholesaler.com\/de\/wp-json\/wp\/v2\/product_cat?post=19890"},{"taxonomy":"product_tag","embeddable":true,"href":"https:\/\/www.vapeswholesaler.com\/de\/wp-json\/wp\/v2\/product_tag?post=19890"}],"curies":[{"name":"wp","href":"https:\/\/api.w.org\/{rel}","templated":true}]}}