{"id":19395,"date":"2024-08-28T12:13:30","date_gmt":"2024-08-28T04:13:30","guid":{"rendered":"https:\/\/www.vapeswholesaler.com\/?post_type=product&#038;p=19395"},"modified":"2025-07-01T14:25:50","modified_gmt":"2025-07-01T06:25:50","slug":"groshandel-mrvi-bewegen-25000-puffs-einweg-vape","status":"publish","type":"product","link":"https:\/\/www.vapeswholesaler.com\/de\/produkt\/groshandel-mrvi-bewegen-25000-puffs-einweg-vape","title":{"rendered":"Gro\u00dfhandel MRVI Moving 25000 Puffs Einweg Vape"},"content":{"rendered":"<p><a href=\"https:\/\/www.vapeswholesaler.com\/de\/produkt_marke\/mrvi\/\">MRVI<\/a> Moving 25000 Puffs Disposable Vape Led Display Disposable E-Zigaretten, ein Hochleistungsger\u00e4t f\u00fcr Vaper, die sowohl Qualit\u00e4t als auch Komfort suchen. Mit einer beeindruckenden Kapazit\u00e4t von 25000 Z\u00fcgen sorgt diese Einweg-E-Zigarette f\u00fcr l\u00e4ngeren Genuss ohne h\u00e4ufiges Auswechseln.<\/p>\n<p>Diese Einweg-Vape Ausgestattet mit einem fortschrittlichen Dual-Mesh-Spule 0,4\/0,8 Ohm, liefert jeder Zug glatt und geschmackvollen Dampf. Die gro\u00dfz\u00fcgige 30ml e-Fl\u00fcssigkeit Kapazit\u00e4t erm\u00f6glicht f\u00fcr l\u00e4ngere vaping Sitzungen, so dass Sie reichlich Gelegenheit, um Ihre Lieblings-Aromen zu genie\u00dfen.<\/p>\n<p>Das eingebaute LED-Display informiert Sie in Echtzeit \u00fcber Ihre Einstellungen und die Akkulaufzeit und sorgt so f\u00fcr ein reibungsloses und informiertes Dampferlebnis. Mit einem Gewicht von ca. 110 g ist diese E-Zigarette leicht und tragbar, was sie perfekt f\u00fcr das Dampfen auf Reisen macht.<\/p>\n<p>Erleben Sie die MRVI Moving 25000 Puffs Disposable Vape LED Display Disposable E-Zigaretten und erh\u00f6hen Sie Ihre vaping Reise mit seiner au\u00dfergew\u00f6hnlichen Leistung, Komfort und anpassbare Funktionen. Genie\u00dfen Sie die perfekte Kombination aus Technologie und Geschmack mit dieser innovativen Einweg-E-Zigarette.<\/p>\n<h2><strong><a href=\"https:\/\/www.facebook.com\/fred.luo.58\/\">MRVI<\/a> Bewegen 25000 Puffs Einweg vape Eigenschaften:<\/strong><\/h2>\n<ul>\n<li>Gr\u00f6\u00dfe: 52,2*26*99mm<\/li>\n<li>Leistung:40W<\/li>\n<li>Widerstand: 0.4\/0.8ohm<\/li>\n<li>Akku: 1000mah<\/li>\n<li>Fassungsverm\u00f6gen:30ml<\/li>\n<li>Puffs: bis zu 25000<\/li>\n<li>Spule: Dual Mesh Spule<\/li>\n<li>Werkstoff:PC<\/li>\n<li>MTL mini von 15-20W<\/li>\n<li>DTL Max von 25-40w<\/li>\n<li>Wattzahlanzeige und Ladeanzeige<\/li>\n<\/ul>\n<h2><strong>Liste der Geschmacksrichtungen:<\/strong><\/h2>\n<ol>\n<li>Bananeneis<\/li>\n<li>Blaues Razzeis<\/li>\n<li>Preiselbeere Apfel<\/li>\n<li>Gemischte Beeren<\/li>\n<li>Passionsfrucht-Orangen-Saft<\/li>\n<li>Pfirsich-Eis<\/li>\n<li>Ananaseis<\/li>\n<li>Erdbeere-Kirsche<\/li>\n<li>Erdbeer-Milchshake<\/li>\n<li>Wassermelone Eis<\/li>\n<\/ol>\n<h2><strong>Packliste:<\/strong><\/h2>\n<p>1St\u00fcck pro Einzelkarton<br \/>\n10 St\u00fcck pro mittlerem Displaykarton<br \/>\n200St\u00fcck pro Karton<\/p>\n<figure id=\"attachment_19383\" aria-describedby=\"caption-attachment-19383\" style=\"width: 800px\" class=\"wp-caption alignnone\"><img loading=\"lazy\" decoding=\"async\" class=\"wp-image-19383 size-full\" title=\"Gro\u00dfhandel MRVI Moving 25000 Puffs Einweg Vape 4\" src=\"https:\/\/www.vapeswholesaler.com\/wp-content\/uploads\/2024\/08\/Wholesale-MRVI-Moving-25000-Puffs-Disposable-Vape-4.webp\" alt=\"Gro\u00dfhandel MRVI Moving 25000 Puffs Einweg Vape 4\" width=\"800\" height=\"1250\" srcset=\"https:\/\/www.vapeswholesaler.com\/wp-content\/uploads\/2024\/08\/Wholesale-MRVI-Moving-25000-Puffs-Disposable-Vape-4.webp 800w, https:\/\/www.vapeswholesaler.com\/wp-content\/uploads\/2024\/08\/Wholesale-MRVI-Moving-25000-Puffs-Disposable-Vape-4-192x300.webp 192w, https:\/\/www.vapeswholesaler.com\/wp-content\/uploads\/2024\/08\/Wholesale-MRVI-Moving-25000-Puffs-Disposable-Vape-4-655x1024.webp 655w, https:\/\/www.vapeswholesaler.com\/wp-content\/uploads\/2024\/08\/Wholesale-MRVI-Moving-25000-Puffs-Disposable-Vape-4-768x1200.webp 768w, https:\/\/www.vapeswholesaler.com\/wp-content\/uploads\/2024\/08\/Wholesale-MRVI-Moving-25000-Puffs-Disposable-Vape-4-8x12.webp 8w, https:\/\/www.vapeswholesaler.com\/wp-content\/uploads\/2024\/08\/Wholesale-MRVI-Moving-25000-Puffs-Disposable-Vape-4-510x797.webp 510w\" sizes=\"auto, (max-width: 800px) 100vw, 800px\" \/><figcaption id=\"caption-attachment-19383\" class=\"wp-caption-text\">Gro\u00dfhandel MRVI Moving 25000 Puffs Einweg Vape<\/figcaption><\/figure>","protected":false},"excerpt":{"rendered":"<p>Mindestbestellmenge: <strong>100St\u00fcck<\/strong>\u00a0(Geschmacksrichtungen mischen)\u00a0\u00a0<strong>Kostenloser Versand<\/strong><\/p>\n<p>(<strong>2%, 5% Nic<\/strong>)\u00a0 EU Warehouse Shipping time 5-6 working days<\/p>","protected":false},"featured_media":19384,"comment_status":"open","ping_status":"closed","template":"","meta":[],"product_cat":[15],"product_tag":[373,376,387],"class_list":{"0":"post-19395","1":"product","2":"type-product","3":"status-publish","4":"has-post-thumbnail","6":"product_cat-disposable-vape","7":"product_tag-europe-warehouse","8":"product_tag-25000-puffs","9":"product_tag-mrvi","10":"product_brand-mrvi","12":"first","13":"instock","14":"shipping-taxable","15":"purchasable","16":"product-type-variable","17":"has-default-attributes"},"aioseo_notices":[],"_links":{"self":[{"href":"https:\/\/www.vapeswholesaler.com\/de\/wp-json\/wp\/v2\/product\/19395","targetHints":{"allow":["GET"]}}],"collection":[{"href":"https:\/\/www.vapeswholesaler.com\/de\/wp-json\/wp\/v2\/product"}],"about":[{"href":"https:\/\/www.vapeswholesaler.com\/de\/wp-json\/wp\/v2\/types\/product"}],"replies":[{"embeddable":true,"href":"https:\/\/www.vapeswholesaler.com\/de\/wp-json\/wp\/v2\/comments?post=19395"}],"wp:featuredmedia":[{"embeddable":true,"href":"https:\/\/www.vapeswholesaler.com\/de\/wp-json\/wp\/v2\/media\/19384"}],"wp:attachment":[{"href":"https:\/\/www.vapeswholesaler.com\/de\/wp-json\/wp\/v2\/media?parent=19395"}],"wp:term":[{"taxonomy":"product_cat","embeddable":true,"href":"https:\/\/www.vapeswholesaler.com\/de\/wp-json\/wp\/v2\/product_cat?post=19395"},{"taxonomy":"product_tag","embeddable":true,"href":"https:\/\/www.vapeswholesaler.com\/de\/wp-json\/wp\/v2\/product_tag?post=19395"}],"curies":[{"name":"wp","href":"https:\/\/api.w.org\/{rel}","templated":true}]}}