{"id":19323,"date":"2024-08-23T14:40:41","date_gmt":"2024-08-23T06:40:41","guid":{"rendered":"https:\/\/www.vapeswholesaler.com\/?post_type=product&#038;p=19323"},"modified":"2026-03-27T15:42:31","modified_gmt":"2026-03-27T07:42:31","slug":"groshandel-poco-sl-15000-puffs-wegwerfbare-vape-ecig-eu-usa-stock","status":"publish","type":"product","link":"https:\/\/www.vapeswholesaler.com\/de\/produkt\/groshandel-poco-sl-15000-puffs-wegwerfbare-vape-ecig-eu-usa-stock","title":{"rendered":"Gro\u00dfhandel POCO SL 15000 Puffs Einweg vape Ecig EU USA Stock"},"content":{"rendered":"<p>Der POCO SL 15000 Puffs Einwegdampfer ist ein revolution\u00e4res Produkt, das f\u00fcr Personen entwickelt wurde, die Wert auf Bequemlichkeit legen, ohne Kompromisse bei Qualit\u00e4t oder Geschmack einzugehen. Mit einer erstaunlichen Kapazit\u00e4t von 24ml und der F\u00e4higkeit, bis zu 15000 Puffs zu liefern, setzt dieses Ger\u00e4t einen neuen Standard f\u00fcr Einweg-Vapes auf dem Markt.<\/p>\n<p>Der POCO SL 15000 Puffs bietet eine beeindruckende Reihe von Funktionen, die ihn von der Masse abheben. Sein leistungsstarker 650mAh-Akku sorgt f\u00fcr eine lange Nutzungsdauer und seine 2%\/5%-Salz-Nikotinkonzentration bedeutet, dass er f\u00fcr erfahrene Dampfer geeignet ist, die bei jedem Zug einen gro\u00dfartigen Kehlkopf-Hit w\u00fcnschen. Durch die Kombination eines speziellen Heizmechanismus mit seinem hochmodernen Design erhalten Sie einen unglaublich weichen und reinen Geschmack bei der Verwendung.<\/p>\n<p>Mit einer massiven Kapazit\u00e4t von 24ml und 15000 Z\u00fcgen bietet der POCO SL 15000 Einwegdampfer eine gro\u00dfe Auswahl an verlockenden Geschmacksrichtungen, um Ihr Dampferlebnis zu verbessern.<\/p>\n<h2><strong>POCO SL 15000 Puffs Einwegdampfer Ecig Eigenschaften:<\/strong><\/h2>\n<ul>\n<li>650mAh wiederaufladbare Batterie<\/li>\n<li>25ml vorgef\u00fcllte e-Fl\u00fcssigkeit<\/li>\n<li>2%\/5% Nikotinst\u00e4rke<\/li>\n<li>Erreichen Sie bis zu 15000 Puffs<\/li>\n<li>1,0-Ohm-Mesh-Spule<\/li>\n<li>Typ-C-Ladeanschluss<\/li>\n<li>12 Geschmacksrichtungen verf\u00fcgbar<\/li>\n<\/ul>\n<h2><strong>POCO SL 15000 Puffs Einwegzigartige Ecig Aromen:<\/strong><\/h2>\n<ol>\n<li>Aloe Traube<\/li>\n<li>Brombeere Cranberry<\/li>\n<li>Schwarzes Eis Drachenfrucht-Erdbeere<\/li>\n<li>Heidelbeer-Himbeer-Limonade<\/li>\n<li>Energy-Drink<\/li>\n<li>Weintraube Cranberry Pfirsich<\/li>\n<li>Ananas Apfel<\/li>\n<li>Ananas-Erdbeere-Banane<\/li>\n<li>Erdbeere-Kirsche<\/li>\n<li>Erdbeere Himbeere Kiwi<\/li>\n<li>Erdbeere Wassermelone<\/li>\n<li>Wassermelone Lychee<\/li>\n<\/ol>\n<h2><strong>POCO SL 15000 Puffs Packungsliste:<\/strong><\/h2>\n<p>1St\u00fcck pro Einzelkarton<br \/>\n10St\u00fcck pro Displaykarton<br \/>\n200St\u00fcck pro Karton<\/p>\n<figure id=\"attachment_19316\" aria-describedby=\"caption-attachment-19316\" style=\"width: 800px\" class=\"wp-caption alignnone\"><img loading=\"lazy\" decoding=\"async\" class=\"wp-image-19316 size-full\" title=\"Gro\u00dfhandel E Zigarette Vape Smart Screen POCO SL 15000 Puffs Einweg vape 3\" src=\"https:\/\/www.vapeswholesaler.com\/wp-content\/uploads\/2024\/08\/Wholesale-E-Cigarette-Vape-Smart-Screen-POCO-SL-15000-Puffs-Disposable-vape-3.webp\" alt=\"Gro\u00dfhandel E Zigarette Vape Smart Screen POCO SL 15000 Puffs Einweg vape 3\" width=\"800\" height=\"800\" srcset=\"https:\/\/www.vapeswholesaler.com\/wp-content\/uploads\/2024\/08\/Wholesale-E-Cigarette-Vape-Smart-Screen-POCO-SL-15000-Puffs-Disposable-vape-3.webp 800w, https:\/\/www.vapeswholesaler.com\/wp-content\/uploads\/2024\/08\/Wholesale-E-Cigarette-Vape-Smart-Screen-POCO-SL-15000-Puffs-Disposable-vape-3-300x300.webp 300w, https:\/\/www.vapeswholesaler.com\/wp-content\/uploads\/2024\/08\/Wholesale-E-Cigarette-Vape-Smart-Screen-POCO-SL-15000-Puffs-Disposable-vape-3-150x150.webp 150w, https:\/\/www.vapeswholesaler.com\/wp-content\/uploads\/2024\/08\/Wholesale-E-Cigarette-Vape-Smart-Screen-POCO-SL-15000-Puffs-Disposable-vape-3-768x768.webp 768w, https:\/\/www.vapeswholesaler.com\/wp-content\/uploads\/2024\/08\/Wholesale-E-Cigarette-Vape-Smart-Screen-POCO-SL-15000-Puffs-Disposable-vape-3-12x12.webp 12w, https:\/\/www.vapeswholesaler.com\/wp-content\/uploads\/2024\/08\/Wholesale-E-Cigarette-Vape-Smart-Screen-POCO-SL-15000-Puffs-Disposable-vape-3-247x247.webp 247w, https:\/\/www.vapeswholesaler.com\/wp-content\/uploads\/2024\/08\/Wholesale-E-Cigarette-Vape-Smart-Screen-POCO-SL-15000-Puffs-Disposable-vape-3-510x510.webp 510w, https:\/\/www.vapeswholesaler.com\/wp-content\/uploads\/2024\/08\/Wholesale-E-Cigarette-Vape-Smart-Screen-POCO-SL-15000-Puffs-Disposable-vape-3-100x100.webp 100w\" sizes=\"auto, (max-width: 800px) 100vw, 800px\" \/><figcaption id=\"caption-attachment-19316\" class=\"wp-caption-text\">Gro\u00dfhandel E Zigarette Vape Smart Screen POCO SL 15000 Puffs Einweg-Vape<\/figcaption><\/figure>\n<p><img loading=\"lazy\" decoding=\"async\" class=\"alignnone wp-image-19322 size-full\" title=\"Gro\u00dfhandel E Zigarette Vape Smart Screen POCO SL 15000 Puffs Einweg vape 9\" src=\"https:\/\/www.vapeswholesaler.com\/wp-content\/uploads\/2024\/08\/Wholesale-E-Cigarette-Vape-Smart-Screen-POCO-SL-15000-Puffs-Disposable-vape-9.webp\" alt=\"Gro\u00dfhandel E Zigarette Vape Smart Screen POCO SL 15000 Puffs Einweg vape 9\" width=\"800\" height=\"800\" srcset=\"https:\/\/www.vapeswholesaler.com\/wp-content\/uploads\/2024\/08\/Wholesale-E-Cigarette-Vape-Smart-Screen-POCO-SL-15000-Puffs-Disposable-vape-9.webp 800w, https:\/\/www.vapeswholesaler.com\/wp-content\/uploads\/2024\/08\/Wholesale-E-Cigarette-Vape-Smart-Screen-POCO-SL-15000-Puffs-Disposable-vape-9-300x300.webp 300w, https:\/\/www.vapeswholesaler.com\/wp-content\/uploads\/2024\/08\/Wholesale-E-Cigarette-Vape-Smart-Screen-POCO-SL-15000-Puffs-Disposable-vape-9-150x150.webp 150w, https:\/\/www.vapeswholesaler.com\/wp-content\/uploads\/2024\/08\/Wholesale-E-Cigarette-Vape-Smart-Screen-POCO-SL-15000-Puffs-Disposable-vape-9-768x768.webp 768w, https:\/\/www.vapeswholesaler.com\/wp-content\/uploads\/2024\/08\/Wholesale-E-Cigarette-Vape-Smart-Screen-POCO-SL-15000-Puffs-Disposable-vape-9-12x12.webp 12w, https:\/\/www.vapeswholesaler.com\/wp-content\/uploads\/2024\/08\/Wholesale-E-Cigarette-Vape-Smart-Screen-POCO-SL-15000-Puffs-Disposable-vape-9-247x247.webp 247w, https:\/\/www.vapeswholesaler.com\/wp-content\/uploads\/2024\/08\/Wholesale-E-Cigarette-Vape-Smart-Screen-POCO-SL-15000-Puffs-Disposable-vape-9-510x510.webp 510w, https:\/\/www.vapeswholesaler.com\/wp-content\/uploads\/2024\/08\/Wholesale-E-Cigarette-Vape-Smart-Screen-POCO-SL-15000-Puffs-Disposable-vape-9-100x100.webp 100w\" sizes=\"auto, (max-width: 800px) 100vw, 800px\" \/><\/p>","protected":false},"excerpt":{"rendered":"<h4>Mindestbestellmenge: 100 PCS (Geschmacksrichtungen mischen)<\/h4>\n<h4>\uff08<strong>2%\uff0c3%\uff0c5%<\/strong>\uff09<br \/>\n<strong>Kostenloser Versand an eine EU-Adresse <\/strong><\/h4>","protected":false},"featured_media":19336,"comment_status":"open","ping_status":"closed","template":"","meta":[],"product_cat":[15],"product_tag":[],"class_list":{"0":"post-19323","1":"product","2":"type-product","3":"status-publish","4":"has-post-thumbnail","6":"product_cat-disposable-vape","7":"product_brand-poco","9":"first","10":"instock","11":"shipping-taxable","12":"purchasable","13":"product-type-variable","14":"has-default-attributes"},"aioseo_notices":[],"_links":{"self":[{"href":"https:\/\/www.vapeswholesaler.com\/de\/wp-json\/wp\/v2\/product\/19323","targetHints":{"allow":["GET"]}}],"collection":[{"href":"https:\/\/www.vapeswholesaler.com\/de\/wp-json\/wp\/v2\/product"}],"about":[{"href":"https:\/\/www.vapeswholesaler.com\/de\/wp-json\/wp\/v2\/types\/product"}],"replies":[{"embeddable":true,"href":"https:\/\/www.vapeswholesaler.com\/de\/wp-json\/wp\/v2\/comments?post=19323"}],"wp:featuredmedia":[{"embeddable":true,"href":"https:\/\/www.vapeswholesaler.com\/de\/wp-json\/wp\/v2\/media\/19336"}],"wp:attachment":[{"href":"https:\/\/www.vapeswholesaler.com\/de\/wp-json\/wp\/v2\/media?parent=19323"}],"wp:term":[{"taxonomy":"product_cat","embeddable":true,"href":"https:\/\/www.vapeswholesaler.com\/de\/wp-json\/wp\/v2\/product_cat?post=19323"},{"taxonomy":"product_tag","embeddable":true,"href":"https:\/\/www.vapeswholesaler.com\/de\/wp-json\/wp\/v2\/product_tag?post=19323"}],"curies":[{"name":"wp","href":"https:\/\/api.w.org\/{rel}","templated":true}]}}