{"id":19237,"date":"2024-08-20T12:21:27","date_gmt":"2024-08-20T04:21:27","guid":{"rendered":"https:\/\/www.vapeswholesaler.com\/?post_type=product&#038;p=19237"},"modified":"2025-07-01T14:28:00","modified_gmt":"2025-07-01T06:28:00","slug":"groshandel-mrvi-arting-18000-puffs-einweg-vape","status":"publish","type":"product","link":"https:\/\/www.vapeswholesaler.com\/de\/produkt\/groshandel-mrvi-arting-18000-puffs-einweg-vape","title":{"rendered":"Gro\u00dfhandel MRVI Arting 18000 Puffs Einweg vape"},"content":{"rendered":"<p>MRVI Arting 18000 Puffs 4 Heizmodi, ECO: regul\u00e4res Modell, PLUS: regul\u00e4res Modell, PRO: Dual-Mesh-Spule - niedrige Leistung, MAX: Dual-Mesh-Spule - hohe Leistung), jedes Mal, wenn die untere Taste gedr\u00fcckt wird, wird ein Modus ge\u00e4ndert. Die ersten beiden Modi sind regual Modi (Single-Mesh-Kern Heizdraht, weicher Geschmack, geeignet f\u00fcr Anf\u00e4nger Raucher), und die letzten beiden Modi sind Dual-Mesh ciol (Doppel-Mesh-Kern Heizdraht, Mainstream auf dem Markt, starken Geschmack, hohe Burst, geeignet f\u00fcr alte Raucher) geringe Leistung (Ausgangsspannung um 10W, glatt und weichen Geschmack) hohe Leistung (Ausgangsspannung um 20W, starken Geschmack, mit Kehle hit).<\/p>\n<p>Unsere Produkte bieten 4 Heizmodi f\u00fcr die ultimative E-Zigaretten-Anpassung: ECO und PLUS sind als regul\u00e4re Modelle mit einem einzelnen Mesh-Heizdraht erh\u00e4ltlich, perfekt f\u00fcr Raucher, die einen sanfteren Geschmack suchen. F\u00fcr erfahrene E-Zigaretten-Enthusiasten, die PRO und MAX verf\u00fcgen \u00fcber Dual-Mesh-Coils f\u00fcr reichhaltigen Geschmack und hohe Ausbr\u00fcche von power.the PRO l\u00e4uft auf niedrige Leistung f\u00fcr einen glatten, weichen Geschmack, w\u00e4hrend die MAX liefert hohe Leistung f\u00fcr einen reichen Geschmack und Kehle hit. Dr\u00fccken Sie einfach die untere Taste, um zwischen den Modi zu wechseln und Ihre E-Zigarette Erfahrung zu verbessern.<\/p>\n<h2><strong><a href=\"https:\/\/www.vapeswholesaler.com\/de\/produkt_marke\/mrvi\/\">MRVI<\/a> Arting 18000 Puffs Merkmale:<\/strong><\/h2>\n<ul>\n<li>HD-Vollbild<\/li>\n<li>Modell QuadrupleIt<\/li>\n<li>600mAh wiederaufladbare Batterie<\/li>\n<li>26ml vorgef\u00fcllte e-Fl\u00fcssigkeit<\/li>\n<li>0\/2%\/3%\/5% Nikotinst\u00e4rke<\/li>\n<li>Erreicht bis zu 18000 Puffs<\/li>\n<li>1,0-Ohm-Mesh-Spule<\/li>\n<li>Typ-C-Ladeanschluss<\/li>\n<li>10 Geschmacksrichtungen verf\u00fcgbar<\/li>\n<\/ul>\n<h2><strong>Geschm\u00e4cker:<\/strong><\/h2>\n<ol>\n<li>Brombeere Cranberry<\/li>\n<li>Blaues Razzeis<\/li>\n<li>Kirsche Wassermelone<\/li>\n<li>Fuji-Eis<\/li>\n<li>Traubeneis<\/li>\n<li>Zitrone-Limette<\/li>\n<li>Pfirsich-Mango<\/li>\n<li>Ananas-Erdbeere-Banane<\/li>\n<li>Erdbeer-Kiwi-Eis<\/li>\n<li>Wassermelone Eis<\/li>\n<\/ol>\n<h2><strong>Packliste:<\/strong><\/h2>\n<p>1St\u00fcck pro Einzelkarton<br \/>\n10 St\u00fcck in einer mittleren Schachtel<br \/>\n200 St\u00fcck pro Karton<\/p>\n<p>&nbsp;<\/p>\n<figure id=\"attachment_19226\" aria-describedby=\"caption-attachment-19226\" style=\"width: 800px\" class=\"wp-caption alignnone\"><img loading=\"lazy\" decoding=\"async\" class=\"wp-image-19226 size-full\" title=\"Gro\u00dfhandel MRVI Arting 18000 Puffs Einweg vape 3\" src=\"https:\/\/www.vapeswholesaler.com\/wp-content\/uploads\/2024\/08\/Wholesale-MRVI-Arting-18000-Puffs-Disposable-vape-3.webp\" alt=\"Gro\u00dfhandel MRVI Arting 18000 Puffs Einweg vape 3\" width=\"800\" height=\"1007\" srcset=\"https:\/\/www.vapeswholesaler.com\/wp-content\/uploads\/2024\/08\/Wholesale-MRVI-Arting-18000-Puffs-Disposable-vape-3.webp 800w, https:\/\/www.vapeswholesaler.com\/wp-content\/uploads\/2024\/08\/Wholesale-MRVI-Arting-18000-Puffs-Disposable-vape-3-238x300.webp 238w, https:\/\/www.vapeswholesaler.com\/wp-content\/uploads\/2024\/08\/Wholesale-MRVI-Arting-18000-Puffs-Disposable-vape-3-768x967.webp 768w, https:\/\/www.vapeswholesaler.com\/wp-content\/uploads\/2024\/08\/Wholesale-MRVI-Arting-18000-Puffs-Disposable-vape-3-10x12.webp 10w, https:\/\/www.vapeswholesaler.com\/wp-content\/uploads\/2024\/08\/Wholesale-MRVI-Arting-18000-Puffs-Disposable-vape-3-510x642.webp 510w\" sizes=\"auto, (max-width: 800px) 100vw, 800px\" \/><figcaption id=\"caption-attachment-19226\" class=\"wp-caption-text\">Gro\u00dfhandel MRVI Arting 18000 Puffs Einweg vape<\/figcaption><\/figure>","protected":false},"excerpt":{"rendered":"<p>Mindestbestellmenge: <strong>100St\u00fcck<\/strong>\u00a0(Geschmacksrichtungen mischen)\u00a0\u00a0<strong>Kostenloser Versand<\/strong><\/p>\n<p>(<strong>2%, 5% Nic<\/strong>)<\/p>","protected":false},"featured_media":19234,"comment_status":"open","ping_status":"closed","template":"","meta":[],"product_cat":[15],"product_tag":[55,373,387],"class_list":{"0":"post-19237","1":"product","2":"type-product","3":"status-publish","4":"has-post-thumbnail","6":"product_cat-disposable-vape","7":"product_tag-18000-puffs","8":"product_tag-europe-warehouse","9":"product_tag-mrvi","10":"product_brand-mrvi","12":"first","13":"instock","14":"shipping-taxable","15":"purchasable","16":"product-type-variable","17":"has-default-attributes"},"aioseo_notices":[],"_links":{"self":[{"href":"https:\/\/www.vapeswholesaler.com\/de\/wp-json\/wp\/v2\/product\/19237","targetHints":{"allow":["GET"]}}],"collection":[{"href":"https:\/\/www.vapeswholesaler.com\/de\/wp-json\/wp\/v2\/product"}],"about":[{"href":"https:\/\/www.vapeswholesaler.com\/de\/wp-json\/wp\/v2\/types\/product"}],"replies":[{"embeddable":true,"href":"https:\/\/www.vapeswholesaler.com\/de\/wp-json\/wp\/v2\/comments?post=19237"}],"wp:featuredmedia":[{"embeddable":true,"href":"https:\/\/www.vapeswholesaler.com\/de\/wp-json\/wp\/v2\/media\/19234"}],"wp:attachment":[{"href":"https:\/\/www.vapeswholesaler.com\/de\/wp-json\/wp\/v2\/media?parent=19237"}],"wp:term":[{"taxonomy":"product_cat","embeddable":true,"href":"https:\/\/www.vapeswholesaler.com\/de\/wp-json\/wp\/v2\/product_cat?post=19237"},{"taxonomy":"product_tag","embeddable":true,"href":"https:\/\/www.vapeswholesaler.com\/de\/wp-json\/wp\/v2\/product_tag?post=19237"}],"curies":[{"name":"wp","href":"https:\/\/api.w.org\/{rel}","templated":true}]}}