{"id":19127,"date":"2024-08-16T12:08:06","date_gmt":"2024-08-16T04:08:06","guid":{"rendered":"https:\/\/www.vapeswholesaler.com\/?post_type=product&#038;p=19127"},"modified":"2025-04-09T10:50:13","modified_gmt":"2025-04-09T02:50:13","slug":"groshandel-vaploso-konig-10000-puffs-einweg-vape","status":"publish","type":"product","link":"https:\/\/www.vapeswholesaler.com\/de\/produkt\/groshandel-vaploso-konig-10000-puffs-einweg-vape","title":{"rendered":"Gro\u00dfhandel Vaploso K\u00f6nig 10000 Puffs Einweg vape"},"content":{"rendered":"<p><a href=\"https:\/\/www.vapeswholesaler.com\/de\/produkt_marke\/vapsolo\/\">Vaploso<\/a> King 10000 Puffs ist wie ein Vape Pen, der kompakt und tragbar ist. Seine fortschrittlichen Vape-L\u00f6sungen, kombiniert mit innovativer Leistung und Komfort, machen King 10000 zur idealen Wahl sowohl f\u00fcr einzelne Enthusiasten als auch f\u00fcr Gro\u00dfh\u00e4ndler.<\/p>\n<p>Der Vaploso King 10000 Puffs verf\u00fcgt \u00fcber eine beeindruckende Kapazit\u00e4t von 10.000 Z\u00fcgen pro Einheit, was eine lange Nutzung ohne h\u00e4ufiges Auswechseln gew\u00e4hrleistet. Es verf\u00fcgt \u00fcber eine gro\u00dfz\u00fcgige 20 ml e-Fl\u00fcssigkeit Kapazit\u00e4t und eine zuverl\u00e4ssige 650 mAh Akku, komplett mit einem Typ-C-Ladeanschluss f\u00fcr schnelles Aufladen. Seine fortschrittliche 1.0\u03a9 Mesh-Spule Technologie garantiert eine glatte Dampfproduktion, die Verbesserung der<\/p>\n<h2><strong><a href=\"https:\/\/www.facebook.com\/fred.luo.58\">Vapsolo<\/a> King 10000 Puffs Eigenschaften:<\/strong><\/h2>\n<ul>\n<li>650mAh wiederaufladbare Batterie<\/li>\n<li>20ml vorgef\u00fcllte e-Fl\u00fcssigkeit<\/li>\n<li>2%\/5% Nikotinst\u00e4rke<\/li>\n<li>Erreichen Sie bis zu 10000 Z\u00fcge<\/li>\n<li>1,0-Ohm-Mesh-Spule<\/li>\n<li>Typ-C-Ladeanschluss<\/li>\n<li>20 Geschmacksrichtungen verf\u00fcgbar<\/li>\n<\/ul>\n<h2><strong>Geschm\u00e4cker:<\/strong><\/h2>\n<ol>\n<li>Heidelbeere-Himbeere<\/li>\n<li>Blauer Razzia<\/li>\n<li>Bananeneis<\/li>\n<li>Blaubeereis<\/li>\n<li>Kirsche mit Kohlens\u00e4ure<\/li>\n<li>Kiwi Passionsfrucht Guave<\/li>\n<li>Zitrone-Limette<\/li>\n<li>Gemischte Beeren<\/li>\n<li>Herr Blau<\/li>\n<li>Pfirsich Mango Ananas<\/li>\n<li>Purpurner Regen<\/li>\n<li>Prime Strawberry Watermelon (Erdbeer-Wassermelone)<\/li>\n<li>Roter Apfel<\/li>\n<li>Erdbeer-Kiwi<\/li>\n<li>Saures Ananaseis<\/li>\n<li>Erdbeere-Banane<\/li>\n<li>Erdbeer-Himbeer-Kirsch-Eis<\/li>\n<li>Erdbeereis<\/li>\n<li>Red Bull<\/li>\n<li>Wassermelone Eis<\/li>\n<\/ol>\n<h2><strong>Packliste:<\/strong><\/h2>\n<p>1 Stk. je kleine Displaybox<br \/>\n10 St\u00fcck in einer mittleren Schachtel<br \/>\n200 St\u00fcck pro Karton<\/p>\n<p>&nbsp;<\/p>\n<figure id=\"attachment_19109\" aria-describedby=\"caption-attachment-19109\" style=\"width: 800px\" class=\"wp-caption alignnone\"><img loading=\"lazy\" decoding=\"async\" class=\"wp-image-19109 size-full\" title=\"Gro\u00dfhandel Vaploso K\u00f6nig 10000 Puffs Einweg vape 1\" src=\"https:\/\/www.vapeswholesaler.com\/wp-content\/uploads\/2024\/08\/Wholesale-Vaploso-King-10000-Puffs-Disposable-vape-1.jpg\" alt=\"Gro\u00dfhandel Vaploso K\u00f6nig 10000 Puffs Einweg vape 1\" width=\"800\" height=\"800\" srcset=\"https:\/\/www.vapeswholesaler.com\/wp-content\/uploads\/2024\/08\/Wholesale-Vaploso-King-10000-Puffs-Disposable-vape-1.jpg 800w, https:\/\/www.vapeswholesaler.com\/wp-content\/uploads\/2024\/08\/Wholesale-Vaploso-King-10000-Puffs-Disposable-vape-1-300x300.jpg 300w, https:\/\/www.vapeswholesaler.com\/wp-content\/uploads\/2024\/08\/Wholesale-Vaploso-King-10000-Puffs-Disposable-vape-1-150x150.jpg 150w, https:\/\/www.vapeswholesaler.com\/wp-content\/uploads\/2024\/08\/Wholesale-Vaploso-King-10000-Puffs-Disposable-vape-1-768x768.jpg 768w, https:\/\/www.vapeswholesaler.com\/wp-content\/uploads\/2024\/08\/Wholesale-Vaploso-King-10000-Puffs-Disposable-vape-1-12x12.jpg 12w, https:\/\/www.vapeswholesaler.com\/wp-content\/uploads\/2024\/08\/Wholesale-Vaploso-King-10000-Puffs-Disposable-vape-1-247x247.jpg 247w, https:\/\/www.vapeswholesaler.com\/wp-content\/uploads\/2024\/08\/Wholesale-Vaploso-King-10000-Puffs-Disposable-vape-1-510x510.jpg 510w, https:\/\/www.vapeswholesaler.com\/wp-content\/uploads\/2024\/08\/Wholesale-Vaploso-King-10000-Puffs-Disposable-vape-1-100x100.jpg 100w\" sizes=\"auto, (max-width: 800px) 100vw, 800px\" \/><figcaption id=\"caption-attachment-19109\" class=\"wp-caption-text\">Gro\u00dfhandel Vaploso K\u00f6nig 10000 Puffs Einweg vape<\/figcaption><\/figure>","protected":false},"excerpt":{"rendered":"<p>Mindestbestellmenge: <strong>50St\u00fcck <\/strong>(Geschmacksrichtungen mischen) Kostenloser Versand<\/p>\n<p>(<strong>2%, 5% Nic<\/strong>) EU Warehouse Versandzeit 5-6 Arbeitstage<\/p>","protected":false},"featured_media":19126,"comment_status":"open","ping_status":"closed","template":"","meta":[],"product_cat":[15],"product_tag":[87,373,378],"class_list":{"0":"post-19127","1":"product","2":"type-product","3":"status-publish","4":"has-post-thumbnail","6":"product_cat-disposable-vape","7":"product_tag-vapsolo","8":"product_tag-europe-warehouse","9":"product_tag-10000-puffs","10":"product_brand-vapsolo","12":"first","13":"outofstock","14":"shipping-taxable","15":"purchasable","16":"product-type-variable","17":"has-default-attributes"},"aioseo_notices":[],"_links":{"self":[{"href":"https:\/\/www.vapeswholesaler.com\/de\/wp-json\/wp\/v2\/product\/19127","targetHints":{"allow":["GET"]}}],"collection":[{"href":"https:\/\/www.vapeswholesaler.com\/de\/wp-json\/wp\/v2\/product"}],"about":[{"href":"https:\/\/www.vapeswholesaler.com\/de\/wp-json\/wp\/v2\/types\/product"}],"replies":[{"embeddable":true,"href":"https:\/\/www.vapeswholesaler.com\/de\/wp-json\/wp\/v2\/comments?post=19127"}],"wp:featuredmedia":[{"embeddable":true,"href":"https:\/\/www.vapeswholesaler.com\/de\/wp-json\/wp\/v2\/media\/19126"}],"wp:attachment":[{"href":"https:\/\/www.vapeswholesaler.com\/de\/wp-json\/wp\/v2\/media?parent=19127"}],"wp:term":[{"taxonomy":"product_cat","embeddable":true,"href":"https:\/\/www.vapeswholesaler.com\/de\/wp-json\/wp\/v2\/product_cat?post=19127"},{"taxonomy":"product_tag","embeddable":true,"href":"https:\/\/www.vapeswholesaler.com\/de\/wp-json\/wp\/v2\/product_tag?post=19127"}],"curies":[{"name":"wp","href":"https:\/\/api.w.org\/{rel}","templated":true}]}}