{"id":19089,"date":"2024-08-16T10:35:21","date_gmt":"2024-08-16T02:35:21","guid":{"rendered":"https:\/\/www.vapeswholesaler.com\/?post_type=product&#038;p=19089"},"modified":"2026-03-27T15:42:56","modified_gmt":"2026-03-27T07:42:56","slug":"groshandel-knall-konig-doppelkristall-20000-puffs-einweg-vape","status":"publish","type":"product","link":"https:\/\/www.vapeswholesaler.com\/de\/produkt\/groshandel-knall-konig-doppelkristall-20000-puffs-einweg-vape","title":{"rendered":"Gro\u00dfhandel Bang King Crystal 20000 Puffs Einweg Vape"},"content":{"rendered":"<p><a href=\"https:\/\/www.vapeswholesaler.com\/de\/produkt_marke\/bang\/\">Bang<\/a> King Crystal 20000 Puffs kommen mit 2 Eliquid Becher, ist es f\u00fcr den erweiterten Einsatz konzipiert, die Verringerung der Notwendigkeit f\u00fcr h\u00e4ufige Ersetzungen mit seinen beeindruckenden 20.000 Puffs pro Ger\u00e4t. Mit vier Nikotinst\u00e4rken (0%, 2%, 3% und 5%) wird es den unterschiedlichen Vorlieben beim Dampfen gerecht. Das Ger\u00e4t ist mit einem 650mAh-Akku und einer Typ-C-Ladestation ausgestattet, die Komfort und Langlebigkeit gew\u00e4hrleisten. Die gro\u00dfz\u00fcgige 25ml e-Fl\u00fcssigkeitskapazit\u00e4t erm\u00f6glicht l\u00e4ngere Verdampfungssitzungen ohne den \u00c4rger des st\u00e4ndigen Nachf\u00fcllens. Dar\u00fcber hinaus liefert die fortschrittliche 1.0\u03a9 Mesh-Spule glatten Dampf und reiches Aroma, ein Premium-Dampferlebnis zu bieten.<\/p>\n<p>Wir bieten kleine Gro\u00dfhandelsmengen mit einer Mindestbestellmenge von 100 St\u00fcck. Alle unsere Kunden k\u00f6nnen die fairsten Gro\u00dfhandelspreise und die schnellsten Versandgeschwindigkeiten genie\u00dfen, wir werden Ihr vertrauensvollster Lieferant sein und lassen Sie uns gemeinsam wachsen.<\/p>\n<h2><strong><a href=\"https:\/\/www.facebook.com\/fred.luo.58\/\">Bang<\/a> King Crystal 20000 Puffs Details:<\/strong><\/h2>\n<ul>\n<li>650mAh wiederaufladbare Batterie<\/li>\n<li>25ml vorgef\u00fcllte e-Fl\u00fcssigkeit<\/li>\n<li>0\/2%\/3%\/5% Nikotinst\u00e4rke<\/li>\n<li>Erreichen Sie bis zu 20000 Puffs<\/li>\n<li>Maschenspule<\/li>\n<li>Typ-C-Ladeanschluss<\/li>\n<li>12 Geschmacksrichtungen verf\u00fcgbar<\/li>\n<\/ul>\n<h2><strong>Geschm\u00e4cker:<\/strong><\/h2>\n<ol>\n<li>Blauer Razzia<\/li>\n<li>Blaubeereis<\/li>\n<li>Energy-Drink<\/li>\n<li>Traubeneis<\/li>\n<li>Kiwi Passionsfrucht Guave<\/li>\n<li>Gemischtes Obst<\/li>\n<li>Pfirsich-Eis<\/li>\n<li>Saurer Apfel-Himbeere<\/li>\n<li>Erdbeer-Kiwi<\/li>\n<li>Erdbeer-Mango<\/li>\n<li>Erdbeere Wassermelone<\/li>\n<li>Wassermelone Eis<\/li>\n<\/ol>\n<h2><strong>Packliste:<\/strong><\/h2>\n<p>Single mit kleinem Paket<br \/>\n10 St\u00fcck in einer mittleren Schachtel<br \/>\n200 St\u00fcck pro Karton<\/p>\n<figure id=\"attachment_19093\" aria-describedby=\"caption-attachment-19093\" style=\"width: 800px\" class=\"wp-caption alignnone\"><img loading=\"lazy\" decoding=\"async\" class=\"wp-image-19093 size-full\" title=\"Wholesa Bang King Double Crystal 20000 Puffs Einweg Vape 4\" src=\"https:\/\/www.vapeswholesaler.com\/wp-content\/uploads\/2024\/08\/Wholesa-Bang-King-Double-Crystal-20000-Puffs-Disposable-Vape-4-1.jpg\" alt=\"Gro\u00dfhandel Bang King Double Crystal 20000 Puffs Einweg Vape 4\" width=\"800\" height=\"500\" srcset=\"https:\/\/www.vapeswholesaler.com\/wp-content\/uploads\/2024\/08\/Wholesa-Bang-King-Double-Crystal-20000-Puffs-Disposable-Vape-4-1.jpg 800w, https:\/\/www.vapeswholesaler.com\/wp-content\/uploads\/2024\/08\/Wholesa-Bang-King-Double-Crystal-20000-Puffs-Disposable-Vape-4-1-300x188.jpg 300w, https:\/\/www.vapeswholesaler.com\/wp-content\/uploads\/2024\/08\/Wholesa-Bang-King-Double-Crystal-20000-Puffs-Disposable-Vape-4-1-768x480.jpg 768w, https:\/\/www.vapeswholesaler.com\/wp-content\/uploads\/2024\/08\/Wholesa-Bang-King-Double-Crystal-20000-Puffs-Disposable-Vape-4-1-18x12.jpg 18w, https:\/\/www.vapeswholesaler.com\/wp-content\/uploads\/2024\/08\/Wholesa-Bang-King-Double-Crystal-20000-Puffs-Disposable-Vape-4-1-510x319.jpg 510w\" sizes=\"auto, (max-width: 800px) 100vw, 800px\" \/><figcaption id=\"caption-attachment-19093\" class=\"wp-caption-text\">Gro\u00dfhandel Bang King Double Crystal 20000 Puffs Einweg Vape<\/figcaption><\/figure>","protected":false},"excerpt":{"rendered":"<p>Mindestbestellmenge:\u00a0<strong>50St\u00fcck <\/strong>(Geschmacksrichtungen mischen)\u00a0\u00a0<strong>Kostenloser Versand<\/strong><\/p>\n<p>\uff08<strong>0%\uff0c2%\uff0c3%\uff0c5% Nic<\/strong>\uff09<\/p>","protected":false},"featured_media":19090,"comment_status":"open","ping_status":"closed","template":"","meta":[],"product_cat":[15],"product_tag":[100,368,388],"class_list":{"0":"post-19089","1":"product","2":"type-product","3":"status-publish","4":"has-post-thumbnail","6":"product_cat-disposable-vape","7":"product_tag-20000-puffs","8":"product_tag-bang-king","9":"product_tag-bang","10":"product_brand-bang","12":"first","13":"instock","14":"shipping-taxable","15":"purchasable","16":"product-type-variable","17":"has-default-attributes"},"aioseo_notices":[],"_links":{"self":[{"href":"https:\/\/www.vapeswholesaler.com\/de\/wp-json\/wp\/v2\/product\/19089","targetHints":{"allow":["GET"]}}],"collection":[{"href":"https:\/\/www.vapeswholesaler.com\/de\/wp-json\/wp\/v2\/product"}],"about":[{"href":"https:\/\/www.vapeswholesaler.com\/de\/wp-json\/wp\/v2\/types\/product"}],"replies":[{"embeddable":true,"href":"https:\/\/www.vapeswholesaler.com\/de\/wp-json\/wp\/v2\/comments?post=19089"}],"wp:featuredmedia":[{"embeddable":true,"href":"https:\/\/www.vapeswholesaler.com\/de\/wp-json\/wp\/v2\/media\/19090"}],"wp:attachment":[{"href":"https:\/\/www.vapeswholesaler.com\/de\/wp-json\/wp\/v2\/media?parent=19089"}],"wp:term":[{"taxonomy":"product_cat","embeddable":true,"href":"https:\/\/www.vapeswholesaler.com\/de\/wp-json\/wp\/v2\/product_cat?post=19089"},{"taxonomy":"product_tag","embeddable":true,"href":"https:\/\/www.vapeswholesaler.com\/de\/wp-json\/wp\/v2\/product_tag?post=19089"}],"curies":[{"name":"wp","href":"https:\/\/api.w.org\/{rel}","templated":true}]}}