{"id":18992,"date":"2024-08-04T22:03:26","date_gmt":"2024-08-04T14:03:26","guid":{"rendered":"https:\/\/www.vapeswholesaler.com\/?post_type=product&#038;p=18992"},"modified":"2025-08-27T21:35:30","modified_gmt":"2025-08-27T13:35:30","slug":"groshandel-razz-bar-16000-puffs-einweg-vape","status":"publish","type":"product","link":"https:\/\/www.vapeswholesaler.com\/de\/produkt\/groshandel-razz-bar-16000-puffs-einweg-vape","title":{"rendered":"Gro\u00dfhandel RAZZ BAR 16000 Puffs wegwerfbare vape"},"content":{"rendered":"<div><a href=\"https:\/\/www.vapeswholesaler.com\/de\/produkt_marke\/razzbar\/\">Razzia-Bar<\/a> 16000 Puffs ist die neueste Einwegzigarette, ein Hochleistungsger\u00e4t f\u00fcr Dampfer, die sowohl Qualit\u00e4t als auch Komfort suchen. Mit einer beeindruckenden 16000 Puffs Kapazit\u00e4t und 650mAh Power-Akku. diese Einweg-E-Zigarette sorgt f\u00fcr l\u00e4ngeren Genuss ohne h\u00e4ufige Ersetzungen. die gro\u00dfz\u00fcgige 20ml e-Fl\u00fcssigkeit Kapazit\u00e4t erm\u00f6glicht f\u00fcr l\u00e4ngere vaping Sitzungen, so dass Sie reichlich Gelegenheit, um Ihre Lieblings-Aromen zu genie\u00dfen.<\/div>\n<div><\/div>\n<div>20ml Liquid-Kapazit\u00e4t: Genie\u00dfen Sie ein lang anhaltendes Dampferlebnis mit einer gro\u00dfz\u00fcgigen Liquid-Kapazit\u00e4t, perfekt f\u00fcr Fans von l\u00e4ngeren Sessions.<br \/>\nLeistungsstarker 650mAh-Akku: Der eingebaute Akku gew\u00e4hrleistet eine ausreichende Laufzeit f\u00fcr den ganzt\u00e4gigen Gebrauch und kann \u00fcber den USB Typ C-Anschluss schnell wieder aufgeladen werden. Integrierte LED-Anzeige: Mit der LED-Anzeige k\u00f6nnen Sie den Akkustand ganz einfach verfolgen und sicherstellen, dass Ihnen im entscheidenden Moment nie der Strom ausgeht.<\/div>\n<div><\/div>\n<div><\/div>\n<div>Erleben Sie die Razz bar 16000 Puffs Colorful Disposable E-Zigaretten und erh\u00f6hen Sie Ihre vaping Reise mit seiner au\u00dfergew\u00f6hnlichen Leistung, Komfort und anpassbare Funktionen. Genie\u00dfen Sie die perfekte Kombination aus Technologie und Geschmack mit dieser innovativen Einweg-E-Zigarette.<\/div>\n<h2><strong><a href=\"https:\/\/www.facebook.com\/fred.luo.58\/\">Razzia-Bar<\/a> 16000 Puffs Merkmale<\/strong><\/h2>\n<ul>\n<li>Salz Nikotin:2\/5%<\/li>\n<li>Puffs:16000 Puffs<\/li>\n<li>Fassungsverm\u00f6gen:20ml<\/li>\n<li>200 St\u00fcck pro Karton<\/li>\n<li>12 Geschmacksrichtungen verf\u00fcgbar<\/li>\n<li>650mAh Wiederaufladbar<\/li>\n<li>Maschenspule<\/li>\n<li>Typ-c<\/li>\n<\/ul>\n<h2><strong>Auflistung der Geschm\u00e4cker:<\/strong><\/h2>\n<ol>\n<li>Pfirsich-Eis<\/li>\n<li>Erdbeereis<\/li>\n<li>Rote Sull-Traube<\/li>\n<li>Kiwi Passionsfrucht Guave<\/li>\n<li>Doppelter Apfel<\/li>\n<li>Blaubeereis<\/li>\n<li>Gummib\u00e4rchen<\/li>\n<li>Erdbeer-Wassermelone Bubble Gum<\/li>\n<li>Wassermelone Eis<\/li>\n<li>Pfirsich Mango Wassermelone<\/li>\n<li>Erdbeer-Kiwi<\/li>\n<li>Gemischte Beeren<\/li>\n<\/ol>\n<h2><strong>Packliste:<\/strong><\/h2>\n<p>1St\u00fcck pro Einzelkarton<\/p>\n<p>10 Stck. pro Mittelkarton<\/p>\n<p>200St\u00fcck pro Karton<\/p>\n<figure id=\"attachment_18991\" aria-describedby=\"caption-attachment-18991\" style=\"width: 800px\" class=\"wp-caption alignnone\"><img loading=\"lazy\" decoding=\"async\" class=\"wp-image-18991 size-full\" title=\"Gro\u00dfhandel RAZZ BAR 16000 Puffs Einweg vape 9\" src=\"https:\/\/www.vapeswholesaler.com\/wp-content\/uploads\/2024\/08\/Wholesale-RAZZ-BAR-16000-Puffs-disposable-vape-9.webp\" alt=\"Gro\u00dfhandel RAZZ BAR 16000 Puffs Einweg vape 9\" width=\"800\" height=\"800\" srcset=\"https:\/\/www.vapeswholesaler.com\/wp-content\/uploads\/2024\/08\/Wholesale-RAZZ-BAR-16000-Puffs-disposable-vape-9.webp 800w, https:\/\/www.vapeswholesaler.com\/wp-content\/uploads\/2024\/08\/Wholesale-RAZZ-BAR-16000-Puffs-disposable-vape-9-300x300.webp 300w, https:\/\/www.vapeswholesaler.com\/wp-content\/uploads\/2024\/08\/Wholesale-RAZZ-BAR-16000-Puffs-disposable-vape-9-150x150.webp 150w, https:\/\/www.vapeswholesaler.com\/wp-content\/uploads\/2024\/08\/Wholesale-RAZZ-BAR-16000-Puffs-disposable-vape-9-768x768.webp 768w, https:\/\/www.vapeswholesaler.com\/wp-content\/uploads\/2024\/08\/Wholesale-RAZZ-BAR-16000-Puffs-disposable-vape-9-12x12.webp 12w, https:\/\/www.vapeswholesaler.com\/wp-content\/uploads\/2024\/08\/Wholesale-RAZZ-BAR-16000-Puffs-disposable-vape-9-247x247.webp 247w, https:\/\/www.vapeswholesaler.com\/wp-content\/uploads\/2024\/08\/Wholesale-RAZZ-BAR-16000-Puffs-disposable-vape-9-510x510.webp 510w, https:\/\/www.vapeswholesaler.com\/wp-content\/uploads\/2024\/08\/Wholesale-RAZZ-BAR-16000-Puffs-disposable-vape-9-100x100.webp 100w\" sizes=\"auto, (max-width: 800px) 100vw, 800px\" \/><figcaption id=\"caption-attachment-18991\" class=\"wp-caption-text\">Gro\u00dfhandel RAZZ BAR 16000 Puffs wegwerfbare vape<\/figcaption><\/figure>\n<p>&nbsp;<\/p>","protected":false},"excerpt":{"rendered":"<p>Mindestbestellmenge: <strong>50St\u00fcck<\/strong>\u00a0(Geschmacksrichtungen mischen) \uff08<strong>2%\uff0c5% Nic<\/strong>\uff09<\/p>\n<p><strong>Kostenloser Versand<\/strong><\/p>\n<p><em><strong>Hinweis<\/strong><\/em>: Wir versenden aus europ\u00e4ischen Lagern, und die Versandzeit wird etwa sein <strong>5-6<\/strong> Tage. Die Produktgeb\u00fchr und die Versandgeb\u00fchr m\u00fcssen separat auf verschiedene Zahlungskonten bezahlt werden. Nachdem Sie die Bestellung abgeschickt haben, schicken Sie mir bitte eine Nachricht per WhatsApp und ich werde Ihnen sagen, wie Sie die Bestellung bezahlen k\u00f6nnen. Ich danke Ihnen.<\/p>","protected":false},"featured_media":18990,"comment_status":"open","ping_status":"closed","template":"","meta":[],"product_cat":[15],"product_tag":[373,384,385],"class_list":{"0":"post-18992","1":"product","2":"type-product","3":"status-publish","4":"has-post-thumbnail","6":"product_cat-disposable-vape","7":"product_tag-europe-warehouse","8":"product_tag-razz-bar","9":"product_tag-16000-puffs","10":"product_brand-razzbar","12":"first","13":"outofstock","14":"shipping-taxable","15":"purchasable","16":"product-type-variable","17":"has-default-attributes"},"aioseo_notices":[],"_links":{"self":[{"href":"https:\/\/www.vapeswholesaler.com\/de\/wp-json\/wp\/v2\/product\/18992","targetHints":{"allow":["GET"]}}],"collection":[{"href":"https:\/\/www.vapeswholesaler.com\/de\/wp-json\/wp\/v2\/product"}],"about":[{"href":"https:\/\/www.vapeswholesaler.com\/de\/wp-json\/wp\/v2\/types\/product"}],"replies":[{"embeddable":true,"href":"https:\/\/www.vapeswholesaler.com\/de\/wp-json\/wp\/v2\/comments?post=18992"}],"wp:featuredmedia":[{"embeddable":true,"href":"https:\/\/www.vapeswholesaler.com\/de\/wp-json\/wp\/v2\/media\/18990"}],"wp:attachment":[{"href":"https:\/\/www.vapeswholesaler.com\/de\/wp-json\/wp\/v2\/media?parent=18992"}],"wp:term":[{"taxonomy":"product_cat","embeddable":true,"href":"https:\/\/www.vapeswholesaler.com\/de\/wp-json\/wp\/v2\/product_cat?post=18992"},{"taxonomy":"product_tag","embeddable":true,"href":"https:\/\/www.vapeswholesaler.com\/de\/wp-json\/wp\/v2\/product_tag?post=18992"}],"curies":[{"name":"wp","href":"https:\/\/api.w.org\/{rel}","templated":true}]}}