{"id":18942,"date":"2024-07-30T15:32:26","date_gmt":"2024-07-30T07:32:26","guid":{"rendered":"https:\/\/www.vapeswholesaler.com\/?post_type=product&#038;p=18942"},"modified":"2025-03-18T15:35:19","modified_gmt":"2025-03-18T07:35:19","slug":"groshandel-lavie-vigor-15000-puffs-einweg-vapes","status":"publish","type":"product","link":"https:\/\/www.vapeswholesaler.com\/de\/produkt\/groshandel-lavie-vigor-15000-puffs-einweg-vapes","title":{"rendered":"Gro\u00dfhandel LAVIE VIGOR 15000 puffs Einweg vapes"},"content":{"rendered":"<p><a href=\"https:\/\/www.vapeswholesaler.com\/de\/produkt_marke\/lavie\/\">Lavie<\/a> Vigor 15000 Puffs ist das neueste Einwegprodukt. Das gr\u00f6\u00dfte Merkmal dieses Produkts ist, dass die Patronen ersetzt werden k\u00f6nnen. Sie k\u00f6nnen verschiedene Geschmacksrichtungen mit einem Ger\u00e4t genie\u00dfen. Auch k\u00f6nnen wir Gro\u00dfhandel Patronen der verschiedenen Geschmacksrichtungen getrennt.<\/p>\n<p>Die Einweg nimmt eine transparente Tank-Design, so dass Benutzer die Verwendung von e-Fl\u00fcssigkeit jederzeit verstehen k\u00f6nnen. Es enth\u00e4lt 18ml 0\/2%\/3%\/5% Nikotinsalz E-Saft und vape bis zu 15000 Z\u00fcge. Es gibt 12 Geschmacksrichtungen f\u00fcr Sie zu w\u00e4hlen. Mit der Kapazit\u00e4t von 18ml vorgef\u00fclltem E-Liquid kann der Lavie Vigor 15000 Puffs f\u00fcr eine lange Zeit verwendet werden. Die 550mAh Hochleistungs-Lithium-Batterie kann die Lebensdauer der Batterie f\u00fcr den ganzen Tag zu gew\u00e4hrleisten. Es gibt 6 verschiedene Lichtfarben, die die verschiedenen Batteriestufen anzeigen, es ist einfach, den Energiestatus der Batterie herauszufinden. Mit dem Typ-C-Schnellladeanschluss kann der Akku in 30 Minuten vollst\u00e4ndig aufgeladen werden. Die Unterseite des Produkts hat einen Schalter Design f\u00fcr die Einstellung Luftstrom, um die vape Bed\u00fcrfnisse von jedermann zu erf\u00fcllen.<\/p>\n<p>Unser Unternehmen hat langfristige Spot-Lieferung. Sobald wir die Zahlung des Kunden erhalten, k\u00f6nnen wir es am selben Tag versenden. wir machen die Lieferung verzollt Service. wir akzeptieren die Revolut, Wise, Geld\u00fcberweisung und Western Union, wir haben Local Bank Account Number, die Kunden zahlen die Bestellung sehr einfach und Sicherheit.<\/p>\n<h2><strong><a href=\"https:\/\/www.facebook.com\/fred.luo.58\/\">Lavie<\/a> Vigor 15000 Puffs Geschmacksrichtungen:<\/strong><\/h2>\n<ol>\n<li>Meersalz-Zitrone<\/li>\n<li>Geeiste Traube<\/li>\n<li>Mango-Eis<\/li>\n<li>\u00a0Doppelter Apfel<\/li>\n<li>Erdbeereis<\/li>\n<li>Menthol-Eis<\/li>\n<li>Schwarze Johannisbeere<\/li>\n<li>Wassermelonen-Eis<\/li>\n<li>Wassermelone-Litschi<\/li>\n<li>Zitronen-Cola<\/li>\n<li>Geeiste Litschi<\/li>\n<li>Wassermelone Erdbeere<\/li>\n<\/ol>\n<h2><strong>Merkmale:<\/strong><\/h2>\n<ul>\n<li>Gr\u00f6\u00dfe:51*25.7*86mm<\/li>\n<li>Akku: 550mAh (600mAh f\u00fcr den koreanischen Markt)<\/li>\n<li>Puff: 15000 Puff<\/li>\n<li>Fassungsverm\u00f6gen des Elixiers: 18ml<\/li>\n<li>Salz Nic.2%,5%.OEM<\/li>\n<li>Nettogewicht: 74,2 g<\/li>\n<li>Mesh-Spule: Dual-Mesh-Spule<\/li>\n<li>Material: PC\uff0c PCTG<\/li>\n<li>Widerstand:1.0\u03a9<\/li>\n<li>Typ:Typ C Ladeger\u00e4t<\/li>\n<\/ul>\n<h2><strong>Einzelheiten zur Verpackung:<\/strong><\/h2>\n<p>Kartongr\u00f6\u00dfe:560*318*218mm<br \/>\nCBM:0,04<br \/>\nGewicht der Verpackung:<br \/>\nN\/W: KG<br \/>\nG\/B:19KG<br \/>\nMenge: 200PCS\/Karton<\/p>\n<p>&nbsp;<\/p>","protected":false},"excerpt":{"rendered":"<p>Mindestbestellmenge:\u00a0<strong>50St\u00fcck <\/strong>(Geschmacksrichtungen mischen)\u00a0\u00a0<strong>Kostenloser Versand<\/strong><\/p>\n<p>(<strong>2%, 5% Nic<\/strong>)<\/p>","protected":false},"featured_media":18941,"comment_status":"open","ping_status":"closed","template":"","meta":[],"product_cat":[15],"product_tag":[375,393],"class_list":{"0":"post-18942","1":"product","2":"type-product","3":"status-publish","4":"has-post-thumbnail","6":"product_cat-disposable-vape","7":"product_tag-15000-puffs","8":"product_tag-lavie","9":"product_brand-lavie","11":"first","12":"instock","13":"shipping-taxable","14":"purchasable","15":"product-type-variable","16":"has-default-attributes"},"aioseo_notices":[],"_links":{"self":[{"href":"https:\/\/www.vapeswholesaler.com\/de\/wp-json\/wp\/v2\/product\/18942","targetHints":{"allow":["GET"]}}],"collection":[{"href":"https:\/\/www.vapeswholesaler.com\/de\/wp-json\/wp\/v2\/product"}],"about":[{"href":"https:\/\/www.vapeswholesaler.com\/de\/wp-json\/wp\/v2\/types\/product"}],"replies":[{"embeddable":true,"href":"https:\/\/www.vapeswholesaler.com\/de\/wp-json\/wp\/v2\/comments?post=18942"}],"wp:featuredmedia":[{"embeddable":true,"href":"https:\/\/www.vapeswholesaler.com\/de\/wp-json\/wp\/v2\/media\/18941"}],"wp:attachment":[{"href":"https:\/\/www.vapeswholesaler.com\/de\/wp-json\/wp\/v2\/media?parent=18942"}],"wp:term":[{"taxonomy":"product_cat","embeddable":true,"href":"https:\/\/www.vapeswholesaler.com\/de\/wp-json\/wp\/v2\/product_cat?post=18942"},{"taxonomy":"product_tag","embeddable":true,"href":"https:\/\/www.vapeswholesaler.com\/de\/wp-json\/wp\/v2\/product_tag?post=18942"}],"curies":[{"name":"wp","href":"https:\/\/api.w.org\/{rel}","templated":true}]}}