{"id":18809,"date":"2024-07-24T16:11:23","date_gmt":"2024-07-24T08:11:23","guid":{"rendered":"https:\/\/www.vapeswholesaler.com\/?post_type=product&#038;p=18809"},"modified":"2025-03-05T15:39:29","modified_gmt":"2025-03-05T07:39:29","slug":"groshandel-elf-box-puls-x-25000-puffs-einweg-moq-100pcs","status":"publish","type":"product","link":"https:\/\/www.vapeswholesaler.com\/de\/produkt\/groshandel-elf-box-puls-x-25000-puffs-einweg-moq-100pcs","title":{"rendered":"Gro\u00dfhandel ELF BOX PULSE X 25000 Puffs Einweg Vape"},"content":{"rendered":"<div><a href=\"https:\/\/www.vapeswholesaler.com\/de\/produkt_marke\/elfenkiste\/\">ELF BOX<\/a> Der PULSE X 25000 Puffs Disposable Vape wurde f\u00fcr Dampfer entwickelt, die in Bezug auf Geschmack, Technologie und Komfort h\u00f6chste Anspr\u00fcche stellen. Ob zu Hause, bei der Arbeit oder unterwegs, der Pulse X ist Ihr idealer Begleiter und bietet ein unvergleichlich raffiniertes Dampferlebnis. Genie\u00dfen Sie die reichhaltigen Aromen und die hochmoderne Leistung des ELF BOX PULSE X - Ihr Tor zum ultimativen Dampferlebnis.<\/div>\n<div><\/div>\n<div>ELF BOX PULSE X 25000 Z\u00fcge Zwei Vaping-Modi: W\u00e4hlen Sie den regul\u00e4ren Modus f\u00fcr ein gleichm\u00e4\u00dfiges, ausdauerndes Erlebnis mit bis zu 25.000 Z\u00fcgen, oder schalten Sie in den Pulsmodus f\u00fcr eine lebendige, intensive Geschmacksreise mit 15.000 Z\u00fcgen.<\/div>\n<div><\/div>\n<div>Mit der Nikotinst\u00e4rke 0%\/2%\/3%\/5% liefert der ELF BOX PULSE X 25000 Puffs befriedigende Hits, Advanced Dual Mesh Coil: Konsistenter Geschmack und beeindruckende Dampfproduktion sind w\u00e4hrend der gesamten Lebensdauer des Ger\u00e4ts garantiert.<\/div>\n<h2><strong>ELF BOX PULSE X 25000 Puffs Eigenschaften:<\/strong><\/h2>\n<ul>\n<li>Typen:Einweg<\/li>\n<li>Regul\u00e4r: 25000 Puffs<\/li>\n<li>Puls: 15000 Puffs<\/li>\n<li>Dual Mesh Spule: 0.8ohm+0.8ohm<\/li>\n<li>E-Fl\u00fcssigkeit:18ml<\/li>\n<li>Nicotine:0%\/2%\/3%\/5%<\/li>\n<li>Akku:13500-750mah<\/li>\n<li>3D gekr\u00fcmmter Bildschirm<\/li>\n<li>AI-Leistungsanpassung,VPU Inside<\/li>\n<li>Impulsleistung, Super Boost<\/li>\n<li>Wiederaufladbar:Typ-C<\/li>\n<\/ul>\n<h2><strong>ELF-BOX-IMPULS X 25000 <\/strong><strong>Geschm\u00e4cker:<\/strong><\/h2>\n<ol>\n<li>Erdbeere Wassermelone<\/li>\n<li>Kirsche Soda<\/li>\n<li>Pfirsich-Eis<\/li>\n<li>Kiwi Passionsfrucht<\/li>\n<li>\u00dcppiges Eis<\/li>\n<li>Red Bull<\/li>\n<li>Traubeneis<\/li>\n<li>Blaues Razzeis<\/li>\n<li>Erdbeere-Banane<\/li>\n<li>Erdbeereis<\/li>\n<\/ol>\n<h2><strong>Einzelheiten zur Verpackung:<\/strong><\/h2>\n<div>Produktgewicht: 100g\/St\u00fcck<\/div>\n<div>Produktgr\u00f6\u00dfe:91.5*56.5*28.5mm<\/div>\n<div>Gr\u00f6\u00dfe des Kartons: 375*370*226mm<\/div>\n<div>Menge: 100 Stck.\/Ktn.  5Stk\/Karton<\/div>\n<div>Gesamtgewicht: 11,7 kg<\/div>\n<div><\/div>\n<div><\/div>\n<div><\/div>\n<div><\/div>\n<div>\n<figure id=\"attachment_18792\" aria-describedby=\"caption-attachment-18792\" style=\"width: 800px\" class=\"wp-caption alignnone\"><img loading=\"lazy\" decoding=\"async\" class=\"wp-image-18792 size-full\" title=\"Gro\u00dfhandel ELF BOX PULSE X 25000 Puffs Einweg vape 6\" src=\"https:\/\/www.vapeswholesaler.com\/wp-content\/uploads\/2024\/07\/Wholesale-ELF-BOX-PULSE-X-25000-Puffs-disposable-vape-6.webp\" alt=\"Gro\u00dfhandel ELF BOX PULSE X 25000 Puffs Einweg vape 6\" width=\"800\" height=\"800\" srcset=\"https:\/\/www.vapeswholesaler.com\/wp-content\/uploads\/2024\/07\/Wholesale-ELF-BOX-PULSE-X-25000-Puffs-disposable-vape-6.webp 800w, https:\/\/www.vapeswholesaler.com\/wp-content\/uploads\/2024\/07\/Wholesale-ELF-BOX-PULSE-X-25000-Puffs-disposable-vape-6-300x300.webp 300w, https:\/\/www.vapeswholesaler.com\/wp-content\/uploads\/2024\/07\/Wholesale-ELF-BOX-PULSE-X-25000-Puffs-disposable-vape-6-150x150.webp 150w, https:\/\/www.vapeswholesaler.com\/wp-content\/uploads\/2024\/07\/Wholesale-ELF-BOX-PULSE-X-25000-Puffs-disposable-vape-6-768x768.webp 768w, https:\/\/www.vapeswholesaler.com\/wp-content\/uploads\/2024\/07\/Wholesale-ELF-BOX-PULSE-X-25000-Puffs-disposable-vape-6-12x12.webp 12w, https:\/\/www.vapeswholesaler.com\/wp-content\/uploads\/2024\/07\/Wholesale-ELF-BOX-PULSE-X-25000-Puffs-disposable-vape-6-247x247.webp 247w, https:\/\/www.vapeswholesaler.com\/wp-content\/uploads\/2024\/07\/Wholesale-ELF-BOX-PULSE-X-25000-Puffs-disposable-vape-6-510x510.webp 510w, https:\/\/www.vapeswholesaler.com\/wp-content\/uploads\/2024\/07\/Wholesale-ELF-BOX-PULSE-X-25000-Puffs-disposable-vape-6-100x100.webp 100w\" sizes=\"auto, (max-width: 800px) 100vw, 800px\" \/><figcaption id=\"caption-attachment-18792\" class=\"wp-caption-text\">Gro\u00dfhandel ELF BOX PULSE X 25000 Puffs Einweg vape<\/figcaption><\/figure>\n<p><img loading=\"lazy\" decoding=\"async\" class=\"alignnone wp-image-18794 size-full\" title=\"Gro\u00dfhandel ELF BOX PULSE X 25000 Puffs Einweg vape 8\" src=\"https:\/\/www.vapeswholesaler.com\/wp-content\/uploads\/2024\/07\/Wholesale-ELF-BOX-PULSE-X-25000-Puffs-disposable-vape-8.webp\" alt=\"Gro\u00dfhandel ELF BOX PULSE X 25000 Puffs Einweg vape 8\" width=\"800\" height=\"800\" srcset=\"https:\/\/www.vapeswholesaler.com\/wp-content\/uploads\/2024\/07\/Wholesale-ELF-BOX-PULSE-X-25000-Puffs-disposable-vape-8.webp 800w, https:\/\/www.vapeswholesaler.com\/wp-content\/uploads\/2024\/07\/Wholesale-ELF-BOX-PULSE-X-25000-Puffs-disposable-vape-8-300x300.webp 300w, https:\/\/www.vapeswholesaler.com\/wp-content\/uploads\/2024\/07\/Wholesale-ELF-BOX-PULSE-X-25000-Puffs-disposable-vape-8-150x150.webp 150w, https:\/\/www.vapeswholesaler.com\/wp-content\/uploads\/2024\/07\/Wholesale-ELF-BOX-PULSE-X-25000-Puffs-disposable-vape-8-768x768.webp 768w, https:\/\/www.vapeswholesaler.com\/wp-content\/uploads\/2024\/07\/Wholesale-ELF-BOX-PULSE-X-25000-Puffs-disposable-vape-8-12x12.webp 12w, https:\/\/www.vapeswholesaler.com\/wp-content\/uploads\/2024\/07\/Wholesale-ELF-BOX-PULSE-X-25000-Puffs-disposable-vape-8-247x247.webp 247w, https:\/\/www.vapeswholesaler.com\/wp-content\/uploads\/2024\/07\/Wholesale-ELF-BOX-PULSE-X-25000-Puffs-disposable-vape-8-510x510.webp 510w, https:\/\/www.vapeswholesaler.com\/wp-content\/uploads\/2024\/07\/Wholesale-ELF-BOX-PULSE-X-25000-Puffs-disposable-vape-8-100x100.webp 100w\" sizes=\"auto, (max-width: 800px) 100vw, 800px\" \/><\/p>\n<\/div>","protected":false},"excerpt":{"rendered":"<p>Mindestbestellmenge:\u00a0<strong>50 STCK.<\/strong>\u00a0(Geschmacksrichtungen mischen)\u00a0\u00a0<strong>Kostenloser Versand<\/strong><\/p>\n<p>(<strong>2%, 5% Nic<\/strong>)<\/p>","protected":false},"featured_media":18787,"comment_status":"open","ping_status":"closed","template":"","meta":[],"product_cat":[15],"product_tag":[],"class_list":{"0":"post-18809","1":"product","2":"type-product","3":"status-publish","4":"has-post-thumbnail","6":"product_cat-disposable-vape","7":"product_brand-elf-box","9":"first","10":"instock","11":"shipping-taxable","12":"purchasable","13":"product-type-variable","14":"has-default-attributes"},"aioseo_notices":[],"_links":{"self":[{"href":"https:\/\/www.vapeswholesaler.com\/de\/wp-json\/wp\/v2\/product\/18809","targetHints":{"allow":["GET"]}}],"collection":[{"href":"https:\/\/www.vapeswholesaler.com\/de\/wp-json\/wp\/v2\/product"}],"about":[{"href":"https:\/\/www.vapeswholesaler.com\/de\/wp-json\/wp\/v2\/types\/product"}],"replies":[{"embeddable":true,"href":"https:\/\/www.vapeswholesaler.com\/de\/wp-json\/wp\/v2\/comments?post=18809"}],"wp:featuredmedia":[{"embeddable":true,"href":"https:\/\/www.vapeswholesaler.com\/de\/wp-json\/wp\/v2\/media\/18787"}],"wp:attachment":[{"href":"https:\/\/www.vapeswholesaler.com\/de\/wp-json\/wp\/v2\/media?parent=18809"}],"wp:term":[{"taxonomy":"product_cat","embeddable":true,"href":"https:\/\/www.vapeswholesaler.com\/de\/wp-json\/wp\/v2\/product_cat?post=18809"},{"taxonomy":"product_tag","embeddable":true,"href":"https:\/\/www.vapeswholesaler.com\/de\/wp-json\/wp\/v2\/product_tag?post=18809"}],"curies":[{"name":"wp","href":"https:\/\/api.w.org\/{rel}","templated":true}]}}