{"id":18664,"date":"2024-07-19T17:05:29","date_gmt":"2024-07-19T09:05:29","guid":{"rendered":"https:\/\/www.vapeswholesaler.com\/?post_type=product&#038;p=18664"},"modified":"2026-04-16T14:05:13","modified_gmt":"2026-04-16T06:05:13","slug":"groshandel-razz-bar-15000-puffs-einweg-vape","status":"publish","type":"product","link":"https:\/\/www.vapeswholesaler.com\/de\/produkt\/groshandel-razz-bar-15000-puffs-einweg-vape","title":{"rendered":"Gro\u00dfhandel RAZZ BAR 15000 Puffs Einweg vape"},"content":{"rendered":"<div><a href=\"https:\/\/www.vapeswholesaler.com\/de\/produkt_marke\/razzbar\/\">RAZZ BAR<\/a> 15000 Puffs ist eine revolution\u00e4re elektronische Einwegzigarette, die mit einem wiederaufladbaren Ger\u00e4t \u00fcber einen USB-Typ-C-Anschluss ausgestattet ist. Mit ihrem leistungsstarken 650-mAh-Akku und ihrem 26-ml-Tank bietet sie bis zu 15.000 Z\u00fcge Dampfgenuss. W\u00e4hlen Sie aus unseren 10 exquisiten D\u00fcften f\u00fcr ein individuelles Erlebnis bei jedem Zug. Genie\u00dfen Sie ultimative Praktikabilit\u00e4t in Kombination mit au\u00dfergew\u00f6hnlicher Leistung mit dem Razz bar 15000 Puffs.<\/div>\n<div><\/div>\n<div>Sie ist mit einem hochmodernen elektronischen Saft vorgef\u00fcllt, der den Geschmack und die S\u00fc\u00dfe f\u00fcr ein sanftes und befriedigendes Dampferlebnis perfekt einkapselt. Sein auslaufsicheres Design begrenzt Pandemonium so weit wie m\u00f6glich, und seine transparenten Fenster lassen Benutzer sehen, wie viel elektronische Fl\u00fcssigkeit in den E-Zigaretten gelassen wird, garantiert kontinuierliche E-Zigarette Freude.<\/div>\n<div><\/div>\n<h2><strong><a href=\"https:\/\/www.facebook.com\/fred.luo.58\/\">RAZZ BAR<\/a> 15000 Puffs Merkmal:<\/strong><\/h2>\n<ul>\n<li>Puffs: Bis zu 15000 Z\u00fcge<\/li>\n<li>Fl\u00fcssigkeit: 26 mL Vorgef\u00fcllt<\/li>\n<li>Nikotin: 0% 2% 3% 5%<\/li>\n<li>Kern: Masche Spule 0.8\u03a9<\/li>\n<li>Akku: 650mAh wiederaufladbar Typ-C<\/li>\n<\/ul>\n<h2><strong>Geschm\u00e4cker:<\/strong><\/h2>\n<div>1. himbeerfarbener Karamell<br \/>\n2. erdbeereis<br \/>\n3. das Red Bull Eis<br \/>\n4 Kiwi Passionsfrucht Guave<br \/>\n5. mamba<br \/>\n6 Blaubeere auf Eis<br \/>\n7.Pfirsich-Eis<br \/>\n8. erdbeer kiwi<br \/>\n9 Wassermeloneneis<br \/>\n10.pfirsich mango ananas<br \/>\n11. wassermelonischer Kaugummi<br \/>\n12.gemischte Beeren<br \/>\n13.blaubeere himbeere zitrone<br \/>\n14. zitronengelbe Limette<br \/>\n15.Cola-Eis<br \/>\n16.Doppelter Apfel<\/div>\n<h2><strong>Packliste:<\/strong><\/h2>\n<div><\/div>\n<div>1St\u00fcck pro Einzelkarton<\/div>\n<div>10 St\u00fcck pro Mittelkarton<\/div>\n<div>200St\u00fcck pro Karton<\/div>\n<div><\/div>\n<div>\n<figure id=\"attachment_18663\" aria-describedby=\"caption-attachment-18663\" style=\"width: 800px\" class=\"wp-caption alignnone\"><img loading=\"lazy\" decoding=\"async\" class=\"wp-image-18663 size-full\" title=\"Gro\u00dfhandel RAZZ BAR 15000 Puffs Einweg vape 10\" src=\"https:\/\/www.vapeswholesaler.com\/wp-content\/uploads\/2024\/07\/Wholesale-RAZZ-BAR-15000-Puffs-Disposable-vape-10.webp\" alt=\"Gro\u00dfhandel RAZZ BAR 15000 Puffs Einweg vape 10\" width=\"800\" height=\"800\" srcset=\"https:\/\/www.vapeswholesaler.com\/wp-content\/uploads\/2024\/07\/Wholesale-RAZZ-BAR-15000-Puffs-Disposable-vape-10.webp 800w, https:\/\/www.vapeswholesaler.com\/wp-content\/uploads\/2024\/07\/Wholesale-RAZZ-BAR-15000-Puffs-Disposable-vape-10-300x300.webp 300w, https:\/\/www.vapeswholesaler.com\/wp-content\/uploads\/2024\/07\/Wholesale-RAZZ-BAR-15000-Puffs-Disposable-vape-10-150x150.webp 150w, https:\/\/www.vapeswholesaler.com\/wp-content\/uploads\/2024\/07\/Wholesale-RAZZ-BAR-15000-Puffs-Disposable-vape-10-768x768.webp 768w, https:\/\/www.vapeswholesaler.com\/wp-content\/uploads\/2024\/07\/Wholesale-RAZZ-BAR-15000-Puffs-Disposable-vape-10-12x12.webp 12w, https:\/\/www.vapeswholesaler.com\/wp-content\/uploads\/2024\/07\/Wholesale-RAZZ-BAR-15000-Puffs-Disposable-vape-10-247x247.webp 247w, https:\/\/www.vapeswholesaler.com\/wp-content\/uploads\/2024\/07\/Wholesale-RAZZ-BAR-15000-Puffs-Disposable-vape-10-510x510.webp 510w, https:\/\/www.vapeswholesaler.com\/wp-content\/uploads\/2024\/07\/Wholesale-RAZZ-BAR-15000-Puffs-Disposable-vape-10-100x100.webp 100w\" sizes=\"auto, (max-width: 800px) 100vw, 800px\" \/><figcaption id=\"caption-attachment-18663\" class=\"wp-caption-text\">Gro\u00dfhandel RAZZ BAR 15000 Puffs Einweg vape<\/figcaption><\/figure>\n<\/div>","protected":false},"excerpt":{"rendered":"<p>Mindestbestellmenge: <strong>50St\u00fcck<\/strong>\u00a0(Geschmacksrichtungen mischen) (<strong>2%,5% Nic<\/strong>)<\/p>\n<p><strong>Kostenloser Versand<\/strong><\/p>\n<p><em><strong>Hinweis<\/strong><\/em>: We ship from China warehouses, and the shipping time will be takes about 1<strong>5-16<\/strong> Tage. Die Produktgeb\u00fchr und die Versandgeb\u00fchr m\u00fcssen separat auf verschiedene Zahlungskonten bezahlt werden. Nachdem Sie die Bestellung abgeschickt haben, schicken Sie mir bitte eine Nachricht per WhatsApp und ich werde Ihnen sagen, wie Sie die Bestellung bezahlen k\u00f6nnen. Ich danke Ihnen.<\/p>","protected":false},"featured_media":18654,"comment_status":"open","ping_status":"closed","template":"","meta":[],"product_cat":[15],"product_tag":[375,384,414],"class_list":{"0":"post-18664","1":"product","2":"type-product","3":"status-publish","4":"has-post-thumbnail","6":"product_cat-disposable-vape","7":"product_tag-15000-puffs","8":"product_tag-razz-bar","9":"product_tag-razz-bar-15k","10":"product_brand-razzbar","12":"first","13":"outofstock","14":"shipping-taxable","15":"purchasable","16":"product-type-variable","17":"has-default-attributes"},"aioseo_notices":[],"_links":{"self":[{"href":"https:\/\/www.vapeswholesaler.com\/de\/wp-json\/wp\/v2\/product\/18664","targetHints":{"allow":["GET"]}}],"collection":[{"href":"https:\/\/www.vapeswholesaler.com\/de\/wp-json\/wp\/v2\/product"}],"about":[{"href":"https:\/\/www.vapeswholesaler.com\/de\/wp-json\/wp\/v2\/types\/product"}],"replies":[{"embeddable":true,"href":"https:\/\/www.vapeswholesaler.com\/de\/wp-json\/wp\/v2\/comments?post=18664"}],"wp:featuredmedia":[{"embeddable":true,"href":"https:\/\/www.vapeswholesaler.com\/de\/wp-json\/wp\/v2\/media\/18654"}],"wp:attachment":[{"href":"https:\/\/www.vapeswholesaler.com\/de\/wp-json\/wp\/v2\/media?parent=18664"}],"wp:term":[{"taxonomy":"product_cat","embeddable":true,"href":"https:\/\/www.vapeswholesaler.com\/de\/wp-json\/wp\/v2\/product_cat?post=18664"},{"taxonomy":"product_tag","embeddable":true,"href":"https:\/\/www.vapeswholesaler.com\/de\/wp-json\/wp\/v2\/product_tag?post=18664"}],"curies":[{"name":"wp","href":"https:\/\/api.w.org\/{rel}","templated":true}]}}