{"id":18594,"date":"2024-07-17T16:01:32","date_gmt":"2024-07-17T08:01:32","guid":{"rendered":"https:\/\/www.vapeswholesaler.com\/?post_type=product&#038;p=18594"},"modified":"2025-05-25T08:38:13","modified_gmt":"2025-05-25T00:38:13","slug":"groshandel-razz-bar-10000-puffs-einweg-vape","status":"publish","type":"product","link":"https:\/\/www.vapeswholesaler.com\/de\/produkt\/groshandel-razz-bar-10000-puffs-einweg-vape","title":{"rendered":"Gro\u00dfhandel RAZZ BAR 10000 Puffs Einweg Vape"},"content":{"rendered":"<div><a href=\"https:\/\/www.vapeswholesaler.com\/de\/produkt_marke\/razzbar\/\">RAZZ BAR<\/a> 10000 Puffs Tauchen Sie ein in ein erfrischendes und prickelndes Erlebnis mit der wiederaufladbaren elektronischen Zigarette Puff 10000 mit dem k\u00f6stlichen Aroma von Iced Cola, angeboten von RAZZ BAR. Entwickelt f\u00fcr Vaping-Enthusiasten auf der Suche nach einem Gef\u00fchl von intensiver Frische und prickelnden Aromen, kombiniert dieses Einweg-Wunder perfekt Eleganz, Leistung und Geschmack.<\/div>\n<div><\/div>\n<h2><strong><a href=\"https:\/\/www.facebook.com\/fred.luo.58\/\">RAZZ BAR<\/a> 10000 Puffs Merkmale:<\/strong><\/h2>\n<ul>\n<li>Nachf\u00fcllbar in Fl\u00fcssigkeit<\/li>\n<li>Gro\u00dfz\u00fcgiges Fassungsverm\u00f6gen: 20ml<\/li>\n<li>Leistungsstarke Batterie: 650mH<\/li>\n<li>Einstellbarer Luftstrom:<\/li>\n<li>Nikotin-Optionen: W\u00e4hlen Sie zwischen einer Formulierung mit oder ohne Nikotin f\u00fcr ein auf Ihre pers\u00f6nlichen Vorlieben zugeschnittenes Dampferlebnis.<\/li>\n<\/ul>\n<h2><strong>Geschm\u00e4cker:<\/strong><\/h2>\n<ol>\n<li>Red Bull Ice<\/li>\n<li>\u00dcppiges Eis<\/li>\n<li>Pfirsich-Eis<\/li>\n<li>Blaubeereis<\/li>\n<li>Kiwi Passionsfrucht Guave<\/li>\n<li>Kirsche Eis<\/li>\n<li>Gemischte Beeren<\/li>\n<li>Pfirsich Mango Ananas<\/li>\n<li>Heidelbeere Kirsche Cranberry<\/li>\n<li>Gummib\u00e4rchen<\/li>\n<li>Erdbeer-Kiwi<\/li>\n<li>Cola-Eis<\/li>\n<li>Erdbeereis<\/li>\n<li>Wassermelone Eis<\/li>\n<\/ol>\n<h2><strong>Packliste:<\/strong><\/h2>\n<div><\/div>\n<div>1St\u00fcck pro Einzelkarton<\/div>\n<div>10 St\u00fcck pro Mittelkarton<\/div>\n<div>200St\u00fcck pro Karton<\/div>\n<div><\/div>\n<div>\n<figure id=\"attachment_18591\" aria-describedby=\"caption-attachment-18591\" style=\"width: 800px\" class=\"wp-caption alignnone\"><img loading=\"lazy\" decoding=\"async\" class=\"wp-image-18591 size-full\" title=\"Gro\u00dfhandel RAZZ BAR 10000 Puffs Einweg Vape 7\" src=\"https:\/\/www.vapeswholesaler.com\/wp-content\/uploads\/2024\/07\/Wholesale-RAZZ-BAR-10000-Puffs-Disposable-Vape-7.webp\" alt=\"Gro\u00dfhandel RAZZ BAR 10000 Puffs Einweg Vape 7\" width=\"800\" height=\"800\" srcset=\"https:\/\/www.vapeswholesaler.com\/wp-content\/uploads\/2024\/07\/Wholesale-RAZZ-BAR-10000-Puffs-Disposable-Vape-7.webp 800w, https:\/\/www.vapeswholesaler.com\/wp-content\/uploads\/2024\/07\/Wholesale-RAZZ-BAR-10000-Puffs-Disposable-Vape-7-300x300.webp 300w, https:\/\/www.vapeswholesaler.com\/wp-content\/uploads\/2024\/07\/Wholesale-RAZZ-BAR-10000-Puffs-Disposable-Vape-7-150x150.webp 150w, https:\/\/www.vapeswholesaler.com\/wp-content\/uploads\/2024\/07\/Wholesale-RAZZ-BAR-10000-Puffs-Disposable-Vape-7-768x768.webp 768w, https:\/\/www.vapeswholesaler.com\/wp-content\/uploads\/2024\/07\/Wholesale-RAZZ-BAR-10000-Puffs-Disposable-Vape-7-12x12.webp 12w, https:\/\/www.vapeswholesaler.com\/wp-content\/uploads\/2024\/07\/Wholesale-RAZZ-BAR-10000-Puffs-Disposable-Vape-7-247x247.webp 247w, https:\/\/www.vapeswholesaler.com\/wp-content\/uploads\/2024\/07\/Wholesale-RAZZ-BAR-10000-Puffs-Disposable-Vape-7-510x510.webp 510w, https:\/\/www.vapeswholesaler.com\/wp-content\/uploads\/2024\/07\/Wholesale-RAZZ-BAR-10000-Puffs-Disposable-Vape-7-100x100.webp 100w\" sizes=\"auto, (max-width: 800px) 100vw, 800px\" \/><figcaption id=\"caption-attachment-18591\" class=\"wp-caption-text\">Gro\u00dfhandel RAZZ BAR 10000 Puffs Einweg Vape<\/figcaption><\/figure>\n<\/div>\n<div><\/div>","protected":false},"excerpt":{"rendered":"<p>Mindestbestellmenge: <strong>50St\u00fcck<\/strong>\u00a0(Geschmacksrichtungen mischen) (<strong>2%,5% Nic<\/strong>)<\/p>\n<p><strong>Kostenloser Versand<\/strong><\/p>\n<p><em><strong>Hinweis<\/strong><\/em>: Wir versenden aus europ\u00e4ischen Lagern, und die Versandzeit wird etwa sein <strong>5-6<\/strong> Tage. Die Produktgeb\u00fchr und die Versandgeb\u00fchr m\u00fcssen separat auf verschiedene Zahlungskonten bezahlt werden. Nachdem Sie die Bestellung abgeschickt haben, schicken Sie mir bitte eine Nachricht per WhatsApp und ich werde Ihnen sagen, wie Sie die Bestellung bezahlen k\u00f6nnen. Ich danke Ihnen.<\/p>","protected":false},"featured_media":18592,"comment_status":"open","ping_status":"closed","template":"","meta":[],"product_cat":[15],"product_tag":[373,378,384],"class_list":{"0":"post-18594","1":"product","2":"type-product","3":"status-publish","4":"has-post-thumbnail","6":"product_cat-disposable-vape","7":"product_tag-europe-warehouse","8":"product_tag-10000-puffs","9":"product_tag-razz-bar","10":"product_brand-razzbar","12":"first","13":"outofstock","14":"shipping-taxable","15":"purchasable","16":"product-type-variable","17":"has-default-attributes"},"aioseo_notices":[],"_links":{"self":[{"href":"https:\/\/www.vapeswholesaler.com\/de\/wp-json\/wp\/v2\/product\/18594","targetHints":{"allow":["GET"]}}],"collection":[{"href":"https:\/\/www.vapeswholesaler.com\/de\/wp-json\/wp\/v2\/product"}],"about":[{"href":"https:\/\/www.vapeswholesaler.com\/de\/wp-json\/wp\/v2\/types\/product"}],"replies":[{"embeddable":true,"href":"https:\/\/www.vapeswholesaler.com\/de\/wp-json\/wp\/v2\/comments?post=18594"}],"wp:featuredmedia":[{"embeddable":true,"href":"https:\/\/www.vapeswholesaler.com\/de\/wp-json\/wp\/v2\/media\/18592"}],"wp:attachment":[{"href":"https:\/\/www.vapeswholesaler.com\/de\/wp-json\/wp\/v2\/media?parent=18594"}],"wp:term":[{"taxonomy":"product_cat","embeddable":true,"href":"https:\/\/www.vapeswholesaler.com\/de\/wp-json\/wp\/v2\/product_cat?post=18594"},{"taxonomy":"product_tag","embeddable":true,"href":"https:\/\/www.vapeswholesaler.com\/de\/wp-json\/wp\/v2\/product_tag?post=18594"}],"curies":[{"name":"wp","href":"https:\/\/api.w.org\/{rel}","templated":true}]}}