{"id":18563,"date":"2024-07-15T17:22:12","date_gmt":"2024-07-15T09:22:12","guid":{"rendered":"https:\/\/www.vapeswholesaler.com\/?post_type=product&#038;p=18563"},"modified":"2025-02-23T16:47:13","modified_gmt":"2025-02-23T08:47:13","slug":"groshandel-wga-kristall-plus-20000-puffs-einweg-vape","status":"publish","type":"product","link":"https:\/\/www.vapeswholesaler.com\/de\/produkt\/groshandel-wga-kristall-plus-20000-puffs-einweg-vape","title":{"rendered":"Gro\u00dfhandel WGA Crystal Plus 20000 Puffs Einweg Vape"},"content":{"rendered":"<div><a href=\"https:\/\/www.vapeswholesaler.com\/de\/produkt_marke\/wga\/\">WGA<\/a> Crystal Plus 20000 puff ist ein Einweg-Vaporizer, ein revolution\u00e4res Ger\u00e4t, das f\u00fcr ultimativen Komfort und Anpassungsf\u00e4higkeit entwickelt wurde. Mit einem wiederaufladbaren 650mAh-Akku und einer beeindruckenden Kapazit\u00e4t von rund 20.000 Z\u00fcgen sorgt dieser Vape f\u00fcr lang anhaltenden Genuss ohne h\u00e4ufiges Aufladen. Das innovative Dual-Mesh-System erm\u00f6glicht es dem Benutzer, m\u00fchelos zwischen zwei Geschmacksrichtungen zu wechseln. Ausgestattet mit einem Display und USB-Typ-C-Ladefunktion bietet der WGA Crystal Plus 20000 ein erstklassiges Dampferlebnis.<\/div>\n<div><\/div>\n<div>Der WGA Crystal Plus 20K bietet zwei austauschbare Geschmacksrichtungen in einem einzigen Ger\u00e4t. Benutzer k\u00f6nnen leicht wechseln Aromen durch Verschieben des Mundst\u00fccks. Die WGA Crystal Plus 20K Vape ist ein gro\u00dfartiges Ger\u00e4t mit einer Batterie und einer Fl\u00fcssigkeitsstandanzeige ausgestattet, Leicht zu verstehen, die Ausr\u00fcstung Betriebsstatus.<\/div>\n<div><\/div>\n<h2><strong>WGA Crystal Plus 20000 puff Merkmale:<\/strong><\/h2>\n<div><\/div>\n<ul>\n<li>2\/5% Nikotinsalz<\/li>\n<li>650mAh-Akku<\/li>\n<li>30ml vorgef\u00fcllte e-Fl\u00fcssigkeit<\/li>\n<li>-Geschmacksrichtungen (2-in-1)<\/li>\n<li>-Zwei Maschen Spule<\/li>\n<li>-Typ-C-Laden<\/li>\n<li>-MTL Vaping<\/li>\n<li>-10 St\u00fcck in einem Displaykarton<\/li>\n<\/ul>\n<div><\/div>\n<h2><strong>Geschm\u00e4cker:<\/strong><\/h2>\n<div><\/div>\n<ol>\n<li>Blau Razz Kirsche \/ Kirsche<\/li>\n<li>Blue Razz Gummy\/ Blue Rasspberry<\/li>\n<li>Blaubeer-Zuckerwatte\/Rasspbery Coton Candy<\/li>\n<li>Minze\/ Doppeltes Menthol<\/li>\n<li>Gummib\u00e4rchen\/<\/li>\n<li>Heisenberg\/Rosa Mann<\/li>\n<li>Jolly Ranger\/Hirnlecker<\/li>\n<li>Saftiger Pfirsich \/ Pfirsich-Mango-Eis<\/li>\n<li>Zitrone und Limette\/Lemonade Sherbet Lce<\/li>\n<li>Ananas-Eis\/Ananas-Pfirsich-Mango<\/li>\n<li>Erdbeereiscreme\/Erdbeer-Banane<\/li>\n<li>Erdbeer-Himbeer-Eis\/Blaubeer-Kirsch-Preiselbeere<\/li>\n<li>Sommertraum \/ Cherry Cola Ice<\/li>\n<li>Dreifach Mango \/Kiwi Passionsfrucht Guave<\/li>\n<li>Wassermelone Huba Buba \/ Heidelbeere Huba Buba<\/li>\n<\/ol>\n<div><\/div>\n<h2><strong>Packliste:<\/strong><\/h2>\n<div>1St\u00fcck pro Einzelkarton<\/div>\n<div>10 St\u00fcck pro Mittelkarton<\/div>\n<div>200St\u00fcck pro Karton<\/div>\n<div><\/div>\n<div><img loading=\"lazy\" decoding=\"async\" class=\"alignnone wp-image-18553 size-full\" title=\"Gro\u00dfhandel WGA Crystal Plus 20000 Puffs Einweg Vape 3\" src=\"https:\/\/www.vapeswholesaler.com\/wp-content\/uploads\/2024\/07\/Wholesale-WGA-Crystal-Plus-20000-Puffs-Disposable-Vape-3.webp\" alt=\"Gro\u00dfhandel WGA Crystal Plus 20000 Puffs Einweg Vape 3\" width=\"800\" height=\"800\" srcset=\"https:\/\/www.vapeswholesaler.com\/wp-content\/uploads\/2024\/07\/Wholesale-WGA-Crystal-Plus-20000-Puffs-Disposable-Vape-3.webp 800w, https:\/\/www.vapeswholesaler.com\/wp-content\/uploads\/2024\/07\/Wholesale-WGA-Crystal-Plus-20000-Puffs-Disposable-Vape-3-300x300.webp 300w, https:\/\/www.vapeswholesaler.com\/wp-content\/uploads\/2024\/07\/Wholesale-WGA-Crystal-Plus-20000-Puffs-Disposable-Vape-3-150x150.webp 150w, https:\/\/www.vapeswholesaler.com\/wp-content\/uploads\/2024\/07\/Wholesale-WGA-Crystal-Plus-20000-Puffs-Disposable-Vape-3-768x768.webp 768w, https:\/\/www.vapeswholesaler.com\/wp-content\/uploads\/2024\/07\/Wholesale-WGA-Crystal-Plus-20000-Puffs-Disposable-Vape-3-12x12.webp 12w, https:\/\/www.vapeswholesaler.com\/wp-content\/uploads\/2024\/07\/Wholesale-WGA-Crystal-Plus-20000-Puffs-Disposable-Vape-3-247x247.webp 247w, https:\/\/www.vapeswholesaler.com\/wp-content\/uploads\/2024\/07\/Wholesale-WGA-Crystal-Plus-20000-Puffs-Disposable-Vape-3-510x510.webp 510w, https:\/\/www.vapeswholesaler.com\/wp-content\/uploads\/2024\/07\/Wholesale-WGA-Crystal-Plus-20000-Puffs-Disposable-Vape-3-100x100.webp 100w\" sizes=\"auto, (max-width: 800px) 100vw, 800px\" \/> <img loading=\"lazy\" decoding=\"async\" class=\"alignnone wp-image-18552 size-full\" title=\"Gro\u00dfhandel WGA Crystal Plus 20000 Puffs Einweg Vape 2\" src=\"https:\/\/www.vapeswholesaler.com\/wp-content\/uploads\/2024\/07\/Wholesale-WGA-Crystal-Plus-20000-Puffs-Disposable-Vape-2.webp\" alt=\"Gro\u00dfhandel WGA Crystal Plus 20000 Puffs Einweg Vape 2\" width=\"800\" height=\"800\" srcset=\"https:\/\/www.vapeswholesaler.com\/wp-content\/uploads\/2024\/07\/Wholesale-WGA-Crystal-Plus-20000-Puffs-Disposable-Vape-2.webp 800w, https:\/\/www.vapeswholesaler.com\/wp-content\/uploads\/2024\/07\/Wholesale-WGA-Crystal-Plus-20000-Puffs-Disposable-Vape-2-300x300.webp 300w, https:\/\/www.vapeswholesaler.com\/wp-content\/uploads\/2024\/07\/Wholesale-WGA-Crystal-Plus-20000-Puffs-Disposable-Vape-2-150x150.webp 150w, https:\/\/www.vapeswholesaler.com\/wp-content\/uploads\/2024\/07\/Wholesale-WGA-Crystal-Plus-20000-Puffs-Disposable-Vape-2-768x768.webp 768w, https:\/\/www.vapeswholesaler.com\/wp-content\/uploads\/2024\/07\/Wholesale-WGA-Crystal-Plus-20000-Puffs-Disposable-Vape-2-12x12.webp 12w, https:\/\/www.vapeswholesaler.com\/wp-content\/uploads\/2024\/07\/Wholesale-WGA-Crystal-Plus-20000-Puffs-Disposable-Vape-2-247x247.webp 247w, https:\/\/www.vapeswholesaler.com\/wp-content\/uploads\/2024\/07\/Wholesale-WGA-Crystal-Plus-20000-Puffs-Disposable-Vape-2-510x510.webp 510w, https:\/\/www.vapeswholesaler.com\/wp-content\/uploads\/2024\/07\/Wholesale-WGA-Crystal-Plus-20000-Puffs-Disposable-Vape-2-100x100.webp 100w\" sizes=\"auto, (max-width: 800px) 100vw, 800px\" \/> <img loading=\"lazy\" decoding=\"async\" class=\"alignnone wp-image-18551 size-full\" title=\"Gro\u00dfhandel WGA Crystal Plus 20000 Puffs Einweg Vape 1\" src=\"https:\/\/www.vapeswholesaler.com\/wp-content\/uploads\/2024\/07\/Wholesale-WGA-Crystal-Plus-20000-Puffs-Disposable-Vape-1.webp\" alt=\"Gro\u00dfhandel WGA Crystal Plus 20000 Puffs Einweg Vape 1\" width=\"800\" height=\"800\" srcset=\"https:\/\/www.vapeswholesaler.com\/wp-content\/uploads\/2024\/07\/Wholesale-WGA-Crystal-Plus-20000-Puffs-Disposable-Vape-1.webp 800w, https:\/\/www.vapeswholesaler.com\/wp-content\/uploads\/2024\/07\/Wholesale-WGA-Crystal-Plus-20000-Puffs-Disposable-Vape-1-300x300.webp 300w, https:\/\/www.vapeswholesaler.com\/wp-content\/uploads\/2024\/07\/Wholesale-WGA-Crystal-Plus-20000-Puffs-Disposable-Vape-1-150x150.webp 150w, https:\/\/www.vapeswholesaler.com\/wp-content\/uploads\/2024\/07\/Wholesale-WGA-Crystal-Plus-20000-Puffs-Disposable-Vape-1-768x768.webp 768w, https:\/\/www.vapeswholesaler.com\/wp-content\/uploads\/2024\/07\/Wholesale-WGA-Crystal-Plus-20000-Puffs-Disposable-Vape-1-12x12.webp 12w, https:\/\/www.vapeswholesaler.com\/wp-content\/uploads\/2024\/07\/Wholesale-WGA-Crystal-Plus-20000-Puffs-Disposable-Vape-1-247x247.webp 247w, https:\/\/www.vapeswholesaler.com\/wp-content\/uploads\/2024\/07\/Wholesale-WGA-Crystal-Plus-20000-Puffs-Disposable-Vape-1-510x510.webp 510w, https:\/\/www.vapeswholesaler.com\/wp-content\/uploads\/2024\/07\/Wholesale-WGA-Crystal-Plus-20000-Puffs-Disposable-Vape-1-100x100.webp 100w\" sizes=\"auto, (max-width: 800px) 100vw, 800px\" \/><\/div>","protected":false},"excerpt":{"rendered":"<p>Mindestbestellmenge:\u00a0<strong>50 STCK.<\/strong>\u00a0(Geschmacksrichtungen mischen)\u00a0\u00a0<strong>Kostenloser Versand<\/strong><\/p>\n<p>(<strong>2%, 5% Nic<\/strong>) EU Warehouse Versandzeit 5-6 Arbeitstage<\/p>","protected":false},"featured_media":18554,"comment_status":"open","ping_status":"closed","template":"","meta":[],"product_cat":[15],"product_tag":[],"class_list":{"0":"post-18563","1":"product","2":"type-product","3":"status-publish","4":"has-post-thumbnail","6":"product_cat-disposable-vape","7":"product_brand-wga","9":"first","10":"instock","11":"shipping-taxable","12":"purchasable","13":"product-type-variable","14":"has-default-attributes"},"aioseo_notices":[],"_links":{"self":[{"href":"https:\/\/www.vapeswholesaler.com\/de\/wp-json\/wp\/v2\/product\/18563","targetHints":{"allow":["GET"]}}],"collection":[{"href":"https:\/\/www.vapeswholesaler.com\/de\/wp-json\/wp\/v2\/product"}],"about":[{"href":"https:\/\/www.vapeswholesaler.com\/de\/wp-json\/wp\/v2\/types\/product"}],"replies":[{"embeddable":true,"href":"https:\/\/www.vapeswholesaler.com\/de\/wp-json\/wp\/v2\/comments?post=18563"}],"wp:featuredmedia":[{"embeddable":true,"href":"https:\/\/www.vapeswholesaler.com\/de\/wp-json\/wp\/v2\/media\/18554"}],"wp:attachment":[{"href":"https:\/\/www.vapeswholesaler.com\/de\/wp-json\/wp\/v2\/media?parent=18563"}],"wp:term":[{"taxonomy":"product_cat","embeddable":true,"href":"https:\/\/www.vapeswholesaler.com\/de\/wp-json\/wp\/v2\/product_cat?post=18563"},{"taxonomy":"product_tag","embeddable":true,"href":"https:\/\/www.vapeswholesaler.com\/de\/wp-json\/wp\/v2\/product_tag?post=18563"}],"curies":[{"name":"wp","href":"https:\/\/api.w.org\/{rel}","templated":true}]}}