{"id":18445,"date":"2024-07-11T14:26:34","date_gmt":"2024-07-11T06:26:34","guid":{"rendered":"https:\/\/www.vapeswholesaler.com\/?post_type=product&#038;p=18445"},"modified":"2025-02-23T16:19:29","modified_gmt":"2025-02-23T08:19:29","slug":"groshandel-maskking-super-cc-2500-puffs-einweg-vape","status":"publish","type":"product","link":"https:\/\/www.vapeswholesaler.com\/de\/produkt\/groshandel-maskking-super-cc-2500-puffs-einweg-vape","title":{"rendered":"Gro\u00dfhandel Maskking Super CC 2500 puffs Einweg Vape"},"content":{"rendered":"<p><a href=\"https:\/\/www.vapeswholesaler.com\/de\/produkt_marke\/maskierung\/\">Maskierung<\/a> Super CC 2500 puffs ist ein Stift Stil beliebten Einweg vapes, die ultimative Wahl f\u00fcr vapes suchen eine zuverl\u00e4ssige und lang anhaltende vaping Erfahrung. Mit einer beeindruckenden Kapazit\u00e4t von 2500 Puffs, diese wiederaufladbare Einweg-Pod sorgt f\u00fcr l\u00e4ngeren Genuss ohne den \u00c4rger der h\u00e4ufigen Ersetzungen.<\/p>\n<p>W\u00e4hlen Sie aus einer Reihe von Nikotinoptionen, einschlie\u00dflich 2% und 5%, die verschiedene Vorlieben abdecken und ein individuelles, auf Ihre Bed\u00fcrfnisse zugeschnittenes Dampferlebnis erm\u00f6glichen.<\/p>\n<p>Maskking Super CC 2500 puffs Disposable vape 16 Aromen f\u00fcr w\u00e4hlen, Rich Aromen geben Kunden mehr Auswahl\u3002<\/p>\n<h2><strong>Maskking Super CC 2500 Puffs Eigenschaft:<\/strong><\/h2>\n<ul>\n<li>Gr\u00f6\u00dfe: 23*23,5*114,5<\/li>\n<li>Puffs: 2500<\/li>\n<li>E-Liqud Kapazit\u00e4t: 8.5mL<\/li>\n<li>Widerstand: 1,2\u03a9<\/li>\n<li>Spannung: 4,2V<\/li>\n<li>Nikotin: 5%<\/li>\n<li>Batteriekapazit\u00e4t: 1500mAh<\/li>\n<\/ul>\n<h2><strong>Geschm\u00e4cker:<\/strong><\/h2>\n<ol>\n<li>Vanilleeis<\/li>\n<li>Cappuccino<\/li>\n<li>Limette Pomelo<\/li>\n<li>Blaue Himbeere<\/li>\n<li>Eis Mango<\/li>\n<li>Eiskirsche<\/li>\n<li>Erdbeer-Litschi<\/li>\n<li>K\u00fchle Minze<\/li>\n<li>Eis-Traube<\/li>\n<li>Mojito<\/li>\n<li>Eispfirsich<\/li>\n<li>Wassermelone mit Eis<\/li>\n<li>Acai-Beere<\/li>\n<li>Himbeere Orange<\/li>\n<li>Pinienapfel Grapefruit<\/li>\n<li>Eis Maracuja<\/li>\n<\/ol>\n<h2><strong>Packliste:<\/strong><\/h2>\n<p>1St\u00fcck pro Einzelkarton<br \/>\n10St\u00fcck je mittlere Schachtel<br \/>\n200 St\u00fcck pro ccKarton 16.5KG<\/p>\n<p><img loading=\"lazy\" decoding=\"async\" class=\"alignnone wp-image-18426 size-full\" title=\"Gro\u00dfhandel Maskking Super CC 2500 puffs Einweg Vape 10\" src=\"https:\/\/www.vapeswholesaler.com\/wp-content\/uploads\/2024\/07\/Wholesale-Maskking-Super-CC-2500-puffs-Disposable-Vape-10.webp\" alt=\"Gro\u00dfhandel Maskking Super CC 2500 puffs Einweg Vape 10\" width=\"800\" height=\"800\" srcset=\"https:\/\/www.vapeswholesaler.com\/wp-content\/uploads\/2024\/07\/Wholesale-Maskking-Super-CC-2500-puffs-Disposable-Vape-10.webp 800w, https:\/\/www.vapeswholesaler.com\/wp-content\/uploads\/2024\/07\/Wholesale-Maskking-Super-CC-2500-puffs-Disposable-Vape-10-300x300.webp 300w, https:\/\/www.vapeswholesaler.com\/wp-content\/uploads\/2024\/07\/Wholesale-Maskking-Super-CC-2500-puffs-Disposable-Vape-10-150x150.webp 150w, https:\/\/www.vapeswholesaler.com\/wp-content\/uploads\/2024\/07\/Wholesale-Maskking-Super-CC-2500-puffs-Disposable-Vape-10-768x768.webp 768w, https:\/\/www.vapeswholesaler.com\/wp-content\/uploads\/2024\/07\/Wholesale-Maskking-Super-CC-2500-puffs-Disposable-Vape-10-12x12.webp 12w, https:\/\/www.vapeswholesaler.com\/wp-content\/uploads\/2024\/07\/Wholesale-Maskking-Super-CC-2500-puffs-Disposable-Vape-10-247x247.webp 247w, https:\/\/www.vapeswholesaler.com\/wp-content\/uploads\/2024\/07\/Wholesale-Maskking-Super-CC-2500-puffs-Disposable-Vape-10-510x510.webp 510w, https:\/\/www.vapeswholesaler.com\/wp-content\/uploads\/2024\/07\/Wholesale-Maskking-Super-CC-2500-puffs-Disposable-Vape-10-100x100.webp 100w\" sizes=\"auto, (max-width: 800px) 100vw, 800px\" \/> <img loading=\"lazy\" decoding=\"async\" class=\"alignnone wp-image-18420 size-full\" title=\"Gro\u00dfhandel Maskking Super CC 2500 puffs Einweg Vape 1\" src=\"https:\/\/www.vapeswholesaler.com\/wp-content\/uploads\/2024\/07\/Wholesale-Maskking-Super-CC-2500-puffs-Disposable-Vape-1.webp\" alt=\"Gro\u00dfhandel Maskking Super CC 2500 puffs Einweg Vape 1\" width=\"800\" height=\"800\" srcset=\"https:\/\/www.vapeswholesaler.com\/wp-content\/uploads\/2024\/07\/Wholesale-Maskking-Super-CC-2500-puffs-Disposable-Vape-1.webp 800w, https:\/\/www.vapeswholesaler.com\/wp-content\/uploads\/2024\/07\/Wholesale-Maskking-Super-CC-2500-puffs-Disposable-Vape-1-300x300.webp 300w, https:\/\/www.vapeswholesaler.com\/wp-content\/uploads\/2024\/07\/Wholesale-Maskking-Super-CC-2500-puffs-Disposable-Vape-1-150x150.webp 150w, https:\/\/www.vapeswholesaler.com\/wp-content\/uploads\/2024\/07\/Wholesale-Maskking-Super-CC-2500-puffs-Disposable-Vape-1-768x768.webp 768w, https:\/\/www.vapeswholesaler.com\/wp-content\/uploads\/2024\/07\/Wholesale-Maskking-Super-CC-2500-puffs-Disposable-Vape-1-12x12.webp 12w, https:\/\/www.vapeswholesaler.com\/wp-content\/uploads\/2024\/07\/Wholesale-Maskking-Super-CC-2500-puffs-Disposable-Vape-1-247x247.webp 247w, https:\/\/www.vapeswholesaler.com\/wp-content\/uploads\/2024\/07\/Wholesale-Maskking-Super-CC-2500-puffs-Disposable-Vape-1-510x510.webp 510w, https:\/\/www.vapeswholesaler.com\/wp-content\/uploads\/2024\/07\/Wholesale-Maskking-Super-CC-2500-puffs-Disposable-Vape-1-100x100.webp 100w\" sizes=\"auto, (max-width: 800px) 100vw, 800px\" \/> <img loading=\"lazy\" decoding=\"async\" class=\"alignnone wp-image-18428 size-full\" title=\"Gro\u00dfhandel Maskking Super CC 2500 puffs Einweg Vape 14\" src=\"https:\/\/www.vapeswholesaler.com\/wp-content\/uploads\/2024\/07\/Wholesale-Maskking-Super-CC-2500-puffs-Disposable-Vape-14.webp\" alt=\"Gro\u00dfhandel Maskking Super CC 2500 puffs Einweg Vape 14\" width=\"800\" height=\"800\" srcset=\"https:\/\/www.vapeswholesaler.com\/wp-content\/uploads\/2024\/07\/Wholesale-Maskking-Super-CC-2500-puffs-Disposable-Vape-14.webp 800w, https:\/\/www.vapeswholesaler.com\/wp-content\/uploads\/2024\/07\/Wholesale-Maskking-Super-CC-2500-puffs-Disposable-Vape-14-300x300.webp 300w, https:\/\/www.vapeswholesaler.com\/wp-content\/uploads\/2024\/07\/Wholesale-Maskking-Super-CC-2500-puffs-Disposable-Vape-14-150x150.webp 150w, https:\/\/www.vapeswholesaler.com\/wp-content\/uploads\/2024\/07\/Wholesale-Maskking-Super-CC-2500-puffs-Disposable-Vape-14-768x768.webp 768w, https:\/\/www.vapeswholesaler.com\/wp-content\/uploads\/2024\/07\/Wholesale-Maskking-Super-CC-2500-puffs-Disposable-Vape-14-12x12.webp 12w, https:\/\/www.vapeswholesaler.com\/wp-content\/uploads\/2024\/07\/Wholesale-Maskking-Super-CC-2500-puffs-Disposable-Vape-14-247x247.webp 247w, https:\/\/www.vapeswholesaler.com\/wp-content\/uploads\/2024\/07\/Wholesale-Maskking-Super-CC-2500-puffs-Disposable-Vape-14-510x510.webp 510w, https:\/\/www.vapeswholesaler.com\/wp-content\/uploads\/2024\/07\/Wholesale-Maskking-Super-CC-2500-puffs-Disposable-Vape-14-100x100.webp 100w\" sizes=\"auto, (max-width: 800px) 100vw, 800px\" \/><\/p>","protected":false},"excerpt":{"rendered":"<p>Mindestbestellmenge: 500 PCS (Geschmacksrichtungen mischen)\u00a0 <strong>\u00a0Kostenloser Versand<\/strong><\/p>\n<p>(<strong>2%,5% Nic<\/strong>)<\/p>","protected":false},"featured_media":18422,"comment_status":"open","ping_status":"closed","template":"","meta":[],"product_cat":[15],"product_tag":[],"class_list":{"0":"post-18445","1":"product","2":"type-product","3":"status-publish","4":"has-post-thumbnail","6":"product_cat-disposable-vape","7":"product_brand-maskking","9":"first","10":"instock","11":"shipping-taxable","12":"purchasable","13":"product-type-variable","14":"has-default-attributes"},"aioseo_notices":[],"_links":{"self":[{"href":"https:\/\/www.vapeswholesaler.com\/de\/wp-json\/wp\/v2\/product\/18445","targetHints":{"allow":["GET"]}}],"collection":[{"href":"https:\/\/www.vapeswholesaler.com\/de\/wp-json\/wp\/v2\/product"}],"about":[{"href":"https:\/\/www.vapeswholesaler.com\/de\/wp-json\/wp\/v2\/types\/product"}],"replies":[{"embeddable":true,"href":"https:\/\/www.vapeswholesaler.com\/de\/wp-json\/wp\/v2\/comments?post=18445"}],"wp:featuredmedia":[{"embeddable":true,"href":"https:\/\/www.vapeswholesaler.com\/de\/wp-json\/wp\/v2\/media\/18422"}],"wp:attachment":[{"href":"https:\/\/www.vapeswholesaler.com\/de\/wp-json\/wp\/v2\/media?parent=18445"}],"wp:term":[{"taxonomy":"product_cat","embeddable":true,"href":"https:\/\/www.vapeswholesaler.com\/de\/wp-json\/wp\/v2\/product_cat?post=18445"},{"taxonomy":"product_tag","embeddable":true,"href":"https:\/\/www.vapeswholesaler.com\/de\/wp-json\/wp\/v2\/product_tag?post=18445"}],"curies":[{"name":"wp","href":"https:\/\/api.w.org\/{rel}","templated":true}]}}