{"id":18278,"date":"2024-07-09T23:08:14","date_gmt":"2024-07-09T15:08:14","guid":{"rendered":"https:\/\/www.vapeswholesaler.com\/?post_type=product&#038;p=18278"},"modified":"2025-03-18T14:04:55","modified_gmt":"2025-03-18T06:04:55","slug":"groshandel-knall-30000-puffs-doppelte-aromen-einweg-vape-auf-lager","status":"publish","type":"product","link":"https:\/\/www.vapeswholesaler.com\/de\/produkt\/groshandel-knall-30000-puffs-doppelte-aromen-einweg-vape-auf-lager","title":{"rendered":"Gro\u00dfhandel Bang 30000 Puffs Doppel Aromen Einweg Vape"},"content":{"rendered":"<p><a href=\"https:\/\/www.vapeswholesaler.com\/de\/produkt_marke\/bang\/\">Bang<\/a> 30000 Puffs Double flavors LCD Display Disposable Vape Vape Box, eine erstklassige Wahl f\u00fcr ausgedehntes Dampfen Zufriedenheit. Erleben Sie bis zu 30000 Z\u00fcge mit seiner hohen Kapazit\u00e4t 36ml Pre-filled e-Fl\u00fcssigkeit.<\/p>\n<p>Die doppelte Aromen Enhance Geschmack und Dampfproduktion mit dem 1,0 Ohm Mesh Coil und einstellbare Luftstrom Design. Nicht nur, dass die Bang King 30K bieten au\u00dfergew\u00f6hnliche Leistung, aber es kommt auch zu einem wettbewerbsf\u00e4higen Preispunkt, so dass es eine ausgezeichnete Wahl f\u00fcr diejenigen, die f\u00fcr den Wert ohne Abstriche bei der Qualit\u00e4t.<\/p>\n<p>Unsere Gro\u00dfhandelsoptionen stellen sicher, dass Unternehmen sich mit diesem beliebten Ger\u00e4t eindecken und die Nachfrage ihrer Kunden effizient bedienen k\u00f6nnen.<\/p>\n<p>Erleben Sie den Komfort eines schnellen Versands, damit Sie Ihr Einweg-Vape ohne Verz\u00f6gerung genie\u00dfen k\u00f6nnen. Egal, ob Sie ein Vaping-Enthusiast, ein Einzelh\u00e4ndler oder ein Gro\u00dfh\u00e4ndler sind, der sein Produktsortiment erweitern m\u00f6chte.<\/p>\n<h2><strong><a href=\"https:\/\/www.facebook.com\/fred.luo.58\/\">Bang<\/a> 30000 Puffs Doppelte Geschmacksrichtungen Details:<\/strong><\/h2>\n<ul>\n<li>Puffs: UP bis 30000 Puffs<\/li>\n<li>Fl\u00fcssigkeit: 36 ml Vorgef\u00fcllt<\/li>\n<li>Nikotin: 0% 2% 3% 5%<\/li>\n<li>Kern: Mesh-Spule 1,0 Ohm<\/li>\n<li>Batterie: 550 mAh, wiederaufladbar, Typ C<\/li>\n<li>Art der Lieferung: DHL<\/li>\n<li>10 St\u00fcck\/Karton<\/li>\n<li>1Karton\/200St\u00fcck(22 KG)<\/li>\n<\/ul>\n<h2><strong>Verf\u00fcgbare Geschmacksrichtungen:<\/strong><\/h2>\n<ol>\n<li>Wassermelonen-Eis &amp; Heidelbeer-Minze<\/li>\n<li>Wassermeloneneis &amp; Erdbeere und Mango<\/li>\n<li>Erdbeere Wassermelone &amp; Kiwi Passionsfrucht Guave<\/li>\n<li>Erdbeere, Wassermelone und Traubeneis<\/li>\n<li>Blaubeereis &amp; Schwarzer Drache Eis<\/li>\n<li>Heidelbeereis &amp; Erdbeere und Banane<\/li>\n<li>Red Bull &amp; Blaubeer-Wassermelone<\/li>\n<li>Red Bull &amp; Wassermelone Bubble Candy<\/li>\n<li>Heidelbeere Himbeere &amp; Pfirsich Mango Wassermelone<\/li>\n<li>Heidelbeere-Himbeere &amp; gemischtes Schimmelobst<\/li>\n<li>Erdbeer-Kiwi-Pfirsich-Eis<\/li>\n<li>Erdbeere-Kiwi &amp; Saurer Apfel-Himbeere<\/li>\n<\/ol>\n<h2><strong>Details zur Verpackung:<\/strong><\/h2>\n<p>Einzelst\u00fcck mit Bonbonverpackung<br \/>\nJede Schachtel enth\u00e4lt 10 St\u00fcck<br \/>\nJeder Karton enth\u00e4lt 200 St\u00fcck 22KG<\/p>\n<figure id=\"attachment_18264\" aria-describedby=\"caption-attachment-18264\" style=\"width: 800px\" class=\"wp-caption alignnone\"><img loading=\"lazy\" decoding=\"async\" class=\"wp-image-18264 size-full\" title=\"Gro\u00dfhandel Bang 30000 Puffs Doppel Aromen Einweg Vape 3\" src=\"https:\/\/www.vapeswholesaler.com\/wp-content\/uploads\/2024\/07\/Wholesale-Bang-30000-Puffs-Double-flavors-Disposable-Vape-3.webp\" alt=\"Gro\u00dfhandel Bang 30000 Puffs Doppel Aromen Einweg Vape 3\" width=\"800\" height=\"1747\" srcset=\"https:\/\/www.vapeswholesaler.com\/wp-content\/uploads\/2024\/07\/Wholesale-Bang-30000-Puffs-Double-flavors-Disposable-Vape-3.webp 800w, https:\/\/www.vapeswholesaler.com\/wp-content\/uploads\/2024\/07\/Wholesale-Bang-30000-Puffs-Double-flavors-Disposable-Vape-3-137x300.webp 137w, https:\/\/www.vapeswholesaler.com\/wp-content\/uploads\/2024\/07\/Wholesale-Bang-30000-Puffs-Double-flavors-Disposable-Vape-3-469x1024.webp 469w, https:\/\/www.vapeswholesaler.com\/wp-content\/uploads\/2024\/07\/Wholesale-Bang-30000-Puffs-Double-flavors-Disposable-Vape-3-768x1677.webp 768w, https:\/\/www.vapeswholesaler.com\/wp-content\/uploads\/2024\/07\/Wholesale-Bang-30000-Puffs-Double-flavors-Disposable-Vape-3-703x1536.webp 703w, https:\/\/www.vapeswholesaler.com\/wp-content\/uploads\/2024\/07\/Wholesale-Bang-30000-Puffs-Double-flavors-Disposable-Vape-3-5x12.webp 5w, https:\/\/www.vapeswholesaler.com\/wp-content\/uploads\/2024\/07\/Wholesale-Bang-30000-Puffs-Double-flavors-Disposable-Vape-3-510x1114.webp 510w\" sizes=\"auto, (max-width: 800px) 100vw, 800px\" \/><figcaption id=\"caption-attachment-18264\" class=\"wp-caption-text\">Gro\u00dfhandel Bang 30000 Puffs Doppel Aromen Einweg Vape<\/figcaption><\/figure>","protected":false},"excerpt":{"rendered":"<p>Mindestbestellmenge:\u00a0<strong>50St\u00fcck<\/strong>\u00a0(Geschmacksrichtungen mischen)\u00a0\u00a0<strong>Kostenloser Versand<\/strong><\/p>\n<p>(<strong>0%\uff0c2%, 3%\uff0c5% Nic<\/strong>)<\/p>","protected":false},"featured_media":19301,"comment_status":"open","ping_status":"closed","template":"","meta":[],"product_cat":[15],"product_tag":[368,374,388],"class_list":{"0":"post-18278","1":"product","2":"type-product","3":"status-publish","4":"has-post-thumbnail","6":"product_cat-disposable-vape","7":"product_tag-bang-king","8":"product_tag-30000-puffs","9":"product_tag-bang","10":"product_brand-bang","12":"first","13":"instock","14":"shipping-taxable","15":"purchasable","16":"product-type-variable","17":"has-default-attributes"},"aioseo_notices":[],"_links":{"self":[{"href":"https:\/\/www.vapeswholesaler.com\/de\/wp-json\/wp\/v2\/product\/18278","targetHints":{"allow":["GET"]}}],"collection":[{"href":"https:\/\/www.vapeswholesaler.com\/de\/wp-json\/wp\/v2\/product"}],"about":[{"href":"https:\/\/www.vapeswholesaler.com\/de\/wp-json\/wp\/v2\/types\/product"}],"replies":[{"embeddable":true,"href":"https:\/\/www.vapeswholesaler.com\/de\/wp-json\/wp\/v2\/comments?post=18278"}],"wp:featuredmedia":[{"embeddable":true,"href":"https:\/\/www.vapeswholesaler.com\/de\/wp-json\/wp\/v2\/media\/19301"}],"wp:attachment":[{"href":"https:\/\/www.vapeswholesaler.com\/de\/wp-json\/wp\/v2\/media?parent=18278"}],"wp:term":[{"taxonomy":"product_cat","embeddable":true,"href":"https:\/\/www.vapeswholesaler.com\/de\/wp-json\/wp\/v2\/product_cat?post=18278"},{"taxonomy":"product_tag","embeddable":true,"href":"https:\/\/www.vapeswholesaler.com\/de\/wp-json\/wp\/v2\/product_tag?post=18278"}],"curies":[{"name":"wp","href":"https:\/\/api.w.org\/{rel}","templated":true}]}}