{"id":18227,"date":"2024-07-09T18:55:47","date_gmt":"2024-07-09T10:55:47","guid":{"rendered":"https:\/\/www.vapeswholesaler.com\/?post_type=product&#038;p=18227"},"modified":"2025-04-09T10:48:50","modified_gmt":"2025-04-09T02:48:50","slug":"groshandel-vapsolo-feed-bar-shisha15000-puffs-einweg-vape","status":"publish","type":"product","link":"https:\/\/www.vapeswholesaler.com\/de\/produkt\/groshandel-vapsolo-feed-bar-shisha15000-puffs-einweg-vape","title":{"rendered":"Gro\u00dfhandel Vapsolo Feed Bar Shisha15000 Puffs Einweg vape"},"content":{"rendered":"<p><a href=\"https:\/\/www.vapeswholesaler.com\/de\/produkt_marke\/vapsolo\/\">Vapsolo<\/a> Feed Bar Shisha 15000 Puffs ist eine perfekte vape pen Stil Einweg-Vapes, f\u00fcr anspruchsvolle vapers, diese Premium-Wegwerf-Vapes bieten eine au\u00dfergew\u00f6hnliche vaping Erfahrung mit einer Vielzahl von fortschrittlichen Funktionen und eine Vielzahl von exquisiten Geschmacksrichtungen entwickelt.<\/p>\n<p>Unser Produkt verf\u00fcgt \u00fcber ein gro\u00dfz\u00fcgiges Fassungsverm\u00f6gen von 25ml E-Liquid, was ein langes Vergn\u00fcgen ohne h\u00e4ufiges Nachf\u00fcllen erm\u00f6glicht. Angetrieben von einem robusten 650mAh-Akku und ausgestattet mit einem Typ-C-Anschluss, garantiert dieser Vape Pen bis zu 15000 Z\u00fcge, was ihn perfekt f\u00fcr den l\u00e4ngeren Gebrauch macht. Die fortschrittliche Mesh-Coil-Technologie mit einem 0,6-\u03a9-Widerstand sorgt f\u00fcr eine gleichm\u00e4\u00dfige Erw\u00e4rmung und glatte Dampfproduktion, die den Geschmack und die allgemeine Zufriedenheit verbessert.<\/p>\n<p>Das eingebaute LED-Display informiert Sie in Echtzeit \u00fcber Ihre Dampfeinstellungen und die Akkulaufzeit und sorgt so f\u00fcr ein nahtloses und informiertes Dampferlebnis. Mit einem Gewicht von nur 92 g ist diese E-Zigarette leicht und tragbar, was sie perfekt f\u00fcr das Dampfen auf Reisen macht.<\/p>\n<h2><strong><a href=\"https:\/\/www.facebook.com\/fred.luo.58\">Vapsolo<\/a> Feed Bar Shisha 15000 Puffs Eigenschaften:<\/strong><\/h2>\n<ul>\n<li>650mAh Eingebauter Akku<\/li>\n<li>Wiederaufladbar<\/li>\n<li>Fassungsverm\u00f6gen des Saftes: 25ml<\/li>\n<li>Effiziente und konsistente Leistungsabgabe<\/li>\n<li>0% , 5% Nikotinspiegel<\/li>\n<li>Befriedigen Sie fast 15000 Puffs<\/li>\n<li>Maschenspule<\/li>\n<li>Duale Pods<\/li>\n<li>Schutz: \u00dcberhitzung, Kurzschluss<\/li>\n<\/ul>\n<h2><strong>Geschm\u00e4cker:<\/strong><\/h2>\n<ol>\n<li>Zwei \u00c4pfel<\/li>\n<li>Blaue Razzia-Limonade<\/li>\n<li>Pfirsich-Eis<\/li>\n<li>Mango-Eis<\/li>\n<li>\u00dcppiges Eis<\/li>\n<li>Zitronenminze<\/li>\n<li>magische Liebe<\/li>\n<li>Traubenminze<\/li>\n<li>Erdbeerbowle<\/li>\n<li>Blaubeerkaugummi<\/li>\n<\/ol>\n<h2><strong>Packliste:<\/strong><\/h2>\n<p>1St\u00fcck pro Einzelkarton<br \/>\n10 St\u00fcck pro Mittelkarton<br \/>\n200 St\u00fcck pro Karton.<\/p>\n<figure id=\"attachment_18210\" aria-describedby=\"caption-attachment-18210\" style=\"width: 800px\" class=\"wp-caption alignnone\"><img loading=\"lazy\" decoding=\"async\" class=\"wp-image-18210 size-full\" title=\"Gro\u00dfhandel Vapsolo Feed Bar Shisha15000 Puffs Einweg vape 2\" src=\"https:\/\/www.vapeswholesaler.com\/wp-content\/uploads\/2024\/07\/Wholesale-Vapsolo-Feed-Bar-Shisha15000-Puffs-Disposable-vape-2.webp\" alt=\"Gro\u00dfhandel Vapsolo Feed Bar Shisha15000 Puffs Einweg vape 2\" width=\"800\" height=\"800\" srcset=\"https:\/\/www.vapeswholesaler.com\/wp-content\/uploads\/2024\/07\/Wholesale-Vapsolo-Feed-Bar-Shisha15000-Puffs-Disposable-vape-2.webp 800w, https:\/\/www.vapeswholesaler.com\/wp-content\/uploads\/2024\/07\/Wholesale-Vapsolo-Feed-Bar-Shisha15000-Puffs-Disposable-vape-2-300x300.webp 300w, https:\/\/www.vapeswholesaler.com\/wp-content\/uploads\/2024\/07\/Wholesale-Vapsolo-Feed-Bar-Shisha15000-Puffs-Disposable-vape-2-150x150.webp 150w, https:\/\/www.vapeswholesaler.com\/wp-content\/uploads\/2024\/07\/Wholesale-Vapsolo-Feed-Bar-Shisha15000-Puffs-Disposable-vape-2-768x768.webp 768w, https:\/\/www.vapeswholesaler.com\/wp-content\/uploads\/2024\/07\/Wholesale-Vapsolo-Feed-Bar-Shisha15000-Puffs-Disposable-vape-2-12x12.webp 12w, https:\/\/www.vapeswholesaler.com\/wp-content\/uploads\/2024\/07\/Wholesale-Vapsolo-Feed-Bar-Shisha15000-Puffs-Disposable-vape-2-247x247.webp 247w, https:\/\/www.vapeswholesaler.com\/wp-content\/uploads\/2024\/07\/Wholesale-Vapsolo-Feed-Bar-Shisha15000-Puffs-Disposable-vape-2-510x510.webp 510w, https:\/\/www.vapeswholesaler.com\/wp-content\/uploads\/2024\/07\/Wholesale-Vapsolo-Feed-Bar-Shisha15000-Puffs-Disposable-vape-2-100x100.webp 100w\" sizes=\"auto, (max-width: 800px) 100vw, 800px\" \/><figcaption id=\"caption-attachment-18210\" class=\"wp-caption-text\">Gro\u00dfhandel Vapsolo Feed Bar Shisha15000 Puffs Einweg vape<\/figcaption><\/figure>\n<p>&nbsp;<\/p>","protected":false},"excerpt":{"rendered":"<p>Mindestbestellmenge: <strong>50St\u00fcck<\/strong>\u00a0(Geschmacksrichtungen mischen) Kostenloser Versand<\/p>\n<p>(<strong>2%, 5% Nic<\/strong>) EU Warehouse Versandzeit 5-6 Arbeitstage<\/p>","protected":false},"featured_media":18209,"comment_status":"open","ping_status":"closed","template":"","meta":[],"product_cat":[15],"product_tag":[87,373,375],"class_list":{"0":"post-18227","1":"product","2":"type-product","3":"status-publish","4":"has-post-thumbnail","6":"product_cat-disposable-vape","7":"product_tag-vapsolo","8":"product_tag-europe-warehouse","9":"product_tag-15000-puffs","10":"product_brand-vapsolo","12":"first","13":"outofstock","14":"shipping-taxable","15":"purchasable","16":"product-type-variable","17":"has-default-attributes"},"aioseo_notices":[],"_links":{"self":[{"href":"https:\/\/www.vapeswholesaler.com\/de\/wp-json\/wp\/v2\/product\/18227","targetHints":{"allow":["GET"]}}],"collection":[{"href":"https:\/\/www.vapeswholesaler.com\/de\/wp-json\/wp\/v2\/product"}],"about":[{"href":"https:\/\/www.vapeswholesaler.com\/de\/wp-json\/wp\/v2\/types\/product"}],"replies":[{"embeddable":true,"href":"https:\/\/www.vapeswholesaler.com\/de\/wp-json\/wp\/v2\/comments?post=18227"}],"wp:featuredmedia":[{"embeddable":true,"href":"https:\/\/www.vapeswholesaler.com\/de\/wp-json\/wp\/v2\/media\/18209"}],"wp:attachment":[{"href":"https:\/\/www.vapeswholesaler.com\/de\/wp-json\/wp\/v2\/media?parent=18227"}],"wp:term":[{"taxonomy":"product_cat","embeddable":true,"href":"https:\/\/www.vapeswholesaler.com\/de\/wp-json\/wp\/v2\/product_cat?post=18227"},{"taxonomy":"product_tag","embeddable":true,"href":"https:\/\/www.vapeswholesaler.com\/de\/wp-json\/wp\/v2\/product_tag?post=18227"}],"curies":[{"name":"wp","href":"https:\/\/api.w.org\/{rel}","templated":true}]}}