{"id":18158,"date":"2024-07-07T15:45:25","date_gmt":"2024-07-07T07:45:25","guid":{"rendered":"https:\/\/www.vapeswholesaler.com\/?post_type=product&#038;p=18158"},"modified":"2025-11-07T10:39:13","modified_gmt":"2025-11-07T02:39:13","slug":"groshandel-vapsolo-viking-12000-12k-puffs-einweg-vape","status":"publish","type":"product","link":"https:\/\/www.vapeswholesaler.com\/de\/produkt\/groshandel-vapsolo-viking-12000-12k-puffs-einweg-vape","title":{"rendered":"Gro\u00dfhandel Vapsolo Viking 12000 12K Puffs Einweg vape"},"content":{"rendered":"<p><a href=\"https:\/\/www.vapeswholesaler.com\/de\/produkt_marke\/vapsolo\/\">Vapsolo<\/a> Viking 12000 12K Puffs bietet das ultimative Dampferlebnis sowohl f\u00fcr Anf\u00e4nger als auch f\u00fcr erfahrene Dampfer. Dieser hochmoderne Einweg-Vape Pen ist auf Qualit\u00e4t, Langlebigkeit und Vielfalt ausgelegt. Sein schlankes und kompaktes Design sorgt f\u00fcr Stil und Komfort, perfekt f\u00fcr den Gebrauch unterwegs.<\/p>\n<p>ist es verf\u00fcgt \u00fcber eine 22ml e-Fl\u00fcssigkeit Kapazit\u00e4t und eine 650mAh wiederaufladbare Batterie, die lang anhaltende Leistung f\u00fcr l\u00e4ngere Dampfen Sitzungen bietet. Die Mesh-Spule Technologie und 1.0\u03a9 Spule Widerstand liefern konsistente und reiche Dampfproduktion, die Verbesserung der Geschmacksreinheit. Ein Typ-C-Ladeanschluss erm\u00f6glicht ein schnelles und effizientes Aufladen.<\/p>\n<p>Dieses Ger\u00e4t verf\u00fcgt \u00fcber ein LCD-Display zur m\u00fchelosen \u00dcberwachung des Status und der Einstellungen des Verdampfers sowie \u00fcber vier einstellbare Luftzufuhrstufen, mit denen Sie Ihr Dampferlebnis individuell gestalten k\u00f6nnen.<\/p>\n<h2><strong><a href=\"https:\/\/www.facebook.com\/fred.luo.58\">Vapsolo<\/a> Viking 12000 12K Puffs Merkmale:<\/strong><\/h2>\n<ul>\n<li>4 Stufen Luftstrom<\/li>\n<li>LCD-Anzeige<\/li>\n<li>E-Liquid Kapazit\u00e4t: 22 ML<\/li>\n<li>Batteriekapazit\u00e4t: 650MAH<\/li>\n<li>Maschenspule<\/li>\n<li>Spulenwiderstand: 1.0\u03a9<\/li>\n<li>Typ-C-Anschluss, wiederaufladbar<\/li>\n<\/ul>\n<h2><strong>Geschm\u00e4cker:<\/strong><\/h2>\n<ol>\n<li>Heidelbeere Kirsche Cranberry<\/li>\n<li>Blaubeere<\/li>\n<li>Zitrone-Limette<\/li>\n<li>Erdbeer-Kiwi<\/li>\n<li>Erdbeer-Himbeer-Eis<\/li>\n<li>Erdbeere Wassermelone<\/li>\n<li>Sommertraum<\/li>\n<li>Erdbeere-Banane<\/li>\n<li>Rotes Apfel-Eis<\/li>\n<li>Gummib\u00e4rchen<\/li>\n<li>Frische Minze<\/li>\n<li>Zitrone Pfirsich<\/li>\n<li>Wassermelone Eis<\/li>\n<li>Heidelbeere-Himbeere<\/li>\n<li>Kirsche mit Kohlens\u00e4ure<\/li>\n<\/ol>\n<h2><strong>Packliste:<\/strong><\/h2>\n<p>10 Cent\/Karton<br \/>\nGewicht\uff1a85g\/St\u00fcck<br \/>\n200St\u00fcck\/ctn; 18,6kg\/ctn<br \/>\nGr\u00f6\u00dfe des Kartons: 44*43*26.5CM<\/p>\n<p>&nbsp;<\/p>\n<figure id=\"attachment_18138\" aria-describedby=\"caption-attachment-18138\" style=\"width: 800px\" class=\"wp-caption alignnone\"><img loading=\"lazy\" decoding=\"async\" class=\"wp-image-18138 size-full\" title=\"Gro\u00dfhandel Vapsolo Viking 12000 12K Puffs Einweg vape 4\" src=\"https:\/\/www.vapeswholesaler.com\/wp-content\/uploads\/2024\/07\/Wholesale-Vapsolo-Viking-12000-12K-Puffs-Disposable-vape-4.webp\" alt=\"Gro\u00dfhandel Vapsolo Viking 12000 12K Puffs Einweg vape 4\" width=\"800\" height=\"800\" srcset=\"https:\/\/www.vapeswholesaler.com\/wp-content\/uploads\/2024\/07\/Wholesale-Vapsolo-Viking-12000-12K-Puffs-Disposable-vape-4.webp 800w, https:\/\/www.vapeswholesaler.com\/wp-content\/uploads\/2024\/07\/Wholesale-Vapsolo-Viking-12000-12K-Puffs-Disposable-vape-4-300x300.webp 300w, https:\/\/www.vapeswholesaler.com\/wp-content\/uploads\/2024\/07\/Wholesale-Vapsolo-Viking-12000-12K-Puffs-Disposable-vape-4-150x150.webp 150w, https:\/\/www.vapeswholesaler.com\/wp-content\/uploads\/2024\/07\/Wholesale-Vapsolo-Viking-12000-12K-Puffs-Disposable-vape-4-768x768.webp 768w, https:\/\/www.vapeswholesaler.com\/wp-content\/uploads\/2024\/07\/Wholesale-Vapsolo-Viking-12000-12K-Puffs-Disposable-vape-4-12x12.webp 12w, https:\/\/www.vapeswholesaler.com\/wp-content\/uploads\/2024\/07\/Wholesale-Vapsolo-Viking-12000-12K-Puffs-Disposable-vape-4-247x247.webp 247w, https:\/\/www.vapeswholesaler.com\/wp-content\/uploads\/2024\/07\/Wholesale-Vapsolo-Viking-12000-12K-Puffs-Disposable-vape-4-510x510.webp 510w, https:\/\/www.vapeswholesaler.com\/wp-content\/uploads\/2024\/07\/Wholesale-Vapsolo-Viking-12000-12K-Puffs-Disposable-vape-4-100x100.webp 100w\" sizes=\"auto, (max-width: 800px) 100vw, 800px\" \/><figcaption id=\"caption-attachment-18138\" class=\"wp-caption-text\">Gro\u00dfhandel Vapsolo Viking 12000 12K Puffs Einweg vape<\/figcaption><\/figure>\n<figure id=\"attachment_18137\" aria-describedby=\"caption-attachment-18137\" style=\"width: 800px\" class=\"wp-caption alignnone\"><img loading=\"lazy\" decoding=\"async\" class=\"wp-image-18137 size-full\" title=\"Gro\u00dfhandel Vapsolo Viking 12000 12K Puffs Einweg vape 3\" src=\"https:\/\/www.vapeswholesaler.com\/wp-content\/uploads\/2024\/07\/Wholesale-Vapsolo-Viking-12000-12K-Puffs-Disposable-vape-3.webp\" alt=\"Gro\u00dfhandel Vapsolo Viking 12000 12K Puffs Einweg vape 3\" width=\"800\" height=\"800\" srcset=\"https:\/\/www.vapeswholesaler.com\/wp-content\/uploads\/2024\/07\/Wholesale-Vapsolo-Viking-12000-12K-Puffs-Disposable-vape-3.webp 800w, https:\/\/www.vapeswholesaler.com\/wp-content\/uploads\/2024\/07\/Wholesale-Vapsolo-Viking-12000-12K-Puffs-Disposable-vape-3-300x300.webp 300w, https:\/\/www.vapeswholesaler.com\/wp-content\/uploads\/2024\/07\/Wholesale-Vapsolo-Viking-12000-12K-Puffs-Disposable-vape-3-150x150.webp 150w, https:\/\/www.vapeswholesaler.com\/wp-content\/uploads\/2024\/07\/Wholesale-Vapsolo-Viking-12000-12K-Puffs-Disposable-vape-3-768x768.webp 768w, https:\/\/www.vapeswholesaler.com\/wp-content\/uploads\/2024\/07\/Wholesale-Vapsolo-Viking-12000-12K-Puffs-Disposable-vape-3-12x12.webp 12w, https:\/\/www.vapeswholesaler.com\/wp-content\/uploads\/2024\/07\/Wholesale-Vapsolo-Viking-12000-12K-Puffs-Disposable-vape-3-247x247.webp 247w, https:\/\/www.vapeswholesaler.com\/wp-content\/uploads\/2024\/07\/Wholesale-Vapsolo-Viking-12000-12K-Puffs-Disposable-vape-3-510x510.webp 510w, https:\/\/www.vapeswholesaler.com\/wp-content\/uploads\/2024\/07\/Wholesale-Vapsolo-Viking-12000-12K-Puffs-Disposable-vape-3-100x100.webp 100w\" sizes=\"auto, (max-width: 800px) 100vw, 800px\" \/><figcaption id=\"caption-attachment-18137\" class=\"wp-caption-text\">Gro\u00dfhandel Vapsolo Viking 12000 12K Puffs Einweg vape<\/figcaption><\/figure>","protected":false},"excerpt":{"rendered":"<p>Mindestbestellmenge:\u00a0<strong>50St\u00fcck <\/strong>(Geschmacksrichtungen mischen)\u00a0\u00a0<strong>Kostenloser Versand<\/strong><\/p>\n<p>(<strong>2%, 5% Nic<\/strong>) EU Warehouse Versandzeit 5-6 Arbeitstage<\/p>","protected":false},"featured_media":18145,"comment_status":"open","ping_status":"closed","template":"","meta":[],"product_cat":[15],"product_tag":[379,87,373],"class_list":{"0":"post-18158","1":"product","2":"type-product","3":"status-publish","4":"has-post-thumbnail","6":"product_cat-disposable-vape","7":"product_tag-12000-puffs","8":"product_tag-vapsolo","9":"product_tag-europe-warehouse","10":"product_brand-vapsolo","12":"first","13":"outofstock","14":"shipping-taxable","15":"purchasable","16":"product-type-variable","17":"has-default-attributes"},"aioseo_notices":[],"_links":{"self":[{"href":"https:\/\/www.vapeswholesaler.com\/de\/wp-json\/wp\/v2\/product\/18158","targetHints":{"allow":["GET"]}}],"collection":[{"href":"https:\/\/www.vapeswholesaler.com\/de\/wp-json\/wp\/v2\/product"}],"about":[{"href":"https:\/\/www.vapeswholesaler.com\/de\/wp-json\/wp\/v2\/types\/product"}],"replies":[{"embeddable":true,"href":"https:\/\/www.vapeswholesaler.com\/de\/wp-json\/wp\/v2\/comments?post=18158"}],"wp:featuredmedia":[{"embeddable":true,"href":"https:\/\/www.vapeswholesaler.com\/de\/wp-json\/wp\/v2\/media\/18145"}],"wp:attachment":[{"href":"https:\/\/www.vapeswholesaler.com\/de\/wp-json\/wp\/v2\/media?parent=18158"}],"wp:term":[{"taxonomy":"product_cat","embeddable":true,"href":"https:\/\/www.vapeswholesaler.com\/de\/wp-json\/wp\/v2\/product_cat?post=18158"},{"taxonomy":"product_tag","embeddable":true,"href":"https:\/\/www.vapeswholesaler.com\/de\/wp-json\/wp\/v2\/product_tag?post=18158"}],"curies":[{"name":"wp","href":"https:\/\/api.w.org\/{rel}","templated":true}]}}