{"id":17979,"date":"2024-07-05T16:47:48","date_gmt":"2024-07-05T08:47:48","guid":{"rendered":"https:\/\/www.vapeswholesaler.com\/?post_type=product&#038;p=17979"},"modified":"2025-03-18T15:42:26","modified_gmt":"2025-03-18T07:42:26","slug":"groshandel-lavie-cameo-30000-puffs-einweg-vape","status":"publish","type":"product","link":"https:\/\/www.vapeswholesaler.com\/de\/produkt\/groshandel-lavie-cameo-30000-puffs-einweg-vape","title":{"rendered":"Gro\u00dfhandel Lavie Cameo 30000 Puffs Einweg Vape"},"content":{"rendered":"<p><a href=\"https:\/\/www.vapeswholesaler.com\/de\/produkt_marke\/lavie\/\">Lavie<\/a> Cameo 30000 Puffs das gr\u00f6\u00dfte Merkmal ist die Ausr\u00fcstung Ger\u00e4t kommt mit \u00d6l-Spule Trennung Technologie, k\u00f6nnen Sie deutlich und intuitiv sehen, die Menge der Rauch e-Fl\u00fcssigkeit.<\/p>\n<p>Es ist ein wiederaufladbares Einweg-Vape-Ger\u00e4t kommt mit Batterie und E-Saft Niveau Anzeige. Es enth\u00e4lt 30ml 1%\/2%\/3%\/5% Nikotinsalz E-Saft und vape bis zu 30000 Z\u00fcge. Es gibt 12 Geschmacksrichtungen f\u00fcr Sie zu w\u00e4hlen. Die Cameo 30000 kommt mit der schnellen Aufladung Typ-C Ladeanschluss, schnell vollst\u00e4ndig in 30 Minuten aufgeladen. Die Unterseite des Produkts hat einen Schalter Design f\u00fcr die Anpassung der Luftstrom, um die vape Bed\u00fcrfnisse von jedermann zu erf\u00fcllen.<\/p>\n<h2><strong><a href=\"https:\/\/www.facebook.com\/fred.luo.58\/\">Lavie<\/a> Cameo 30000 Puffs Merkmal:<\/strong><\/h2>\n<ul>\n<li>850mAh wiederaufladbare Batterie<\/li>\n<li>30ml vorgef\u00fcllte e-Fl\u00fcssigkeit<\/li>\n<li>1%\/2%\/3%\/5% Nikotinst\u00e4rke<\/li>\n<li>Erreichen Sie bis zu 30000 Puffs<\/li>\n<li>0,8-Ohm-Mesh-Spule<\/li>\n<li>Typ-C-Ladeanschluss<\/li>\n<li>Kristall-Lampens\u00e4ule Lichtleiste<\/li>\n<li>12 Geschmacksrichtungen verf\u00fcgbar<\/li>\n<\/ul>\n<h2><strong>Geschm\u00e4cker:<\/strong><\/h2>\n<ol>\n<li>Blaubeereis<\/li>\n<li>Kirsche Eis<\/li>\n<li>Kaffee-Eis<\/li>\n<li>Doppelter Apfel<\/li>\n<li>Traubeneis<\/li>\n<li>Zitrone Cola<\/li>\n<li>Mango-Eis<\/li>\n<li>Birne\/Zitrus<\/li>\n<li>Erdbeereis<\/li>\n<li>Erdbeere Wassermelone<\/li>\n<li>Tropische Fr\u00fcchte<\/li>\n<li>Wassermelone Eis<\/li>\n<\/ol>\n<h2><strong>Packliste:<\/strong><\/h2>\n<p>Single mit kleinem Paket<br \/>\n10 St\u00fcck in einer mittleren Schachtel<br \/>\n200 St\u00fcck pro Karton<\/p>\n<p>&nbsp;<\/p>\n<figure id=\"attachment_17978\" aria-describedby=\"caption-attachment-17978\" style=\"width: 800px\" class=\"wp-caption alignnone\"><img loading=\"lazy\" decoding=\"async\" class=\"wp-image-17978 size-full\" title=\"Gro\u00dfhandel Lavie Cameo 30000 Puffs Einweg Vape\" src=\"https:\/\/www.vapeswholesaler.com\/wp-content\/uploads\/2024\/07\/Wholesale-Lavie-Cameo-30000-Puffs-Disposable-Vape.webp\" alt=\"Gro\u00dfhandel Lavie Cameo 30000 Puffs Einweg Vape\" width=\"800\" height=\"560\" srcset=\"https:\/\/www.vapeswholesaler.com\/wp-content\/uploads\/2024\/07\/Wholesale-Lavie-Cameo-30000-Puffs-Disposable-Vape.webp 800w, https:\/\/www.vapeswholesaler.com\/wp-content\/uploads\/2024\/07\/Wholesale-Lavie-Cameo-30000-Puffs-Disposable-Vape-300x210.webp 300w, https:\/\/www.vapeswholesaler.com\/wp-content\/uploads\/2024\/07\/Wholesale-Lavie-Cameo-30000-Puffs-Disposable-Vape-768x538.webp 768w, https:\/\/www.vapeswholesaler.com\/wp-content\/uploads\/2024\/07\/Wholesale-Lavie-Cameo-30000-Puffs-Disposable-Vape-18x12.webp 18w, https:\/\/www.vapeswholesaler.com\/wp-content\/uploads\/2024\/07\/Wholesale-Lavie-Cameo-30000-Puffs-Disposable-Vape-510x357.webp 510w\" sizes=\"auto, (max-width: 800px) 100vw, 800px\" \/><figcaption id=\"caption-attachment-17978\" class=\"wp-caption-text\">Gro\u00dfhandel Lavie Cameo 30000 Puffs Einweg Vape<\/figcaption><\/figure>","protected":false},"excerpt":{"rendered":"<p>Mindestbestellmenge:\u00a0<strong>50St\u00fcck<\/strong>\u00a0(Geschmacksrichtungen mischen)\u00a0\u00a0<strong>Kostenloser Versand<\/strong><\/p>\n<p>(<strong>2%, 5% Nic<\/strong>)<\/p>","protected":false},"featured_media":17977,"comment_status":"open","ping_status":"closed","template":"","meta":[],"product_cat":[15],"product_tag":[374,393],"class_list":{"0":"post-17979","1":"product","2":"type-product","3":"status-publish","4":"has-post-thumbnail","6":"product_cat-disposable-vape","7":"product_tag-30000-puffs","8":"product_tag-lavie","9":"product_brand-lavie","11":"first","12":"instock","13":"shipping-taxable","14":"purchasable","15":"product-type-variable","16":"has-default-attributes"},"aioseo_notices":[],"_links":{"self":[{"href":"https:\/\/www.vapeswholesaler.com\/de\/wp-json\/wp\/v2\/product\/17979","targetHints":{"allow":["GET"]}}],"collection":[{"href":"https:\/\/www.vapeswholesaler.com\/de\/wp-json\/wp\/v2\/product"}],"about":[{"href":"https:\/\/www.vapeswholesaler.com\/de\/wp-json\/wp\/v2\/types\/product"}],"replies":[{"embeddable":true,"href":"https:\/\/www.vapeswholesaler.com\/de\/wp-json\/wp\/v2\/comments?post=17979"}],"wp:featuredmedia":[{"embeddable":true,"href":"https:\/\/www.vapeswholesaler.com\/de\/wp-json\/wp\/v2\/media\/17977"}],"wp:attachment":[{"href":"https:\/\/www.vapeswholesaler.com\/de\/wp-json\/wp\/v2\/media?parent=17979"}],"wp:term":[{"taxonomy":"product_cat","embeddable":true,"href":"https:\/\/www.vapeswholesaler.com\/de\/wp-json\/wp\/v2\/product_cat?post=17979"},{"taxonomy":"product_tag","embeddable":true,"href":"https:\/\/www.vapeswholesaler.com\/de\/wp-json\/wp\/v2\/product_tag?post=17979"}],"curies":[{"name":"wp","href":"https:\/\/api.w.org\/{rel}","templated":true}]}}