{"id":17948,"date":"2024-07-05T14:15:22","date_gmt":"2024-07-05T06:15:22","guid":{"rendered":"https:\/\/www.vapeswholesaler.com\/?post_type=product&#038;p=17948"},"modified":"2025-11-07T10:39:25","modified_gmt":"2025-11-07T02:39:25","slug":"groshandel-aivino-ziel-magie-20000-puffs-einweg-vape","status":"publish","type":"product","link":"https:\/\/www.vapeswholesaler.com\/de\/produkt\/groshandel-aivino-ziel-magie-20000-puffs-einweg-vape","title":{"rendered":"Gro\u00dfhandel AIVINO AIM MAGIC 20000 Puffs Einweg vape"},"content":{"rendered":"<p><a href=\"https:\/\/www.vapeswholesaler.com\/de\/produkt_marke\/aivono\/\">AIVINO<\/a> AIM MAGIC 20000 Puffs Disposable Vape Box, eine erstklassige Wahl f\u00fcr ausgedehnten Dampfgenuss. Erleben Sie bis zu 20000 Z\u00fcge mit seiner hohen Kapazit\u00e4t 24ml vorgef\u00fcllte e-Fl\u00fcssigkeit.<\/p>\n<p>AIVINO AIM MAGIC 20000 Puffs Produktion mit dem 1,0 Ohm Mesh Coil und einstellbare Luftstrom Design. Nicht nur, dass die AIVINO AIM MAGIC 20000 Puffs bieten au\u00dfergew\u00f6hnliche Leistung, aber es kommt auch zu einem wettbewerbsf\u00e4higen Preis Punkt, so dass es eine ausgezeichnete Wahl f\u00fcr diejenigen, die f\u00fcr den Wert ohne Abstriche bei der Qualit\u00e4t.<\/p>\n<p>Unsere Gro\u00dfhandelsoptionen sorgen daf\u00fcr, dass Unternehmen sich mit diesem beliebten E-Hookah-Ger\u00e4t eindecken und die Nachfrage ihrer Kunden effizient bedienen k\u00f6nnen.<\/p>\n<p>Erleben Sie den Komfort eines schnellen Versands, damit Sie Ihr AIVINO AIM MAGIC 20000 Puffs Disposable Vape ohne Verz\u00f6gerung genie\u00dfen k\u00f6nnen. Ob Sie ein Vaping-Enthusiast, ein Einzelh\u00e4ndler oder ein Gro\u00dfh\u00e4ndler sind, der seine Produktpalette erweitern m\u00f6chte. Unsere Produkte sind Ihre beste Wahl.<\/p>\n<h2><strong>Aivono AIM MAGIC 20000 Puffs Schnelle Details<\/strong><\/h2>\n<ul>\n<li>Puffs: 20000 Puffs<\/li>\n<li>Fassungsverm\u00f6gen des Elixiers: 24ml<\/li>\n<li>Batterie: 13350 Trockenbatterie<\/li>\n<li>Kapazit\u00e4t: 600mA (wiederaufladbar)<\/li>\n<li>Spulendrahtwiderstand: 1,0\u03a9 doppelter Maschenkern<\/li>\n<li>30 Minuten volle Ladung<\/li>\n<li>Einstellbarer Low-Norm-High-Boost<\/li>\n<li>Batterie und Fl\u00fcssigkeitsanzeige<\/li>\n<li>Auswahl der Led-Leuchten<\/li>\n<li>Dual-Mesh-Spulen<\/li>\n<li>Produktgr\u00f6\u00dfe: 43*102mm<\/li>\n<li>Nikotinsalzgehalt:5% \/3%\/2%\/0%<\/li>\n<li>Wiederaufladbar: Typ-C-Schnittstelle<\/li>\n<\/ul>\n<h2><strong>Geschm\u00e4cker:<\/strong><\/h2>\n<ol>\n<li>Blaues Razzeis<\/li>\n<li>Blaubeereis<\/li>\n<li>K\u00fchle Minze<\/li>\n<li>Traubeneis<\/li>\n<li>Mango-Ananas<\/li>\n<li>Gemischte Beere<\/li>\n<li>Pfirsich-Eis<\/li>\n<li>Ananas-Kokosnuss<\/li>\n<li>Rosa Zitroneneis<\/li>\n<li>Erdbeer-Eiscreme<\/li>\n<li>Erdbeereis<\/li>\n<li>Erdbeer-Kiwi<\/li>\n<li>Erdbeere Wassermelone<\/li>\n<li>Wassermelone Kaugummi<\/li>\n<li>Wassermelone Eis<\/li>\n<\/ol>\n<p>&nbsp;<\/p>\n<h2><strong>Packliste:<\/strong><\/h2>\n<p>1St\u00fcck\uff1a 86g<br \/>\nKleine Schachtel\uff1a 55*100*30mm<br \/>\nMittlere Schachtel\uff1a 113*103*155mm 200St\u00fcck pro Karton\uff1a<br \/>\nKartongr\u00f6\u00dfe\uff1a58*35*35 cm<br \/>\nJede Schachtel\uff1a18KG<\/p>\n<p><img loading=\"lazy\" decoding=\"async\" class=\"alignnone wp-image-17923 size-full\" title=\"Gro\u00dfhandel AIVINO AIM MAGIC 20000 Puffs Einweg vape 1\" src=\"https:\/\/www.vapeswholesaler.com\/wp-content\/uploads\/2024\/07\/Wholesale-AIVINO-AIM-MAGIC-20000-Puffs-Disposable-vape-1.webp\" alt=\"Gro\u00dfhandel AIVINO AIM MAGIC 20000 Puffs Einweg vape 1\" width=\"800\" height=\"800\" srcset=\"https:\/\/www.vapeswholesaler.com\/wp-content\/uploads\/2024\/07\/Wholesale-AIVINO-AIM-MAGIC-20000-Puffs-Disposable-vape-1.webp 800w, https:\/\/www.vapeswholesaler.com\/wp-content\/uploads\/2024\/07\/Wholesale-AIVINO-AIM-MAGIC-20000-Puffs-Disposable-vape-1-300x300.webp 300w, https:\/\/www.vapeswholesaler.com\/wp-content\/uploads\/2024\/07\/Wholesale-AIVINO-AIM-MAGIC-20000-Puffs-Disposable-vape-1-150x150.webp 150w, https:\/\/www.vapeswholesaler.com\/wp-content\/uploads\/2024\/07\/Wholesale-AIVINO-AIM-MAGIC-20000-Puffs-Disposable-vape-1-768x768.webp 768w, https:\/\/www.vapeswholesaler.com\/wp-content\/uploads\/2024\/07\/Wholesale-AIVINO-AIM-MAGIC-20000-Puffs-Disposable-vape-1-12x12.webp 12w, https:\/\/www.vapeswholesaler.com\/wp-content\/uploads\/2024\/07\/Wholesale-AIVINO-AIM-MAGIC-20000-Puffs-Disposable-vape-1-247x247.webp 247w, https:\/\/www.vapeswholesaler.com\/wp-content\/uploads\/2024\/07\/Wholesale-AIVINO-AIM-MAGIC-20000-Puffs-Disposable-vape-1-510x510.webp 510w, https:\/\/www.vapeswholesaler.com\/wp-content\/uploads\/2024\/07\/Wholesale-AIVINO-AIM-MAGIC-20000-Puffs-Disposable-vape-1-100x100.webp 100w\" sizes=\"auto, (max-width: 800px) 100vw, 800px\" \/> <img loading=\"lazy\" decoding=\"async\" class=\"alignnone wp-image-17925 size-full\" title=\"Gro\u00dfhandel AIVINO AIM MAGIC 20000 Puffs Einweg vape 3\" src=\"https:\/\/www.vapeswholesaler.com\/wp-content\/uploads\/2024\/07\/Wholesale-AIVINO-AIM-MAGIC-20000-Puffs-Disposable-vape-3.webp\" alt=\"Gro\u00dfhandel AIVINO AIM MAGIC 20000 Puffs Einweg vape 3\" width=\"800\" height=\"800\" srcset=\"https:\/\/www.vapeswholesaler.com\/wp-content\/uploads\/2024\/07\/Wholesale-AIVINO-AIM-MAGIC-20000-Puffs-Disposable-vape-3.webp 800w, https:\/\/www.vapeswholesaler.com\/wp-content\/uploads\/2024\/07\/Wholesale-AIVINO-AIM-MAGIC-20000-Puffs-Disposable-vape-3-300x300.webp 300w, https:\/\/www.vapeswholesaler.com\/wp-content\/uploads\/2024\/07\/Wholesale-AIVINO-AIM-MAGIC-20000-Puffs-Disposable-vape-3-150x150.webp 150w, https:\/\/www.vapeswholesaler.com\/wp-content\/uploads\/2024\/07\/Wholesale-AIVINO-AIM-MAGIC-20000-Puffs-Disposable-vape-3-768x768.webp 768w, https:\/\/www.vapeswholesaler.com\/wp-content\/uploads\/2024\/07\/Wholesale-AIVINO-AIM-MAGIC-20000-Puffs-Disposable-vape-3-12x12.webp 12w, https:\/\/www.vapeswholesaler.com\/wp-content\/uploads\/2024\/07\/Wholesale-AIVINO-AIM-MAGIC-20000-Puffs-Disposable-vape-3-247x247.webp 247w, https:\/\/www.vapeswholesaler.com\/wp-content\/uploads\/2024\/07\/Wholesale-AIVINO-AIM-MAGIC-20000-Puffs-Disposable-vape-3-510x510.webp 510w, https:\/\/www.vapeswholesaler.com\/wp-content\/uploads\/2024\/07\/Wholesale-AIVINO-AIM-MAGIC-20000-Puffs-Disposable-vape-3-100x100.webp 100w\" sizes=\"auto, (max-width: 800px) 100vw, 800px\" \/> <img loading=\"lazy\" decoding=\"async\" class=\"alignnone wp-image-17927 size-large\" title=\"Gro\u00dfhandel AIVINO AIM MAGIC 20000 Puffs Einweg vape 5\" src=\"https:\/\/www.vapeswholesaler.com\/wp-content\/uploads\/2024\/07\/Wholesale-AIVINO-AIM-MAGIC-20000-Puffs-Disposable-vape-5-1024x1024.webp\" alt=\"Gro\u00dfhandel AIVINO AIM MAGIC 20000 Puffs Einweg vape 5\" width=\"1020\" height=\"1020\" srcset=\"https:\/\/www.vapeswholesaler.com\/wp-content\/uploads\/2024\/07\/Wholesale-AIVINO-AIM-MAGIC-20000-Puffs-Disposable-vape-5-1024x1024.webp 1024w, https:\/\/www.vapeswholesaler.com\/wp-content\/uploads\/2024\/07\/Wholesale-AIVINO-AIM-MAGIC-20000-Puffs-Disposable-vape-5-300x300.webp 300w, https:\/\/www.vapeswholesaler.com\/wp-content\/uploads\/2024\/07\/Wholesale-AIVINO-AIM-MAGIC-20000-Puffs-Disposable-vape-5-150x150.webp 150w, https:\/\/www.vapeswholesaler.com\/wp-content\/uploads\/2024\/07\/Wholesale-AIVINO-AIM-MAGIC-20000-Puffs-Disposable-vape-5-768x768.webp 768w, https:\/\/www.vapeswholesaler.com\/wp-content\/uploads\/2024\/07\/Wholesale-AIVINO-AIM-MAGIC-20000-Puffs-Disposable-vape-5-12x12.webp 12w, https:\/\/www.vapeswholesaler.com\/wp-content\/uploads\/2024\/07\/Wholesale-AIVINO-AIM-MAGIC-20000-Puffs-Disposable-vape-5-247x247.webp 247w, https:\/\/www.vapeswholesaler.com\/wp-content\/uploads\/2024\/07\/Wholesale-AIVINO-AIM-MAGIC-20000-Puffs-Disposable-vape-5-510x510.webp 510w, https:\/\/www.vapeswholesaler.com\/wp-content\/uploads\/2024\/07\/Wholesale-AIVINO-AIM-MAGIC-20000-Puffs-Disposable-vape-5-100x100.webp 100w, https:\/\/www.vapeswholesaler.com\/wp-content\/uploads\/2024\/07\/Wholesale-AIVINO-AIM-MAGIC-20000-Puffs-Disposable-vape-5.webp 1536w\" sizes=\"auto, (max-width: 1020px) 100vw, 1020px\" \/><\/p>","protected":false},"excerpt":{"rendered":"<p>Mindestbestellmenge:\u00a0<strong>50 STCK.<\/strong>\u00a0(Geschmacksrichtungen mischen)\u00a0\u00a0<strong>Kostenloser Versand<\/strong><\/p>\n<p>(<strong>2%, 5% Nic<\/strong>)<\/p>","protected":false},"featured_media":17964,"comment_status":"open","ping_status":"closed","template":"","meta":[],"product_cat":[15],"product_tag":[],"class_list":{"0":"post-17948","1":"product","2":"type-product","3":"status-publish","4":"has-post-thumbnail","6":"product_cat-disposable-vape","7":"product_brand-aivono","9":"first","10":"instock","11":"shipping-taxable","12":"purchasable","13":"product-type-variable","14":"has-default-attributes"},"aioseo_notices":[],"_links":{"self":[{"href":"https:\/\/www.vapeswholesaler.com\/de\/wp-json\/wp\/v2\/product\/17948","targetHints":{"allow":["GET"]}}],"collection":[{"href":"https:\/\/www.vapeswholesaler.com\/de\/wp-json\/wp\/v2\/product"}],"about":[{"href":"https:\/\/www.vapeswholesaler.com\/de\/wp-json\/wp\/v2\/types\/product"}],"replies":[{"embeddable":true,"href":"https:\/\/www.vapeswholesaler.com\/de\/wp-json\/wp\/v2\/comments?post=17948"}],"wp:featuredmedia":[{"embeddable":true,"href":"https:\/\/www.vapeswholesaler.com\/de\/wp-json\/wp\/v2\/media\/17964"}],"wp:attachment":[{"href":"https:\/\/www.vapeswholesaler.com\/de\/wp-json\/wp\/v2\/media?parent=17948"}],"wp:term":[{"taxonomy":"product_cat","embeddable":true,"href":"https:\/\/www.vapeswholesaler.com\/de\/wp-json\/wp\/v2\/product_cat?post=17948"},{"taxonomy":"product_tag","embeddable":true,"href":"https:\/\/www.vapeswholesaler.com\/de\/wp-json\/wp\/v2\/product_tag?post=17948"}],"curies":[{"name":"wp","href":"https:\/\/api.w.org\/{rel}","templated":true}]}}