{"id":17773,"date":"2024-07-02T14:15:07","date_gmt":"2024-07-02T06:15:07","guid":{"rendered":"https:\/\/www.vapeswholesaler.com\/?post_type=product&#038;p=17773"},"modified":"2025-03-05T15:49:43","modified_gmt":"2025-03-05T07:49:43","slug":"groshandel-original-mr-nic-rakete-18000-puffs-einweg-vape","status":"publish","type":"product","link":"https:\/\/www.vapeswholesaler.com\/de\/produkt\/groshandel-original-mr-nic-rakete-18000-puffs-einweg-vape","title":{"rendered":"Gro\u00dfhandel Original MR NIC ROCKET 18000 Puffs Einweg vape"},"content":{"rendered":"<p>MR NIC ROCKET 18000 Puffs Digital Display Light Disposable Vape ist ein Hochleistungsger\u00e4t f\u00fcr Vaper, die sowohl Qualit\u00e4t als auch Komfort suchen. Mit einer beeindruckenden Kapazit\u00e4t von 18000 Puffs sorgt diese Einweg-E-Zigarette f\u00fcr l\u00e4ngeren Genuss ohne h\u00e4ufiges Auswechseln. Zwei Modi sind verf\u00fcgbar, Pulse-Modus kann vaping 9000 Puffs, Regular-Modus kann vaping 18000 Puffs sein.<\/p>\n<p>Passen Sie Ihre Erfahrung mit einer Reihe von Nikotinst\u00e4rken an: 0%, 2%, 3% und 5%. Diese Vielfalt stellt sicher, dass Sie die perfekte Balance f\u00fcr Ihre Vorlieben finden k\u00f6nnen. Die MR NIC ROCKET 18000 wird von einem 650mAh-Akku angetrieben und bietet lang anhaltende Leistung, und der Typ-C-Akku-Anschluss sorgt f\u00fcr schnelles und effizientes Aufladen.<\/p>\n<h2><strong><a href=\"https:\/\/www.vapeswholesaler.com\/de\/produkt_marke\/herr-nic\/\">MR NIC<\/a> ROCKET 18000 Puffs Merkmale:<\/strong><\/h2>\n<ul>\n<li>Digitaler Bildschirm zeigt<\/li>\n<li>Rocket Take Off Wenn Vaping Macht Licht steigen beim Laden<\/li>\n<li>0\/2\/3\/5%Nikotinsalz.<\/li>\n<li>20ML von E-Fl\u00fcssigkeit.<\/li>\n<li>Doppeltes&amp;Einfaches Maschenwerk Spulenbesatz.<\/li>\n<li>10 Geschmacksrichtungen verf\u00fcgbar.<\/li>\n<li>Wiederaufladbare Batterie.<\/li>\n<li>Typ-C-Ladung<\/li>\n<li>Integrierter 650mAh Akku.<\/li>\n<\/ul>\n<h2><strong>Geschm\u00e4cker:<\/strong><\/h2>\n<ol>\n<li>K\u00fchle Minze<\/li>\n<li>Schwarze Johannisbeere Traube<\/li>\n<li>Miami Beere<\/li>\n<li>Rotes Apfel-Eis<\/li>\n<li>Alphonso Mango Eis<\/li>\n<li>Erdbeere Wassermelone<\/li>\n<li>Drachenfrucht-Limonade<\/li>\n<li>Heidelbeer-Erdbeer-Eis<\/li>\n<li>Guave Kiwi Passionsfrucht<\/li>\n<li>Banane-Kirsche<\/li>\n<\/ol>\n<h2><strong>Packliste:<\/strong><\/h2>\n<p>5 St\u00fcck in einem Displaykarton.<br \/>\n200 St\u00fcck in einer Schachtel.<br \/>\nGewicht des Kartons: 18KG<\/p>\n<p><img loading=\"lazy\" decoding=\"async\" class=\"alignnone wp-image-17759 size-full\" title=\"Gro\u00dfhandel Original MR NIC ROCKET 18000 Puffs Einweg vape 8\" src=\"https:\/\/www.vapeswholesaler.com\/wp-content\/uploads\/2024\/07\/Wholesale-Original-MR-NIC-ROCKET-18000-Puffs-Disposable-vape-8.webp\" alt=\"Gro\u00dfhandel Original MR NIC ROCKET 18000 Puffs Einweg vape 8\" width=\"800\" height=\"800\" srcset=\"https:\/\/www.vapeswholesaler.com\/wp-content\/uploads\/2024\/07\/Wholesale-Original-MR-NIC-ROCKET-18000-Puffs-Disposable-vape-8.webp 800w, https:\/\/www.vapeswholesaler.com\/wp-content\/uploads\/2024\/07\/Wholesale-Original-MR-NIC-ROCKET-18000-Puffs-Disposable-vape-8-300x300.webp 300w, https:\/\/www.vapeswholesaler.com\/wp-content\/uploads\/2024\/07\/Wholesale-Original-MR-NIC-ROCKET-18000-Puffs-Disposable-vape-8-150x150.webp 150w, https:\/\/www.vapeswholesaler.com\/wp-content\/uploads\/2024\/07\/Wholesale-Original-MR-NIC-ROCKET-18000-Puffs-Disposable-vape-8-768x768.webp 768w, https:\/\/www.vapeswholesaler.com\/wp-content\/uploads\/2024\/07\/Wholesale-Original-MR-NIC-ROCKET-18000-Puffs-Disposable-vape-8-12x12.webp 12w, https:\/\/www.vapeswholesaler.com\/wp-content\/uploads\/2024\/07\/Wholesale-Original-MR-NIC-ROCKET-18000-Puffs-Disposable-vape-8-247x247.webp 247w, https:\/\/www.vapeswholesaler.com\/wp-content\/uploads\/2024\/07\/Wholesale-Original-MR-NIC-ROCKET-18000-Puffs-Disposable-vape-8-510x510.webp 510w, https:\/\/www.vapeswholesaler.com\/wp-content\/uploads\/2024\/07\/Wholesale-Original-MR-NIC-ROCKET-18000-Puffs-Disposable-vape-8-100x100.webp 100w\" sizes=\"auto, (max-width: 800px) 100vw, 800px\" \/> <img loading=\"lazy\" decoding=\"async\" class=\"alignnone wp-image-17753 size-full\" title=\"Gro\u00dfhandel Original MR NIC ROCKET 18000 Puffs Einweg vape 1\" src=\"https:\/\/www.vapeswholesaler.com\/wp-content\/uploads\/2024\/07\/Wholesale-Original-MR-NIC-ROCKET-18000-Puffs-Disposable-vape-1.webp\" alt=\"Gro\u00dfhandel Original MR NIC ROCKET 18000 Puffs Einweg vape 1\" width=\"800\" height=\"800\" srcset=\"https:\/\/www.vapeswholesaler.com\/wp-content\/uploads\/2024\/07\/Wholesale-Original-MR-NIC-ROCKET-18000-Puffs-Disposable-vape-1.webp 800w, https:\/\/www.vapeswholesaler.com\/wp-content\/uploads\/2024\/07\/Wholesale-Original-MR-NIC-ROCKET-18000-Puffs-Disposable-vape-1-300x300.webp 300w, https:\/\/www.vapeswholesaler.com\/wp-content\/uploads\/2024\/07\/Wholesale-Original-MR-NIC-ROCKET-18000-Puffs-Disposable-vape-1-150x150.webp 150w, https:\/\/www.vapeswholesaler.com\/wp-content\/uploads\/2024\/07\/Wholesale-Original-MR-NIC-ROCKET-18000-Puffs-Disposable-vape-1-768x768.webp 768w, https:\/\/www.vapeswholesaler.com\/wp-content\/uploads\/2024\/07\/Wholesale-Original-MR-NIC-ROCKET-18000-Puffs-Disposable-vape-1-12x12.webp 12w, https:\/\/www.vapeswholesaler.com\/wp-content\/uploads\/2024\/07\/Wholesale-Original-MR-NIC-ROCKET-18000-Puffs-Disposable-vape-1-247x247.webp 247w, https:\/\/www.vapeswholesaler.com\/wp-content\/uploads\/2024\/07\/Wholesale-Original-MR-NIC-ROCKET-18000-Puffs-Disposable-vape-1-510x510.webp 510w, https:\/\/www.vapeswholesaler.com\/wp-content\/uploads\/2024\/07\/Wholesale-Original-MR-NIC-ROCKET-18000-Puffs-Disposable-vape-1-100x100.webp 100w\" sizes=\"auto, (max-width: 800px) 100vw, 800px\" \/><\/p>\n<p>&nbsp;<\/p>\n<p>Gro\u00dfhandel Original MR NIC ROCKET 18000 Puffs Einweg vape<img loading=\"lazy\" decoding=\"async\" class=\"alignnone wp-image-17760 size-full\" title=\"Gro\u00dfhandel Original MR NIC ROCKET 18000 Puffs Einweg vape 10\" src=\"https:\/\/www.vapeswholesaler.com\/wp-content\/uploads\/2024\/07\/Wholesale-Original-MR-NIC-ROCKET-18000-Puffs-Disposable-vape-10.jpg\" alt=\"Gro\u00dfhandel Original MR NIC ROCKET 18000 Puffs Einweg vape 10\" width=\"800\" height=\"880\" srcset=\"https:\/\/www.vapeswholesaler.com\/wp-content\/uploads\/2024\/07\/Wholesale-Original-MR-NIC-ROCKET-18000-Puffs-Disposable-vape-10.jpg 800w, https:\/\/www.vapeswholesaler.com\/wp-content\/uploads\/2024\/07\/Wholesale-Original-MR-NIC-ROCKET-18000-Puffs-Disposable-vape-10-273x300.jpg 273w, https:\/\/www.vapeswholesaler.com\/wp-content\/uploads\/2024\/07\/Wholesale-Original-MR-NIC-ROCKET-18000-Puffs-Disposable-vape-10-768x845.jpg 768w, https:\/\/www.vapeswholesaler.com\/wp-content\/uploads\/2024\/07\/Wholesale-Original-MR-NIC-ROCKET-18000-Puffs-Disposable-vape-10-11x12.jpg 11w, https:\/\/www.vapeswholesaler.com\/wp-content\/uploads\/2024\/07\/Wholesale-Original-MR-NIC-ROCKET-18000-Puffs-Disposable-vape-10-510x561.jpg 510w\" sizes=\"auto, (max-width: 800px) 100vw, 800px\" \/><\/p>","protected":false},"excerpt":{"rendered":"<p>Mindestbestellmenge:\u00a0<strong>50 STCK.<\/strong>\u00a0(Geschmacksrichtungen mischen)\u00a0\u00a0<strong>Kostenloser Versand<\/strong><\/p>\n<p>(<strong>2%, 5% Nic<\/strong>)<\/p>","protected":false},"featured_media":17767,"comment_status":"open","ping_status":"closed","template":"","meta":[],"product_cat":[15],"product_tag":[],"class_list":{"0":"post-17773","1":"product","2":"type-product","3":"status-publish","4":"has-post-thumbnail","6":"product_cat-disposable-vape","7":"product_brand-mr-nic","9":"first","10":"instock","11":"shipping-taxable","12":"purchasable","13":"product-type-variable","14":"has-default-attributes"},"aioseo_notices":[],"_links":{"self":[{"href":"https:\/\/www.vapeswholesaler.com\/de\/wp-json\/wp\/v2\/product\/17773","targetHints":{"allow":["GET"]}}],"collection":[{"href":"https:\/\/www.vapeswholesaler.com\/de\/wp-json\/wp\/v2\/product"}],"about":[{"href":"https:\/\/www.vapeswholesaler.com\/de\/wp-json\/wp\/v2\/types\/product"}],"replies":[{"embeddable":true,"href":"https:\/\/www.vapeswholesaler.com\/de\/wp-json\/wp\/v2\/comments?post=17773"}],"wp:featuredmedia":[{"embeddable":true,"href":"https:\/\/www.vapeswholesaler.com\/de\/wp-json\/wp\/v2\/media\/17767"}],"wp:attachment":[{"href":"https:\/\/www.vapeswholesaler.com\/de\/wp-json\/wp\/v2\/media?parent=17773"}],"wp:term":[{"taxonomy":"product_cat","embeddable":true,"href":"https:\/\/www.vapeswholesaler.com\/de\/wp-json\/wp\/v2\/product_cat?post=17773"},{"taxonomy":"product_tag","embeddable":true,"href":"https:\/\/www.vapeswholesaler.com\/de\/wp-json\/wp\/v2\/product_tag?post=17773"}],"curies":[{"name":"wp","href":"https:\/\/api.w.org\/{rel}","templated":true}]}}