{"id":17716,"date":"2024-07-02T11:56:23","date_gmt":"2024-07-02T03:56:23","guid":{"rendered":"https:\/\/www.vapeswholesaler.com\/?post_type=product&#038;p=17716"},"modified":"2025-03-05T15:50:37","modified_gmt":"2025-03-05T07:50:37","slug":"groshandel-mr-nic-luft-15000-puffs-einweg-vape","status":"publish","type":"product","link":"https:\/\/www.vapeswholesaler.com\/de\/produkt\/groshandel-mr-nic-luft-15000-puffs-einweg-vape","title":{"rendered":"Gro\u00dfhandel MR NIC AIR 15000 Puffs Einweg vape"},"content":{"rendered":"<p>MR NIC AIR 15000 Puffs Digital Display Light Disposable vape ist ein Hochleistungsger\u00e4t f\u00fcr Vaper, die sowohl Qualit\u00e4t als auch Komfort suchen. Mit einer beeindruckenden Kapazit\u00e4t von 15000 Z\u00fcgen sorgt diese Einweg-E-Zigarette f\u00fcr l\u00e4ngeren Genuss ohne h\u00e4ufiges Auswechseln.<\/p>\n<p>MR NIC AIR 15000 Puffs mit einer fortschrittlichen Mesh-Spule Kern, liefert jeder Zug glatt und geschmackvollen Dampf. Die gro\u00dfz\u00fcgige 16ml e-Fl\u00fcssigkeit Kapazit\u00e4t erm\u00f6glicht f\u00fcr l\u00e4ngere vaping Sitzungen, so dass Sie reichlich Gelegenheit, um Ihre Lieblings-Aromen zu genie\u00dfen.<\/p>\n<p>Passen Sie Ihre Erfahrung mit einer Reihe von Nikotinst\u00e4rken an: 0%, 2%, 3% und 5%. Diese Vielfalt stellt sicher, dass Sie die perfekte Balance f\u00fcr Ihre Vorlieben finden k\u00f6nnen. Angetrieben von einem 600mAh-Akku bietet die Elf Box DG 12000 eine lang anhaltende Leistung, und der Typ-C-Akku-Anschluss sorgt f\u00fcr ein schnelles und effizientes Aufladen.<\/p>\n<p>Erleben Sie die MR NIC AIR 15000 Puffs LED Display Einweg-E-Zigaretten und erh\u00f6hen Sie Ihre vaping Reise mit seiner au\u00dfergew\u00f6hnlichen Leistung, Komfort und anpassbare Funktionen. Genie\u00dfen Sie die perfekte Kombination aus Technologie und Geschmack mit dieser innovativen Einweg-E-Zigarette.<\/p>\n<h2><strong><a href=\"https:\/\/www.vapeswholesaler.com\/de\/produkt_marke\/herr-nic\/\">MR NIC<\/a> AIR 15000 Puffs Merkmale:<\/strong><\/h2>\n<ul>\n<li>Digitales Display Bildschirm Licht bewegt sich im Kreis, wenn vaping.<\/li>\n<li>0\/2\/3\/5%Nikotinsalz.<\/li>\n<li>16ML von E-Fl\u00fcssigkeit.<\/li>\n<li>Mesh-Spule.<\/li>\n<li>15 Geschmacksrichtungen verf\u00fcgbar.<\/li>\n<li>Wiederaufladbare Batterie.<\/li>\n<li>Typ-C-Ladung.<\/li>\n<li>Integrierter 600mAh Akku.<\/li>\n<\/ul>\n<h2><strong>Geschm\u00e4cker:<\/strong><\/h2>\n<ol>\n<li>Dreifach-Beereneis<\/li>\n<li>Tropische Regenbogenexplosion<\/li>\n<li>Erdbeere-Banane<\/li>\n<li>Drache Melone<\/li>\n<li>Kiwi Passion Fuava<\/li>\n<li>Blaubeereis<\/li>\n<li>Miami Mint<\/li>\n<li>Kalifornische Kirsche<\/li>\n<li>Wassermelone Eis<\/li>\n<li>Doppelter Apfel<\/li>\n<li>Erdbeer-Mango<\/li>\n<li>Erdbeere Wassermelone Apfel<\/li>\n<li>Rotes Energie-Eis<\/li>\n<li>Honigtau Wassermelone Maracuja<\/li>\n<li>Weintraube Blowpop<\/li>\n<\/ol>\n<h2><strong>Packliste:<\/strong><\/h2>\n<p>10 St\u00fcck in einem Displaykarton.<br \/>\n200 St\u00fcck in einer Schachtel.<br \/>\nGewicht des Kartons: 14.50KG<\/p>\n<p><img loading=\"lazy\" decoding=\"async\" class=\"alignnone wp-image-17696 size-full\" title=\"Gro\u00dfhandel MR NIC AIR 15000 Puffs Einweg vape 4\" src=\"https:\/\/www.vapeswholesaler.com\/wp-content\/uploads\/2024\/07\/Wholesale-MR-NIC-AIR-15000-Puffs-disposable-vape-4.webp\" alt=\"Gro\u00dfhandel MR NIC AIR 15000 Puffs Einweg vape 4\" width=\"800\" height=\"800\" srcset=\"https:\/\/www.vapeswholesaler.com\/wp-content\/uploads\/2024\/07\/Wholesale-MR-NIC-AIR-15000-Puffs-disposable-vape-4.webp 800w, https:\/\/www.vapeswholesaler.com\/wp-content\/uploads\/2024\/07\/Wholesale-MR-NIC-AIR-15000-Puffs-disposable-vape-4-300x300.webp 300w, https:\/\/www.vapeswholesaler.com\/wp-content\/uploads\/2024\/07\/Wholesale-MR-NIC-AIR-15000-Puffs-disposable-vape-4-150x150.webp 150w, https:\/\/www.vapeswholesaler.com\/wp-content\/uploads\/2024\/07\/Wholesale-MR-NIC-AIR-15000-Puffs-disposable-vape-4-768x768.webp 768w, https:\/\/www.vapeswholesaler.com\/wp-content\/uploads\/2024\/07\/Wholesale-MR-NIC-AIR-15000-Puffs-disposable-vape-4-12x12.webp 12w, https:\/\/www.vapeswholesaler.com\/wp-content\/uploads\/2024\/07\/Wholesale-MR-NIC-AIR-15000-Puffs-disposable-vape-4-247x247.webp 247w, https:\/\/www.vapeswholesaler.com\/wp-content\/uploads\/2024\/07\/Wholesale-MR-NIC-AIR-15000-Puffs-disposable-vape-4-510x510.webp 510w, https:\/\/www.vapeswholesaler.com\/wp-content\/uploads\/2024\/07\/Wholesale-MR-NIC-AIR-15000-Puffs-disposable-vape-4-100x100.webp 100w\" sizes=\"auto, (max-width: 800px) 100vw, 800px\" \/><\/p>","protected":false},"excerpt":{"rendered":"<p>Mindestbestellmenge:\u00a0<strong>50 STCK.<\/strong>\u00a0(Geschmacksrichtungen mischen)\u00a0\u00a0<strong>Kostenloser Versand<\/strong><\/p>\n<p>(<strong>2%, 5% Nic<\/strong>)<\/p>","protected":false},"featured_media":17695,"comment_status":"open","ping_status":"closed","template":"","meta":[],"product_cat":[15],"product_tag":[],"class_list":{"0":"post-17716","1":"product","2":"type-product","3":"status-publish","4":"has-post-thumbnail","6":"product_cat-disposable-vape","7":"product_brand-mr-nic","9":"first","10":"instock","11":"shipping-taxable","12":"purchasable","13":"product-type-variable","14":"has-default-attributes"},"aioseo_notices":[],"_links":{"self":[{"href":"https:\/\/www.vapeswholesaler.com\/de\/wp-json\/wp\/v2\/product\/17716","targetHints":{"allow":["GET"]}}],"collection":[{"href":"https:\/\/www.vapeswholesaler.com\/de\/wp-json\/wp\/v2\/product"}],"about":[{"href":"https:\/\/www.vapeswholesaler.com\/de\/wp-json\/wp\/v2\/types\/product"}],"replies":[{"embeddable":true,"href":"https:\/\/www.vapeswholesaler.com\/de\/wp-json\/wp\/v2\/comments?post=17716"}],"wp:featuredmedia":[{"embeddable":true,"href":"https:\/\/www.vapeswholesaler.com\/de\/wp-json\/wp\/v2\/media\/17695"}],"wp:attachment":[{"href":"https:\/\/www.vapeswholesaler.com\/de\/wp-json\/wp\/v2\/media?parent=17716"}],"wp:term":[{"taxonomy":"product_cat","embeddable":true,"href":"https:\/\/www.vapeswholesaler.com\/de\/wp-json\/wp\/v2\/product_cat?post=17716"},{"taxonomy":"product_tag","embeddable":true,"href":"https:\/\/www.vapeswholesaler.com\/de\/wp-json\/wp\/v2\/product_tag?post=17716"}],"curies":[{"name":"wp","href":"https:\/\/api.w.org\/{rel}","templated":true}]}}