{"id":17577,"date":"2024-06-29T15:46:59","date_gmt":"2024-06-29T07:46:59","guid":{"rendered":"https:\/\/www.vapeswholesaler.com\/?post_type=product&#038;p=17577"},"modified":"2025-02-26T12:52:12","modified_gmt":"2025-02-26T04:52:12","slug":"groshandel-poco-pt-12000-puffs-bunt-einweg-vape","status":"publish","type":"product","link":"https:\/\/www.vapeswholesaler.com\/de\/produkt\/groshandel-poco-pt-12000-puffs-bunt-einweg-vape","title":{"rendered":"Gro\u00dfhandel POCO PT 12000 Puffs Bunte Einweg vape"},"content":{"rendered":"<p>POCO PT 12000 Puffs ist die neueste Einwegzigarette, ein Hochleistungsger\u00e4t, das f\u00fcr Dampfer entwickelt wurde, die sowohl Qualit\u00e4t als auch Komfort suchen. Mit einer beeindruckenden 12000 Puffs Kapazit\u00e4t und 650mAh Power-Akku. diese Einweg-E-Zigarette sorgt f\u00fcr l\u00e4ngeren Genuss ohne h\u00e4ufige Ersetzungen. die gro\u00dfz\u00fcgige 22ml e-Fl\u00fcssigkeit Kapazit\u00e4t erm\u00f6glicht f\u00fcr l\u00e4ngere vaping Sitzungen, so dass Sie reichlich Gelegenheit, um Ihre Lieblings-Aromen zu genie\u00dfen.<\/p>\n<p>Erleben Sie die POCO PT 12000 Puffs Colorful Disposable E-Zigaretten und erh\u00f6hen Sie Ihre vaping Reise mit seiner au\u00dfergew\u00f6hnlichen Leistung, Komfort und anpassbare Funktionen. Genie\u00dfen Sie die perfekte Kombination aus Technologie und Geschmack mit dieser innovativen Einweg-E-Zigarette.<\/p>\n<h2><strong><a href=\"https:\/\/www.vapeswholesaler.com\/de\/produkt_marke\/poco\/\">POCO<\/a> PT 12000 Puffs Merkmal:<\/strong><\/h2>\n<ul>\n<li>Fassungsverm\u00f6gen: 22ml<\/li>\n<li>St\u00e4rke: 5%<\/li>\n<li>Akku: 650mAh Typ-C<\/li>\n<li>Puffs: 12000 Puffs<\/li>\n<\/ul>\n<h2><strong>Geschm\u00e4cker:<\/strong><\/h2>\n<ol>\n<li>Blaubeereis<\/li>\n<li>Kirsche-Pfirsich-Limonade<\/li>\n<li>Heidelbeere-Himbeere<\/li>\n<li>Erdbeer-Kiwi<\/li>\n<li>Aloe Traube<\/li>\n<li>Schwarzes Eis Drachenfrucht-Erdbeere<\/li>\n<li>Energy-Drink<\/li>\n<li>Erdbeere Wassermelone<\/li>\n<li>Pfirsich-Eis<\/li>\n<li>Erdbeereis<\/li>\n<\/ol>\n<h2><strong>Packliste:<\/strong><\/h2>\n<p>1St\u00fcck pro Geschenkbox<br \/>\n10 St\u00fcck pro Mittelkarton<br \/>\n200St\u00fcck pro Karton<\/p>\n<p><img loading=\"lazy\" decoding=\"async\" class=\"alignnone wp-image-17559 size-full\" title=\"Gro\u00dfhandel Poco PT 12000 Puffs Einweg vape 2\" src=\"https:\/\/www.vapeswholesaler.com\/wp-content\/uploads\/2024\/06\/Wholesale-Poco-PT-12000-Puffs-disposable-vape-2.webp\" alt=\"Gro\u00dfhandel Poco PT 12000 Puffs Einweg vape 2\" width=\"800\" height=\"800\" srcset=\"https:\/\/www.vapeswholesaler.com\/wp-content\/uploads\/2024\/06\/Wholesale-Poco-PT-12000-Puffs-disposable-vape-2.webp 800w, https:\/\/www.vapeswholesaler.com\/wp-content\/uploads\/2024\/06\/Wholesale-Poco-PT-12000-Puffs-disposable-vape-2-300x300.webp 300w, https:\/\/www.vapeswholesaler.com\/wp-content\/uploads\/2024\/06\/Wholesale-Poco-PT-12000-Puffs-disposable-vape-2-150x150.webp 150w, https:\/\/www.vapeswholesaler.com\/wp-content\/uploads\/2024\/06\/Wholesale-Poco-PT-12000-Puffs-disposable-vape-2-768x768.webp 768w, https:\/\/www.vapeswholesaler.com\/wp-content\/uploads\/2024\/06\/Wholesale-Poco-PT-12000-Puffs-disposable-vape-2-12x12.webp 12w, https:\/\/www.vapeswholesaler.com\/wp-content\/uploads\/2024\/06\/Wholesale-Poco-PT-12000-Puffs-disposable-vape-2-247x247.webp 247w, https:\/\/www.vapeswholesaler.com\/wp-content\/uploads\/2024\/06\/Wholesale-Poco-PT-12000-Puffs-disposable-vape-2-510x510.webp 510w, https:\/\/www.vapeswholesaler.com\/wp-content\/uploads\/2024\/06\/Wholesale-Poco-PT-12000-Puffs-disposable-vape-2-100x100.webp 100w\" sizes=\"auto, (max-width: 800px) 100vw, 800px\" \/><\/p>\n<p><img loading=\"lazy\" decoding=\"async\" class=\"alignnone wp-image-17563 size-full\" title=\"Gro\u00dfhandel Poco PT 12000 Puffs Einweg vape 6\" src=\"https:\/\/www.vapeswholesaler.com\/wp-content\/uploads\/2024\/06\/Wholesale-Poco-PT-12000-Puffs-disposable-vape-6.webp\" alt=\"Gro\u00dfhandel Poco PT 12000 Puffs Einweg vape 6\" width=\"800\" height=\"800\" srcset=\"https:\/\/www.vapeswholesaler.com\/wp-content\/uploads\/2024\/06\/Wholesale-Poco-PT-12000-Puffs-disposable-vape-6.webp 800w, https:\/\/www.vapeswholesaler.com\/wp-content\/uploads\/2024\/06\/Wholesale-Poco-PT-12000-Puffs-disposable-vape-6-300x300.webp 300w, https:\/\/www.vapeswholesaler.com\/wp-content\/uploads\/2024\/06\/Wholesale-Poco-PT-12000-Puffs-disposable-vape-6-150x150.webp 150w, https:\/\/www.vapeswholesaler.com\/wp-content\/uploads\/2024\/06\/Wholesale-Poco-PT-12000-Puffs-disposable-vape-6-768x768.webp 768w, https:\/\/www.vapeswholesaler.com\/wp-content\/uploads\/2024\/06\/Wholesale-Poco-PT-12000-Puffs-disposable-vape-6-12x12.webp 12w, https:\/\/www.vapeswholesaler.com\/wp-content\/uploads\/2024\/06\/Wholesale-Poco-PT-12000-Puffs-disposable-vape-6-247x247.webp 247w, https:\/\/www.vapeswholesaler.com\/wp-content\/uploads\/2024\/06\/Wholesale-Poco-PT-12000-Puffs-disposable-vape-6-510x510.webp 510w, https:\/\/www.vapeswholesaler.com\/wp-content\/uploads\/2024\/06\/Wholesale-Poco-PT-12000-Puffs-disposable-vape-6-100x100.webp 100w\" sizes=\"auto, (max-width: 800px) 100vw, 800px\" \/><\/p>","protected":false},"excerpt":{"rendered":"<p>Mindestbestellmenge:\u00a0<strong>50 STCK.<\/strong>\u00a0(Geschmacksrichtungen mischen)\u00a0\u00a0<strong>Kostenloser Versand<\/strong><\/p>\n<p>(<strong>2%, 5% Nic<\/strong>) EU Warehouse Versandzeit 5-6 Arbeitstage<\/p>","protected":false},"featured_media":17566,"comment_status":"open","ping_status":"closed","template":"","meta":[],"product_cat":[15],"product_tag":[],"class_list":{"0":"post-17577","1":"product","2":"type-product","3":"status-publish","4":"has-post-thumbnail","6":"product_cat-disposable-vape","7":"product_brand-poco","9":"first","10":"instock","11":"shipping-taxable","12":"purchasable","13":"product-type-variable","14":"has-default-attributes"},"aioseo_notices":[],"_links":{"self":[{"href":"https:\/\/www.vapeswholesaler.com\/de\/wp-json\/wp\/v2\/product\/17577","targetHints":{"allow":["GET"]}}],"collection":[{"href":"https:\/\/www.vapeswholesaler.com\/de\/wp-json\/wp\/v2\/product"}],"about":[{"href":"https:\/\/www.vapeswholesaler.com\/de\/wp-json\/wp\/v2\/types\/product"}],"replies":[{"embeddable":true,"href":"https:\/\/www.vapeswholesaler.com\/de\/wp-json\/wp\/v2\/comments?post=17577"}],"wp:featuredmedia":[{"embeddable":true,"href":"https:\/\/www.vapeswholesaler.com\/de\/wp-json\/wp\/v2\/media\/17566"}],"wp:attachment":[{"href":"https:\/\/www.vapeswholesaler.com\/de\/wp-json\/wp\/v2\/media?parent=17577"}],"wp:term":[{"taxonomy":"product_cat","embeddable":true,"href":"https:\/\/www.vapeswholesaler.com\/de\/wp-json\/wp\/v2\/product_cat?post=17577"},{"taxonomy":"product_tag","embeddable":true,"href":"https:\/\/www.vapeswholesaler.com\/de\/wp-json\/wp\/v2\/product_tag?post=17577"}],"curies":[{"name":"wp","href":"https:\/\/api.w.org\/{rel}","templated":true}]}}