{"id":17449,"date":"2024-06-28T17:38:15","date_gmt":"2024-06-28T09:38:15","guid":{"rendered":"https:\/\/www.vapeswholesaler.com\/?post_type=product&#038;p=17449"},"modified":"2025-11-10T18:15:27","modified_gmt":"2025-11-10T10:15:27","slug":"groshandel-knall-puls-18000-puffs-einweg-vape","status":"publish","type":"product","link":"https:\/\/www.vapeswholesaler.com\/de\/produkt\/groshandel-knall-puls-18000-puffs-einweg-vape","title":{"rendered":"Gro\u00dfhandel Bang Pulse 18000 Puffs Einweg Vape"},"content":{"rendered":"<p><a href=\"https:\/\/www.vapeswholesaler.com\/de\/produkt_marke\/bang\/\">Bang<\/a> Pulse 18000 Puffs Led Display Einweg-E-Zigaretten, ein Hochleistungsger\u00e4t f\u00fcr Vaper, die sowohl Qualit\u00e4t als auch Komfort suchen. Mit einer beeindruckenden Kapazit\u00e4t von 18000 Z\u00fcgen sorgt diese Einweg-E-Zigarette f\u00fcr l\u00e4ngeren Genuss ohne h\u00e4ufiges Auswechseln.<\/p>\n<p>Unser Produkt mit einer fortschrittlichen Mesh-Spule 1,0 Ohm, liefert jeder Zug glatten und geschmackvollen Dampf. Die gro\u00dfz\u00fcgige 26ml e-Fl\u00fcssigkeit Kapazit\u00e4t erm\u00f6glicht f\u00fcr l\u00e4ngere vaping Sitzungen, so dass Sie reichlich Gelegenheit, um Ihre Lieblings-Aromen zu genie\u00dfen.<\/p>\n<p>Das eingebaute LED-Display informiert Sie in Echtzeit \u00fcber Ihre Einstellungen und die Akkulaufzeit und sorgt so f\u00fcr ein reibungsloses und informiertes Dampferlebnis. Mit einem Gewicht von ca. 100 g ist diese E-Zigarette leicht und tragbar, was sie perfekt f\u00fcr das Dampfen auf Reisen macht.<\/p>\n<p>Erleben Sie diese LED-Display Einweg-E-Zigaretten und erh\u00f6hen Sie Ihre vaping Reise mit seiner au\u00dfergew\u00f6hnlichen Leistung, Komfort und anpassbare Funktionen. Genie\u00dfen Sie die perfekte Kombination aus Technologie und Geschmack mit dieser innovativen Einweg-E-Zigarette.<\/p>\n<h2><strong><a href=\"https:\/\/www.facebook.com\/fred.luo.58\/\">Bang<\/a> Pulse 18000 Puffs Merkmale:<\/strong><\/h2>\n<ul>\n<li>Puffs: UP bis 18000 Puffs<\/li>\n<li>Fl\u00fcssigkeit: 26ml Vorgef\u00fcllt<\/li>\n<li>Nikotin: 0% 2% 3% 5%<\/li>\n<li>Kern: Mesh-Spule 1,0 Ohm<\/li>\n<li>Akku: 650 mAh<\/li>\n<li>Wiederaufladbar Typ-c<\/li>\n<li>Art der Lieferung: DHL<\/li>\n<\/ul>\n<h2><strong>Geschm\u00e4cker:<\/strong><\/h2>\n<ol>\n<li>Blaues Razzeis<\/li>\n<li>Kirschbombe<\/li>\n<li>Traubeneis<\/li>\n<li>Saftiges Pfirsicheis<\/li>\n<li>Pfirsich-Mango<\/li>\n<li>Saurer Apfel Eis<\/li>\n<li>Erdbeere-Banane<\/li>\n<li>Erdbeer-Mango<\/li>\n<li>Erdbeere Wassermelone<\/li>\n<li>Dreifach-Beereneis<\/li>\n<li>Tropische Fr\u00fcchte<\/li>\n<li>Wassermelone Eis<\/li>\n<\/ol>\n<h2><strong>Packliste:<\/strong><\/h2>\n<p>1St\u00fcck jede kleine Schachtel<br \/>\n5 Stck. pro Mittelkarton<br \/>\n200St\u00fcck pro Karton<\/p>\n<figure id=\"attachment_17485\" aria-describedby=\"caption-attachment-17485\" style=\"width: 800px\" class=\"wp-caption alignnone\"><img loading=\"lazy\" decoding=\"async\" class=\"wp-image-17485 size-full\" title=\"Gro\u00dfhandel Bank Pulse 18000 Puffs Einweg-Vape-Verpackung\" src=\"https:\/\/www.vapeswholesaler.com\/wp-content\/uploads\/2024\/06\/Wholesale-Bank-Pulse-18000-Puffs-disposable-Vape-Packing.jpg\" alt=\"Gro\u00dfhandel Bank Pulse 18000 Puffs Einweg-Vape-Verpackung\" width=\"800\" height=\"481\" srcset=\"https:\/\/www.vapeswholesaler.com\/wp-content\/uploads\/2024\/06\/Wholesale-Bank-Pulse-18000-Puffs-disposable-Vape-Packing.jpg 800w, https:\/\/www.vapeswholesaler.com\/wp-content\/uploads\/2024\/06\/Wholesale-Bank-Pulse-18000-Puffs-disposable-Vape-Packing-300x180.jpg 300w, https:\/\/www.vapeswholesaler.com\/wp-content\/uploads\/2024\/06\/Wholesale-Bank-Pulse-18000-Puffs-disposable-Vape-Packing-768x462.jpg 768w, https:\/\/www.vapeswholesaler.com\/wp-content\/uploads\/2024\/06\/Wholesale-Bank-Pulse-18000-Puffs-disposable-Vape-Packing-18x12.jpg 18w, https:\/\/www.vapeswholesaler.com\/wp-content\/uploads\/2024\/06\/Wholesale-Bank-Pulse-18000-Puffs-disposable-Vape-Packing-510x307.jpg 510w\" sizes=\"auto, (max-width: 800px) 100vw, 800px\" \/><figcaption id=\"caption-attachment-17485\" class=\"wp-caption-text\">Gro\u00dfhandel Bank Pulse 18000 Puffs Einweg Vape<\/figcaption><\/figure>","protected":false},"excerpt":{"rendered":"<p>Mindestbestellmenge:\u00a0<strong>50St\u00fcck<\/strong>\u00a0(Geschmacksrichtungen mischen)\u00a0\u00a0<strong>Kostenloser Versand<\/strong><\/p>\n<p>(<strong>0%, 2%, 3%, 5% Nic<\/strong>)<\/p>","protected":false},"featured_media":17453,"comment_status":"open","ping_status":"closed","template":"","meta":[],"product_cat":[15],"product_tag":[],"class_list":{"0":"post-17449","1":"product","2":"type-product","3":"status-publish","4":"has-post-thumbnail","6":"product_cat-disposable-vape","7":"product_brand-bang","9":"first","10":"outofstock","11":"shipping-taxable","12":"purchasable","13":"product-type-variable","14":"has-default-attributes"},"aioseo_notices":[],"_links":{"self":[{"href":"https:\/\/www.vapeswholesaler.com\/de\/wp-json\/wp\/v2\/product\/17449","targetHints":{"allow":["GET"]}}],"collection":[{"href":"https:\/\/www.vapeswholesaler.com\/de\/wp-json\/wp\/v2\/product"}],"about":[{"href":"https:\/\/www.vapeswholesaler.com\/de\/wp-json\/wp\/v2\/types\/product"}],"replies":[{"embeddable":true,"href":"https:\/\/www.vapeswholesaler.com\/de\/wp-json\/wp\/v2\/comments?post=17449"}],"wp:featuredmedia":[{"embeddable":true,"href":"https:\/\/www.vapeswholesaler.com\/de\/wp-json\/wp\/v2\/media\/17453"}],"wp:attachment":[{"href":"https:\/\/www.vapeswholesaler.com\/de\/wp-json\/wp\/v2\/media?parent=17449"}],"wp:term":[{"taxonomy":"product_cat","embeddable":true,"href":"https:\/\/www.vapeswholesaler.com\/de\/wp-json\/wp\/v2\/product_cat?post=17449"},{"taxonomy":"product_tag","embeddable":true,"href":"https:\/\/www.vapeswholesaler.com\/de\/wp-json\/wp\/v2\/product_tag?post=17449"}],"curies":[{"name":"wp","href":"https:\/\/api.w.org\/{rel}","templated":true}]}}