{"id":17380,"date":"2024-06-28T13:51:16","date_gmt":"2024-06-28T05:51:16","guid":{"rendered":"https:\/\/www.vapeswholesaler.com\/?post_type=product&#038;p=17380"},"modified":"2025-08-13T15:38:50","modified_gmt":"2025-08-13T07:38:50","slug":"groshandel-original-vapsolo-zwillinge-20k-puffs-einweg-vape","status":"publish","type":"product","link":"https:\/\/www.vapeswholesaler.com\/de\/produkt\/groshandel-original-vapsolo-zwillinge-20k-puffs-einweg-vape","title":{"rendered":"Gro\u00dfhandel Original Vapsolo Zwillinge 20000 Puffs Einweg vape"},"content":{"rendered":"<p><a href=\"https:\/\/www.vapeswholesaler.com\/de\/produkt_marke\/vapsolo\/\">Vapsolo<\/a> Twins 20000 Puffs Disposable Vapes stellen die Spitze der Vaping-Technologie, bietet Komfort, Leistung und au\u00dfergew\u00f6hnlichen Geschmack, diese hohe Kapazit\u00e4t vapes sind perfekt f\u00fcr Gelegenheitsnutzer und Enthusiasten, ein Ger\u00e4t 2 verschiedene Geschmacksrichtungen zu wechseln Gew\u00e4hrleistung einer \u00fcberlegenen vaping Erfahrung.<\/p>\n<p>Das Ger\u00e4t verf\u00fcgt \u00fcber eine beeindruckende 25ML E-Liquid-Kapazit\u00e4t und einen robusten 650MAH-Akku, der \u00fcber einen Typ-C-Anschluss wiederaufladbar ist. Diese Kombination erm\u00f6glicht bis zu 20000 Z\u00fcge, wodurch die Notwendigkeit f\u00fcr h\u00e4ufiges Aufladen oder Nachf\u00fcllen deutlich reduziert wird. Die 0,6-\u03a9-Mesh-Coil-Technologie sorgt f\u00fcr eine konsistente Dampfproduktion und \u00fcberlegenen Geschmack, so dass jeder Zug befriedigend. die integrierte LED-Anzeige ist ein herausragendes Merkmal, so dass Benutzer die Nutzung und Lebensdauer der Batterie m\u00fchelos zu \u00fcberwachen. Dar\u00fcber hinaus bietet die einstellbare Luftstromfunktion ein individuelles Dampferlebnis, das auf unterschiedliche Vorlieben eingeht, egal ob Sie einen engen Zug oder ein offeneres Inhalieren bevorzugen.<\/p>\n<h2><strong><a href=\"https:\/\/www.facebook.com\/fred.luo.58\">Vapsolo<\/a> Twins 20000 Puffs Merkmale:<\/strong><\/h2>\n<ul>\n<li>25 ML f\u00fcr l\u00e4ngeren Gebrauch<\/li>\n<li>650MAH, wiederaufladbar \u00fcber Typ-C-Anschluss<\/li>\n<li>Fortschrittliche Spulentechnologie mit 0,6\u03a9 Widerstand f\u00fcr optimale Dampferzeugung<\/li>\n<li>Einfaches \u00dcberwachen der Nutzung und der Akkulaufzeit<\/li>\n<li>Praktisch und hygienisch, perfekt f\u00fcr den Gebrauch unterwegs<\/li>\n<li>Erh\u00e4ltlich in den Ausf\u00fchrungen 2% und 5%, um unterschiedlichen Pr\u00e4ferenzen gerecht zu werden<\/li>\n<li>Einstellbar f\u00fcr ein individuelles Vaping-Erlebnis<\/li>\n<\/ul>\n<h2><strong>Geschm\u00e4cker:<\/strong><\/h2>\n<p>11. Lemon Lime &amp; Watermelon Ice<br \/>\n12. Grape Ice &amp; Strawberry Kiwi<br \/>\n13. Pineapple Coconut &amp; Strawberry Banana<br \/>\n14. Orange Mango Watermelon &amp; Red Bull<br \/>\n15. Blueberry Ice &amp; Fizzy Cherry<br \/>\n16. Watermelon Ice &amp; Mixed Berry<br \/>\n17. Strawberry Banana &amp; Fizzy Cherry<br \/>\n18. Strawberry Raspberry Cherry Ice &amp; Grape Ice<br \/>\n19. Blue Razz Lemonade &amp; Lemon Lime<br \/>\n20. Watermelon Ice &amp; Strawberry Mango<br \/>\n21. Triple Melon &amp; Raspberry Watermelon<br \/>\n22. Black ice Dragon Fruit Strawberry &amp; Raspberry Watermelon<br \/>\n23. Pineapple Coconut &amp; Watermelon Ice<br \/>\n24. Strawberry Ice &amp; Mango Peach Watermelon<br \/>\n25. Strawberry Kiwi &amp; Strawberry Raspberry Cherry Ice<br \/>\n26. Triple Melon &amp; Pineapple Coconut<br \/>\n27. Cherry Cola &amp; Juicy Peach Ice<br \/>\n28. Strawberry Watermelon &amp; Gummy Bear<br \/>\n29. Blueberry Blackcurrant &amp; Grapefruit Refresher<br \/>\n30. Passion Fruit Mojito &amp; Triple Mint<\/p>\n<h2><strong>Packliste\uff1a<\/strong><\/h2>\n<p>10cs\/Karton Gewicht\uff1a108g\/Stk.<br \/>\n200St\u00fcck\/ctn: 23,3kg\/ctn<br \/>\nGr\u00f6\u00dfe des Kartons: 44*43*26.5CM<\/p>\n<p><img loading=\"lazy\" decoding=\"async\" class=\"wp-image-21751 size-full\" title=\"Gro\u00dfhandel Original Vapsolo Zwillinge 20K Puffs Einweg vape 15\" src=\"https:\/\/www.vapeswholesaler.com\/wp-content\/uploads\/2024\/06\/Wholesale-Original-Vapsolo-Twins-20K-Puffs-Disposable-vape-15.webp\" alt=\"Gro\u00dfhandel Original Vapsolo Zwillinge 20K Puffs Einweg vape 15\" width=\"800\" height=\"700\" srcset=\"https:\/\/www.vapeswholesaler.com\/wp-content\/uploads\/2024\/06\/Wholesale-Original-Vapsolo-Twins-20K-Puffs-Disposable-vape-15.webp 800w, https:\/\/www.vapeswholesaler.com\/wp-content\/uploads\/2024\/06\/Wholesale-Original-Vapsolo-Twins-20K-Puffs-Disposable-vape-15-300x263.webp 300w, https:\/\/www.vapeswholesaler.com\/wp-content\/uploads\/2024\/06\/Wholesale-Original-Vapsolo-Twins-20K-Puffs-Disposable-vape-15-768x672.webp 768w, https:\/\/www.vapeswholesaler.com\/wp-content\/uploads\/2024\/06\/Wholesale-Original-Vapsolo-Twins-20K-Puffs-Disposable-vape-15-14x12.webp 14w, https:\/\/www.vapeswholesaler.com\/wp-content\/uploads\/2024\/06\/Wholesale-Original-Vapsolo-Twins-20K-Puffs-Disposable-vape-15-510x446.webp 510w\" sizes=\"auto, (max-width: 800px) 100vw, 800px\" \/><\/p>\n<figure id=\"attachment_18889\" aria-describedby=\"caption-attachment-18889\" style=\"width: 800px\" class=\"wp-caption alignnone\"><img loading=\"lazy\" decoding=\"async\" class=\"wp-image-18889\" title=\"Gro\u00dfhandel Original Vapsolo Twins 20K Puffs Einweg vape 2\" src=\"https:\/\/www.vapeswholesaler.com\/wp-content\/uploads\/2024\/06\/Wholesale-Original-Vapsolo-Twins-20K-Puffs-Disposable-vape-2-1.webp\" alt=\"Gro\u00dfhandel Original Vapsolo Twins 20K Puffs Einweg vape 2\" width=\"800\" height=\"800\" srcset=\"https:\/\/www.vapeswholesaler.com\/wp-content\/uploads\/2024\/06\/Wholesale-Original-Vapsolo-Twins-20K-Puffs-Disposable-vape-2-1.webp 600w, https:\/\/www.vapeswholesaler.com\/wp-content\/uploads\/2024\/06\/Wholesale-Original-Vapsolo-Twins-20K-Puffs-Disposable-vape-2-1-300x300.webp 300w, https:\/\/www.vapeswholesaler.com\/wp-content\/uploads\/2024\/06\/Wholesale-Original-Vapsolo-Twins-20K-Puffs-Disposable-vape-2-1-150x150.webp 150w, https:\/\/www.vapeswholesaler.com\/wp-content\/uploads\/2024\/06\/Wholesale-Original-Vapsolo-Twins-20K-Puffs-Disposable-vape-2-1-12x12.webp 12w, https:\/\/www.vapeswholesaler.com\/wp-content\/uploads\/2024\/06\/Wholesale-Original-Vapsolo-Twins-20K-Puffs-Disposable-vape-2-1-247x247.webp 247w, https:\/\/www.vapeswholesaler.com\/wp-content\/uploads\/2024\/06\/Wholesale-Original-Vapsolo-Twins-20K-Puffs-Disposable-vape-2-1-510x510.webp 510w, https:\/\/www.vapeswholesaler.com\/wp-content\/uploads\/2024\/06\/Wholesale-Original-Vapsolo-Twins-20K-Puffs-Disposable-vape-2-1-100x100.webp 100w\" sizes=\"auto, (max-width: 800px) 100vw, 800px\" \/><figcaption id=\"caption-attachment-18889\" class=\"wp-caption-text\">Gro\u00dfhandel Original Vapsolo Zwillinge 20K Puffs Einweg vape<\/figcaption><\/figure>\n<p>&nbsp;<\/p>","protected":false},"excerpt":{"rendered":"<p>Mindestbestellmenge:\u00a0<strong>50St\u00fcck<\/strong>\u00a0(Geschmacksrichtungen mischen)\u00a0\u00a0<strong>Kostenloser Versand<\/strong><\/p>\n<p>(<strong>2%, 5% Nic<\/strong>) EU Warehouse Versandzeit 5-6 Arbeitstage<\/p>","protected":false},"featured_media":21750,"comment_status":"open","ping_status":"closed","template":"","meta":[],"product_cat":[15],"product_tag":[87,100,369,373],"class_list":{"0":"post-17380","1":"product","2":"type-product","3":"status-publish","4":"has-post-thumbnail","6":"product_cat-disposable-vape","7":"product_tag-vapsolo","8":"product_tag-20000-puffs","9":"product_tag-dual-flavors","10":"product_tag-europe-warehouse","11":"product_brand-vapsolo","13":"first","14":"outofstock","15":"shipping-taxable","16":"purchasable","17":"product-type-variable","18":"has-default-attributes"},"aioseo_notices":[],"_links":{"self":[{"href":"https:\/\/www.vapeswholesaler.com\/de\/wp-json\/wp\/v2\/product\/17380","targetHints":{"allow":["GET"]}}],"collection":[{"href":"https:\/\/www.vapeswholesaler.com\/de\/wp-json\/wp\/v2\/product"}],"about":[{"href":"https:\/\/www.vapeswholesaler.com\/de\/wp-json\/wp\/v2\/types\/product"}],"replies":[{"embeddable":true,"href":"https:\/\/www.vapeswholesaler.com\/de\/wp-json\/wp\/v2\/comments?post=17380"}],"wp:featuredmedia":[{"embeddable":true,"href":"https:\/\/www.vapeswholesaler.com\/de\/wp-json\/wp\/v2\/media\/21750"}],"wp:attachment":[{"href":"https:\/\/www.vapeswholesaler.com\/de\/wp-json\/wp\/v2\/media?parent=17380"}],"wp:term":[{"taxonomy":"product_cat","embeddable":true,"href":"https:\/\/www.vapeswholesaler.com\/de\/wp-json\/wp\/v2\/product_cat?post=17380"},{"taxonomy":"product_tag","embeddable":true,"href":"https:\/\/www.vapeswholesaler.com\/de\/wp-json\/wp\/v2\/product_tag?post=17380"}],"curies":[{"name":"wp","href":"https:\/\/api.w.org\/{rel}","templated":true}]}}