{"id":17326,"date":"2024-06-27T14:57:36","date_gmt":"2024-06-27T06:57:36","guid":{"rendered":"https:\/\/www.vapeswholesaler.com\/?post_type=product&#038;p=17326"},"modified":"2025-11-10T18:15:25","modified_gmt":"2025-11-10T10:15:25","slug":"groshandel-alte-schule-mo-28k-puffs-einweg-vape","status":"publish","type":"product","link":"https:\/\/www.vapeswholesaler.com\/de\/produkt\/groshandel-alte-schule-mo-28k-puffs-einweg-vape","title":{"rendered":"Gro\u00dfhandel Old School MO 28k Puffs Einweg vape"},"content":{"rendered":"<p>Old School MO 28k Puffs ist eine neueste Vollbild-Display Einweg-Vape, es ist auch ein Top-Tier-Ger\u00e4t f\u00fcr eine au\u00dfergew\u00f6hnliche vaping Erfahrung entwickelt. Es kommt mit 26ml eliquid und Doppel-Mesh-Coils, w\u00e4hlen Sie aus 0%\/2%\/5% Nikotinkonzentration auf Ihre pers\u00f6nlichen Vorlieben und Bed\u00fcrfnisse anzupassen. mit einer beeindruckenden 28000 Puffs, bietet diese Einweg vape unerreichte Langlebigkeit und Komfort.<\/p>\n<p>Old School MO 28k Puffs angetrieben von einem zuverl\u00e4ssigen 650mAh-Akku, garantiert dieses Ger\u00e4t eine gleichbleibende Leistung w\u00e4hrend seiner gesamten Lebensdauer. Die wiederaufladbare Typ-C-Funktion sorgt f\u00fcr schnelles und effizientes Aufladen und minimiert die Ausfallzeiten. Ein fortschrittliches dreiseitiges Display informiert Sie \u00fcber den Akkustand und den F\u00fcllstand des E-Liquids und sorgt f\u00fcr eine nahtlose und benutzerfreundliche Erfahrung.<\/p>\n<p>Old School MO 28k puffs ist die neueste vapes, jede Geschmacksrichtung brauchen 1 Karton, (200pcs), MOQ 400pcs.<\/p>\n<h2><strong><a href=\"https:\/\/www.vapeswholesaler.com\/de\/produkt_marke\/alte-schule\/\">Alte Schule<\/a> MO 28k Merkmale:<\/strong><\/h2>\n<ul>\n<li>Puffs:28000 Puffs<\/li>\n<li>Volles Creen-Display<\/li>\n<li>Nicotine:0%\/2%\/5%<\/li>\n<li>Akku:650mAh<\/li>\n<li>Dual Mesh Spule<\/li>\n<li>Wiederaufladbar<\/li>\n<li>Einstellbarer Luftstrom<\/li>\n<\/ul>\n<h2><strong>Geschm\u00e4cker:<\/strong><\/h2>\n<ol>\n<li>Apfel Pfirsich<\/li>\n<li>Brombeere-Kirsche-Zitrone<\/li>\n<li>Blaues Himbeereis<\/li>\n<li>Heidelbeer-Kuchen<\/li>\n<li>K\u00fchle Minze<\/li>\n<li>Trauben-Gelee<\/li>\n<li>Ananas-Kokosnuss<\/li>\n<li>Erdbeere Wassermelone<\/li>\n<li>Dreifache Mango<\/li>\n<li>Wassermelone Eis<\/li>\n<\/ol>\n<h2><strong>Packliste:<\/strong><\/h2>\n<p>1St\u00fcck jede kleine Schachtel<br \/>\n5 Stck. pro Mittelkarton<br \/>\n150 St\u00fcck pro Karton 17,8 kg<\/p>\n<p><img loading=\"lazy\" decoding=\"async\" class=\"alignnone wp-image-17337 size-full\" title=\"Gro\u00dfhandel Old School MO 28k Puffs Einweg vape 1\" src=\"https:\/\/www.vapeswholesaler.com\/wp-content\/uploads\/2024\/06\/Wholesale-Old-School-MO-28k-Puffs-Disposable-vape-1.jpg\" alt=\"Gro\u00dfhandel Old School MO 28k Puffs Einweg vape 1\" width=\"800\" height=\"1524\" srcset=\"https:\/\/www.vapeswholesaler.com\/wp-content\/uploads\/2024\/06\/Wholesale-Old-School-MO-28k-Puffs-Disposable-vape-1.jpg 800w, https:\/\/www.vapeswholesaler.com\/wp-content\/uploads\/2024\/06\/Wholesale-Old-School-MO-28k-Puffs-Disposable-vape-1-157x300.jpg 157w, https:\/\/www.vapeswholesaler.com\/wp-content\/uploads\/2024\/06\/Wholesale-Old-School-MO-28k-Puffs-Disposable-vape-1-538x1024.jpg 538w, https:\/\/www.vapeswholesaler.com\/wp-content\/uploads\/2024\/06\/Wholesale-Old-School-MO-28k-Puffs-Disposable-vape-1-768x1463.jpg 768w, https:\/\/www.vapeswholesaler.com\/wp-content\/uploads\/2024\/06\/Wholesale-Old-School-MO-28k-Puffs-Disposable-vape-1-6x12.jpg 6w, https:\/\/www.vapeswholesaler.com\/wp-content\/uploads\/2024\/06\/Wholesale-Old-School-MO-28k-Puffs-Disposable-vape-1-510x972.jpg 510w\" sizes=\"auto, (max-width: 800px) 100vw, 800px\" \/><\/p>","protected":false},"excerpt":{"rendered":"<p>Mindestbestellmenge: 400 PCS (maximal 2 Geschmacksrichtungen)\u00a0 <strong>Kostenloser Versand<\/strong><\/p>\n<p>(<strong>2%, 5% Nic<\/strong>)<\/p>","protected":false},"featured_media":17324,"comment_status":"open","ping_status":"closed","template":"","meta":[],"product_cat":[15],"product_tag":[],"class_list":{"0":"post-17326","1":"product","2":"type-product","3":"status-publish","4":"has-post-thumbnail","6":"product_cat-disposable-vape","7":"product_brand-old-school","9":"first","10":"instock","11":"shipping-taxable","12":"purchasable","13":"product-type-variable","14":"has-default-attributes"},"aioseo_notices":[],"_links":{"self":[{"href":"https:\/\/www.vapeswholesaler.com\/de\/wp-json\/wp\/v2\/product\/17326","targetHints":{"allow":["GET"]}}],"collection":[{"href":"https:\/\/www.vapeswholesaler.com\/de\/wp-json\/wp\/v2\/product"}],"about":[{"href":"https:\/\/www.vapeswholesaler.com\/de\/wp-json\/wp\/v2\/types\/product"}],"replies":[{"embeddable":true,"href":"https:\/\/www.vapeswholesaler.com\/de\/wp-json\/wp\/v2\/comments?post=17326"}],"wp:featuredmedia":[{"embeddable":true,"href":"https:\/\/www.vapeswholesaler.com\/de\/wp-json\/wp\/v2\/media\/17324"}],"wp:attachment":[{"href":"https:\/\/www.vapeswholesaler.com\/de\/wp-json\/wp\/v2\/media?parent=17326"}],"wp:term":[{"taxonomy":"product_cat","embeddable":true,"href":"https:\/\/www.vapeswholesaler.com\/de\/wp-json\/wp\/v2\/product_cat?post=17326"},{"taxonomy":"product_tag","embeddable":true,"href":"https:\/\/www.vapeswholesaler.com\/de\/wp-json\/wp\/v2\/product_tag?post=17326"}],"curies":[{"name":"wp","href":"https:\/\/api.w.org\/{rel}","templated":true}]}}