{"id":17290,"date":"2024-06-27T13:53:28","date_gmt":"2024-06-27T05:53:28","guid":{"rendered":"https:\/\/www.vapeswholesaler.com\/?post_type=product&#038;p=17290"},"modified":"2025-11-10T18:15:21","modified_gmt":"2025-11-10T10:15:21","slug":"groshandel-yuoto-digi-15000-puffs-einweg-vape","status":"publish","type":"product","link":"https:\/\/www.vapeswholesaler.com\/de\/produkt\/groshandel-yuoto-digi-15000-puffs-einweg-vape","title":{"rendered":"Gro\u00dfhandel Yuoto DIGI 15000 Puffs wegwerfbare vape"},"content":{"rendered":"<p>Yuoto DIGI 15000 Puffsis eine neueste LCD-Digitalanzeige Einweg vape, es ist auch ein Top-Tier-Ger\u00e4t f\u00fcr eine au\u00dfergew\u00f6hnliche vaping Erfahrung entwickelt. Es kommt mit 20ml eliquid und Dual Mesh Coil 0.6\/1.2ohm Coils, w\u00e4hlen Sie aus 0%\/2%\/5% Nikotinkonzentration auf Ihre pers\u00f6nlichen Vorlieben und Bed\u00fcrfnisse anzupassen. mit einer beeindruckenden 16000 Puffs, bietet diese Einweg vape unerreichte Langlebigkeit und Komfort.<\/p>\n<p>Yuoto DIGI 15000 Puffsis wird von einem zuverl\u00e4ssigen 850mAh-Akku angetrieben und garantiert eine gleichbleibende Leistung w\u00e4hrend seiner gesamten Lebensdauer. Die wiederaufladbare Typ-C-Funktion sorgt f\u00fcr schnelles und effizientes Aufladen und minimiert die Ausfallzeiten. Ein fortschrittliches LCD-Digitaldisplay informiert Sie \u00fcber die Akkulaufzeit und den F\u00fcllstand des E-Liquids und sorgt so f\u00fcr eine nahtlose und benutzerfreundliche Erfahrung.<\/p>\n<p>Yuoto DIGI 15000 Puffsis Disposable Vape ist sowohl f\u00fcr Anf\u00e4nger als auch f\u00fcr erfahrene Dampfer konzipiert und kombiniert hohe Kapazit\u00e4t, einfache Bedienung und fortschrittliche Technologie. Seine au\u00dfergew\u00f6hnliche Geschmacksabgabe und sein benutzerfreundliches Design machen ihn zu einer erstklassigen Wahl auf dem Vaping-Markt.<\/p>\n<h2><strong><a href=\"https:\/\/www.vapeswholesaler.com\/de\/produkt_marke\/yuoto\/\">Yuoto<\/a> DIGI 15000 Merkmale:<\/strong><\/h2>\n<ul>\n<li>Puffs:15000 Puffs<\/li>\n<li>Nicotine:0%\/2%\/5%<\/li>\n<li>Gr\u00f6\u00dfe: 31,6*117mm<\/li>\n<li>Akku:850mAh<\/li>\n<li>Dual Mesh Coil\uff1a0.6\/1.2ohm<\/li>\n<li>Wiederaufladbar<\/li>\n<li>F\u00fcllstand der Batterie Ul<\/li>\n<\/ul>\n<h2><strong>Geschm\u00e4cker:<\/strong><\/h2>\n<ol>\n<li>Wassermelone lce<\/li>\n<li>Erdbeer-Wassermelonen-Eis<\/li>\n<li>Wassermelone Saurer Pfirsich<\/li>\n<li>Saures Wassermelonen-Bonbon<\/li>\n<li>Erdbeer-Pfirsich-Eis<\/li>\n<li>Heidelbeere Wassermelone<\/li>\n<li>Energy-Drink<\/li>\n<li>Banane lce<\/li>\n<li>Pfirsich-Gummib\u00e4rchen<\/li>\n<li>Passionsfrucht<\/li>\n<li>Cola-Eis<\/li>\n<li>Kokosnuss Melone<\/li>\n<li>Erdbeer-Kiwi-Eis<\/li>\n<li>Traubeneis<\/li>\n<li>Weintraube Wasserpfeife<\/li>\n<li>Vanille Wasserpfeife<\/li>\n<li>Minze lce<\/li>\n<li>Doppelter Apfel<\/li>\n<li>Heidelbeere-Himbeere<\/li>\n<li>Blaubeereis<\/li>\n<li>Blaubeere Wasserpfeife<\/li>\n<li>Mango-Eis<\/li>\n<li>Doppelter Apfel Wasserpfeife<\/li>\n<\/ol>\n<h2><strong>Packliste:<\/strong><\/h2>\n<p>1St\u00fcck\/105 g<br \/>\n10St\u00fcck\/Packung<br \/>\n1 Packung\/1085 g<br \/>\n200St\u00fcck\/Karton<br \/>\n22,2 kg\/Karton<br \/>\nGr\u00f6\u00dfe des Geh\u00e4uses: 40*36.4*33CM<\/p>\n<p>&nbsp;<\/p>\n<p><img loading=\"lazy\" decoding=\"async\" class=\"wp-image-17263 size-full\" title=\"Gro\u00dfhandel Yuoto DIGI 15000 Puffs Einweg vape 1\" src=\"https:\/\/www.vapeswholesaler.com\/wp-content\/uploads\/2024\/06\/Wholesale-Yuoto-DIGI-15000-Puffs-disposable-vape-1.webp\" alt=\"Gro\u00dfhandel Yuoto DIGI 15000 Puffs Einweg vape 1\" width=\"800\" height=\"531\" srcset=\"https:\/\/www.vapeswholesaler.com\/wp-content\/uploads\/2024\/06\/Wholesale-Yuoto-DIGI-15000-Puffs-disposable-vape-1.webp 800w, https:\/\/www.vapeswholesaler.com\/wp-content\/uploads\/2024\/06\/Wholesale-Yuoto-DIGI-15000-Puffs-disposable-vape-1-300x199.webp 300w, https:\/\/www.vapeswholesaler.com\/wp-content\/uploads\/2024\/06\/Wholesale-Yuoto-DIGI-15000-Puffs-disposable-vape-1-768x510.webp 768w, https:\/\/www.vapeswholesaler.com\/wp-content\/uploads\/2024\/06\/Wholesale-Yuoto-DIGI-15000-Puffs-disposable-vape-1-18x12.webp 18w, https:\/\/www.vapeswholesaler.com\/wp-content\/uploads\/2024\/06\/Wholesale-Yuoto-DIGI-15000-Puffs-disposable-vape-1-510x339.webp 510w\" sizes=\"auto, (max-width: 800px) 100vw, 800px\" \/><\/p>\n<p><img loading=\"lazy\" decoding=\"async\" class=\"alignnone wp-image-17265 size-full\" title=\"Gro\u00dfhandel Yuoto DIGI 15000 Puffs Einweg vape 3\" src=\"https:\/\/www.vapeswholesaler.com\/wp-content\/uploads\/2024\/06\/Wholesale-Yuoto-DIGI-15000-Puffs-disposable-vape-3.webp\" alt=\"Gro\u00dfhandel Yuoto DIGI 15000 Puffs Einweg vape 3\" width=\"800\" height=\"450\" srcset=\"https:\/\/www.vapeswholesaler.com\/wp-content\/uploads\/2024\/06\/Wholesale-Yuoto-DIGI-15000-Puffs-disposable-vape-3.webp 800w, https:\/\/www.vapeswholesaler.com\/wp-content\/uploads\/2024\/06\/Wholesale-Yuoto-DIGI-15000-Puffs-disposable-vape-3-300x169.webp 300w, https:\/\/www.vapeswholesaler.com\/wp-content\/uploads\/2024\/06\/Wholesale-Yuoto-DIGI-15000-Puffs-disposable-vape-3-768x432.webp 768w, https:\/\/www.vapeswholesaler.com\/wp-content\/uploads\/2024\/06\/Wholesale-Yuoto-DIGI-15000-Puffs-disposable-vape-3-18x10.webp 18w, https:\/\/www.vapeswholesaler.com\/wp-content\/uploads\/2024\/06\/Wholesale-Yuoto-DIGI-15000-Puffs-disposable-vape-3-510x287.webp 510w\" sizes=\"auto, (max-width: 800px) 100vw, 800px\" \/><\/p>\n<figure id=\"attachment_17264\" aria-describedby=\"caption-attachment-17264\" style=\"width: 800px\" class=\"wp-caption alignnone\"><img loading=\"lazy\" decoding=\"async\" class=\"wp-image-17264 size-full\" title=\"Gro\u00dfhandel Yuoto DIGI 15000 Puffs Einweg vape 2\" src=\"https:\/\/www.vapeswholesaler.com\/wp-content\/uploads\/2024\/06\/Wholesale-Yuoto-DIGI-15000-Puffs-disposable-vape-2.webp\" alt=\"Gro\u00dfhandel Yuoto DIGI 15000 Puffs Einweg vape 2\" width=\"800\" height=\"450\" srcset=\"https:\/\/www.vapeswholesaler.com\/wp-content\/uploads\/2024\/06\/Wholesale-Yuoto-DIGI-15000-Puffs-disposable-vape-2.webp 800w, https:\/\/www.vapeswholesaler.com\/wp-content\/uploads\/2024\/06\/Wholesale-Yuoto-DIGI-15000-Puffs-disposable-vape-2-300x169.webp 300w, https:\/\/www.vapeswholesaler.com\/wp-content\/uploads\/2024\/06\/Wholesale-Yuoto-DIGI-15000-Puffs-disposable-vape-2-768x432.webp 768w, https:\/\/www.vapeswholesaler.com\/wp-content\/uploads\/2024\/06\/Wholesale-Yuoto-DIGI-15000-Puffs-disposable-vape-2-18x10.webp 18w, https:\/\/www.vapeswholesaler.com\/wp-content\/uploads\/2024\/06\/Wholesale-Yuoto-DIGI-15000-Puffs-disposable-vape-2-510x287.webp 510w\" sizes=\"auto, (max-width: 800px) 100vw, 800px\" \/><figcaption id=\"caption-attachment-17264\" class=\"wp-caption-text\">Gro\u00dfhandel Yuoto DIGI 15000 Puffs wegwerfbare vape<\/figcaption><\/figure>","protected":false},"excerpt":{"rendered":"<p>Mindestbestellmenge:\u00a0<strong>50 STCK.<\/strong>\u00a0(Geschmacksrichtungen mischen)\u00a0\u00a0<strong>Kostenloser Versand<\/strong><\/p>\n<p>(<strong>2%, 5% Nic<\/strong>)<\/p>","protected":false},"featured_media":17289,"comment_status":"open","ping_status":"closed","template":"","meta":[],"product_cat":[15],"product_tag":[],"class_list":{"0":"post-17290","1":"product","2":"type-product","3":"status-publish","4":"has-post-thumbnail","6":"product_cat-disposable-vape","7":"product_brand-yuoto","9":"first","10":"instock","11":"shipping-taxable","12":"purchasable","13":"product-type-variable","14":"has-default-attributes"},"aioseo_notices":[],"_links":{"self":[{"href":"https:\/\/www.vapeswholesaler.com\/de\/wp-json\/wp\/v2\/product\/17290","targetHints":{"allow":["GET"]}}],"collection":[{"href":"https:\/\/www.vapeswholesaler.com\/de\/wp-json\/wp\/v2\/product"}],"about":[{"href":"https:\/\/www.vapeswholesaler.com\/de\/wp-json\/wp\/v2\/types\/product"}],"replies":[{"embeddable":true,"href":"https:\/\/www.vapeswholesaler.com\/de\/wp-json\/wp\/v2\/comments?post=17290"}],"wp:featuredmedia":[{"embeddable":true,"href":"https:\/\/www.vapeswholesaler.com\/de\/wp-json\/wp\/v2\/media\/17289"}],"wp:attachment":[{"href":"https:\/\/www.vapeswholesaler.com\/de\/wp-json\/wp\/v2\/media?parent=17290"}],"wp:term":[{"taxonomy":"product_cat","embeddable":true,"href":"https:\/\/www.vapeswholesaler.com\/de\/wp-json\/wp\/v2\/product_cat?post=17290"},{"taxonomy":"product_tag","embeddable":true,"href":"https:\/\/www.vapeswholesaler.com\/de\/wp-json\/wp\/v2\/product_tag?post=17290"}],"curies":[{"name":"wp","href":"https:\/\/api.w.org\/{rel}","templated":true}]}}