{"id":17222,"date":"2024-06-26T16:19:13","date_gmt":"2024-06-26T08:19:13","guid":{"rendered":"https:\/\/www.vapeswholesaler.com\/?post_type=product&#038;p=17222"},"modified":"2025-11-10T18:15:16","modified_gmt":"2025-11-10T10:15:16","slug":"groshandel-lavie-goldenen-ziegel-10000-einweg-vape","status":"publish","type":"product","link":"https:\/\/www.vapeswholesaler.com\/de\/produkt\/groshandel-lavie-goldenen-ziegel-10000-einweg-vape","title":{"rendered":"Gro\u00dfhandel Lavie Golden Brick 10000 Einweg vape"},"content":{"rendered":"<p><a href=\"https:\/\/www.vapeswholesaler.com\/de\/produkt_marke\/lavie\/\">Lavie<\/a> Golden Brick 10000 Puffs ist ein Einweg-Dampfger\u00e4t. Erleben Sie bis zu 10000 Puffs mit seiner hohen Kapazit\u00e4t 26ml vorgef\u00fcllt e-Fl\u00fcssigkeit und gro\u00dfe Leistung 1600mAh Batterie vape Ger\u00e4t. Lavie Golden Brick 10000 Puffs das beste Merkmal ist die gro\u00dfe Macht.<\/p>\n<p>&nbsp;<\/p>\n<h2><strong><a href=\"https:\/\/www.facebook.com\/fred.luo.58\/\">Lavie<\/a> Golden Brick 10000 Features:<\/strong><\/h2>\n<p>Gr\u00f6\u00dfe:112*40*17.5mm<br \/>\nAkku: 1300mAh<br \/>\nPuffs: 10000 Puffs<br \/>\nFassungsverm\u00f6gen des Elixiers: 18ml<br \/>\nSalz Nic.2%,5%.OEM<br \/>\nNettogewicht: 74g<br \/>\nMesh-Spule: Dual-Mesh-Spule<br \/>\nMaterial: PC,METALL<br \/>\nWiderstand:1.0\u03a9<br \/>\nTyp:Bildschirm<\/p>\n<h2><strong>Geschm\u00e4cker:<\/strong><\/h2>\n<p>Erdbeer-Kiwi-Eis<br \/>\nErdbeer-Litschi-Eis<br \/>\nAloe Aera Traube<br \/>\nTrauben-Pfirsich-Eis<br \/>\nSchwarzes Beereneis<br \/>\nPassionsfrucht Kiwi Guave<br \/>\nWassermelone Eis<br \/>\nBrombeer-Kernobst-Kirsche<br \/>\nApfel-Trauben-Eis<br \/>\nMango Moster<br \/>\nHeidelbeer-Himbeer-Trauben-Eis<br \/>\nDoppelter Apfel<br \/>\nErdbeere Wassermelone<br \/>\nHeidelbeere Himbeere Kaugummi<br \/>\nTraubeneis<br \/>\nKirsche Kernobst<br \/>\nMinze Eis<\/p>\n<h2><strong>Verpackungsliste<\/strong>t:<\/h2>\n<p>Kartongr\u00f6\u00dfe:645*378*230mm<br \/>\nGewicht der Verpackung:<br \/>\nN\/B:14.6KG<br \/>\nG\/B:18KG<br \/>\nMenge: 200PCS\/Karton<\/p>\n<p>&nbsp;<\/p>\n<figure id=\"attachment_17219\" aria-describedby=\"caption-attachment-17219\" style=\"width: 800px\" class=\"wp-caption alignnone\"><img loading=\"lazy\" decoding=\"async\" class=\"wp-image-17219 size-full\" title=\"Gro\u00dfhandel Lavie Golden Brick 10000 Einweg vape\" src=\"https:\/\/www.vapeswholesaler.com\/wp-content\/uploads\/2024\/06\/Wholesale-Lavie-Golden-Brick-10000-disposable-vape.webp\" alt=\"Gro\u00dfhandel Lavie Golden Brick 10000 Einweg vape\" width=\"800\" height=\"560\" srcset=\"https:\/\/www.vapeswholesaler.com\/wp-content\/uploads\/2024\/06\/Wholesale-Lavie-Golden-Brick-10000-disposable-vape.webp 800w, https:\/\/www.vapeswholesaler.com\/wp-content\/uploads\/2024\/06\/Wholesale-Lavie-Golden-Brick-10000-disposable-vape-300x210.webp 300w, https:\/\/www.vapeswholesaler.com\/wp-content\/uploads\/2024\/06\/Wholesale-Lavie-Golden-Brick-10000-disposable-vape-768x538.webp 768w, https:\/\/www.vapeswholesaler.com\/wp-content\/uploads\/2024\/06\/Wholesale-Lavie-Golden-Brick-10000-disposable-vape-18x12.webp 18w, https:\/\/www.vapeswholesaler.com\/wp-content\/uploads\/2024\/06\/Wholesale-Lavie-Golden-Brick-10000-disposable-vape-510x357.webp 510w\" sizes=\"auto, (max-width: 800px) 100vw, 800px\" \/><figcaption id=\"caption-attachment-17219\" class=\"wp-caption-text\">Gro\u00dfhandel Lavie Golden Brick 10000 Einweg vape<\/figcaption><\/figure>","protected":false},"excerpt":{"rendered":"<p>Mindestbestellmenge:\u00a0<strong>50St\u00fcck<\/strong>\u00a0(Geschmacksrichtungen mischen)\u00a0\u00a0<strong>Kostenloser Versand<\/strong><\/p>\n<p>(<strong>2%, 5% Nic<\/strong>)<\/p>","protected":false},"featured_media":17221,"comment_status":"open","ping_status":"closed","template":"","meta":[],"product_cat":[15],"product_tag":[378,393],"class_list":{"0":"post-17222","1":"product","2":"type-product","3":"status-publish","4":"has-post-thumbnail","6":"product_cat-disposable-vape","7":"product_tag-10000-puffs","8":"product_tag-lavie","9":"product_brand-lavie","11":"first","12":"instock","13":"shipping-taxable","14":"purchasable","15":"product-type-variable","16":"has-default-attributes"},"aioseo_notices":[],"_links":{"self":[{"href":"https:\/\/www.vapeswholesaler.com\/de\/wp-json\/wp\/v2\/product\/17222","targetHints":{"allow":["GET"]}}],"collection":[{"href":"https:\/\/www.vapeswholesaler.com\/de\/wp-json\/wp\/v2\/product"}],"about":[{"href":"https:\/\/www.vapeswholesaler.com\/de\/wp-json\/wp\/v2\/types\/product"}],"replies":[{"embeddable":true,"href":"https:\/\/www.vapeswholesaler.com\/de\/wp-json\/wp\/v2\/comments?post=17222"}],"wp:featuredmedia":[{"embeddable":true,"href":"https:\/\/www.vapeswholesaler.com\/de\/wp-json\/wp\/v2\/media\/17221"}],"wp:attachment":[{"href":"https:\/\/www.vapeswholesaler.com\/de\/wp-json\/wp\/v2\/media?parent=17222"}],"wp:term":[{"taxonomy":"product_cat","embeddable":true,"href":"https:\/\/www.vapeswholesaler.com\/de\/wp-json\/wp\/v2\/product_cat?post=17222"},{"taxonomy":"product_tag","embeddable":true,"href":"https:\/\/www.vapeswholesaler.com\/de\/wp-json\/wp\/v2\/product_tag?post=17222"}],"curies":[{"name":"wp","href":"https:\/\/api.w.org\/{rel}","templated":true}]}}