{"id":17185,"date":"2024-06-26T12:25:02","date_gmt":"2024-06-26T04:25:02","guid":{"rendered":"https:\/\/www.vapeswholesaler.com\/?post_type=product&#038;p=17185"},"modified":"2025-02-23T15:52:20","modified_gmt":"2025-02-23T07:52:20","slug":"groshandel-alte-schule-turbo-22000-einweg-vape","status":"publish","type":"product","link":"https:\/\/www.vapeswholesaler.com\/de\/produkt\/groshandel-alte-schule-turbo-22000-einweg-vape","title":{"rendered":"Gro\u00dfhandel Old School Turbo 22000 Disposable vape"},"content":{"rendered":"<p>Old School Turbo 22000 ist der neueste Einwegdampfer, ein hochmodernes Ger\u00e4t, das f\u00fcr Komfort und \u00fcberlegene Leistung entwickelt wurde. Mit einer Batterie- und E-Liquid-Kapazit\u00e4tsanzeige werden Sie immer wissen, wann Sie aufladen oder nachf\u00fcllen m\u00fcssen. Das Dual-Mesh-Spulensystem sorgt f\u00fcr reichhaltige, konsistente Aromen, w\u00e4hrend der einstellbare Luftstrom Ihnen die M\u00f6glichkeit gibt, Ihren Zug f\u00fcr ein wirklich pers\u00f6nliches Erlebnis anzupassen. Dieses Produkt bietet mehr Geschmacksrichtungen f\u00fcr Kunden zur Auswahl!<\/p>\n<p>Der Old School Turbo 22000 mit hoher Kapazit\u00e4t verf\u00fcgt \u00fcber einen robusten 650mAh-Akku, der eine lang anhaltende Leistung gew\u00e4hrleistet. Egal, ob Sie ein Gelegenheitsdampfer oder ein erfahrener Profi sind, der Old School Turbo 22000 bietet unvergleichliche Zufriedenheit und Bequemlichkeit, was ihn zur idealen Wahl sowohl f\u00fcr den pers\u00f6nlichen Genuss als auch f\u00fcr gesch\u00e4ftliche Bed\u00fcrfnisse macht.<\/p>\n<h2><strong><a href=\"https:\/\/www.vapeswholesaler.com\/de\/produkt_marke\/alte-schule\/\">Alte Schule<\/a> Turbo 22000 Merkmale:<\/strong><\/h2>\n<ul>\n<li>Akku- und e-Liquid-Kapazit\u00e4tsanzeige<\/li>\n<li>Mesh Coil Lieferung reiche Aromen<\/li>\n<li>Einstellbarer Luftstrom<\/li>\n<li>5 Mal dr\u00fccken, um ein- und auszuschalten<\/li>\n<li>4 Mal dr\u00fccken, um die Maschenspule zu wechseln<\/li>\n<li>3 Mal dr\u00fccken, um die Spannung zu wechseln<\/li>\n<li>Typ-C-Schnellaufladung<\/li>\n<li>Puffs: 22000 Puffs<\/li>\n<li>Fassungsverm\u00f6gen: 23ml<\/li>\n<li>Nikotinst\u00e4rke: 0%, 2%, 3%, 5% optional<\/li>\n<li>Spule Typ: Dual Mesh Spule<\/li>\n<li>Akku-Kapazit\u00e4t: 650mAh<\/li>\n<li>Ladeanschluss: Typ-C<\/li>\n<\/ul>\n<h2><strong>\u00a0Geschm\u00e4cker:<\/strong><\/h2>\n<ol>\n<li>Zitronenminze<\/li>\n<li>Guave-Eis<\/li>\n<li>Lychee-Eis<\/li>\n<li>Taro-Eiscreme<\/li>\n<li>Ananas-Kokosnuss-Milch<\/li>\n<li>Traubeneis<\/li>\n<li>Blaubeereis<\/li>\n<li>Mango-Eis<\/li>\n<li>Erdbeer-Eiscreme<\/li>\n<li>Wassermelone<\/li>\n<li>Erdbeere Wassermelone<\/li>\n<li>Erdbeer-Kiwi<\/li>\n<li>Wassermelone Blaubeere<\/li>\n<li>Blaues Razzeis<\/li>\n<\/ol>\n<h2><strong>Packliste:<\/strong><\/h2>\n<p>1St\u00fcck pro Karton<\/p>\n<p>10 St\u00fcck pro Mittelkarton<\/p>\n<p>200St\u00fcck pro Karton<\/p>\n<figure id=\"attachment_17182\" aria-describedby=\"caption-attachment-17182\" style=\"width: 800px\" class=\"wp-caption alignnone\"><img loading=\"lazy\" decoding=\"async\" class=\"wp-image-17182 size-full\" title=\"Gro\u00dfhandel Old School Turbo 22000 Einweg vape 3\" src=\"https:\/\/www.vapeswholesaler.com\/wp-content\/uploads\/2024\/06\/Wholesale-Old-School-Turbo-22000-Disposable-vape-3.jpg\" alt=\"Gro\u00dfhandel Old School Turbo 22000 Einweg vape 3\" width=\"800\" height=\"800\" srcset=\"https:\/\/www.vapeswholesaler.com\/wp-content\/uploads\/2024\/06\/Wholesale-Old-School-Turbo-22000-Disposable-vape-3.jpg 800w, https:\/\/www.vapeswholesaler.com\/wp-content\/uploads\/2024\/06\/Wholesale-Old-School-Turbo-22000-Disposable-vape-3-300x300.jpg 300w, https:\/\/www.vapeswholesaler.com\/wp-content\/uploads\/2024\/06\/Wholesale-Old-School-Turbo-22000-Disposable-vape-3-150x150.jpg 150w, https:\/\/www.vapeswholesaler.com\/wp-content\/uploads\/2024\/06\/Wholesale-Old-School-Turbo-22000-Disposable-vape-3-768x768.jpg 768w, https:\/\/www.vapeswholesaler.com\/wp-content\/uploads\/2024\/06\/Wholesale-Old-School-Turbo-22000-Disposable-vape-3-12x12.jpg 12w, https:\/\/www.vapeswholesaler.com\/wp-content\/uploads\/2024\/06\/Wholesale-Old-School-Turbo-22000-Disposable-vape-3-247x247.jpg 247w, https:\/\/www.vapeswholesaler.com\/wp-content\/uploads\/2024\/06\/Wholesale-Old-School-Turbo-22000-Disposable-vape-3-510x510.jpg 510w, https:\/\/www.vapeswholesaler.com\/wp-content\/uploads\/2024\/06\/Wholesale-Old-School-Turbo-22000-Disposable-vape-3-100x100.jpg 100w\" sizes=\"auto, (max-width: 800px) 100vw, 800px\" \/><figcaption id=\"caption-attachment-17182\" class=\"wp-caption-text\">Gro\u00dfhandel Old School Turbo 22000 Disposable vape<\/figcaption><\/figure>","protected":false},"excerpt":{"rendered":"<p>Mindestbestellmenge: 200 PCS (max. Geschmacksrichtungen)\u00a0 \u00a0<strong>Kostenloser Versand<\/strong><\/p>\n<p>(<strong>2%, 5% Nic<\/strong>)<\/p>","protected":false},"featured_media":17181,"comment_status":"open","ping_status":"closed","template":"","meta":[],"product_cat":[15],"product_tag":[],"class_list":{"0":"post-17185","1":"product","2":"type-product","3":"status-publish","4":"has-post-thumbnail","6":"product_cat-disposable-vape","7":"product_brand-old-school","9":"first","10":"instock","11":"shipping-taxable","12":"purchasable","13":"product-type-variable","14":"has-default-attributes"},"aioseo_notices":[],"_links":{"self":[{"href":"https:\/\/www.vapeswholesaler.com\/de\/wp-json\/wp\/v2\/product\/17185","targetHints":{"allow":["GET"]}}],"collection":[{"href":"https:\/\/www.vapeswholesaler.com\/de\/wp-json\/wp\/v2\/product"}],"about":[{"href":"https:\/\/www.vapeswholesaler.com\/de\/wp-json\/wp\/v2\/types\/product"}],"replies":[{"embeddable":true,"href":"https:\/\/www.vapeswholesaler.com\/de\/wp-json\/wp\/v2\/comments?post=17185"}],"wp:featuredmedia":[{"embeddable":true,"href":"https:\/\/www.vapeswholesaler.com\/de\/wp-json\/wp\/v2\/media\/17181"}],"wp:attachment":[{"href":"https:\/\/www.vapeswholesaler.com\/de\/wp-json\/wp\/v2\/media?parent=17185"}],"wp:term":[{"taxonomy":"product_cat","embeddable":true,"href":"https:\/\/www.vapeswholesaler.com\/de\/wp-json\/wp\/v2\/product_cat?post=17185"},{"taxonomy":"product_tag","embeddable":true,"href":"https:\/\/www.vapeswholesaler.com\/de\/wp-json\/wp\/v2\/product_tag?post=17185"}],"curies":[{"name":"wp","href":"https:\/\/api.w.org\/{rel}","templated":true}]}}