{"id":17162,"date":"2024-06-25T18:33:14","date_gmt":"2024-06-25T10:33:14","guid":{"rendered":"https:\/\/www.vapeswholesaler.com\/?post_type=product&#038;p=17162"},"modified":"2025-11-10T18:14:11","modified_gmt":"2025-11-10T10:14:11","slug":"groshandel-elfworld-mx-25000-dual-modi-einweg-vape","status":"publish","type":"product","link":"https:\/\/www.vapeswholesaler.com\/de\/produkt\/groshandel-elfworld-mx-25000-dual-modi-einweg-vape","title":{"rendered":"Gro\u00dfhandel Elfworld MX 25000 Dual Modi Einweg vape"},"content":{"rendered":"<p>Elfworld MX 25000 Disposable Vape r\u00fchmt sich seiner ca. 25000 Puffs, 28ml vorgef\u00fcllte e-Fl\u00fcssigkeit, die verl\u00e4ngerte Vaping-Sessions ohne st\u00e4ndiges Nachf\u00fcllen oder Aufladen gew\u00e4hrleistet. Au\u00dferdem ist dieser Einwegdampfer mit zwei Dampfmodi ausgestattet: 12W im normalen Modus und 25W im Turbomodus, der ein intensiveres Dampferlebnis bietet. Egal, ob Sie zu Hause oder unterwegs sind, Elfworld MX 25000 Disposable Vape ist eine Top-Wahl, die zuverl\u00e4ssige Leistung und Qualit\u00e4t w\u00e4hrend Ihrer flexiblen Dampfen hat.<\/p>\n<h2><strong><a href=\"https:\/\/www.vapeswholesaler.com\/de\/produkt_marke\/elfenwelt\/\">Elfenwelt<\/a> MX 25000 Merkmale:<\/strong><\/h2>\n<ul>\n<li data-slate-node=\"element\"><span data-slate-node=\"text\">Anzahl der Puffs: Ungef\u00e4hr 25000 Puffs<\/span><\/li>\n<li data-slate-node=\"element\"><span data-slate-node=\"text\">Vorgef\u00fcllter 28ml E-Saft<\/span><\/li>\n<li data-slate-node=\"element\"><span data-slate-node=\"text\">Dual Vaping Modi: Regul\u00e4rer Modus (12W)\/Turbo-Modus (25W)<\/span><\/li>\n<li data-slate-node=\"element\"><span data-slate-node=\"text\">Wiederaufladbarer 850mAh-Akku<\/span><\/li>\n<li data-slate-node=\"element\"><span data-slate-node=\"text\">5%(50mg) Nikotinst\u00e4rke<\/span><\/li>\n<li data-slate-node=\"element\"><span data-slate-node=\"text\">USB-Typ-C-Laden (nicht im Lieferumfang enthalten)<\/span><\/li>\n<li data-slate-node=\"element\" data-slate-fragment=\"JTVCJTdCJTIydHlwZSUyMiUzQSUyMnBhcmFncmFwaCUyMiUyQyUyMmNoaWxkcmVuJTIyJTNBJTVCJTdCJTIyaWQlMjIlM0ElMjJLMTVNak5nOHd2JTIyJTJDJTIycGFyYUlkeCUyMiUzQTAlMkMlMjJzcmMlMjIlM0ElMjJQdWZmJTIwQ291bnQlM0ElMjBBcHByb3hpbWF0ZWx5JTIwMjUwMDAlMjBQdWZmcyUyMiUyQyUyMmRzdCUyMiUzQSUyMiVFNiU4QSVCRCVFNSU5MCVCOCVFNiVBQyVBMSVFNiU5NSVCMCVFRiVCQyU5QSVFNyVCQSVBNjI1MDAwJUU2JUFDJUExJTIyJTJDJTIybWV0YWRhdGElMjIlM0ElMjIlMjIlMkMlMjJtZXRhRGF0YSUyMiUzQSU1QiU1RCUyQyUyMnRleHQlMjIlM0ElMjJQdWZmJTIwQ291bnQlM0ElMjBBcHByb3hpbWF0ZWx5JTIwMjUwMDAlMjBQdWZmcyUyMiU3RCU1RCU3RCUyQyU3QiUyMnR5cGUlMjIlM0ElMjJwYXJhZ3JhcGglMjIlMkMlMjJjaGlsZHJlbiUyMiUzQSU1QiU3QiUyMmlkJTIyJTNBJTIyS1k1TGc5UFFBciUyMiUyQyUyMnBhcmFJZHglMjIlM0ExJTJDJTIyc3JjJTIyJTNBJTIyUHJlLWZpbGxlZCUyMDI4bWwlMjBFLUp1aWNlJTIyJTJDJTIyZHN0JTIyJTNBJTIyJUU5JUEyJTg0JUU3JTgxJThDJUU4JUEzJTg1MjhtbCUyMEUtSnVpY2UlMjIlMkMlMjJtZXRhZGF0YSUyMiUzQSUyMiUyMiUyQyUyMm1ldGFEYXRhJTIyJTNBJTVCJTVEJTJDJTIydGV4dCUyMiUzQSUyMlByZS1maWxsZWQlMjAyOG1sJTIwRS1KdWljZSUyMiU3RCU1RCU3RCUyQyU3QiUyMnR5cGUlMjIlM0ElMjJwYXJhZ3JhcGglMjIlMkMlMjJjaGlsZHJlbiUyMiUzQSU1QiU3QiUyMmlkJTIyJTNBJTIyTk9BVkJXbldBNyUyMiUyQyUyMnBhcmFJZHglMjIlM0EyJTJDJTIyc3JjJTIyJTNBJTIyRHVhbCUyMFZhcGluZyUyME1vZGVzJTNBJTIwUmVndWxhciUyME1vZGUoMTJXKSUyRlR1cmJvJTIwTW9kZSgyNVcpJTIyJTJDJTIyZHN0JTIyJTNBJTIyJUU1JThGJThDVmFwaW5nJUU2JUE4JUExJUU1JUJDJThGJUVGJUJDJTlBJUU1JUI4JUI4JUU4JUE3JTg0JUU2JUE4JUExJUU1JUJDJThGJUVGJUJDJTg4MTJXJUVGJUJDJTg5JTJGJUU2JUI2JUExJUU4JUJEJUFFJUU2JUE4JUExJUU1JUJDJThGJUVGJUJDJTg4MjVXJUVGJUJDJTg5JTIyJTJDJTIybWV0YWRhdGElMjIlM0ElMjIlMjIlMkMlMjJtZXRhRGF0YSUyMiUzQSU1QiU1RCUyQyUyMnRleHQlMjIlM0ElMjJEdWFsJTIwVmFwaW5nJTIwTW9kZXMlM0ElMjBSZWd1bGFyJTIwTW9kZSgxMlcpJTJGVHVyYm8lMjBNb2RlKDI1VyklMjIlN0QlNUQlN0QlMkMlN0IlMjJ0eXBlJTIyJTNBJTIycGFyYWdyYXBoJTIyJTJDJTIyY2hpbGRyZW4lMjIlM0ElNUIlN0IlMjJpZCUyMiUzQSUyMldacTBWbFpuNW4lMjIlMkMlMjJwYXJhSWR4JTIyJTNBMyUyQyUyMnNyYyUyMiUzQSUyMlJlY2hhcmdlYWJsZSUyMDg1MG1BaCUyMEJhdHRlcnklMjIlMkMlMjJkc3QlMjIlM0ElMjI4NTAlRTYlQUYlQUIlRTUlQUUlODklRTYlOTclQjYlRTUlOEYlQUYlRTUlODUlODUlRTclOTQlQjUlRTclOTQlQjUlRTYlQjElQTAlMjIlMkMlMjJtZXRhZGF0YSUyMiUzQSUyMiUyMiUyQyUyMm1ldGFEYXRhJTIyJTNBJTVCJTVEJTJDJTIydGV4dCUyMiUzQSUyMlJlY2hhcmdlYWJsZSUyMDg1MG1BaCUyMEJhdHRlcnklMjIlN0QlNUQlN0QlMkMlN0IlMjJ0eXBlJTIyJTNBJTIycGFyYWdyYXBoJTIyJTJDJTIyY2hpbGRyZW4lMjIlM0ElNUIlN0IlMjJpZCUyMiUzQSUyMno2cUc3TzNhcVAlMjIlMkMlMjJwYXJhSWR4JTIyJTNBNCUyQyUyMnNyYyUyMiUzQSUyMjUlMjUoNTBtZyklMjBOaWNvdGluZSUyMFN0cmVuZ3RoJTIyJTJDJTIyZHN0JTIyJTNBJTIyNSUyNSVFRiVCQyU4ODUwbWclRUYlQkMlODklRTUlQjAlQkMlRTUlOEYlQTQlRTQlQjglODElRTYlQjUlOTMlRTUlQkElQTYlMjIlMkMlMjJtZXRhZGF0YSUyMiUzQSUyMiUyMiUyQyUyMm1ldGFEYXRhJTIyJTNBJTVCJTVEJTJDJTIydGV4dCUyMiUzQSUyMjUlMjUoNTBtZyklMjBOaWNvdGluZSUyMFN0cmVuZ3RoJTIyJTdEJTVEJTdEJTJDJTdCJTIydHlwZSUyMiUzQSUyMnBhcmFncmFwaCUyMiUyQyUyMmNoaWxkcmVuJTIyJTNBJTVCJTdCJTIyaWQlMjIlM0ElMjIwUUEzM1ZFckF6JTIyJTJDJTIycGFyYUlkeCUyMiUzQTUlMkMlMjJzcmMlMjIlM0ElMjJVU0IlMjBUeXBlLUMlMjBDaGFyZ2luZyUyMChOb3QlMjBJbmNsdWRlZCklMjIlMkMlMjJkc3QlMjIlM0ElMjJVU0IlMjBUeXBlLUMlRTUlODUlODUlRTclOTQlQjUlRUYlQkMlODglRTQlQjglOEQlRTUlOEMlODUlRTYlOEIlQUMlRTUlOUMlQTglRTUlODYlODUlRUYlQkMlODklMjIlMkMlMjJtZXRhZGF0YSUyMiUzQSUyMiUyMiUyQyUyMm1ldGFEYXRhJTIyJTNBJTVCJTVEJTJDJTIydGV4dCUyMiUzQSUyMlVTQiUyMFR5cGUtQyUyMENoYXJnaW5nJTIwKE5vdCUyMEluY2x1ZGVkKSUyMiU3RCU1RCU3RCUyQyU3QiUyMnR5cGUlMjIlM0ElMjJwYXJhZ3JhcGglMjIlMkMlMjJjaGlsZHJlbiUyMiUzQSU1QiU3QiUyMmlkJTIyJTNBJTIyMEJBelkwdm9xdiUyMiUyQyUyMnBhcmFJZHglMjIlM0E2JTJDJTIyc3JjJTIyJTNBJTIyRHJhdy1BY3RpdmF0ZWQlMjIlMkMlMjJkc3QlMjIlM0ElMjIlRTclQkIlOTglRTUlOUIlQkUlRTUlQjclQjIlRTYlQkYlODAlRTYlQjQlQkIlMjIlMkMlMjJtZXRhZGF0YSUyMiUzQSUyMiUyMiUyQyUyMm1ldGFEYXRhJTIyJTNBJTVCJTVEJTJDJTIydGV4dCUyMiUzQSUyMkRyYXctQWN0aXZhdGVkJTIyJTdEJTVEJTdEJTVE\"><span data-slate-node=\"text\">Zeichnungsaktiviert<\/span><\/li>\n<\/ul>\n<h2><strong>Elfworld MX 25000 Geschmacksrichtungen:<\/strong><\/h2>\n<p>&nbsp;<\/p>\n<ol>\n<li data-slate-node=\"element\"><span data-slate-node=\"text\">Erdbeereis<\/span><\/li>\n<li data-slate-node=\"element\"><span data-slate-node=\"text\">Wassermelone Eis<\/span><\/li>\n<li data-slate-node=\"element\"><span data-slate-node=\"text\">Traubeneis<\/span><\/li>\n<li data-slate-node=\"element\"><span data-slate-node=\"text\">Minze<\/span><\/li>\n<li data-slate-node=\"element\"><span data-slate-node=\"text\">Doppelter Apfel<\/span><\/li>\n<li data-slate-node=\"element\"><span data-slate-node=\"text\">Saftiger Pfirsich Lce<\/span><\/li>\n<li data-slate-node=\"element\"><span data-slate-node=\"text\">Blaues Razzeis<\/span><\/li>\n<li data-slate-node=\"element\"><span data-slate-node=\"text\">Rosa Limonade<\/span><\/li>\n<li data-slate-node=\"element\"><span data-slate-node=\"text\">Gemischte Beeren<\/span><\/li>\n<li data-slate-node=\"element\"><span data-slate-node=\"text\">Heidelbeere Wassermelone<\/span><\/li>\n<li data-slate-node=\"element\"><span data-slate-node=\"text\">Limette Beere Orange<\/span><\/li>\n<li data-slate-node=\"element\"><span data-slate-node=\"text\">Blaubeere B <\/span><\/li>\n<li data-slate-node=\"element\"><span data-slate-node=\"text\">Himbeere Pfirsich Limette<\/span><\/li>\n<li data-slate-node=\"element\"><span data-slate-node=\"text\">Saure Mango-Ananas<\/span><\/li>\n<li data-slate-node=\"element\" data-slate-fragment=\"JTVCJTdCJTIydHlwZSUyMiUzQSUyMnBhcmFncmFwaCUyMiUyQyUyMmNoaWxkcmVuJTIyJTNBJTVCJTdCJTIyaWQlMjIlM0ElMjJ6NnFHTVc3UTVQJTIyJTJDJTIycGFyYUlkeCUyMiUzQTAlMkMlMjJzcmMlMjIlM0ElMjJTdHJhd2JlcnJ5JTIwSWNlJTIyJTJDJTIyZHN0JTIyJTNBJTIyJUU4JThEJTg5JUU4JThFJTkzJUU1JTg2JUIwJTIyJTJDJTIybWV0YWRhdGElMjIlM0ElMjIlMjIlMkMlMjJtZXRhRGF0YSUyMiUzQSU1QiU1RCUyQyUyMnRleHQlMjIlM0ElMjJTdHJhd2JlcnJ5JTIwSWNlJTIyJTdEJTVEJTdEJTJDJTdCJTIydHlwZSUyMiUzQSUyMnBhcmFncmFwaCUyMiUyQyUyMmNoaWxkcmVuJTIyJTNBJTVCJTdCJTIyaWQlMjIlM0ElMjIwUUEzNG8zRzV6JTIyJTJDJTIycGFyYUlkeCUyMiUzQTElMkMlMjJzcmMlMjIlM0ElMjJXYXRlcm1lbG9uJTIwSWNlJTIyJTJDJTIyZHN0JTIyJTNBJTIyJUU4JUE1JUJGJUU3JTkzJTlDJUU1JTg2JUIwJTIyJTJDJTIybWV0YWRhdGElMjIlM0ElMjIlMjIlMkMlMjJtZXRhRGF0YSUyMiUzQSU1QiU1RCUyQyUyMnRleHQlMjIlM0ElMjJXYXRlcm1lbG9uJTIwSWNlJTIyJTdEJTVEJTdEJTJDJTdCJTIydHlwZSUyMiUzQSUyMnBhcmFncmFwaCUyMiUyQyUyMmNoaWxkcmVuJTIyJTNBJTVCJTdCJTIyaWQlMjIlM0ElMjIwQkF6UTFZZXF2JTIyJTJDJTIycGFyYUlkeCUyMiUzQTIlMkMlMjJzcmMlMjIlM0ElMjJHcmFwZSUyMEljZSUyMiUyQyUyMmRzdCUyMiUzQSUyMiVFOCU5MSVBMSVFOCU5MCU4NCVFNSU4NiVCMCUyMiUyQyUyMm1ldGFkYXRhJTIyJTNBJTIyJTIyJTJDJTIybWV0YURhdGElMjIlM0ElNUIlNUQlMkMlMjJ0ZXh0JTIyJTNBJTIyR3JhcGUlMjBJY2UlMjIlN0QlNUQlN0QlMkMlN0IlMjJ0eXBlJTIyJTNBJTIycGFyYWdyYXBoJTIyJTJDJTIyY2hpbGRyZW4lMjIlM0ElNUIlN0IlMjJpZCUyMiUzQSUyMnZ4d1dKNngwNXolMjIlMkMlMjJwYXJhSWR4JTIyJTNBMyUyQyUyMnNyYyUyMiUzQSUyMk1pbnQlMjIlMkMlMjJkc3QlMjIlM0ElMjIlRTklODAlQTAlRTUlQjglODElRTUlOEUlODIlMjIlMkMlMjJtZXRhZGF0YSUyMiUzQSUyMiUyMiUyQyUyMm1ldGFEYXRhJTIyJTNBJTVCJTVEJTJDJTIydGV4dCUyMiUzQSUyMk1pbnQlMjIlN0QlNUQlN0QlMkMlN0IlMjJ0eXBlJTIyJTNBJTIycGFyYWdyYXBoJTIyJTJDJTIyY2hpbGRyZW4lMjIlM0ElNUIlN0IlMjJpZCUyMiUzQSUyMnhlQVhKNjdYd0UlMjIlMkMlMjJwYXJhSWR4JTIyJTNBNCUyQyUyMnNyYyUyMiUzQSUyMkRvdWJsZSUyMEFwcGxlJTIyJTJDJTIyZHN0JTIyJTNBJTIyJUU1JThGJThDJUU4JThCJUI5JUU2JTlFJTlDJTIyJTJDJTIybWV0YWRhdGElMjIlM0ElMjIlMjIlMkMlMjJtZXRhRGF0YSUyMiUzQSU1QiU1RCUyQyUyMnRleHQlMjIlM0ElMjJEb3VibGUlMjBBcHBsZSUyMiU3RCU1RCU3RCUyQyU3QiUyMnR5cGUlMjIlM0ElMjJwYXJhZ3JhcGglMjIlMkMlMjJjaGlsZHJlbiUyMiUzQSU1QiU3QiUyMmlkJTIyJTNBJTIyTFc1cG5HeTJxRyUyMiUyQyUyMnBhcmFJZHglMjIlM0E1JTJDJTIyc3JjJTIyJTNBJTIySnVpY3klMjBQZWFjaCUyMExjZSUyMiUyQyUyMmRzdCUyMiUzQSUyMiVFNiVCMCVCNCVFOCU5QyU5QyVFNiVBMSU4M0xjZSUyMiUyQyUyMm1ldGFkYXRhJTIyJTNBJTIyJTIyJTJDJTIybWV0YURhdGElMjIlM0ElNUIlNUQlMkMlMjJ0ZXh0JTIyJTNBJTIySnVpY3klMjBQZWFjaCUyMExjZSUyMiU3RCU1RCU3RCUyQyU3QiUyMnR5cGUlMjIlM0ElMjJwYXJhZ3JhcGglMjIlMkMlMjJjaGlsZHJlbiUyMiUzQSU1QiU3QiUyMmlkJTIyJTNBJTIySzBxUW9SZUI1NyUyMiUyQyUyMnBhcmFJZHglMjIlM0E2JTJDJTIyc3JjJTIyJTNBJTIyQmx1ZSUyMFJhenolMjBJY2UlMjIlMkMlMjJkc3QlMjIlM0ElMjIlRTglOTMlOUQlRTUlODklODMlRTUlODglODAlRTUlODYlQjAlMjIlMkMlMjJtZXRhZGF0YSUyMiUzQSUyMiUyMiUyQyUyMm1ldGFEYXRhJTIyJTNBJTVCJTVEJTJDJTIydGV4dCUyMiUzQSUyMkJsdWUlMjBSYXp6JTIwSWNlJTIyJTdEJTVEJTdEJTJDJTdCJTIydHlwZSUyMiUzQSUyMnBhcmFncmFwaCUyMiUyQyUyMmNoaWxkcmVuJTIyJTNBJTVCJTdCJTIyaWQlMjIlM0ElMjJubzVqWEt5RHE4JTIyJTJDJTIycGFyYUlkeCUyMiUzQTclMkMlMjJzcmMlMjIlM0ElMjJQaW5rJTIwTGVtb25hZGUlMjIlMkMlMjJkc3QlMjIlM0ElMjIlRTclQjIlODklRTclQkElQTIlRTYlOUYlQTAlRTYlQUElQUMlRTYlQjAlQjQlMjIlMkMlMjJtZXRhZGF0YSUyMiUzQSUyMiUyMiUyQyUyMm1ldGFEYXRhJTIyJTNBJTVCJTVEJTJDJTIydGV4dCUyMiUzQSUyMlBpbmslMjBMZW1vbmFkZSUyMiU3RCU1RCU3RCUyQyU3QiUyMnR5cGUlMjIlM0ElMjJwYXJhZ3JhcGglMjIlMkMlMjJjaGlsZHJlbiUyMiUzQSU1QiU3QiUyMmlkJTIyJTNBJTIyWXo1OVdabkVxayUyMiUyQyUyMnBhcmFJZHglMjIlM0E4JTJDJTIyc3JjJTIyJTNBJTIyTWl4ZWQlMjBCZXJyaWVzJTIyJTJDJTIyZHN0JTIyJTNBJTIyJUU2JUI3JUI3JUU1JTkwJTg4JUU2JUI1JTg2JUU2JTlFJTlDJTIyJTJDJTIybWV0YWRhdGElMjIlM0ElMjIlMjIlMkMlMjJtZXRhRGF0YSUyMiUzQSU1QiU1RCUyQyUyMnRleHQlMjIlM0ElMjJNaXhlZCUyMEJlcnJpZXMlMjIlN0QlNUQlN0QlMkMlN0IlMjJ0eXBlJTIyJTNBJTIycGFyYWdyYXBoJTIyJTJDJTIyY2hpbGRyZW4lMjIlM0ElNUIlN0IlMjJpZCUyMiUzQSUyMllacU42MngycXIlMjIlMkMlMjJwYXJhSWR4JTIyJTNBOSUyQyUyMnNyYyUyMiUzQSUyMkJsdWViZXJyeSUyMFdhdGVybWVsb24lMjIlMkMlMjJkc3QlMjIlM0ElMjIlRTglOTMlOUQlRTglOEUlOTMlRTglQTUlQkYlRTclOTMlOUMlMjIlMkMlMjJtZXRhZGF0YSUyMiUzQSUyMiUyMiUyQyUyMm1ldGFEYXRhJTIyJTNBJTVCJTVEJTJDJTIydGV4dCUyMiUzQSUyMkJsdWViZXJyeSUyMFdhdGVybWVsb24lMjIlN0QlNUQlN0QlMkMlN0IlMjJ0eXBlJTIyJTNBJTIycGFyYWdyYXBoJTIyJTJDJTIyY2hpbGRyZW4lMjIlM0ElNUIlN0IlMjJpZCUyMiUzQSUyMjJOd1BQT3hQd28lMjIlMkMlMjJwYXJhSWR4JTIyJTNBMTAlMkMlMjJzcmMlMjIlM0ElMjJMaW1lJTIwQmVycnklMjBPcmFuZ2UlMjIlMkMlMjJkc3QlMjIlM0ElMjIlRTklODUlQjglRTYlQTklOTklRTYlQjUlODYlRTYlOUUlOUMlRTYlQTklOTklMjIlMkMlMjJtZXRhZGF0YSUyMiUzQSUyMiUyMiUyQyUyMm1ldGFEYXRhJTIyJTNBJTVCJTVEJTJDJTIydGV4dCUyMiUzQSUyMkxpbWUlMjBCZXJyeSUyME9yYW5nZSUyMiU3RCU1RCU3RCUyQyU3QiUyMnR5cGUlMjIlM0ElMjJwYXJhZ3JhcGglMjIlMkMlMjJjaGlsZHJlbiUyMiUzQSU1QiU3QiUyMmlkJTIyJTNBJTIycExxNGFQb1JBTSUyMiUyQyUyMnBhcmFJZHglMjIlM0ExMSUyQyUyMnNyYyUyMiUzQSUyMkJsdWViZXJyeSUyMEIlMjAlMjIlMkMlMjJkc3QlMjIlM0ElMjIlRTglOTMlOUQlRTglOEUlOTNCJTIyJTJDJTIybWV0YWRhdGElMjIlM0ElMjIlMjIlMkMlMjJtZXRhRGF0YSUyMiUzQSU1QiU1RCUyQyUyMnRleHQlMjIlM0ElMjJCbHVlYmVycnklMjBCJTIwJTIyJTdEJTVEJTdEJTJDJTdCJTIydHlwZSUyMiUzQSUyMnBhcmFncmFwaCUyMiUyQyUyMmNoaWxkcmVuJTIyJTNBJTVCJTdCJTIyaWQlMjIlM0ElMjJWb0F4clgzOXduJTIyJTJDJTIycGFyYUlkeCUyMiUzQTEyJTJDJTIyc3JjJTIyJTNBJTIyUmFzcGJlcnJ5JTIwUGVhY2glMjBMaW1lJTIyJTJDJTIyZHN0JTIyJTNBJTIyJUU2JUEwJTkxJUU4JThFJTkzJUU2JUExJTgzJUU5JTg1JUI4JUU2JUE5JTk5JTIyJTJDJTIybWV0YWRhdGElMjIlM0ElMjIlMjIlMkMlMjJtZXRhRGF0YSUyMiUzQSU1QiU1RCUyQyUyMnRleHQlMjIlM0ElMjJSYXNwYmVycnklMjBQZWFjaCUyMExpbWUlMjIlN0QlNUQlN0QlMkMlN0IlMjJ0eXBlJTIyJTNBJTIycGFyYWdyYXBoJTIyJTJDJTIyY2hpbGRyZW4lMjIlM0ElNUIlN0IlMjJpZCUyMiUzQSUyMjlYd1k2RGs3cVAlMjIlMkMlMjJwYXJhSWR4JTIyJTNBMTMlMkMlMjJzcmMlMjIlM0ElMjJTb3VyJTIwTWFuZ28lMjBQaW5lYXBwbGUlMjIlMkMlMjJkc3QlMjIlM0ElMjIlRTklODUlQjglRTglOEElOTIlRTYlOUUlOUMlRTglOEYlQTAlRTglOTAlOUQlMjIlMkMlMjJtZXRhZGF0YSUyMiUzQSUyMiUyMiUyQyUyMm1ldGFEYXRhJTIyJTNBJTVCJTVEJTJDJTIydGV4dCUyMiUzQSUyMlNvdXIlMjBNYW5nbyUyMFBpbmVhcHBsZSUyMiU3RCU1RCU3RCUyQyU3QiUyMnR5cGUlMjIlM0ElMjJwYXJhZ3JhcGglMjIlMkMlMjJjaGlsZHJlbiUyMiUzQSU1QiU3QiUyMmlkJTIyJTNBJTIyVkVxMThFbmF3MCUyMiUyQyUyMnBhcmFJZHglMjIlM0ExNCUyQyUyMnNyYyUyMiUzQSUyMlBlYWNoJTIwQmx1ZSUyMFNsdXNoeSUyMiUyQyUyMmRzdCUyMiUzQSUyMiVFNiVBMSU4MyVFOCU5MyU5RCVFOCU4OSVCMlNsdXNoeSUyMiUyQyUyMm1ldGFkYXRhJTIyJTNBJTIyJTIyJTJDJTIybWV0YURhdGElMjIlM0ElNUIlNUQlMkMlMjJ0ZXh0JTIyJTNBJTIyUGVhY2glMjBCbHVlJTIwU2x1c2h5JTIyJTdEJTVEJTdEJTVE\"><span data-slate-node=\"text\">Pfirsich Blau Slushy<\/span><\/li>\n<\/ol>\n<h2><strong>Packliste:<\/strong><\/h2>\n<p>1St\u00fcck pro Karton<br \/>\n10 St\u00fcck pro Mittelkarton<br \/>\n200St\u00fcck pro Karton<\/p>\n<p><img loading=\"lazy\" decoding=\"async\" class=\"wp-image-17153 size-large\" title=\"Gro\u00dfhandel Elfworld MX 25000 Einweg vape 2\" src=\"https:\/\/www.vapeswholesaler.com\/wp-content\/uploads\/2024\/06\/Wholesale-Elfworld-MX-25000-disposable-vape-2-722x1024.jpg\" alt=\"Gro\u00dfhandel Elfworld MX 25000 Einweg vape 2\" width=\"722\" height=\"1024\" srcset=\"https:\/\/www.vapeswholesaler.com\/wp-content\/uploads\/2024\/06\/Wholesale-Elfworld-MX-25000-disposable-vape-2-722x1024.jpg 722w, https:\/\/www.vapeswholesaler.com\/wp-content\/uploads\/2024\/06\/Wholesale-Elfworld-MX-25000-disposable-vape-2-212x300.jpg 212w, https:\/\/www.vapeswholesaler.com\/wp-content\/uploads\/2024\/06\/Wholesale-Elfworld-MX-25000-disposable-vape-2-768x1089.jpg 768w, https:\/\/www.vapeswholesaler.com\/wp-content\/uploads\/2024\/06\/Wholesale-Elfworld-MX-25000-disposable-vape-2-8x12.jpg 8w, https:\/\/www.vapeswholesaler.com\/wp-content\/uploads\/2024\/06\/Wholesale-Elfworld-MX-25000-disposable-vape-2-510x723.jpg 510w, https:\/\/www.vapeswholesaler.com\/wp-content\/uploads\/2024\/06\/Wholesale-Elfworld-MX-25000-disposable-vape-2.jpg 800w\" sizes=\"auto, (max-width: 722px) 100vw, 722px\" \/><\/p>\n<p><img loading=\"lazy\" decoding=\"async\" class=\"wp-image-17161 size-full\" title=\"Gro\u00dfhandel Elfworld MX 25000 Einweg Vape 10\" src=\"https:\/\/www.vapeswholesaler.com\/wp-content\/uploads\/2024\/06\/Wholesale-Elfworld-MX-25000-disposable-vape-10.jpg\" alt=\"Gro\u00dfhandel Elfworld MX 25000 Einweg Vape 10\" width=\"800\" height=\"800\" srcset=\"https:\/\/www.vapeswholesaler.com\/wp-content\/uploads\/2024\/06\/Wholesale-Elfworld-MX-25000-disposable-vape-10.jpg 800w, https:\/\/www.vapeswholesaler.com\/wp-content\/uploads\/2024\/06\/Wholesale-Elfworld-MX-25000-disposable-vape-10-300x300.jpg 300w, https:\/\/www.vapeswholesaler.com\/wp-content\/uploads\/2024\/06\/Wholesale-Elfworld-MX-25000-disposable-vape-10-150x150.jpg 150w, https:\/\/www.vapeswholesaler.com\/wp-content\/uploads\/2024\/06\/Wholesale-Elfworld-MX-25000-disposable-vape-10-768x768.jpg 768w, https:\/\/www.vapeswholesaler.com\/wp-content\/uploads\/2024\/06\/Wholesale-Elfworld-MX-25000-disposable-vape-10-12x12.jpg 12w, https:\/\/www.vapeswholesaler.com\/wp-content\/uploads\/2024\/06\/Wholesale-Elfworld-MX-25000-disposable-vape-10-247x247.jpg 247w, https:\/\/www.vapeswholesaler.com\/wp-content\/uploads\/2024\/06\/Wholesale-Elfworld-MX-25000-disposable-vape-10-510x510.jpg 510w, https:\/\/www.vapeswholesaler.com\/wp-content\/uploads\/2024\/06\/Wholesale-Elfworld-MX-25000-disposable-vape-10-100x100.jpg 100w\" sizes=\"auto, (max-width: 800px) 100vw, 800px\" \/><\/p>","protected":false},"excerpt":{"rendered":"<p>Mindestbestellmenge: 200 PCS (Mix Flavors)\u00a0 <strong>Kostenloser Versand<\/strong><\/p>\n<p>(<strong>2%, 5% Nic<\/strong>)<\/p>","protected":false},"featured_media":17152,"comment_status":"open","ping_status":"closed","template":"","meta":[],"product_cat":[15],"product_tag":[],"class_list":{"0":"post-17162","1":"product","2":"type-product","3":"status-publish","4":"has-post-thumbnail","6":"product_cat-disposable-vape","7":"product_brand-elfworld","9":"first","10":"instock","11":"shipping-taxable","12":"purchasable","13":"product-type-variable","14":"has-default-attributes"},"aioseo_notices":[],"_links":{"self":[{"href":"https:\/\/www.vapeswholesaler.com\/de\/wp-json\/wp\/v2\/product\/17162","targetHints":{"allow":["GET"]}}],"collection":[{"href":"https:\/\/www.vapeswholesaler.com\/de\/wp-json\/wp\/v2\/product"}],"about":[{"href":"https:\/\/www.vapeswholesaler.com\/de\/wp-json\/wp\/v2\/types\/product"}],"replies":[{"embeddable":true,"href":"https:\/\/www.vapeswholesaler.com\/de\/wp-json\/wp\/v2\/comments?post=17162"}],"wp:featuredmedia":[{"embeddable":true,"href":"https:\/\/www.vapeswholesaler.com\/de\/wp-json\/wp\/v2\/media\/17152"}],"wp:attachment":[{"href":"https:\/\/www.vapeswholesaler.com\/de\/wp-json\/wp\/v2\/media?parent=17162"}],"wp:term":[{"taxonomy":"product_cat","embeddable":true,"href":"https:\/\/www.vapeswholesaler.com\/de\/wp-json\/wp\/v2\/product_cat?post=17162"},{"taxonomy":"product_tag","embeddable":true,"href":"https:\/\/www.vapeswholesaler.com\/de\/wp-json\/wp\/v2\/product_tag?post=17162"}],"curies":[{"name":"wp","href":"https:\/\/api.w.org\/{rel}","templated":true}]}}