{"id":17126,"date":"2024-06-24T17:59:11","date_gmt":"2024-06-24T09:59:11","guid":{"rendered":"https:\/\/www.vapeswholesaler.com\/?post_type=product&#038;p=17126"},"modified":"2025-02-23T15:22:11","modified_gmt":"2025-02-23T07:22:11","slug":"groshandel-elfworld-ai22000-20k-puffs-einweg-vape","status":"publish","type":"product","link":"https:\/\/www.vapeswholesaler.com\/de\/produkt\/groshandel-elfworld-ai22000-20k-puffs-einweg-vape","title":{"rendered":"Gro\u00dfhandel ELFWORLD AI22000 20K Puffs Einweg vape"},"content":{"rendered":"<p><a href=\"https:\/\/www.vapeswholesaler.com\/de\/produkt_marke\/elfenwelt\/\">Elfenwelt<\/a> AI22000 22k Puff Disposable Vape ist das beste Ger\u00e4t im Jahr 2024, sind wir liefern 100% urspr\u00fcnglichen hoher Qualit\u00e4t vape Feld, <span data-slate-fragment=\"JTVCJTdCJTIydHlwZSUyMiUzQSUyMnBhcmFncmFwaCUyMiUyQyUyMmNoaWxkcmVuJTIyJTNBJTVCJTdCJTIyaWQlMjIlM0ElMjJ5THd2eUc2ejU0JTIyJTJDJTIycGFyYUlkeCUyMiUzQTAlMkMlMjJzcmMlMjIlM0ElMjJQcm92aWRlJTIwdGhlJTIwbW9zdCUyMHBlcmZlY3QlMjAxMCUyMEZsYXZvcnMlMjBmb3IlMjBjaG9vc2UlMjIlMkMlMjJkc3QlMjIlM0ElMjIlRTYlOEYlOTAlRTQlQkUlOUIlRTYlOUMlODAlRTUlQUUlOEMlRTclQkUlOEUlRTclOUElODQxMCVFNyVBNyU4RCVFNSU4RiVBMyVFNSU5MSVCMyVFNCVCRSU5QiVFOSU4MCU4OSVFNiU4QiVBOSUyMiUyQyUyMm1ldGFkYXRhJTIyJTNBJTIyJTIyJTJDJTIybWV0YURhdGElMjIlM0ElNUIlNUQlMkMlMjJ0ZXh0JTIyJTNBJTIyUHJvdmlkZSUyMHRoZSUyMG1vc3QlMjBwZXJmZWN0JTIwMTAlMjBGbGF2b3JzJTIwZm9yJTIwY2hvb3NlJTIyJTdEJTVEJTdEJTVE\">Bieten Sie die perfektesten 10 Geschmacksrichtungen zur Auswahl.<\/span><\/p>\n<p>Elfworld AI22000 22k Puff Disposable Vape, bietet 26ML von E-Fl\u00fcssigkeit mit 0\/2\/3\/5% Nikotinsalz Optionen. Mit seiner Mesh-Spule, integriertem 650mAh-Akku und Typ-C-Ladung, liefert dieses Ger\u00e4t Komfort und Geschmack. W\u00e4hlen Sie aus 10 k\u00f6stlichen Geschmacksrichtungen f\u00fcr eine befriedigende Dampfreise.<\/p>\n<h2><strong>Merkmale:<\/strong><\/h2>\n<ul>\n<li>0\/2\/3\/5%Nikotinsalz.<\/li>\n<li>26ML von E-Fl\u00fcssigkeit.<\/li>\n<li>Mesh-Spule.<\/li>\n<li>10 Geschmacksrichtungen verf\u00fcgbar.<\/li>\n<li>Wiederaufladbare Batterie.<\/li>\n<li>Typ-C-Ladung<\/li>\n<li>Integrierter 650mAh Akku.<\/li>\n<li>Digitaler Anzeigebildschirm<\/li>\n<li>Luftstrom einstellbar<\/li>\n<\/ul>\n<h2><strong>Geschm\u00e4cker:<\/strong><\/h2>\n<ol>\n<li>Gr\u00fcner Apfel<\/li>\n<li>Mango Apfel Birne<\/li>\n<li>Blaubeer-Minze<\/li>\n<li>Tigerblut<\/li>\n<li>K\u00fchle Mango<\/li>\n<li>Blaubeereis<\/li>\n<li>Wassermelone Eis<\/li>\n<li>Beeren mischen<\/li>\n<li>Minze<\/li>\n<li>Traubeneis<\/li>\n<\/ol>\n<h2><strong>Packliste:<\/strong><\/h2>\n<p>1St\u00fcck jede kleine Schachtel<br \/>\n10 St\u00fcck pro Mittelkarton<br \/>\n200St\u00fcck pro Karton<\/p>\n<figure id=\"attachment_17137\" aria-describedby=\"caption-attachment-17137\" style=\"width: 800px\" class=\"wp-caption alignnone\"><img loading=\"lazy\" decoding=\"async\" class=\"wp-image-17137 size-full\" title=\"Gro\u00dfhandel ELFWORLD AI22000 Puffs Einweg vape\" src=\"https:\/\/www.vapeswholesaler.com\/wp-content\/uploads\/2024\/06\/Wholesale-ELFWORLD-AI22000-Puffs-Disposable-vape.jpg\" alt=\"Gro\u00dfhandel ELFWORLD AI22000 Puffs Einweg vape\" width=\"800\" height=\"800\" srcset=\"https:\/\/www.vapeswholesaler.com\/wp-content\/uploads\/2024\/06\/Wholesale-ELFWORLD-AI22000-Puffs-Disposable-vape.jpg 800w, https:\/\/www.vapeswholesaler.com\/wp-content\/uploads\/2024\/06\/Wholesale-ELFWORLD-AI22000-Puffs-Disposable-vape-300x300.jpg 300w, https:\/\/www.vapeswholesaler.com\/wp-content\/uploads\/2024\/06\/Wholesale-ELFWORLD-AI22000-Puffs-Disposable-vape-150x150.jpg 150w, https:\/\/www.vapeswholesaler.com\/wp-content\/uploads\/2024\/06\/Wholesale-ELFWORLD-AI22000-Puffs-Disposable-vape-768x768.jpg 768w, https:\/\/www.vapeswholesaler.com\/wp-content\/uploads\/2024\/06\/Wholesale-ELFWORLD-AI22000-Puffs-Disposable-vape-12x12.jpg 12w, https:\/\/www.vapeswholesaler.com\/wp-content\/uploads\/2024\/06\/Wholesale-ELFWORLD-AI22000-Puffs-Disposable-vape-247x247.jpg 247w, https:\/\/www.vapeswholesaler.com\/wp-content\/uploads\/2024\/06\/Wholesale-ELFWORLD-AI22000-Puffs-Disposable-vape-510x510.jpg 510w, https:\/\/www.vapeswholesaler.com\/wp-content\/uploads\/2024\/06\/Wholesale-ELFWORLD-AI22000-Puffs-Disposable-vape-100x100.jpg 100w\" sizes=\"auto, (max-width: 800px) 100vw, 800px\" \/><figcaption id=\"caption-attachment-17137\" class=\"wp-caption-text\">Gro\u00dfhandel ELFWORLD AI22000 Puffs Einweg vape<\/figcaption><\/figure>","protected":false},"excerpt":{"rendered":"<p>Mindestbestellmenge: 200 PCS (Mix Flavors)\u00a0 <strong>Kostenloser Versand<\/strong><\/p>\n<p>(<strong>2%, 5% Nic<\/strong>)<\/p>","protected":false},"featured_media":17121,"comment_status":"open","ping_status":"closed","template":"","meta":[],"product_cat":[15],"product_tag":[],"class_list":{"0":"post-17126","1":"product","2":"type-product","3":"status-publish","4":"has-post-thumbnail","6":"product_cat-disposable-vape","7":"product_brand-elfworld","9":"first","10":"instock","11":"shipping-taxable","12":"purchasable","13":"product-type-variable","14":"has-default-attributes"},"aioseo_notices":[],"_links":{"self":[{"href":"https:\/\/www.vapeswholesaler.com\/de\/wp-json\/wp\/v2\/product\/17126","targetHints":{"allow":["GET"]}}],"collection":[{"href":"https:\/\/www.vapeswholesaler.com\/de\/wp-json\/wp\/v2\/product"}],"about":[{"href":"https:\/\/www.vapeswholesaler.com\/de\/wp-json\/wp\/v2\/types\/product"}],"replies":[{"embeddable":true,"href":"https:\/\/www.vapeswholesaler.com\/de\/wp-json\/wp\/v2\/comments?post=17126"}],"wp:featuredmedia":[{"embeddable":true,"href":"https:\/\/www.vapeswholesaler.com\/de\/wp-json\/wp\/v2\/media\/17121"}],"wp:attachment":[{"href":"https:\/\/www.vapeswholesaler.com\/de\/wp-json\/wp\/v2\/media?parent=17126"}],"wp:term":[{"taxonomy":"product_cat","embeddable":true,"href":"https:\/\/www.vapeswholesaler.com\/de\/wp-json\/wp\/v2\/product_cat?post=17126"},{"taxonomy":"product_tag","embeddable":true,"href":"https:\/\/www.vapeswholesaler.com\/de\/wp-json\/wp\/v2\/product_tag?post=17126"}],"curies":[{"name":"wp","href":"https:\/\/api.w.org\/{rel}","templated":true}]}}