{"id":17084,"date":"2024-06-22T19:16:09","date_gmt":"2024-06-22T11:16:09","guid":{"rendered":"https:\/\/www.vapeswholesaler.com\/?post_type=product&#038;p=17084"},"modified":"2025-03-12T19:18:09","modified_gmt":"2025-03-12T11:18:09","slug":"groshandel-elf-bar-bc-10000-touch-einweg-vape","status":"publish","type":"product","link":"https:\/\/www.vapeswholesaler.com\/de\/produkt\/groshandel-elf-bar-bc-10000-touch-einweg-vape","title":{"rendered":"Gro\u00dfhandel Elf bar Bc 10000 ber\u00fchren Einweg Vape"},"content":{"rendered":"<p><a href=\"https:\/\/www.vapeswholesaler.com\/de\/produkt_marke\/elfenbar\/\">ELF BAR<\/a> BC 10000 Touch erleben Sie die Zukunft des Verdampfens mit unserer Touchscreen-Oberfl\u00e4che, die eine m\u00fchelose Navigation und Steuerung mit Ihren Fingerspitzen erm\u00f6glicht. Passen Sie Ihr Dampferlebnis mit drei einstellbaren Modi an, die Ihre bevorzugte Intensit\u00e4t und Geschmackskonzentration ber\u00fccksichtigen.<br \/>\nELF BAR BC 10000 Touch Genie\u00dfen Sie vom ersten bis zum letzten Zug ein gleichbleibend reichhaltiges und geschmackvolles Dampferlebnis, dank unserer Spitzentechnologie und hochwertigen Zutaten.<br \/>\nELFBAR BC10000 TOUCH Mit einer au\u00dfergew\u00f6hnlichen Puff-Kapazit\u00e4t von 10.000 Z\u00fcgen garantiert die ELFBAR BC10000 TOUCH Langlebigkeit ohne Kompromisse bei der Leistung und bietet langen Genuss ohne l\u00e4stiges Aufladen oder Nachf\u00fcllen.<\/p>\n<h2><strong>Merkmale:<\/strong><\/h2>\n<ul>\n<li>Verpackung: 14 ml<\/li>\n<li>Nikotinst\u00e4rke: 50 mg (5%)<\/li>\n<li>Akku-Kapazit\u00e4t: 620 mAh<\/li>\n<li>Aufladen: Typ C<\/li>\n<li>MOQ 5000St\u00fcck, jede Geschmacksrichtung 1000St\u00fcck<\/li>\n<\/ul>\n<h2><strong>Geschm\u00e4cker:<\/strong><\/h2>\n<ol>\n<li>Unsch\u00e4rfe Razzia Eis<\/li>\n<li>Heidelbeere Wassermelone<\/li>\n<li>Kirsche-Zitrone<\/li>\n<li>Zitrus-Traube<\/li>\n<li>Kokosnuss-Banane<\/li>\n<li>Ragon Strawnana<\/li>\n<li>Georgia Pfirsich<\/li>\n<li>Miami mint<\/li>\n<li>Mount Splash<\/li>\n<li>OMG<\/li>\n<li>Rubin-Himbeere<\/li>\n<li>Wassermelone BG<\/li>\n<\/ol>\n<p>&nbsp;<\/p>\n<h2>Packliste:<\/h2>\n<p>1St\u00fcck jede kleine Schachtel<br \/>\n10 St\u00fcck pro Mittelkarton<br \/>\n200St\u00fcck pro Karton<\/p>\n<p>&nbsp;<\/p>\n<figure id=\"attachment_17083\" aria-describedby=\"caption-attachment-17083\" style=\"width: 800px\" class=\"wp-caption alignnone\"><img loading=\"lazy\" decoding=\"async\" class=\"wp-image-17083 size-full\" title=\"Gro\u00dfhandel Elf bar Bc 10000 ber\u00fchren Einweg Vape 10\" src=\"https:\/\/www.vapeswholesaler.com\/wp-content\/uploads\/2024\/06\/Wholesale-Elf-bar-Bc-10000-touch-Disposable-Vape-10.webp\" alt=\"Gro\u00dfhandel Elf bar Bc 10000 ber\u00fchren Einweg Vape 10\" width=\"800\" height=\"1424\" srcset=\"https:\/\/www.vapeswholesaler.com\/wp-content\/uploads\/2024\/06\/Wholesale-Elf-bar-Bc-10000-touch-Disposable-Vape-10.webp 800w, https:\/\/www.vapeswholesaler.com\/wp-content\/uploads\/2024\/06\/Wholesale-Elf-bar-Bc-10000-touch-Disposable-Vape-10-169x300.webp 169w, https:\/\/www.vapeswholesaler.com\/wp-content\/uploads\/2024\/06\/Wholesale-Elf-bar-Bc-10000-touch-Disposable-Vape-10-575x1024.webp 575w, https:\/\/www.vapeswholesaler.com\/wp-content\/uploads\/2024\/06\/Wholesale-Elf-bar-Bc-10000-touch-Disposable-Vape-10-768x1367.webp 768w, https:\/\/www.vapeswholesaler.com\/wp-content\/uploads\/2024\/06\/Wholesale-Elf-bar-Bc-10000-touch-Disposable-Vape-10-7x12.webp 7w, https:\/\/www.vapeswholesaler.com\/wp-content\/uploads\/2024\/06\/Wholesale-Elf-bar-Bc-10000-touch-Disposable-Vape-10-510x908.webp 510w\" sizes=\"auto, (max-width: 800px) 100vw, 800px\" \/><figcaption id=\"caption-attachment-17083\" class=\"wp-caption-text\">Gro\u00dfhandel Elf bar Bc 10000 touch Einweg Vape<\/figcaption><\/figure>","protected":false},"excerpt":{"rendered":"<p>Mindestbestellmenge: <strong>5<em>000<\/em> <\/strong>PCS (Geschmacksrichtungen mischen)\u00a0 \u00a0<strong>Kostenloser Versand<\/strong><\/p>\n<p>(<strong>2%, 5% Nic<\/strong>)<\/p>","protected":false},"featured_media":17080,"comment_status":"open","ping_status":"closed","template":"","meta":[],"product_cat":[15],"product_tag":[],"class_list":{"0":"post-17084","1":"product","2":"type-product","3":"status-publish","4":"has-post-thumbnail","6":"product_cat-disposable-vape","7":"product_brand-elf-bar","9":"first","10":"outofstock","11":"shipping-taxable","12":"purchasable","13":"product-type-variable","14":"has-default-attributes"},"aioseo_notices":[],"_links":{"self":[{"href":"https:\/\/www.vapeswholesaler.com\/de\/wp-json\/wp\/v2\/product\/17084","targetHints":{"allow":["GET"]}}],"collection":[{"href":"https:\/\/www.vapeswholesaler.com\/de\/wp-json\/wp\/v2\/product"}],"about":[{"href":"https:\/\/www.vapeswholesaler.com\/de\/wp-json\/wp\/v2\/types\/product"}],"replies":[{"embeddable":true,"href":"https:\/\/www.vapeswholesaler.com\/de\/wp-json\/wp\/v2\/comments?post=17084"}],"wp:featuredmedia":[{"embeddable":true,"href":"https:\/\/www.vapeswholesaler.com\/de\/wp-json\/wp\/v2\/media\/17080"}],"wp:attachment":[{"href":"https:\/\/www.vapeswholesaler.com\/de\/wp-json\/wp\/v2\/media?parent=17084"}],"wp:term":[{"taxonomy":"product_cat","embeddable":true,"href":"https:\/\/www.vapeswholesaler.com\/de\/wp-json\/wp\/v2\/product_cat?post=17084"},{"taxonomy":"product_tag","embeddable":true,"href":"https:\/\/www.vapeswholesaler.com\/de\/wp-json\/wp\/v2\/product_tag?post=17084"}],"curies":[{"name":"wp","href":"https:\/\/api.w.org\/{rel}","templated":true}]}}