{"id":16988,"date":"2024-06-21T11:56:59","date_gmt":"2024-06-21T03:56:59","guid":{"rendered":"https:\/\/www.vapeswholesaler.com\/?post_type=product&#038;p=16988"},"modified":"2025-02-23T14:24:55","modified_gmt":"2025-02-23T06:24:55","slug":"groshandel-lavie-e-wasserpfeife-elektronische-shisha-wasserpfeife-kopf","status":"publish","type":"product","link":"https:\/\/www.vapeswholesaler.com\/de\/produkt\/groshandel-lavie-e-wasserpfeife-elektronische-shisha-wasserpfeife-kopf","title":{"rendered":"Gro\u00dfhandel Lavie E-Hookah Elektronische Shisha Hookah Kopf"},"content":{"rendered":"<p>Der LAVIE E-Hookah Kopf von LAVIE wird mit Spannung erwartet. Dieses kompakte und leichte Ger\u00e4t ist sehr tragbar und f\u00fcr verschiedene Gelegenheiten geeignet. Es ist kompatibel mit den meisten Standard-Whookah-Basen, so dass die D\u00e4mpfe gefiltert und durch Wasser f\u00fcr einen weichen und delikaten Geschmack gemildert werden k\u00f6nnen.<\/p>\n<p>Die LAVIE E-Hookah bietet zahlreiche benutzerfreundliche Funktionen und personalisierte Optionen. Der 0,96-Zoll-Farbbildschirm zeigt wichtige Informationen w\u00e4hrend der Nutzung in Echtzeit an und unterst\u00fctzt Sperr- und Entsperrfunktionen f\u00fcr eine einfache Bedienung. Der Benutzer kann die Helligkeit des Bildschirms je nach pers\u00f6nlichen Vorlieben oder Umgebungslicht einstellen. Die einfache Leistungsanpassung erm\u00f6glicht die Kompatibilit\u00e4t mit verschiedenen Widerstandsspulen, um eine optimale Leistung zu erzielen.<\/p>\n<p>Die LAVIE E-Hookah ist mit einem eingebauten 3000-mAh-Akku ausgestattet, der den t\u00e4glichen Bedarf deckt, und ihre maximale Leistung von 80 Watt hebt sie von \u00e4hnlichen Produkten ab.<\/p>\n<h2><strong>LAVIE E-Hookah Zukunft:<\/strong><\/h2>\n<ul>\n<li>TYPE-C Wiederaufladbar<\/li>\n<li>6000 Batteriekapazit\u00e4t<\/li>\n<li>25ml E-Fl\u00fcssigkeit Kapazit\u00e4t<\/li>\n<li>Max. 80w Leistung<\/li>\n<li>Superleichte Einrichtung<\/li>\n<li>Einstellbarer Luftstrom oben<\/li>\n<\/ul>\n<h2><strong>Packliste:<\/strong><\/h2>\n<p>1St\u00fcck pro Karton<\/p>\n<p>20St\u00fcck pro Karton<\/p>\n<p>jeder Karton 11KG<\/p>","protected":false},"excerpt":{"rendered":"<p>Mindestbestellmenge: 10 PCS (Geschmacksrichtungen mischen)<strong> Kostenloser Versand<\/strong><\/p>","protected":false},"featured_media":16987,"comment_status":"open","ping_status":"closed","template":"","meta":[],"product_cat":[27],"product_tag":[],"class_list":{"0":"post-16988","1":"product","2":"type-product","3":"status-publish","4":"has-post-thumbnail","6":"product_cat-shisha","7":"product_brand-lavie","9":"first","10":"instock","11":"shipping-taxable","12":"purchasable","13":"product-type-simple"},"aioseo_notices":[],"_links":{"self":[{"href":"https:\/\/www.vapeswholesaler.com\/de\/wp-json\/wp\/v2\/product\/16988","targetHints":{"allow":["GET"]}}],"collection":[{"href":"https:\/\/www.vapeswholesaler.com\/de\/wp-json\/wp\/v2\/product"}],"about":[{"href":"https:\/\/www.vapeswholesaler.com\/de\/wp-json\/wp\/v2\/types\/product"}],"replies":[{"embeddable":true,"href":"https:\/\/www.vapeswholesaler.com\/de\/wp-json\/wp\/v2\/comments?post=16988"}],"wp:featuredmedia":[{"embeddable":true,"href":"https:\/\/www.vapeswholesaler.com\/de\/wp-json\/wp\/v2\/media\/16987"}],"wp:attachment":[{"href":"https:\/\/www.vapeswholesaler.com\/de\/wp-json\/wp\/v2\/media?parent=16988"}],"wp:term":[{"taxonomy":"product_cat","embeddable":true,"href":"https:\/\/www.vapeswholesaler.com\/de\/wp-json\/wp\/v2\/product_cat?post=16988"},{"taxonomy":"product_tag","embeddable":true,"href":"https:\/\/www.vapeswholesaler.com\/de\/wp-json\/wp\/v2\/product_tag?post=16988"}],"curies":[{"name":"wp","href":"https:\/\/api.w.org\/{rel}","templated":true}]}}