{"id":16879,"date":"2024-06-19T18:31:03","date_gmt":"2024-06-19T10:31:03","guid":{"rendered":"https:\/\/www.vapeswholesaler.com\/?post_type=product&#038;p=16879"},"modified":"2025-11-11T22:57:08","modified_gmt":"2025-11-11T14:57:08","slug":"groshandel-raz-dc-25000-puffs-wegwerfbare-vape","status":"publish","type":"product","link":"https:\/\/www.vapeswholesaler.com\/de\/produkt\/groshandel-raz-dc-25000-puffs-wegwerfbare-vape","title":{"rendered":"Gro\u00dfhandel RAZ DC 25000 Puffs Einweg Vape"},"content":{"rendered":"<p>Raz DC 25000 Einwegverdampfer 25K Puffs. Dieses brillante Vaping-Produkt hebt das problemlose Dampfen auf ein neues Niveau. Es ist eine ph\u00e4nomenale tragbare L\u00f6sung f\u00fcr Vape-Liebhaber jeder Erfahrungsstufe. Ausgestattet mit einem schlanken, ergonomischen Design, einem langlebigen Akku und einer gro\u00dfen Auswahl an kreativen E-Liquids, ist der Raz DC 25000 Vape die perfekte Wahl f\u00fcr vielbesch\u00e4ftigte Menschen, jederzeit und \u00fcberall.<\/p>\n<h2><strong>RAZ DC 25000 Merkmal:<\/strong><\/h2>\n<p>Ungef\u00e4hrer Puff: ~25000 Puffs<br \/>\nNikotin: 5% | 50mgE-Fl\u00fcssigkeit Kapazit\u00e4t: 16ml<br \/>\nAkku: 800mAh USB Typ-C wiederaufladbar<br \/>\nZwei Vaping-Modi: Regul\u00e4r (~25.000 Z\u00fcge) | Boost (~15.000 Z\u00fcge)<br \/>\nMega HD-Display mit Batterie- und E-Liquid-Anzeige, Vaping-Animation und Ladeanimation<br \/>\nEinstellung der Wattzahl<br \/>\nHelle und dunkle Modi<br \/>\nEchtes Leder<br \/>\nKurzschluss- und \u00dcberladungsschutz<\/p>\n<h2><strong>RAZ DC 25000 Geschmacksrichtungen:<\/strong><\/h2>\n<p>Bombastische Sauerkirschen<br \/>\nBlaues Raz-Eis<br \/>\nHeidelbeere Wassermelone<br \/>\nKirsche Strapple<br \/>\nGeorgia Pfirsich<br \/>\nEisiger Blauer Drache<br \/>\nMiami Mint<br \/>\nNight Crawler<br \/>\nHimbeer-Limonade<br \/>\nSaurer Apfel Wassermelone<br \/>\nSaure Wassermelone Pfirsich<br \/>\nErdbeere Burst<br \/>\nErdbeer-Orangen-Tang<br \/>\nWassermelone Eis<br \/>\nWintergr\u00fcn<\/p>\n<h2><strong>Packliste:<\/strong><\/h2>\n<p>1St\u00fcck Einzelkarton<br \/>\n10 Stck. pro Mittelkarton<\/p>\n<p>&nbsp;<\/p>\n<figure id=\"attachment_16877\" aria-describedby=\"caption-attachment-16877\" style=\"width: 800px\" class=\"wp-caption alignnone\"><img loading=\"lazy\" decoding=\"async\" class=\"wp-image-16877 size-full\" title=\"Gro\u00dfhandel RAZ DC 25000 Puffs Einweg Vape 9\" src=\"https:\/\/www.vapeswholesaler.com\/wp-content\/uploads\/2024\/06\/Wholesale-RAZ-DC-25000-Puffs-Disposable-Vape-9.webp\" alt=\"Gro\u00dfhandel RAZ DC 25000 Puffs Einweg Vape 9\" width=\"800\" height=\"800\" srcset=\"https:\/\/www.vapeswholesaler.com\/wp-content\/uploads\/2024\/06\/Wholesale-RAZ-DC-25000-Puffs-Disposable-Vape-9.webp 800w, https:\/\/www.vapeswholesaler.com\/wp-content\/uploads\/2024\/06\/Wholesale-RAZ-DC-25000-Puffs-Disposable-Vape-9-300x300.webp 300w, https:\/\/www.vapeswholesaler.com\/wp-content\/uploads\/2024\/06\/Wholesale-RAZ-DC-25000-Puffs-Disposable-Vape-9-150x150.webp 150w, https:\/\/www.vapeswholesaler.com\/wp-content\/uploads\/2024\/06\/Wholesale-RAZ-DC-25000-Puffs-Disposable-Vape-9-768x768.webp 768w, https:\/\/www.vapeswholesaler.com\/wp-content\/uploads\/2024\/06\/Wholesale-RAZ-DC-25000-Puffs-Disposable-Vape-9-12x12.webp 12w, https:\/\/www.vapeswholesaler.com\/wp-content\/uploads\/2024\/06\/Wholesale-RAZ-DC-25000-Puffs-Disposable-Vape-9-247x247.webp 247w, https:\/\/www.vapeswholesaler.com\/wp-content\/uploads\/2024\/06\/Wholesale-RAZ-DC-25000-Puffs-Disposable-Vape-9-510x510.webp 510w, https:\/\/www.vapeswholesaler.com\/wp-content\/uploads\/2024\/06\/Wholesale-RAZ-DC-25000-Puffs-Disposable-Vape-9-100x100.webp 100w\" sizes=\"auto, (max-width: 800px) 100vw, 800px\" \/><figcaption id=\"caption-attachment-16877\" class=\"wp-caption-text\">Gro\u00dfhandel RAZ DC 25000 Puffs Einweg Vape<\/figcaption><\/figure>","protected":false},"excerpt":{"rendered":"<p>Mindestbestellmenge: 500 PCS (Geschmacksrichtungen mischen)\u00a0 <strong>Kostenloser Versand<\/strong><\/p>\n<p>(<strong>2%, 5% Nic<\/strong>)<\/p>","protected":false},"featured_media":16870,"comment_status":"open","ping_status":"closed","template":"","meta":[],"product_cat":[15],"product_tag":[],"class_list":{"0":"post-16879","1":"product","2":"type-product","3":"status-publish","4":"has-post-thumbnail","6":"product_cat-disposable-vape","7":"product_brand-raz","9":"first","10":"outofstock","11":"shipping-taxable","12":"purchasable","13":"product-type-variable","14":"has-default-attributes"},"aioseo_notices":[],"_links":{"self":[{"href":"https:\/\/www.vapeswholesaler.com\/de\/wp-json\/wp\/v2\/product\/16879","targetHints":{"allow":["GET"]}}],"collection":[{"href":"https:\/\/www.vapeswholesaler.com\/de\/wp-json\/wp\/v2\/product"}],"about":[{"href":"https:\/\/www.vapeswholesaler.com\/de\/wp-json\/wp\/v2\/types\/product"}],"replies":[{"embeddable":true,"href":"https:\/\/www.vapeswholesaler.com\/de\/wp-json\/wp\/v2\/comments?post=16879"}],"wp:featuredmedia":[{"embeddable":true,"href":"https:\/\/www.vapeswholesaler.com\/de\/wp-json\/wp\/v2\/media\/16870"}],"wp:attachment":[{"href":"https:\/\/www.vapeswholesaler.com\/de\/wp-json\/wp\/v2\/media?parent=16879"}],"wp:term":[{"taxonomy":"product_cat","embeddable":true,"href":"https:\/\/www.vapeswholesaler.com\/de\/wp-json\/wp\/v2\/product_cat?post=16879"},{"taxonomy":"product_tag","embeddable":true,"href":"https:\/\/www.vapeswholesaler.com\/de\/wp-json\/wp\/v2\/product_tag?post=16879"}],"curies":[{"name":"wp","href":"https:\/\/api.w.org\/{rel}","templated":true}]}}