{"id":16768,"date":"2024-06-18T23:25:37","date_gmt":"2024-06-18T15:25:37","guid":{"rendered":"https:\/\/www.vapeswholesaler.com\/?post_type=product&#038;p=16768"},"modified":"2025-04-07T16:06:26","modified_gmt":"2025-04-07T08:06:26","slug":"groshandel-vozol-vista-20000-puffs-einweg-vape","status":"publish","type":"product","link":"https:\/\/www.vapeswholesaler.com\/de\/produkt\/groshandel-vozol-vista-20000-puffs-einweg-vape","title":{"rendered":"Gro\u00dfhandel VOZOL Vista 20000 Puffs Einweg-Vape"},"content":{"rendered":"<p><a href=\"https:\/\/www.vapeswholesaler.com\/de\/produkt_marke\/vozol\/\">VOZOL<\/a> VISTA 20000 Puffs ist ein bahnbrechendes Ger\u00e4t, das modernste Technologie mit benutzerfreundlichem Design kombiniert. Egal ob Sie ein Vaping-Enthusiast sind oder gerade erst mit dem Dampfen beginnen, der VOZOL VISTA verspricht mit seinen fortschrittlichen Funktionen und seiner beeindruckenden Leistung ein unvergleichliches Erlebnis.<\/p>\n<p>Das Ger\u00e4t sorgt f\u00fcr langanhaltenden Genuss, ohne dass st\u00e4ndig nachgef\u00fcllt werden muss. Mit einem vorgef\u00fcllten Fassungsverm\u00f6gen von 24 ml und einer Reihe von Nikotinst\u00e4rken, einschlie\u00dflich 0 Nikotin, 20 Mg (2%) und 50 Mg (5%), erf\u00fcllt dieser Einweg-Vaporizer die Vorlieben eines jeden Vapers. Verabschieden Sie sich von der l\u00e4stigen Mitnahme mehrerer E-Liquid-Flaschen und begr\u00fc\u00dfen Sie ununterbrochenen Rauchgenuss.<\/p>\n<h2><strong><a href=\"https:\/\/www.facebook.com\/fred.luo.58\/\">VOZOL<\/a> VISTA 20000 Puffs Merkmal:<\/strong><\/h2>\n<ul>\n<li>6-stufige Wattsteuerung<\/li>\n<li>Dual Mesh Spule<\/li>\n<li>Farbbildschirm<\/li>\n<li>V\u00f6llig transparentes Design,<\/li>\n<li>Bis zu 14000 - 20000 Puffs<\/li>\n<li>5% Nikotin<\/li>\n<li>650MAH Typ-C-Akku<\/li>\n<li>24ML Fl\u00fcssigkeitsinhalt<\/li>\n<\/ul>\n<h2><strong>Geschm\u00e4cker\uff1a<\/strong><\/h2>\n<ol>\n<li>Kirsche Cola<\/li>\n<li>Pfirsich lce<\/li>\n<li>Saurer Apfel Eis<\/li>\n<li>Miami Mint<\/li>\n<li>Traubenfett<\/li>\n<li>Wassermelone lce<\/li>\n<li>Blue Razz lce<\/li>\n<li>Pfirsich Mango Wassermelone<\/li>\n<li>Erdbeer-Mango<\/li>\n<li>Himbeere Wassermelone<\/li>\n<li>VZBul<\/li>\n<li>Wassermelone Kaugummi<\/li>\n<li>Vanicreme-Tabak<\/li>\n<li>Gemischte Beeren<\/li>\n<li>Zitrone-Limette<\/li>\n<li>Erdbeere-Himbeere-Kirsche<\/li>\n<li>Mango lce<\/li>\n<li>Drachenfrucht-Banane-Kirsche<\/li>\n<li>Holunderbl\u00fcte Grapefruit<\/li>\n<li>LavaFire<\/li>\n<\/ol>\n<h2><em><strong>Packliste:<\/strong><\/em><\/h2>\n<p>1St\u00fcck pro Einzelkarton<\/p>\n<figure id=\"attachment_16765\" aria-describedby=\"caption-attachment-16765\" style=\"width: 800px\" class=\"wp-caption alignnone\"><img loading=\"lazy\" decoding=\"async\" class=\"wp-image-16765 size-full\" title=\"Gro\u00dfhandel VOZOL Vista 20000 Puffs Einweg Vape 5\" src=\"https:\/\/www.vapeswholesaler.com\/wp-content\/uploads\/2024\/06\/Wholesale-VOZOL-Vista-20000-Puffs-Disposable-Vape-5.webp\" alt=\"Gro\u00dfhandel VOZOL Vista 20000 Puffs Einweg Vape 5\" width=\"800\" height=\"664\" srcset=\"https:\/\/www.vapeswholesaler.com\/wp-content\/uploads\/2024\/06\/Wholesale-VOZOL-Vista-20000-Puffs-Disposable-Vape-5.webp 800w, https:\/\/www.vapeswholesaler.com\/wp-content\/uploads\/2024\/06\/Wholesale-VOZOL-Vista-20000-Puffs-Disposable-Vape-5-300x249.webp 300w, https:\/\/www.vapeswholesaler.com\/wp-content\/uploads\/2024\/06\/Wholesale-VOZOL-Vista-20000-Puffs-Disposable-Vape-5-768x637.webp 768w, https:\/\/www.vapeswholesaler.com\/wp-content\/uploads\/2024\/06\/Wholesale-VOZOL-Vista-20000-Puffs-Disposable-Vape-5-14x12.webp 14w, https:\/\/www.vapeswholesaler.com\/wp-content\/uploads\/2024\/06\/Wholesale-VOZOL-Vista-20000-Puffs-Disposable-Vape-5-510x423.webp 510w\" sizes=\"auto, (max-width: 800px) 100vw, 800px\" \/><figcaption id=\"caption-attachment-16765\" class=\"wp-caption-text\">Gro\u00dfhandel VOZOL Vista 20000 Puffs Einweg-Vape<\/figcaption><\/figure>","protected":false},"excerpt":{"rendered":"<p>Mindestbestellmenge: <strong>5<em>0St\u00fcck<\/em><\/strong>\u00a0(Geschmacksrichtungen mischen)<\/p>\n<p>(<strong>5% Nic<\/strong>) \u00a0<strong>EU Warehouse Versandzeit 4-5 Arbeitstage<\/strong><\/p>","protected":false},"featured_media":16761,"comment_status":"open","ping_status":"closed","template":"","meta":[],"product_cat":[15],"product_tag":[100,373,392],"class_list":{"0":"post-16768","1":"product","2":"type-product","3":"status-publish","4":"has-post-thumbnail","6":"product_cat-disposable-vape","7":"product_tag-20000-puffs","8":"product_tag-europe-warehouse","9":"product_tag-vozol","10":"product_brand-vozol","12":"first","13":"instock","14":"shipping-taxable","15":"purchasable","16":"product-type-variable","17":"has-default-attributes"},"aioseo_notices":[],"_links":{"self":[{"href":"https:\/\/www.vapeswholesaler.com\/de\/wp-json\/wp\/v2\/product\/16768","targetHints":{"allow":["GET"]}}],"collection":[{"href":"https:\/\/www.vapeswholesaler.com\/de\/wp-json\/wp\/v2\/product"}],"about":[{"href":"https:\/\/www.vapeswholesaler.com\/de\/wp-json\/wp\/v2\/types\/product"}],"replies":[{"embeddable":true,"href":"https:\/\/www.vapeswholesaler.com\/de\/wp-json\/wp\/v2\/comments?post=16768"}],"wp:featuredmedia":[{"embeddable":true,"href":"https:\/\/www.vapeswholesaler.com\/de\/wp-json\/wp\/v2\/media\/16761"}],"wp:attachment":[{"href":"https:\/\/www.vapeswholesaler.com\/de\/wp-json\/wp\/v2\/media?parent=16768"}],"wp:term":[{"taxonomy":"product_cat","embeddable":true,"href":"https:\/\/www.vapeswholesaler.com\/de\/wp-json\/wp\/v2\/product_cat?post=16768"},{"taxonomy":"product_tag","embeddable":true,"href":"https:\/\/www.vapeswholesaler.com\/de\/wp-json\/wp\/v2\/product_tag?post=16768"}],"curies":[{"name":"wp","href":"https:\/\/api.w.org\/{rel}","templated":true}]}}