{"id":16743,"date":"2024-06-18T17:58:17","date_gmt":"2024-06-18T09:58:17","guid":{"rendered":"https:\/\/www.vapeswholesaler.com\/?post_type=product&#038;p=16743"},"modified":"2025-02-23T16:29:16","modified_gmt":"2025-02-23T08:29:16","slug":"groshandel-verloren-mary-mo20000-pro-einweg-vape-20k-puffs","status":"publish","type":"product","link":"https:\/\/www.vapeswholesaler.com\/de\/produkt\/groshandel-verloren-mary-mo20000-pro-einweg-vape-20k-puffs","title":{"rendered":"Gro\u00dfhandel Lost Mary MO20000 Pro Einweg Vape 20K Puffs"},"content":{"rendered":"<p><a href=\"https:\/\/www.vapeswholesaler.com\/de\/produkt_marke\/verlorene-maria\/\">Verlorene Maria<\/a> MO20000 Pro Disposable Vape 20K Puffs ist kompakt, leicht und sehr tragbar. Er verf\u00fcgt \u00fcber einen integrierten 800mAh-Akku und kann \u00fcber seinen USB-Typ-C-Ladeanschluss aufgeladen werden. Mit einem Fassungsverm\u00f6gen von 18 ml, das mit 50 mg Salznikotin vorgef\u00fcllt ist, und einer bemerkenswerten Auswahl an k\u00f6stlichen Geschmacksrichtungen stehen viele befriedigende Vape-Sessions bevor. Aufgrund der Kapazit\u00e4t k\u00f6nnen Benutzer erwarten, bis zu 20.000 Z\u00fcge pro Ger\u00e4t zu erhalten. Ausgestattet mit einem durch Ziehen aktivierten Z\u00fcndmechanismus f\u00fcr Bequemlichkeit, 0,9-Ohm-Dual-Mesh-Coils und einstellbarer Leistung sowie einer einstellbaren Airflow-Kontrolle f\u00fcr die Feinabstimmung, werden Sie jeden Moment mit dem Lost Mary MO20000 Pro Disposable Vape 20K Puffs genie\u00dfen. Das Highlight des Lost Mary MO20000 Pro ist sein hochaufl\u00f6sendes, animiertes Display, das Ihnen hilft, die aktuelle Batterie und den Saftstand zu \u00fcberwachen.<\/p>\n<p>Lost Mary MO20000 Pro Disposable Vape 20K Puffs Erfahrung reinen Geschmack, noch besser, wenn schnell geliefert. Die 0,9 \u03a9 Dual-Mesh-Spule garantiert eine effizientere Verdampfung Prozess, dicker und verbessert geschmacksintensive Wolken jedes Mal zu liefern.<\/p>\n<p>Lost Mary MO20000 Pro mit stufenloser Leistungsanpassung, k\u00f6nnen Sie m\u00fchelos Ihre Wattleistung von 13W bis 25W mit nur einem Tastendruck feineinstellen.<\/p>\n<p>Niedrige Leistung:<br \/>\nBis zu 20000 Puffs<br \/>\nAngetrieben von einer Mesh-Spule<br \/>\nSanfter sensorischer Hit<br \/>\nHohe Leistung<br \/>\nMassive Wolken<br \/>\nAngetrieben durch Dual Mesh Coil<br \/>\nIntensiver sensorischer Treffer<\/p>\n<h2><strong>Lost Mary MO20000 Pro Merkmale:<\/strong><\/h2>\n<ul>\n<li>Vorgef\u00fcllte Kapazit\u00e4t: 18mL Vorgef\u00fcllte Kapazit\u00e4t<\/li>\n<li>Akku-Kapazit\u00e4t: Integrierter 800mAh-Akku<\/li>\n<li>Maximale Puffs: 20.000<\/li>\n<li>Nikotinst\u00e4rke: 5% (50mg)<\/li>\n<li>Betrieb: Zeichnungsaktivierung<\/li>\n<li>Heizelement: 0.9ohm Dual Mesh Spulen<\/li>\n<li>Luftstrom: Einstellbar<\/li>\n<li>Bildschirm: HD-Animationsbildschirm<\/li>\n<li>Aufladen: USB Typ-C<\/li>\n<li>Anzeige der Batterielebensdauer<\/li>\n<li>E-Liquid-F\u00fcllstandsanzeiger<\/li>\n<\/ul>\n<h2><strong>Lost Mary MO20000 Pro Verf\u00fcgbare Geschmacksrichtungen:<\/strong><\/h2>\n<ol>\n<li>Blau Baja Splash<\/li>\n<li>Blaues Razzeis<\/li>\n<li>Drachen-Trunk<\/li>\n<li>Limette Grapefruit<\/li>\n<li>Mango-Twist<\/li>\n<li>Miami Mint<\/li>\n<li>Pfirsich+<\/li>\n<li>Ananaseis<\/li>\n<li>Regenbogen-Sorbet<\/li>\n<li>Raketen-Eis am Stiel<\/li>\n<li>Saurer Apfel Eis<\/li>\n<li>Erdbeereis<\/li>\n<li>Tropischer Punsch<\/li>\n<li>Wassermelone Eis<\/li>\n<li>Wassermelone Saurer Pfirsich<\/li>\n<\/ol>\n<h2><strong>Details zur Verpackung:<\/strong><\/h2>\n<p>1pcs Lost Mary MO20000 Pro Einweg-Vape<\/p>\n<p>&nbsp;<\/p>\n<figure id=\"attachment_16742\" aria-describedby=\"caption-attachment-16742\" style=\"width: 800px\" class=\"wp-caption alignnone\"><img loading=\"lazy\" decoding=\"async\" class=\"wp-image-16742 size-full\" title=\"Gro\u00dfhandel Lost Mary MO20000 Pro Einweg Vape 20K Puffs\" src=\"https:\/\/www.vapeswholesaler.com\/wp-content\/uploads\/2024\/06\/Wholesale-Lost-Mary-MO20000-Pro-Disposable-Vape-20K-Puffs.webp\" alt=\"Gro\u00dfhandel Lost Mary MO20000 Pro Einweg Vape 20K Puffs\" width=\"800\" height=\"800\" srcset=\"https:\/\/www.vapeswholesaler.com\/wp-content\/uploads\/2024\/06\/Wholesale-Lost-Mary-MO20000-Pro-Disposable-Vape-20K-Puffs.webp 800w, https:\/\/www.vapeswholesaler.com\/wp-content\/uploads\/2024\/06\/Wholesale-Lost-Mary-MO20000-Pro-Disposable-Vape-20K-Puffs-300x300.webp 300w, https:\/\/www.vapeswholesaler.com\/wp-content\/uploads\/2024\/06\/Wholesale-Lost-Mary-MO20000-Pro-Disposable-Vape-20K-Puffs-150x150.webp 150w, https:\/\/www.vapeswholesaler.com\/wp-content\/uploads\/2024\/06\/Wholesale-Lost-Mary-MO20000-Pro-Disposable-Vape-20K-Puffs-768x768.webp 768w, https:\/\/www.vapeswholesaler.com\/wp-content\/uploads\/2024\/06\/Wholesale-Lost-Mary-MO20000-Pro-Disposable-Vape-20K-Puffs-12x12.webp 12w, https:\/\/www.vapeswholesaler.com\/wp-content\/uploads\/2024\/06\/Wholesale-Lost-Mary-MO20000-Pro-Disposable-Vape-20K-Puffs-247x247.webp 247w, https:\/\/www.vapeswholesaler.com\/wp-content\/uploads\/2024\/06\/Wholesale-Lost-Mary-MO20000-Pro-Disposable-Vape-20K-Puffs-510x510.webp 510w, https:\/\/www.vapeswholesaler.com\/wp-content\/uploads\/2024\/06\/Wholesale-Lost-Mary-MO20000-Pro-Disposable-Vape-20K-Puffs-100x100.webp 100w\" sizes=\"auto, (max-width: 800px) 100vw, 800px\" \/><figcaption id=\"caption-attachment-16742\" class=\"wp-caption-text\">Gro\u00dfhandel Lost Mary MO20000 Pro Einweg Vape 20K Puffs<\/figcaption><\/figure>\n<p><img loading=\"lazy\" decoding=\"async\" class=\"alignnone wp-image-16726 size-full\" title=\"Gro\u00dfhandel Elf bar GH 20000 Puffs Einweg vape 5\" src=\"https:\/\/www.vapeswholesaler.com\/wp-content\/uploads\/2024\/06\/Wholesale-Elf-bar-GH-20000-Puffs-Disposable-vape-5.webp\" alt=\"Gro\u00dfhandel Elf bar GH 20000 Puffs Einweg vape 5\" width=\"800\" height=\"600\" srcset=\"https:\/\/www.vapeswholesaler.com\/wp-content\/uploads\/2024\/06\/Wholesale-Elf-bar-GH-20000-Puffs-Disposable-vape-5.webp 800w, https:\/\/www.vapeswholesaler.com\/wp-content\/uploads\/2024\/06\/Wholesale-Elf-bar-GH-20000-Puffs-Disposable-vape-5-300x225.webp 300w, https:\/\/www.vapeswholesaler.com\/wp-content\/uploads\/2024\/06\/Wholesale-Elf-bar-GH-20000-Puffs-Disposable-vape-5-768x576.webp 768w, https:\/\/www.vapeswholesaler.com\/wp-content\/uploads\/2024\/06\/Wholesale-Elf-bar-GH-20000-Puffs-Disposable-vape-5-16x12.webp 16w, https:\/\/www.vapeswholesaler.com\/wp-content\/uploads\/2024\/06\/Wholesale-Elf-bar-GH-20000-Puffs-Disposable-vape-5-510x383.webp 510w\" sizes=\"auto, (max-width: 800px) 100vw, 800px\" \/><\/p>","protected":false},"excerpt":{"rendered":"<p>Mindestbestellmenge: <strong>10000 PCS<\/strong> (Geschmacksrichtungen mischen)\u00a0 \u00a0<strong>Kostenloser Versand<\/strong><\/p>\n<p>(<strong>2%, 5% Nic<\/strong>)<\/p>","protected":false},"featured_media":16736,"comment_status":"open","ping_status":"closed","template":"","meta":[],"product_cat":[15],"product_tag":[],"class_list":{"0":"post-16743","1":"product","2":"type-product","3":"status-publish","4":"has-post-thumbnail","6":"product_cat-disposable-vape","7":"product_brand-lost-mary","9":"first","10":"outofstock","11":"shipping-taxable","12":"purchasable","13":"product-type-variable","14":"has-default-attributes"},"aioseo_notices":[],"_links":{"self":[{"href":"https:\/\/www.vapeswholesaler.com\/de\/wp-json\/wp\/v2\/product\/16743","targetHints":{"allow":["GET"]}}],"collection":[{"href":"https:\/\/www.vapeswholesaler.com\/de\/wp-json\/wp\/v2\/product"}],"about":[{"href":"https:\/\/www.vapeswholesaler.com\/de\/wp-json\/wp\/v2\/types\/product"}],"replies":[{"embeddable":true,"href":"https:\/\/www.vapeswholesaler.com\/de\/wp-json\/wp\/v2\/comments?post=16743"}],"wp:featuredmedia":[{"embeddable":true,"href":"https:\/\/www.vapeswholesaler.com\/de\/wp-json\/wp\/v2\/media\/16736"}],"wp:attachment":[{"href":"https:\/\/www.vapeswholesaler.com\/de\/wp-json\/wp\/v2\/media?parent=16743"}],"wp:term":[{"taxonomy":"product_cat","embeddable":true,"href":"https:\/\/www.vapeswholesaler.com\/de\/wp-json\/wp\/v2\/product_cat?post=16743"},{"taxonomy":"product_tag","embeddable":true,"href":"https:\/\/www.vapeswholesaler.com\/de\/wp-json\/wp\/v2\/product_tag?post=16743"}],"curies":[{"name":"wp","href":"https:\/\/api.w.org\/{rel}","templated":true}]}}