{"id":16642,"date":"2024-06-17T17:50:12","date_gmt":"2024-06-17T09:50:12","guid":{"rendered":"https:\/\/www.vapeswholesaler.com\/?post_type=product&#038;p=16642"},"modified":"2025-03-05T14:41:37","modified_gmt":"2025-03-05T06:41:37","slug":"groshandel-lavie-energie-box-15000-puffs-einweg-vape","status":"publish","type":"product","link":"https:\/\/www.vapeswholesaler.com\/de\/produkt\/groshandel-lavie-energie-box-15000-puffs-einweg-vape","title":{"rendered":"Gro\u00dfhandel LAVIE Energie Box 15000 Puffs Einweg vape"},"content":{"rendered":"<p><a href=\"https:\/\/www.vapeswholesaler.com\/de\/produkt_marke\/lavie\/\">LAVIE<\/a> Energy Box 15000 Puffs ist ein Einweg-Vape-Ger\u00e4t, das mit einer Batterie- und E-Saft-Anzeige ausgestattet ist. Ausgestattet mit einem leistungsstarken 600m Ah-Akku, um eine lange Akkulaufzeit zu gew\u00e4hrleisten, so dass Sie das Verdampfen ohne h\u00e4ufiges Aufladen genie\u00dfen k\u00f6nnen. Gleichzeitig sorgt der 23 ml fassende Tank f\u00fcr eine l\u00e4ngere Rauchzeit, die Sie in vollen Z\u00fcgen genie\u00dfen k\u00f6nnen. Auch bietet eine Vielzahl von Nikotingehalt Optionen von 2%\/5%, um die Bed\u00fcrfnisse aller Arten von Rauchern zu erf\u00fcllen. Ihre vielf\u00e4ltige Geschmacksauswahl ist ebenso beeindruckend, mit 12 klassischen erfrischenden Geschmacksrichtungen, von traditionellem Tabak bis hin zu fruchtigen Mischungen, so dass f\u00fcr jeden etwas dabei ist.<\/p>\n<p>\u00dcber LAVIE Energy Box 15000 Puffs unterst\u00fctzen wir OEM Service, jede Geschmacksrichtung braucht nur 1000 St\u00fcck, MOQ 5K, Bitte kontaktieren Sie uns jederzeit, wenn Sie Interesse haben.<\/p>\n<h2><strong>Produkteigenschaften:<\/strong><\/h2>\n<ul>\n<li>Puffs:15000 Puffs sind pro Ger\u00e4t verf\u00fcgbar<\/li>\n<li>Nikotin:2%\/5%<\/li>\n<li>E-Saft Kapazit\u00e4t:20ML<\/li>\n<li>Widerstandsf\u00e4higkeit: 1.0\u03a9<\/li>\n<li>Akku:600mAh<\/li>\n<li>Ladeanschluss:Typ-C<\/li>\n<\/ul>\n<h2><strong>Verf\u00fcgbare Geschmacksrichtungen:<\/strong><\/h2>\n<ol>\n<li>Wassermelone Eis<\/li>\n<li>Wassermelone-Minze<\/li>\n<li>Erdbeere Wassermelone<\/li>\n<li>Minze Eis<\/li>\n<li>Brombeereis<\/li>\n<li>Zitrone Cola<\/li>\n<li>Erdbeer-Kiwi<\/li>\n<li>Traubeneis<\/li>\n<li>Weintraube Himbeere<\/li>\n<li>Doppelter Apfel<\/li>\n<li>Pfirsich-Eis<\/li>\n<li>Eiscreme<\/li>\n<\/ol>\n<h2><strong>Details zur Verpackung:<\/strong><\/h2>\n<p>1PCS in einer kleinen Schachtel<br \/>\n10 St\u00fcck in einer mittleren Schachtel<br \/>\nMenge: 200 St\u00fcck\/ctn<br \/>\nGesamtgewicht: 16kg<\/p>\n<figure id=\"attachment_16628\" aria-describedby=\"caption-attachment-16628\" style=\"width: 800px\" class=\"wp-caption alignnone\"><img loading=\"lazy\" decoding=\"async\" class=\"wp-image-16628 size-full\" title=\"Gro\u00dfhandel LAVIE Energie Box 15000 Puffs Einweg vape 2\" src=\"https:\/\/www.vapeswholesaler.com\/wp-content\/uploads\/2024\/06\/Wholesale-LAVIE-Energy-box-15000-Puffs-Disposable-vape-2.jpg\" alt=\"Gro\u00dfhandel LAVIE Energie Box 15000 Puffs Einweg vape 2\" width=\"800\" height=\"550\" srcset=\"https:\/\/www.vapeswholesaler.com\/wp-content\/uploads\/2024\/06\/Wholesale-LAVIE-Energy-box-15000-Puffs-Disposable-vape-2.jpg 800w, https:\/\/www.vapeswholesaler.com\/wp-content\/uploads\/2024\/06\/Wholesale-LAVIE-Energy-box-15000-Puffs-Disposable-vape-2-300x206.jpg 300w, https:\/\/www.vapeswholesaler.com\/wp-content\/uploads\/2024\/06\/Wholesale-LAVIE-Energy-box-15000-Puffs-Disposable-vape-2-768x528.jpg 768w, https:\/\/www.vapeswholesaler.com\/wp-content\/uploads\/2024\/06\/Wholesale-LAVIE-Energy-box-15000-Puffs-Disposable-vape-2-18x12.jpg 18w, https:\/\/www.vapeswholesaler.com\/wp-content\/uploads\/2024\/06\/Wholesale-LAVIE-Energy-box-15000-Puffs-Disposable-vape-2-510x351.jpg 510w\" sizes=\"auto, (max-width: 800px) 100vw, 800px\" \/><figcaption id=\"caption-attachment-16628\" class=\"wp-caption-text\">Gro\u00dfhandel LAVIE Energie Box 15000 Puffs Einweg vape<\/figcaption><\/figure>\n<figure id=\"attachment_16629\" aria-describedby=\"caption-attachment-16629\" style=\"width: 1000px\" class=\"wp-caption alignnone\"><img loading=\"lazy\" decoding=\"async\" class=\"wp-image-16629 size-full\" title=\"Gro\u00dfhandel LAVIE Energie Box 15000 Puffs Einweg vape 3\" src=\"https:\/\/www.vapeswholesaler.com\/wp-content\/uploads\/2024\/06\/Wholesale-LAVIE-Energy-box-15000-Puffs-Disposable-vape-3.jpg\" alt=\"Gro\u00dfhandel LAVIE Energie Box 15000 Puffs Einweg vape 3\" width=\"1000\" height=\"1947\" srcset=\"https:\/\/www.vapeswholesaler.com\/wp-content\/uploads\/2024\/06\/Wholesale-LAVIE-Energy-box-15000-Puffs-Disposable-vape-3.jpg 1000w, https:\/\/www.vapeswholesaler.com\/wp-content\/uploads\/2024\/06\/Wholesale-LAVIE-Energy-box-15000-Puffs-Disposable-vape-3-154x300.jpg 154w, https:\/\/www.vapeswholesaler.com\/wp-content\/uploads\/2024\/06\/Wholesale-LAVIE-Energy-box-15000-Puffs-Disposable-vape-3-526x1024.jpg 526w, https:\/\/www.vapeswholesaler.com\/wp-content\/uploads\/2024\/06\/Wholesale-LAVIE-Energy-box-15000-Puffs-Disposable-vape-3-768x1495.jpg 768w, https:\/\/www.vapeswholesaler.com\/wp-content\/uploads\/2024\/06\/Wholesale-LAVIE-Energy-box-15000-Puffs-Disposable-vape-3-789x1536.jpg 789w, https:\/\/www.vapeswholesaler.com\/wp-content\/uploads\/2024\/06\/Wholesale-LAVIE-Energy-box-15000-Puffs-Disposable-vape-3-6x12.jpg 6w, https:\/\/www.vapeswholesaler.com\/wp-content\/uploads\/2024\/06\/Wholesale-LAVIE-Energy-box-15000-Puffs-Disposable-vape-3-510x993.jpg 510w\" sizes=\"auto, (max-width: 1000px) 100vw, 1000px\" \/><figcaption id=\"caption-attachment-16629\" class=\"wp-caption-text\">Gro\u00dfhandel LAVIE Energie Box 15000 Puffs Einweg vape<\/figcaption><\/figure>\n<figure id=\"attachment_16627\" aria-describedby=\"caption-attachment-16627\" style=\"width: 1000px\" class=\"wp-caption alignnone\"><img loading=\"lazy\" decoding=\"async\" class=\"wp-image-16627 size-full\" title=\"Gro\u00dfhandel LAVIE Energie Box 15000 Puffs Einweg vape 1\" src=\"https:\/\/www.vapeswholesaler.com\/wp-content\/uploads\/2024\/06\/Wholesale-LAVIE-Energy-box-15000-Puffs-Disposable-vape-1.jpg\" alt=\"Gro\u00dfhandel LAVIE Energie Box 15000 Puffs Einweg vape 1\" width=\"1000\" height=\"706\" srcset=\"https:\/\/www.vapeswholesaler.com\/wp-content\/uploads\/2024\/06\/Wholesale-LAVIE-Energy-box-15000-Puffs-Disposable-vape-1.jpg 1000w, https:\/\/www.vapeswholesaler.com\/wp-content\/uploads\/2024\/06\/Wholesale-LAVIE-Energy-box-15000-Puffs-Disposable-vape-1-300x212.jpg 300w, https:\/\/www.vapeswholesaler.com\/wp-content\/uploads\/2024\/06\/Wholesale-LAVIE-Energy-box-15000-Puffs-Disposable-vape-1-768x542.jpg 768w, https:\/\/www.vapeswholesaler.com\/wp-content\/uploads\/2024\/06\/Wholesale-LAVIE-Energy-box-15000-Puffs-Disposable-vape-1-18x12.jpg 18w, https:\/\/www.vapeswholesaler.com\/wp-content\/uploads\/2024\/06\/Wholesale-LAVIE-Energy-box-15000-Puffs-Disposable-vape-1-510x360.jpg 510w\" sizes=\"auto, (max-width: 1000px) 100vw, 1000px\" \/><figcaption id=\"caption-attachment-16627\" class=\"wp-caption-text\">Gro\u00dfhandel LAVIE Energie Box 15000 Puffs Einweg vape<\/figcaption><\/figure>","protected":false},"excerpt":{"rendered":"<p>Mindestbestellmenge:\u00a0<strong>50 STCK.<\/strong>\u00a0(Geschmacksrichtungen mischen)\u00a0\u00a0<strong>Kostenloser Versand<\/strong><\/p>\n<p>(<strong>2%, 5% Nic<\/strong>)<\/p>","protected":false},"featured_media":16636,"comment_status":"open","ping_status":"closed","template":"","meta":[],"product_cat":[15],"product_tag":[],"class_list":{"0":"post-16642","1":"product","2":"type-product","3":"status-publish","4":"has-post-thumbnail","6":"product_cat-disposable-vape","7":"product_brand-lavie","9":"first","10":"instock","11":"shipping-taxable","12":"purchasable","13":"product-type-variable","14":"has-default-attributes"},"aioseo_notices":[],"_links":{"self":[{"href":"https:\/\/www.vapeswholesaler.com\/de\/wp-json\/wp\/v2\/product\/16642","targetHints":{"allow":["GET"]}}],"collection":[{"href":"https:\/\/www.vapeswholesaler.com\/de\/wp-json\/wp\/v2\/product"}],"about":[{"href":"https:\/\/www.vapeswholesaler.com\/de\/wp-json\/wp\/v2\/types\/product"}],"replies":[{"embeddable":true,"href":"https:\/\/www.vapeswholesaler.com\/de\/wp-json\/wp\/v2\/comments?post=16642"}],"wp:featuredmedia":[{"embeddable":true,"href":"https:\/\/www.vapeswholesaler.com\/de\/wp-json\/wp\/v2\/media\/16636"}],"wp:attachment":[{"href":"https:\/\/www.vapeswholesaler.com\/de\/wp-json\/wp\/v2\/media?parent=16642"}],"wp:term":[{"taxonomy":"product_cat","embeddable":true,"href":"https:\/\/www.vapeswholesaler.com\/de\/wp-json\/wp\/v2\/product_cat?post=16642"},{"taxonomy":"product_tag","embeddable":true,"href":"https:\/\/www.vapeswholesaler.com\/de\/wp-json\/wp\/v2\/product_tag?post=16642"}],"curies":[{"name":"wp","href":"https:\/\/api.w.org\/{rel}","templated":true}]}}