{"id":16087,"date":"2024-06-12T23:22:28","date_gmt":"2024-06-12T15:22:28","guid":{"rendered":"https:\/\/www.vapeswholesaler.com\/?post_type=product&#038;p=16087"},"modified":"2025-03-05T15:44:04","modified_gmt":"2025-03-05T07:44:04","slug":"groshandel-elf-box-14000-pro-puffs-einweg-vape","status":"publish","type":"product","link":"https:\/\/www.vapeswholesaler.com\/de\/produkt\/groshandel-elf-box-14000-pro-puffs-einweg-vape","title":{"rendered":"Gro\u00dfhandel ELF BOX 14000 Pro Puffs Einweg vape"},"content":{"rendered":"<p><a href=\"https:\/\/www.vapeswholesaler.com\/de\/produkt_marke\/elfenkiste\/\">Elfen-Box<\/a> 14000 Pro Puffs, die ultimative Wahl f\u00fcr alle, die ein zuverl\u00e4ssiges und lang anhaltendes Dampferlebnis suchen. Mit einer beeindruckenden Kapazit\u00e4t von 14000 Puffs sorgt dieser wiederaufladbare Einweg-Pod f\u00fcr langanhaltenden Genuss ohne l\u00e4stiges Auswechseln.<\/p>\n<p>Ausgestattet mit einem hochmodernen Mesh-Spulenkern mit einem Widerstand von 1,0 Ohm, liefert jeder Zug reichhaltigen und befriedigenden Dampf. Gepaart mit einem gro\u00dfz\u00fcgigen Fassungsverm\u00f6gen von 25 ml E-Liquid k\u00f6nnen Sie sich ununterbrochenen Verdampfungssitzungen hingeben und jede Geschmacksnote in vollen Z\u00fcgen genie\u00dfen.<\/p>\n<p>W\u00e4hlen Sie aus einer Reihe von Nikotinoptionen, darunter 0%, 2%, 3% oder 5%, die den unterschiedlichsten Vorlieben gerecht werden und eine <span data-slate-fragment=\"JTVCJTdCJTIydHlwZSUyMiUzQSUyMnBhcmFncmFwaCUyMiUyQyUyMmNoaWxkcmVuJTIyJTNBJTVCJTdCJTIyaWQlMjIlM0ElMjJ2eHdXeHZ2VnF6JTIyJTJDJTIycGFyYUlkeCUyMiUzQTAlMkMlMjJzcmMlMjIlM0ElMjJjdXN0b21pemVkJTIyJTJDJTIyZHN0JTIyJTNBJTIyJUU1JUFFJTlBJUU1JTg4JUI2JUU3JTlBJTg0JTIyJTJDJTIybWV0YWRhdGElMjIlM0ElMjIlMjIlMkMlMjJtZXRhRGF0YSUyMiUzQSU1QiU1RCUyQyUyMnRleHQlMjIlM0ElMjJjdXN0b21pemVkJTIyJTdEJTVEJTdEJTVE\">angepasst<\/span> ein auf die individuellen Bed\u00fcrfnisse zugeschnittenes Vaping-Erlebnis.<\/p>\n<p>Die Elf Box wird von einem leistungsstarken 18250-600-mAh-Akku angetrieben und verf\u00fcgt \u00fcber eine praktische Typ-C-Akku-Schnittstelle, die eine lange Nutzungsdauer mit schnellen und effizienten Ladem\u00f6glichkeiten gew\u00e4hrleistet.<\/p>\n<h2><strong>Elf box 14000 Pro Puffs Einweg Vape Details:<\/strong><\/h2>\n<ul>\n<li>Puffs: UP bis 14000 Puffs<\/li>\n<li>Fl\u00fcssigkeit: 25 ml Vorgef\u00fcllt<\/li>\n<li>Nikotin: 0% 2% 3% 5%<\/li>\n<li>Kern: Mesh-Spule 1,0 Ohm<\/li>\n<li>Batterie: 600 mah wiederaufladbar Typ-C<\/li>\n<li>Art der Lieferung: Dhl<\/li>\n<li>10 St\u00fcck\/Karton<\/li>\n<li>1 Karton\/200St\u00fcck(22 KG)<\/li>\n<\/ul>\n<h2><strong>Verf\u00fcgbare Geschmacksrichtungen:<\/strong><\/h2>\n<ol>\n<li>Blaues Razzeis<\/li>\n<li>Erdbeereis<\/li>\n<li>Traubeneis<\/li>\n<li>Erdbeere Wassermelone<\/li>\n<li>Minze Eis<\/li>\n<li>Red Bull<\/li>\n<li>Doppelter Apfel<\/li>\n<li>\u00dcppiges Eis<\/li>\n<li>Pfirsich-Mango<\/li>\n<li>Kirsche Soda<\/li>\n<\/ol>\n<h2><strong>Details zur Verpackung:<\/strong><\/h2>\n<p>Einzelst\u00fcck mit Bonbonverpackung<br \/>\nJede Schachtel enth\u00e4lt 10 St\u00fcck<br \/>\nJeder Karton enth\u00e4lt 200 St\u00fcck<\/p>\n<figure id=\"attachment_16075\" aria-describedby=\"caption-attachment-16075\" style=\"width: 800px\" class=\"wp-caption alignnone\"><img loading=\"lazy\" decoding=\"async\" class=\"wp-image-16075 size-full\" title=\"Gro\u00dfhandel ELF BOX 14000 Puffs Einweg vape 2\" src=\"https:\/\/www.vapeswholesaler.com\/wp-content\/uploads\/2024\/06\/Wholesale-ELF-BOX-14000-Puffs-Disposable-vape-2.webp\" alt=\"Gro\u00dfhandel ELF BOX 14000 Puffs Einweg vape 2\" width=\"800\" height=\"800\" srcset=\"https:\/\/www.vapeswholesaler.com\/wp-content\/uploads\/2024\/06\/Wholesale-ELF-BOX-14000-Puffs-Disposable-vape-2.webp 800w, https:\/\/www.vapeswholesaler.com\/wp-content\/uploads\/2024\/06\/Wholesale-ELF-BOX-14000-Puffs-Disposable-vape-2-300x300.webp 300w, https:\/\/www.vapeswholesaler.com\/wp-content\/uploads\/2024\/06\/Wholesale-ELF-BOX-14000-Puffs-Disposable-vape-2-150x150.webp 150w, https:\/\/www.vapeswholesaler.com\/wp-content\/uploads\/2024\/06\/Wholesale-ELF-BOX-14000-Puffs-Disposable-vape-2-768x768.webp 768w, https:\/\/www.vapeswholesaler.com\/wp-content\/uploads\/2024\/06\/Wholesale-ELF-BOX-14000-Puffs-Disposable-vape-2-12x12.webp 12w, https:\/\/www.vapeswholesaler.com\/wp-content\/uploads\/2024\/06\/Wholesale-ELF-BOX-14000-Puffs-Disposable-vape-2-247x247.webp 247w, https:\/\/www.vapeswholesaler.com\/wp-content\/uploads\/2024\/06\/Wholesale-ELF-BOX-14000-Puffs-Disposable-vape-2-510x510.webp 510w, https:\/\/www.vapeswholesaler.com\/wp-content\/uploads\/2024\/06\/Wholesale-ELF-BOX-14000-Puffs-Disposable-vape-2-100x100.webp 100w\" sizes=\"auto, (max-width: 800px) 100vw, 800px\" \/><figcaption id=\"caption-attachment-16075\" class=\"wp-caption-text\">Gro\u00dfhandel ELF BOX 14000 Puffs Einweg vape<\/figcaption><\/figure>","protected":false},"excerpt":{"rendered":"<p>Mindestbestellmenge:\u00a0<strong>50 STCK.<\/strong>\u00a0(Geschmacksrichtungen mischen)\u00a0\u00a0<strong>Kostenloser Versand<\/strong><\/p>\n<p>(<strong>2%, 5% Nic<\/strong>)<\/p>","protected":false},"featured_media":16076,"comment_status":"open","ping_status":"closed","template":"","meta":[],"product_cat":[15],"product_tag":[],"class_list":{"0":"post-16087","1":"product","2":"type-product","3":"status-publish","4":"has-post-thumbnail","6":"product_cat-disposable-vape","7":"product_brand-elf-box","9":"first","10":"instock","11":"shipping-taxable","12":"purchasable","13":"product-type-variable","14":"has-default-attributes"},"aioseo_notices":[],"_links":{"self":[{"href":"https:\/\/www.vapeswholesaler.com\/de\/wp-json\/wp\/v2\/product\/16087","targetHints":{"allow":["GET"]}}],"collection":[{"href":"https:\/\/www.vapeswholesaler.com\/de\/wp-json\/wp\/v2\/product"}],"about":[{"href":"https:\/\/www.vapeswholesaler.com\/de\/wp-json\/wp\/v2\/types\/product"}],"replies":[{"embeddable":true,"href":"https:\/\/www.vapeswholesaler.com\/de\/wp-json\/wp\/v2\/comments?post=16087"}],"wp:featuredmedia":[{"embeddable":true,"href":"https:\/\/www.vapeswholesaler.com\/de\/wp-json\/wp\/v2\/media\/16076"}],"wp:attachment":[{"href":"https:\/\/www.vapeswholesaler.com\/de\/wp-json\/wp\/v2\/media?parent=16087"}],"wp:term":[{"taxonomy":"product_cat","embeddable":true,"href":"https:\/\/www.vapeswholesaler.com\/de\/wp-json\/wp\/v2\/product_cat?post=16087"},{"taxonomy":"product_tag","embeddable":true,"href":"https:\/\/www.vapeswholesaler.com\/de\/wp-json\/wp\/v2\/product_tag?post=16087"}],"curies":[{"name":"wp","href":"https:\/\/api.w.org\/{rel}","templated":true}]}}