{"id":16060,"date":"2024-06-12T18:07:14","date_gmt":"2024-06-12T10:07:14","guid":{"rendered":"https:\/\/www.vapeswholesaler.com\/?post_type=product&#038;p=16060"},"modified":"2025-03-18T14:28:47","modified_gmt":"2025-03-18T06:28:47","slug":"groshandel-bang-25000-puffs-einweg-vape","status":"publish","type":"product","link":"https:\/\/www.vapeswholesaler.com\/de\/produkt\/groshandel-bang-25000-puffs-einweg-vape","title":{"rendered":"Gro\u00dfhandel Bang 25000 Puffs Einweg Vape"},"content":{"rendered":"<p><a href=\"https:\/\/www.vapeswholesaler.com\/de\/produkt_marke\/bang\/\">Bang<\/a> 25000 Puffs ist ein Einweg-Dampfger\u00e4t, es ist auch ein Top-Tier-Ger\u00e4t f\u00fcr eine au\u00dfergew\u00f6hnliche Dampferfahrung entwickelt. Es kommt mit 30ml Fl\u00fcssigkeit und 1,0 Ohm Spule, w\u00e4hlen Sie aus 0%, 2%, 3% oder 5% Nikotinkonzentration auf Ihre pers\u00f6nlichen Vorlieben und Bed\u00fcrfnisse anzupassen. Der Bang 25000 Puffs mit beeindruckenden 25000 Z\u00fcgen bietet unvergleichliche Langlebigkeit und Komfort.<\/p>\n<p>Unser Ger\u00e4t wird von einem zuverl\u00e4ssigen 650mAh-Akku angetrieben, der eine gleichbleibende Leistung \u00fcber seine gesamte Lebensdauer garantiert. Die wiederaufladbare Typ-C-Funktion sorgt f\u00fcr schnelles und effizientes Aufladen, wodurch Ausfallzeiten minimiert werden. Ein fortschrittliches digitales LCD-Display h\u00e4lt Sie \u00fcber die Akkulaufzeit und den F\u00fcllstand des E-Liquids auf dem Laufenden und bietet eine nahtlose und benutzerfreundliche Erfahrung.<\/p>\n<p>Der Einweg-Vape wurde sowohl f\u00fcr Anf\u00e4nger als auch f\u00fcr erfahrene Dampfer entwickelt und kombiniert hohe Kapazit\u00e4t, Benutzerfreundlichkeit und fortschrittliche Technologie. Seine au\u00dfergew\u00f6hnliche Geschmacksabgabe und sein benutzerfreundliches Design machen ihn zu einer erstklassigen Wahl auf dem Vaping-Markt.<\/p>\n<h2><strong><a href=\"https:\/\/www.facebook.com\/fred.luo.58\/\">Bang<\/a> 25000 Puffs Einweg-Vape Details:<\/strong><\/h2>\n<ul>\n<li>Z\u00fcge: Bis zu 26000 Z\u00fcge Dualer Modus<\/li>\n<li>Fl\u00fcssigkeit: 30 mL Vorgef\u00fcllt<\/li>\n<li>Nikotin: 0% 2% 3% 5%<\/li>\n<li>Kern: 1.0 &amp; 1.0 Doppelmasche<\/li>\n<li>Akku: 650 mAh wiederaufladbar Typ-C<\/li>\n<li>Art der Lieferung: DHL<\/li>\n<li>10 St\u00fcck\/Karton<\/li>\n<li>1Karton\/200St\u00fcck(22 KG)<\/li>\n<\/ul>\n<h2><strong>Verf\u00fcgbare Geschmacksrichtungen:<\/strong><\/h2>\n<ol>\n<li>Heidelbeere-Himbeere<\/li>\n<li>Blaubeer-Minze<\/li>\n<li>Mix Obst<\/li>\n<li>Erdbeere Wassermelone<\/li>\n<li>Traubeneis<\/li>\n<li>Blaubeereis<\/li>\n<li>Wassermelonenblasen-Kaugummi<\/li>\n<li>Tigerblut<\/li>\n<li>Erdbeer-Kiwi<\/li>\n<li>Wassermelone Eis<\/li>\n<li>Erdbeereis<\/li>\n<li>Mango Pfirsich<\/li>\n<\/ol>\n<h2><strong>Details zur Verpackung:<\/strong><\/h2>\n<p>Einzelst\u00fcck mit Bonbonverpackung<br \/>\nJede Schachtel enth\u00e4lt 10 St\u00fcck<br \/>\nJeder Karton enth\u00e4lt 200 St\u00fcck<\/p>\n<figure id=\"attachment_16046\" aria-describedby=\"caption-attachment-16046\" style=\"width: 800px\" class=\"wp-caption alignnone\"><img loading=\"lazy\" decoding=\"async\" class=\"wp-image-16046 size-full\" title=\"Gro\u00dfhandel Bang 25000 Puffs Einweg Vape 4\" src=\"https:\/\/www.vapeswholesaler.com\/wp-content\/uploads\/2024\/06\/Wholesale-Bang-25000-Puffs-Disposable-Vape-4.webp\" alt=\"Gro\u00dfhandel Bang 25000 Puffs Einweg Vape 4\" width=\"800\" height=\"1321\" srcset=\"https:\/\/www.vapeswholesaler.com\/wp-content\/uploads\/2024\/06\/Wholesale-Bang-25000-Puffs-Disposable-Vape-4.webp 800w, https:\/\/www.vapeswholesaler.com\/wp-content\/uploads\/2024\/06\/Wholesale-Bang-25000-Puffs-Disposable-Vape-4-182x300.webp 182w, https:\/\/www.vapeswholesaler.com\/wp-content\/uploads\/2024\/06\/Wholesale-Bang-25000-Puffs-Disposable-Vape-4-620x1024.webp 620w, https:\/\/www.vapeswholesaler.com\/wp-content\/uploads\/2024\/06\/Wholesale-Bang-25000-Puffs-Disposable-Vape-4-768x1268.webp 768w, https:\/\/www.vapeswholesaler.com\/wp-content\/uploads\/2024\/06\/Wholesale-Bang-25000-Puffs-Disposable-Vape-4-7x12.webp 7w, https:\/\/www.vapeswholesaler.com\/wp-content\/uploads\/2024\/06\/Wholesale-Bang-25000-Puffs-Disposable-Vape-4-510x842.webp 510w\" sizes=\"auto, (max-width: 800px) 100vw, 800px\" \/><figcaption id=\"caption-attachment-16046\" class=\"wp-caption-text\">Gro\u00dfhandel Bang 25000 Puffs Einweg Vape<\/figcaption><\/figure>","protected":false},"excerpt":{"rendered":"<p>Mindestbestellmenge:\u00a0<strong>50St\u00fcck<\/strong>\u00a0(Geschmacksrichtungen mischen)\u00a0\u00a0<strong>Kostenloser Versand<\/strong><\/p>\n<p>\uff08<strong>0%\uff0c2%\uff0c3%\uff0c5%<\/strong>\uff09<\/p>","protected":false},"featured_media":16059,"comment_status":"open","ping_status":"closed","template":"","meta":[],"product_cat":[15],"product_tag":[368,376,388],"class_list":{"0":"post-16060","1":"product","2":"type-product","3":"status-publish","4":"has-post-thumbnail","6":"product_cat-disposable-vape","7":"product_tag-bang-king","8":"product_tag-25000-puffs","9":"product_tag-bang","10":"product_brand-bang","12":"first","13":"instock","14":"shipping-taxable","15":"purchasable","16":"product-type-variable","17":"has-default-attributes"},"aioseo_notices":[],"_links":{"self":[{"href":"https:\/\/www.vapeswholesaler.com\/de\/wp-json\/wp\/v2\/product\/16060","targetHints":{"allow":["GET"]}}],"collection":[{"href":"https:\/\/www.vapeswholesaler.com\/de\/wp-json\/wp\/v2\/product"}],"about":[{"href":"https:\/\/www.vapeswholesaler.com\/de\/wp-json\/wp\/v2\/types\/product"}],"replies":[{"embeddable":true,"href":"https:\/\/www.vapeswholesaler.com\/de\/wp-json\/wp\/v2\/comments?post=16060"}],"wp:featuredmedia":[{"embeddable":true,"href":"https:\/\/www.vapeswholesaler.com\/de\/wp-json\/wp\/v2\/media\/16059"}],"wp:attachment":[{"href":"https:\/\/www.vapeswholesaler.com\/de\/wp-json\/wp\/v2\/media?parent=16060"}],"wp:term":[{"taxonomy":"product_cat","embeddable":true,"href":"https:\/\/www.vapeswholesaler.com\/de\/wp-json\/wp\/v2\/product_cat?post=16060"},{"taxonomy":"product_tag","embeddable":true,"href":"https:\/\/www.vapeswholesaler.com\/de\/wp-json\/wp\/v2\/product_tag?post=16060"}],"curies":[{"name":"wp","href":"https:\/\/api.w.org\/{rel}","templated":true}]}}