{"id":15976,"date":"2024-06-12T12:45:26","date_gmt":"2024-06-12T04:45:26","guid":{"rendered":"https:\/\/www.vapeswholesaler.com\/?post_type=product&#038;p=15976"},"modified":"2025-03-18T14:37:44","modified_gmt":"2025-03-18T06:37:44","slug":"groshandel-bang-strand-20000-puffs-einweg-vape","status":"publish","type":"product","link":"https:\/\/www.vapeswholesaler.com\/de\/produkt\/groshandel-bang-strand-20000-puffs-einweg-vape","title":{"rendered":"Gro\u00dfhandel Bang Beach 20000 Puffs Einweg Vape"},"content":{"rendered":"<p><a href=\"https:\/\/www.vapeswholesaler.com\/de\/produkt_marke\/bang\/\">Bang<\/a> Beach 20000 Puffs Disposable Vape, a top-tier device engineered for an exceptional vaping experience. With an impressive 20000 puffs, this disposable vape offers unmatched longevity and convenience.<\/p>\n<p>This disposable vape come with a 1.0ohm mesh coil, ensuring smooth and consistent vapor production, enhancing every puff\u2019s flavor. It boasts a substantial 35ml e-liquid capacity, allowing for extended use without frequent refills. Choose from 0%, 2%, 3%, or 5% nicotine concentration to suit your personal preference and needs.<\/p>\n<p>Mit einem zuverl\u00e4ssigen 650-mAh-Akku garantiert dieses Ger\u00e4t eine gleichbleibende Leistung \u00fcber seine gesamte Lebensdauer. Die wiederaufladbare Typ-C-Funktion sorgt f\u00fcr schnelles und effizientes Aufladen und minimiert die Ausfallzeit. Ein fortschrittliches digitales LCD-Display informiert Sie \u00fcber die Akkulaufzeit und den F\u00fcllstand des E-Liquids und sorgt f\u00fcr eine nahtlose und benutzerfreundliche Erfahrung.<\/p>\n<p>It is designed for both beginners and experienced vapers, combining high capacity, ease of use, and advanced technology. Its exceptional flavor delivery and user-friendly design make it a premium choice in the vaping market.<\/p>\n<h2><strong><a href=\"https:\/\/www.facebook.com\/fred.luo.58\/\">Bang <\/a>Beach 20000 Puffs Disposable Vape Details:<\/strong><\/h2>\n<ul>\n<li>Puffs: 20000 Puffs<\/li>\n<li>Fl\u00fcssigkeit: 35 ml<\/li>\n<li>Nikotin: 0%\/2%\/3%\/5% Nikotinsalz<\/li>\n<li>Typen:Einweg<\/li>\n<li>650mAh-Akku<\/li>\n<li>1.0ohm Mesh-Spule<\/li>\n<li>Einstellbarer Luftstrom<\/li>\n<li>Typ-C wiederaufladbar<\/li>\n<\/ul>\n<h2><strong>Verf\u00fcgbare Geschmacksrichtungen:<\/strong><\/h2>\n<ol>\n<li>Pfirsich-Mango<\/li>\n<li>Gemischte Beere<\/li>\n<li>Rosa Limonade<\/li>\n<li>Erdbeere Wassermelone<\/li>\n<li>Wassermelone Eis<\/li>\n<li>Traubeneis<\/li>\n<li>Blaues Razzeis<\/li>\n<li>Erdbeereis<\/li>\n<li>Dreifach-Beereneis<\/li>\n<li>Blaubeere-Himbeere<\/li>\n<li>Pfirsich-Eis<\/li>\n<li>Saurer Apfel<\/li>\n<\/ol>\n<h2><strong>Details zur Verpackung:<\/strong><\/h2>\n<ul>\n<li>Einzelst\u00fcck mit Bonbonverpackung<\/li>\n<li>Jede Schachtel enth\u00e4lt 10 St\u00fcck<\/li>\n<li>Jeder Karton enth\u00e4lt 200 St\u00fcck<\/li>\n<\/ul>\n<figure id=\"attachment_15974\" aria-describedby=\"caption-attachment-15974\" style=\"width: 800px\" class=\"wp-caption alignnone\"><img loading=\"lazy\" decoding=\"async\" class=\"wp-image-15974 size-full\" title=\"Bang Beach 20000 Puffs Einweg Vape Gro\u00dfhandel\" src=\"https:\/\/www.vapeswholesaler.com\/wp-content\/uploads\/2024\/06\/Bang-Beach-20000-Puffs-Disposable-Vape-Wholesale.webp\" alt=\"Bang Beach 20000 Puffs Einweg Vape Gro\u00dfhandel\" width=\"800\" height=\"450\" srcset=\"https:\/\/www.vapeswholesaler.com\/wp-content\/uploads\/2024\/06\/Bang-Beach-20000-Puffs-Disposable-Vape-Wholesale.webp 800w, https:\/\/www.vapeswholesaler.com\/wp-content\/uploads\/2024\/06\/Bang-Beach-20000-Puffs-Disposable-Vape-Wholesale-300x169.webp 300w, https:\/\/www.vapeswholesaler.com\/wp-content\/uploads\/2024\/06\/Bang-Beach-20000-Puffs-Disposable-Vape-Wholesale-768x432.webp 768w, https:\/\/www.vapeswholesaler.com\/wp-content\/uploads\/2024\/06\/Bang-Beach-20000-Puffs-Disposable-Vape-Wholesale-18x10.webp 18w, https:\/\/www.vapeswholesaler.com\/wp-content\/uploads\/2024\/06\/Bang-Beach-20000-Puffs-Disposable-Vape-Wholesale-510x287.webp 510w\" sizes=\"auto, (max-width: 800px) 100vw, 800px\" \/><figcaption id=\"caption-attachment-15974\" class=\"wp-caption-text\">Bang Beach 20000 Puffs Einweg Vape Gro\u00dfhandel<\/figcaption><\/figure>","protected":false},"excerpt":{"rendered":"<p>Mindestbestellmenge: <strong>50St\u00fcck <\/strong>(Geschmacksrichtungen mischen) <strong>Kostenloser Versand<\/strong><\/p>\n<p>\uff08<strong>0%\uff0c2%\uff0c3%\uff0c5%<\/strong>\uff09<\/p>","protected":false},"featured_media":15975,"comment_status":"open","ping_status":"closed","template":"","meta":[],"product_cat":[15],"product_tag":[100,368,388],"class_list":{"0":"post-15976","1":"product","2":"type-product","3":"status-publish","4":"has-post-thumbnail","6":"product_cat-disposable-vape","7":"product_tag-20000-puffs","8":"product_tag-bang-king","9":"product_tag-bang","10":"product_brand-bang","12":"first","13":"instock","14":"shipping-taxable","15":"purchasable","16":"product-type-variable","17":"has-default-attributes"},"aioseo_notices":[],"_links":{"self":[{"href":"https:\/\/www.vapeswholesaler.com\/de\/wp-json\/wp\/v2\/product\/15976","targetHints":{"allow":["GET"]}}],"collection":[{"href":"https:\/\/www.vapeswholesaler.com\/de\/wp-json\/wp\/v2\/product"}],"about":[{"href":"https:\/\/www.vapeswholesaler.com\/de\/wp-json\/wp\/v2\/types\/product"}],"replies":[{"embeddable":true,"href":"https:\/\/www.vapeswholesaler.com\/de\/wp-json\/wp\/v2\/comments?post=15976"}],"wp:featuredmedia":[{"embeddable":true,"href":"https:\/\/www.vapeswholesaler.com\/de\/wp-json\/wp\/v2\/media\/15975"}],"wp:attachment":[{"href":"https:\/\/www.vapeswholesaler.com\/de\/wp-json\/wp\/v2\/media?parent=15976"}],"wp:term":[{"taxonomy":"product_cat","embeddable":true,"href":"https:\/\/www.vapeswholesaler.com\/de\/wp-json\/wp\/v2\/product_cat?post=15976"},{"taxonomy":"product_tag","embeddable":true,"href":"https:\/\/www.vapeswholesaler.com\/de\/wp-json\/wp\/v2\/product_tag?post=15976"}],"curies":[{"name":"wp","href":"https:\/\/api.w.org\/{rel}","templated":true}]}}