{"id":15929,"date":"2024-06-12T11:14:04","date_gmt":"2024-06-12T03:14:04","guid":{"rendered":"https:\/\/www.vapeswholesaler.com\/?post_type=product&#038;p=15929"},"modified":"2025-03-18T14:42:06","modified_gmt":"2025-03-18T06:42:06","slug":"bang-e-hookah-18000-puffs-sub-ohm-dtl-einweg-vape-groshandel","status":"publish","type":"product","link":"https:\/\/www.vapeswholesaler.com\/de\/produkt\/bang-e-hookah-18000-puffs-sub-ohm-dtl-einweg-vape-groshandel","title":{"rendered":"Bang E Hookah 18000 Puffs Einweg Vape Gro\u00dfhandel"},"content":{"rendered":"<p><a href=\"https:\/\/www.vapeswholesaler.com\/de\/produkt_marke\/bang\/\">Bang<\/a> E Hookah 18000 Puffs Disposable Vape Pen, eine erstklassige Wahl f\u00fcr ausgedehnten Dampfgenuss. Erleben Sie bis zu 18000 Z\u00fcge mit seiner hohen Kapazit\u00e4t 20ml vorgef\u00fcllte e-Fl\u00fcssigkeit.<\/p>\n<p>Verbessern Sie den Geschmack und die Dampfproduktion mit dem 0,6 Ohm Mesh Coil und dem einstellbaren Airflow Design. Die Bang E Hookah 18000 bietet nicht nur eine au\u00dfergew\u00f6hnliche Leistung, sondern auch einen wettbewerbsf\u00e4higen Preis, was sie zu einer ausgezeichneten Wahl f\u00fcr diejenigen macht, die Wert auf Qualit\u00e4t legen, ohne Abstriche zu machen.<\/p>\n<p>Unsere Gro\u00dfhandelsoptionen sorgen daf\u00fcr, dass Unternehmen sich mit diesem beliebten E-Hookah-Ger\u00e4t eindecken und die Nachfrage ihrer Kunden effizient bedienen k\u00f6nnen.<\/p>\n<p>Erleben Sie den Komfort eines schnellen Versands, so dass Sie Ihre Bang E Hookah 18000 Disposable Vape ohne Verz\u00f6gerung genie\u00dfen k\u00f6nnen. Egal ob Sie ein Vaping-Enthusiast, ein Einzelh\u00e4ndler oder ein Gro\u00dfh\u00e4ndler sind, der seine Produktpalette erweitern m\u00f6chte.<\/p>\n<h2><strong><a href=\"https:\/\/www.facebook.com\/fred.luo.58\/\">Bang<\/a> E Hookah 18000 Puffs Details:<\/strong><\/h2>\n<ul>\n<li>Puffs: 18000 Puffs<\/li>\n<li>Fl\u00fcssigkeit: 20 ml<\/li>\n<li>Nikotin: 0%2%3%5% Nikotinsalz<\/li>\n<li>Typen:Einweg<\/li>\n<li>650mAh-Akku<\/li>\n<li>0,6 Maschen Spule<\/li>\n<li>Einstellbarer Luftstrom<\/li>\n<li>Typ-C wiederaufladbar<\/li>\n<\/ul>\n<h2><strong>Verf\u00fcgbare Geschmacksrichtungen:<\/strong><\/h2>\n<ol>\n<li>Pfirsich-Mango<\/li>\n<li>Saurer Apfel<\/li>\n<li>Weintrauben<\/li>\n<li>Tigerblut<\/li>\n<li>Heidelbeere-Himbeere<\/li>\n<li>Heidelbeer-Trauben<\/li>\n<li>Gemischte Fr\u00fcchte<\/li>\n<li>Erdbeere Wassermelone<\/li>\n<li>Erdbeer-Kiwi<\/li>\n<li>Erdbeer-Mango<\/li>\n<li>Ananas-Kokosnuss<\/li>\n<li>Minze Eis<\/li>\n<li>Wassermelone<\/li>\n<li>Blaubeereis<\/li>\n<li>Pfirsich-Eis<\/li>\n<li>Wassermelone Kaugummi<\/li>\n<\/ol>\n<h2><strong>Packung Detail<\/strong><\/h2>\n<ul>\n<li>Einzelst\u00fcck mit Bonbonverpackung<\/li>\n<li>Jede Schachtel enth\u00e4lt 10 St\u00fcck<\/li>\n<li>Jeder Karton enth\u00e4lt 200 St\u00fcck<\/li>\n<\/ul>\n<figure id=\"attachment_15915\" aria-describedby=\"caption-attachment-15915\" style=\"width: 800px\" class=\"wp-caption alignnone\"><img loading=\"lazy\" decoding=\"async\" class=\"wp-image-15915 size-full\" title=\"Bang E Hookah 18000 Puffs Sub Ohm DTL Einweg Vape Gro\u00dfhandel\" src=\"https:\/\/www.vapeswholesaler.com\/wp-content\/uploads\/2024\/06\/Bang-E-Hookah-18000-Puffs-Sub-Ohm-DTL-Disposable-Vape-Wholesale.jpg\" alt=\"Bang E Hookah 18000 Puffs Sub Ohm DTL Einweg Vape Gro\u00dfhandel\" width=\"800\" height=\"800\" srcset=\"https:\/\/www.vapeswholesaler.com\/wp-content\/uploads\/2024\/06\/Bang-E-Hookah-18000-Puffs-Sub-Ohm-DTL-Disposable-Vape-Wholesale.jpg 800w, https:\/\/www.vapeswholesaler.com\/wp-content\/uploads\/2024\/06\/Bang-E-Hookah-18000-Puffs-Sub-Ohm-DTL-Disposable-Vape-Wholesale-300x300.jpg 300w, https:\/\/www.vapeswholesaler.com\/wp-content\/uploads\/2024\/06\/Bang-E-Hookah-18000-Puffs-Sub-Ohm-DTL-Disposable-Vape-Wholesale-150x150.jpg 150w, https:\/\/www.vapeswholesaler.com\/wp-content\/uploads\/2024\/06\/Bang-E-Hookah-18000-Puffs-Sub-Ohm-DTL-Disposable-Vape-Wholesale-768x768.jpg 768w, https:\/\/www.vapeswholesaler.com\/wp-content\/uploads\/2024\/06\/Bang-E-Hookah-18000-Puffs-Sub-Ohm-DTL-Disposable-Vape-Wholesale-12x12.jpg 12w, https:\/\/www.vapeswholesaler.com\/wp-content\/uploads\/2024\/06\/Bang-E-Hookah-18000-Puffs-Sub-Ohm-DTL-Disposable-Vape-Wholesale-247x247.jpg 247w, https:\/\/www.vapeswholesaler.com\/wp-content\/uploads\/2024\/06\/Bang-E-Hookah-18000-Puffs-Sub-Ohm-DTL-Disposable-Vape-Wholesale-510x510.jpg 510w, https:\/\/www.vapeswholesaler.com\/wp-content\/uploads\/2024\/06\/Bang-E-Hookah-18000-Puffs-Sub-Ohm-DTL-Disposable-Vape-Wholesale-100x100.jpg 100w\" sizes=\"auto, (max-width: 800px) 100vw, 800px\" \/><figcaption id=\"caption-attachment-15915\" class=\"wp-caption-text\">Bang E Hookah 18000 Puffs Sub Ohm DTL Einweg Vape Gro\u00dfhandel<\/figcaption><\/figure>","protected":false},"excerpt":{"rendered":"<p><span data-slate-fragment=\"JTVCJTdCJTIydHlwZSUyMiUzQSUyMnBhcmFncmFwaCUyMiUyQyUyMmNoaWxkcmVuJTIyJTNBJTVCJTdCJTIyaWQlMjIlM0ElMjIwNEFKeEcyNndwJTIyJTJDJTIycGFyYUlkeCUyMiUzQTAlMkMlMjJzcmMlMjIlM0ElMjJNaW5pbXVtJTIwT3JkZXIlMjBRdWFudGl0eSUzQSUyMDEwMCUyMFBDUyUyMChNaXglMjBGbGF2b3JzKSUyMiUyQyUyMmRzdCUyMiUzQSUyMiVFNiU5QyU4MCVFNCVCRCU4RSVFOCVBRSVBMiVFOCVCNCVBRCVFOSU4NyU4RiVFRiVCQyU5QTEwMCVFNCVCQiVCNiVFRiVCQyU4OCVFNiVCNyVCNyVFNSU5MCU4OCVFNSU4RiVBMyVFNSU5MSVCMyVFRiVCQyU4OSUyMiUyQyUyMm1ldGFkYXRhJTIyJTNBJTIyJTIyJTJDJTIybWV0YURhdGElMjIlM0ElNUIlNUQlMkMlMjJ0ZXh0JTIyJTNBJTIyTWluaW11bSUyME9yZGVyJTIwUXVhbnRpdHklM0ElMjAxMDAlMjBQQ1MlMjAoTWl4JTIwRmxhdm9ycyklMjIlN0QlNUQlN0QlNUQ=\">Mindestbestellmenge: <strong>50St\u00fcck<\/strong>\u00a0(Geschmacksrichtungen mischen)<\/span><\/p>\n<p>\uff08<strong>0%\uff0c2%\uff0c3%\uff0c5%<\/strong>\uff09<\/p>","protected":false},"featured_media":15911,"comment_status":"open","ping_status":"closed","template":"","meta":[],"product_cat":[15],"product_tag":[55,388],"class_list":{"0":"post-15929","1":"product","2":"type-product","3":"status-publish","4":"has-post-thumbnail","6":"product_cat-disposable-vape","7":"product_tag-18000-puffs","8":"product_tag-bang","9":"product_brand-bang","11":"first","12":"outofstock","13":"shipping-taxable","14":"purchasable","15":"product-type-variable"},"aioseo_notices":[],"_links":{"self":[{"href":"https:\/\/www.vapeswholesaler.com\/de\/wp-json\/wp\/v2\/product\/15929","targetHints":{"allow":["GET"]}}],"collection":[{"href":"https:\/\/www.vapeswholesaler.com\/de\/wp-json\/wp\/v2\/product"}],"about":[{"href":"https:\/\/www.vapeswholesaler.com\/de\/wp-json\/wp\/v2\/types\/product"}],"replies":[{"embeddable":true,"href":"https:\/\/www.vapeswholesaler.com\/de\/wp-json\/wp\/v2\/comments?post=15929"}],"wp:featuredmedia":[{"embeddable":true,"href":"https:\/\/www.vapeswholesaler.com\/de\/wp-json\/wp\/v2\/media\/15911"}],"wp:attachment":[{"href":"https:\/\/www.vapeswholesaler.com\/de\/wp-json\/wp\/v2\/media?parent=15929"}],"wp:term":[{"taxonomy":"product_cat","embeddable":true,"href":"https:\/\/www.vapeswholesaler.com\/de\/wp-json\/wp\/v2\/product_cat?post=15929"},{"taxonomy":"product_tag","embeddable":true,"href":"https:\/\/www.vapeswholesaler.com\/de\/wp-json\/wp\/v2\/product_tag?post=15929"}],"curies":[{"name":"wp","href":"https:\/\/api.w.org\/{rel}","templated":true}]}}