{"id":15802,"date":"2024-06-11T15:18:21","date_gmt":"2024-06-11T07:18:21","guid":{"rendered":"https:\/\/www.vapeswholesaler.com\/?post_type=product&#038;p=15802"},"modified":"2025-02-23T16:44:11","modified_gmt":"2025-02-23T08:44:11","slug":"aivono-aim-magic-15000-puffs-einweg-vape-groshandel","status":"publish","type":"product","link":"https:\/\/www.vapeswholesaler.com\/de\/produkt\/aivono-aim-magic-15000-puffs-einweg-vape-groshandel","title":{"rendered":"Aivono AIM MAGIC 15000 Puffs Einweg Vape Gro\u00dfhandel"},"content":{"rendered":"<p>Die Aivono Aim Magic ist 15000 Puffs Einweg vape, die die Led-Bildschirm, um die Macht und die eliquid Rest angezeigt hat. Es hat 24ml Nikotinsalz eliquid und mit 500 mAh Akku, Einzel-und Doppel-Modus f\u00fcr die Wahl.<\/p>\n<p>Gro\u00dfhandel unsere Aibono Aim Magic mit besten Preis und schnellem Versand.<\/p>\n<h2>Aivono AIM MAGIC 15000 Schnelle Details<\/h2>\n<ol>\n<li>Puffs: 15000 Puffs<\/li>\n<li>Fassungsverm\u00f6gen des Elixiers: 24ml<\/li>\n<li>Batterie: 13350 Trockenbatterie<\/li>\n<li>Kapazit\u00e4t: 600mA (wiederaufladbar)<\/li>\n<li>Spulendrahtwiderstand: 1,0\u03a9 doppelter Maschenkern<\/li>\n<li>Produktgr\u00f6\u00dfe: 43*102mm<\/li>\n<li>Nikotinsalzgehalt:5% \/3%\/2%\/0%<\/li>\n<li>Wiederaufladbar: Typ-C-Schnittstelle<\/li>\n<\/ol>\n<h2>Geschmacksliste<\/h2>\n<p>Blaubeereis<br \/>\nErdbeereis<br \/>\nWassermelone Eis<br \/>\nAnanas-Kokosnuss<br \/>\nGemischte Beeren<br \/>\nErdbeere Wassermelone<br \/>\nBlaues Razzeis<br \/>\nPfirsich-Eis<br \/>\nErdbeer-Eiscreme<br \/>\nTraubeneis<br \/>\nRosa Zitroneneis<br \/>\nK\u00fchle Minze<br \/>\nErdbeer-Kiwi<br \/>\nWassermelone Kaugummi<br \/>\nMango-Ananas<\/p>\n<h2>Informationen zum Verpacken<\/h2>\n<p>Einzelgewicht: 86g<br \/>\nKleine Schachtelgr\u00f6\u00dfe: 55*100*30mm<br \/>\nGr\u00f6\u00dfe der gro\u00dfen Schachtel: 113*103*155mm<br \/>\nStandardkarton 200 St\u00fcck\/Ktn:<br \/>\n10St\u00fcck pro Schachtel<br \/>\nGr\u00f6\u00dfe der Box: 58*35*35 cm<br \/>\nGewicht einer Kiste: 18 Kilogramm<\/p>\n<p><img loading=\"lazy\" decoding=\"async\" class=\"alignnone wp-image-15790 size-full\" title=\"AIVINO Aim Magic 15000 Einweg Vape Gro\u00dfhandel Geschmack 1\" src=\"https:\/\/www.vapeswholesaler.com\/wp-content\/uploads\/2024\/06\/AIVINO-Aim-Magic-15000-Disposable-Vape-Wholesale-Flavor-1.jpg\" alt=\"AIVINO Aim Magic 15000 Einweg Vape Gro\u00dfhandel Geschmack 1\" width=\"800\" height=\"800\" srcset=\"https:\/\/www.vapeswholesaler.com\/wp-content\/uploads\/2024\/06\/AIVINO-Aim-Magic-15000-Disposable-Vape-Wholesale-Flavor-1.jpg 800w, https:\/\/www.vapeswholesaler.com\/wp-content\/uploads\/2024\/06\/AIVINO-Aim-Magic-15000-Disposable-Vape-Wholesale-Flavor-1-300x300.jpg 300w, https:\/\/www.vapeswholesaler.com\/wp-content\/uploads\/2024\/06\/AIVINO-Aim-Magic-15000-Disposable-Vape-Wholesale-Flavor-1-150x150.jpg 150w, https:\/\/www.vapeswholesaler.com\/wp-content\/uploads\/2024\/06\/AIVINO-Aim-Magic-15000-Disposable-Vape-Wholesale-Flavor-1-768x768.jpg 768w, https:\/\/www.vapeswholesaler.com\/wp-content\/uploads\/2024\/06\/AIVINO-Aim-Magic-15000-Disposable-Vape-Wholesale-Flavor-1-12x12.jpg 12w, https:\/\/www.vapeswholesaler.com\/wp-content\/uploads\/2024\/06\/AIVINO-Aim-Magic-15000-Disposable-Vape-Wholesale-Flavor-1-247x247.jpg 247w, https:\/\/www.vapeswholesaler.com\/wp-content\/uploads\/2024\/06\/AIVINO-Aim-Magic-15000-Disposable-Vape-Wholesale-Flavor-1-510x510.jpg 510w, https:\/\/www.vapeswholesaler.com\/wp-content\/uploads\/2024\/06\/AIVINO-Aim-Magic-15000-Disposable-Vape-Wholesale-Flavor-1-100x100.jpg 100w\" sizes=\"auto, (max-width: 800px) 100vw, 800px\" \/> <img loading=\"lazy\" decoding=\"async\" class=\"alignnone wp-image-15783 size-full\" title=\"AIVINO Aim Magic 15000 Einweg Vape Gro\u00dfhandel Geschmack 2\" src=\"https:\/\/www.vapeswholesaler.com\/wp-content\/uploads\/2024\/06\/AIVINO-Aim-Magic-15000-Disposable-Vape-Wholesale-Flavor-2.jpg\" alt=\"AIVINO Aim Magic 15000 Einweg Vape Gro\u00dfhandel Geschmack 2\" width=\"800\" height=\"800\" srcset=\"https:\/\/www.vapeswholesaler.com\/wp-content\/uploads\/2024\/06\/AIVINO-Aim-Magic-15000-Disposable-Vape-Wholesale-Flavor-2.jpg 800w, https:\/\/www.vapeswholesaler.com\/wp-content\/uploads\/2024\/06\/AIVINO-Aim-Magic-15000-Disposable-Vape-Wholesale-Flavor-2-300x300.jpg 300w, https:\/\/www.vapeswholesaler.com\/wp-content\/uploads\/2024\/06\/AIVINO-Aim-Magic-15000-Disposable-Vape-Wholesale-Flavor-2-150x150.jpg 150w, https:\/\/www.vapeswholesaler.com\/wp-content\/uploads\/2024\/06\/AIVINO-Aim-Magic-15000-Disposable-Vape-Wholesale-Flavor-2-768x768.jpg 768w, https:\/\/www.vapeswholesaler.com\/wp-content\/uploads\/2024\/06\/AIVINO-Aim-Magic-15000-Disposable-Vape-Wholesale-Flavor-2-12x12.jpg 12w, https:\/\/www.vapeswholesaler.com\/wp-content\/uploads\/2024\/06\/AIVINO-Aim-Magic-15000-Disposable-Vape-Wholesale-Flavor-2-247x247.jpg 247w, https:\/\/www.vapeswholesaler.com\/wp-content\/uploads\/2024\/06\/AIVINO-Aim-Magic-15000-Disposable-Vape-Wholesale-Flavor-2-510x510.jpg 510w, https:\/\/www.vapeswholesaler.com\/wp-content\/uploads\/2024\/06\/AIVINO-Aim-Magic-15000-Disposable-Vape-Wholesale-Flavor-2-100x100.jpg 100w\" sizes=\"auto, (max-width: 800px) 100vw, 800px\" \/><\/p>","protected":false},"excerpt":{"rendered":"<p>Mindestbestellmenge:\u00a0<strong>50 STCK.<\/strong>\u00a0(Geschmacksrichtungen mischen)\u00a0\u00a0<strong>Kostenloser Versand<\/strong><\/p>\n<p>(<strong>2%, 5% Nic<\/strong>)<\/p>","protected":false},"featured_media":15800,"comment_status":"open","ping_status":"closed","template":"","meta":[],"product_cat":[15],"product_tag":[],"class_list":{"0":"post-15802","1":"product","2":"type-product","3":"status-publish","4":"has-post-thumbnail","6":"product_cat-disposable-vape","7":"product_brand-aivono","9":"first","10":"instock","11":"shipping-taxable","12":"purchasable","13":"product-type-variable","14":"has-default-attributes"},"aioseo_notices":[],"_links":{"self":[{"href":"https:\/\/www.vapeswholesaler.com\/de\/wp-json\/wp\/v2\/product\/15802","targetHints":{"allow":["GET"]}}],"collection":[{"href":"https:\/\/www.vapeswholesaler.com\/de\/wp-json\/wp\/v2\/product"}],"about":[{"href":"https:\/\/www.vapeswholesaler.com\/de\/wp-json\/wp\/v2\/types\/product"}],"replies":[{"embeddable":true,"href":"https:\/\/www.vapeswholesaler.com\/de\/wp-json\/wp\/v2\/comments?post=15802"}],"wp:featuredmedia":[{"embeddable":true,"href":"https:\/\/www.vapeswholesaler.com\/de\/wp-json\/wp\/v2\/media\/15800"}],"wp:attachment":[{"href":"https:\/\/www.vapeswholesaler.com\/de\/wp-json\/wp\/v2\/media?parent=15802"}],"wp:term":[{"taxonomy":"product_cat","embeddable":true,"href":"https:\/\/www.vapeswholesaler.com\/de\/wp-json\/wp\/v2\/product_cat?post=15802"},{"taxonomy":"product_tag","embeddable":true,"href":"https:\/\/www.vapeswholesaler.com\/de\/wp-json\/wp\/v2\/product_tag?post=15802"}],"curies":[{"name":"wp","href":"https:\/\/api.w.org\/{rel}","templated":true}]}}